{"id":965,"date":"2021-03-03T14:16:33","date_gmt":"2021-03-03T13:16:33","guid":{"rendered":"https:\/\/www.dernier-rempart.fr\/wiki\/?page_id=965"},"modified":"2022-07-27T01:59:50","modified_gmt":"2022-07-26T23:59:50","slug":"oracle","status":"publish","type":"page","link":"https:\/\/www.dernier-rempart.fr\/wiki\/oracle\/","title":{"rendered":"Oracle"},"content":{"rendered":"\n<figure class=\"wp-block-image size-large\"><img loading=\"lazy\" decoding=\"async\" width=\"1024\" height=\"768\" data-attachment-id=\"1036\" data-permalink=\"https:\/\/www.dernier-rempart.fr\/wiki\/oracle\/img_0813-1\/\" data-orig-file=\"https:\/\/www.dernier-rempart.fr\/wiki\/wp-content\/uploads\/2021\/04\/IMG_0813-1.png\" data-orig-size=\"2732,2048\" data-comments-opened=\"1\" data-image-meta=\"{&quot;aperture&quot;:&quot;0&quot;,&quot;credit&quot;:&quot;&quot;,&quot;camera&quot;:&quot;&quot;,&quot;caption&quot;:&quot;&quot;,&quot;created_timestamp&quot;:&quot;0&quot;,&quot;copyright&quot;:&quot;&quot;,&quot;focal_length&quot;:&quot;0&quot;,&quot;iso&quot;:&quot;0&quot;,&quot;shutter_speed&quot;:&quot;0&quot;,&quot;title&quot;:&quot;&quot;,&quot;orientation&quot;:&quot;0&quot;}\" data-image-title=\"IMG_0813-1\" data-image-description=\"\" data-image-caption=\"\" data-large-file=\"https:\/\/www.dernier-rempart.fr\/wiki\/wp-content\/uploads\/2021\/04\/IMG_0813-1-1024x768.png\" src=\"https:\/\/www.dernier-rempart.fr\/wiki\/wp-content\/uploads\/2021\/04\/IMG_0813-1-1024x768.png\" alt=\"\" class=\"wp-image-1036\" srcset=\"https:\/\/www.dernier-rempart.fr\/wiki\/wp-content\/uploads\/2021\/04\/IMG_0813-1-1024x768.png 1024w, https:\/\/www.dernier-rempart.fr\/wiki\/wp-content\/uploads\/2021\/04\/IMG_0813-1-300x225.png 300w, https:\/\/www.dernier-rempart.fr\/wiki\/wp-content\/uploads\/2021\/04\/IMG_0813-1-768x576.png 768w, https:\/\/www.dernier-rempart.fr\/wiki\/wp-content\/uploads\/2021\/04\/IMG_0813-1-1536x1151.png 1536w, https:\/\/www.dernier-rempart.fr\/wiki\/wp-content\/uploads\/2021\/04\/IMG_0813-1-2048x1535.png 2048w\" sizes=\"auto, (max-width: 767px) 89vw, (max-width: 1000px) 54vw, (max-width: 1071px) 543px, 580px\" \/><\/figure>\n\n\n\n<h1 class=\"wp-block-heading\">Principe<\/h1>\n\n\n\n<p>Il s&rsquo;agit d&rsquo;affronter une s\u00e9rie de vagues de mini \/ MVPs monstres \u00e0 la suite. Si vous ne les tuez pas rapidement, la vague de monstre suivante, s&rsquo;ajoutera aux monstres de la vague courante.  En plus de les affronter des effets viendront se rajouter pour augmenter la difficult\u00e9 (sable, glace, m\u00e9t\u00e9orite)<\/p>\n\n\n\n<p>Liste de effets<\/p>\n\n\n\n<figure class=\"wp-block-table\"><table><tbody><tr><td><strong>Card<\/strong><\/td><td><strong>Name<\/strong><\/td><td><strong>Effect<\/strong><\/td><\/tr><tr><td><img loading=\"lazy\" decoding=\"async\" src=\"https:\/\/ragnamobileguide.com\/wp-content\/uploads\/2019\/02\/Meteor.jpeg\" width=\"50\" height=\"77\"><\/td><td>Meteor<\/td><td>Deals huge damage<\/td><\/tr><tr><td><img loading=\"lazy\" decoding=\"async\" src=\"https:\/\/ragnamobileguide.com\/wp-content\/uploads\/2019\/02\/Sea-of-Fire.jpeg\" width=\"50\" height=\"77\"><\/td><td>Sea of Fire<\/td><td>Damage over time<\/td><\/tr><tr><td><img loading=\"lazy\" decoding=\"async\" src=\"https:\/\/ragnamobileguide.com\/wp-content\/uploads\/2019\/02\/Ice-River.jpeg\" width=\"50\" height=\"77\"><\/td><td>Glacier<\/td><td>AoE freeze<\/td><\/tr><tr><td><img loading=\"lazy\" decoding=\"async\" src=\"https:\/\/ragnamobileguide.com\/wp-content\/uploads\/2019\/02\/Swirl-Wind.jpg\" alt=\"Swirl Wind\" width=\"50\" height=\"64\"><\/td><td>Swirl-Wind<\/td><td>Debuff<\/td><\/tr><tr><td><img loading=\"lazy\" decoding=\"async\" src=\"https:\/\/ragnamobileguide.com\/wp-content\/uploads\/2019\/02\/Sandstorm.jpeg\" width=\"50\" height=\"77\"><\/td><td>Sand<\/td><td>Reduce HIT and casting time<\/td><\/tr><tr><td><img loading=\"lazy\" decoding=\"async\" src=\"https:\/\/ragnamobileguide.com\/wp-content\/uploads\/2019\/02\/Lightning-Conductor.jpeg\" width=\"50\" height=\"77\"><\/td><td>Lightning Rod<\/td><td>Instant Damage<\/td><\/tr><tr><td><img loading=\"lazy\" decoding=\"async\" src=\"https:\/\/ragnamobileguide.com\/wp-content\/uploads\/2019\/02\/Tranquilizers.jpeg\" width=\"50\" height=\"77\"><\/td><td>Tranquilizer<\/td><td>Stun<\/td><\/tr><tr><td><img loading=\"lazy\" decoding=\"async\" src=\"https:\/\/ragnamobileguide.com\/wp-content\/uploads\/2019\/02\/Magnet.jpeg\" width=\"50\" height=\"77\"><\/td><td>Magnetic Field<\/td><td>Immobilized<\/td><\/tr><tr><td><img loading=\"lazy\" decoding=\"async\" src=\"https:\/\/ragnamobileguide.com\/wp-content\/uploads\/2019\/02\/Noise-Device.jpeg\" width=\"50\" height=\"77\"><\/td><td>Noise Maker<\/td><td>Silence<\/td><\/tr><tr><td><img loading=\"lazy\" decoding=\"async\" src=\"https:\/\/ragnamobileguide.com\/wp-content\/uploads\/2019\/02\/Sleep-Incense.jpeg\" width=\"50\" height=\"77\"><\/td><td>Sleep Incense<\/td><td>Reduced movespeed and ASPD<\/td><\/tr><tr><td><img loading=\"lazy\" decoding=\"async\" src=\"https:\/\/ragnamobileguide.com\/wp-content\/uploads\/2019\/02\/Mirror.jpeg\" width=\"50\" height=\"77\"><\/td><td>Photoscope<\/td><td>Reduced DEF<\/td><\/tr><tr><td><img loading=\"lazy\" decoding=\"async\" src=\"https:\/\/ragnamobileguide.com\/wp-content\/uploads\/2019\/02\/Blinder.jpeg\" width=\"50\" height=\"77\"><\/td><td>Blinker<\/td><td>Unable to Crit Dodge<\/td><\/tr><tr><td><img loading=\"lazy\" decoding=\"async\" src=\"https:\/\/ragnamobileguide.com\/wp-content\/uploads\/2019\/02\/Toxic.jpeg\" width=\"50\" height=\"77\"><\/td><td>Poison<\/td><td>Reduced Max HP<\/td><\/tr><tr><td><img loading=\"lazy\" decoding=\"async\" src=\"https:\/\/ragnamobileguide.com\/wp-content\/uploads\/2019\/02\/Fake-Medicine.jpeg\" width=\"50\" height=\"77\"><\/td><td>Fake Potion<\/td><td>Increased consumption<\/td><\/tr><\/tbody><\/table><\/figure>\n\n\n\n<h1 class=\"wp-block-heading\">R\u00e9compenses<\/h1>\n\n\n\n<p>Oracle Crystal (Enchantment)<br>Oracle Dust (Enchantment)<br>Gram Dust (King Poring \u2013 Cards)<br>Nolan Cards (King Poring \u2013 MVP\/Mini Cards)<br>Poker Album and Tarot Album<\/p>\n\n\n\n<h1 class=\"wp-block-heading\">Niveau requis:<\/h1>\n\n\n\n<p>Tout d\u00e9pend de la difficult\u00e9 choisi, mais une solide \u00e9quipe est conseill\u00e9e, il faut \u00eatre niveau 60.<\/p>\n\n\n\n<h1 class=\"wp-block-heading\">Comment entrer ce donjon ?<\/h1>\n\n\n\n<p>Il faut aller \u00e0 Prontera et parler au pnj<\/p>\n\n\n\n<figure class=\"wp-block-image size-large\"><img loading=\"lazy\" decoding=\"async\" width=\"1024\" height=\"768\" data-attachment-id=\"1035\" data-permalink=\"https:\/\/www.dernier-rempart.fr\/wiki\/oracle\/img_0810-2\/\" data-orig-file=\"https:\/\/www.dernier-rempart.fr\/wiki\/wp-content\/uploads\/2021\/04\/IMG_0810-2.png\" data-orig-size=\"2732,2048\" data-comments-opened=\"1\" data-image-meta=\"{&quot;aperture&quot;:&quot;0&quot;,&quot;credit&quot;:&quot;&quot;,&quot;camera&quot;:&quot;&quot;,&quot;caption&quot;:&quot;&quot;,&quot;created_timestamp&quot;:&quot;0&quot;,&quot;copyright&quot;:&quot;&quot;,&quot;focal_length&quot;:&quot;0&quot;,&quot;iso&quot;:&quot;0&quot;,&quot;shutter_speed&quot;:&quot;0&quot;,&quot;title&quot;:&quot;&quot;,&quot;orientation&quot;:&quot;0&quot;}\" data-image-title=\"IMG_0810-2\" data-image-description=\"\" data-image-caption=\"\" data-large-file=\"https:\/\/www.dernier-rempart.fr\/wiki\/wp-content\/uploads\/2021\/04\/IMG_0810-2-1024x768.png\" src=\"https:\/\/www.dernier-rempart.fr\/wiki\/wp-content\/uploads\/2021\/04\/IMG_0810-2-1024x768.png\" alt=\"\" class=\"wp-image-1035\" srcset=\"https:\/\/www.dernier-rempart.fr\/wiki\/wp-content\/uploads\/2021\/04\/IMG_0810-2-1024x768.png 1024w, https:\/\/www.dernier-rempart.fr\/wiki\/wp-content\/uploads\/2021\/04\/IMG_0810-2-300x225.png 300w, https:\/\/www.dernier-rempart.fr\/wiki\/wp-content\/uploads\/2021\/04\/IMG_0810-2-768x576.png 768w, https:\/\/www.dernier-rempart.fr\/wiki\/wp-content\/uploads\/2021\/04\/IMG_0810-2-1536x1151.png 1536w, https:\/\/www.dernier-rempart.fr\/wiki\/wp-content\/uploads\/2021\/04\/IMG_0810-2-2048x1535.png 2048w\" sizes=\"auto, (max-width: 767px) 89vw, (max-width: 1000px) 54vw, (max-width: 1071px) 543px, 580px\" \/><\/figure>\n\n\n\n<h1 class=\"wp-block-heading\">Vid\u00e9os<\/h1>\n\n\n\n<figure class=\"wp-block-embed is-type-video is-provider-youtube wp-block-embed-youtube wp-embed-aspect-4-3 wp-has-aspect-ratio\"><div class=\"wp-block-embed__wrapper\">\n<iframe loading=\"lazy\" title=\"RPReplay Final1618151940\" width=\"525\" height=\"394\" src=\"https:\/\/www.youtube.com\/embed\/2Vp9OEyg0P8?feature=oembed\" frameborder=\"0\" allow=\"accelerometer; autoplay; clipboard-write; encrypted-media; gyroscope; picture-in-picture; web-share\" referrerpolicy=\"strict-origin-when-cross-origin\" allowfullscreen><\/iframe>\n<\/div><\/figure>\n\n\n\n<h1 class=\"wp-block-heading\">Astuces et strat\u00e9gie<\/h1>\n\n\n\n<p>La prochaine vague est annonc\u00e9 par les cartes \u00e0 droite, gardez un coup d&rsquo;oeil dessus pour anticiper<\/p>\n\n\n\n<p>Faites attentions aux attaques AOE, elles sont marqu\u00e9es au sol <\/p>\n\n\n\n<p>Tuer les healers en premier, pour \u00e9viter qu&rsquo;il heal les MVPs<\/p>\n\n\n\n<p>Pour le niveau nightmear, avoir un bon healer et des bons dps est essentiel<\/p>\n","protected":false},"excerpt":{"rendered":"<p>Principe Il s&rsquo;agit d&rsquo;affronter une s\u00e9rie de vagues de mini \/ MVPs monstres \u00e0 la suite. Si vous ne les tuez pas rapidement, la vague de monstre suivante, s&rsquo;ajoutera aux monstres de la vague courante. En plus de les affronter des effets viendront se rajouter pour augmenter la difficult\u00e9 (sable, glace, m\u00e9t\u00e9orite) Liste de effets &hellip; <\/p>\n<p class=\"link-more\"><a href=\"https:\/\/www.dernier-rempart.fr\/wiki\/oracle\/\" class=\"more-link\">Continuer la lecture<span class=\"screen-reader-text\"> de &laquo;&nbsp;Oracle&nbsp;&raquo;<\/span><\/a><\/p>\n","protected":false},"author":8,"featured_media":0,"parent":0,"menu_order":0,"comment_status":"closed","ping_status":"closed","template":"","meta":{"_acf_changed":false,"footnotes":""},"categories":[],"tags":[],"class_list":["post-965","page","type-page","status-publish","hentry"],"acf":[],"yoast_head":"<!-- This site is optimized with the Yoast SEO plugin v27.4 - https:\/\/yoast.com\/product\/yoast-seo-wordpress\/ -->\n<title>Oracle - Dernier Rempart, wiki<\/title>\n<meta name=\"robots\" content=\"index, follow, max-snippet:-1, max-image-preview:large, max-video-preview:-1\" \/>\n<link rel=\"canonical\" href=\"https:\/\/www.dernier-rempart.fr\/wiki\/oracle\/\" \/>\n<meta property=\"og:locale\" content=\"fr_FR\" \/>\n<meta property=\"og:type\" content=\"article\" \/>\n<meta property=\"og:title\" content=\"Oracle - Dernier Rempart, wiki\" \/>\n<meta property=\"og:description\" content=\"Principe Il s&rsquo;agit d&rsquo;affronter une s\u00e9rie de vagues de mini \/ MVPs monstres \u00e0 la suite. Si vous ne les tuez pas rapidement, la vague de monstre suivante, s&rsquo;ajoutera aux monstres de la vague courante. En plus de les affronter des effets viendront se rajouter pour augmenter la difficult\u00e9 (sable, glace, m\u00e9t\u00e9orite) Liste de effets &hellip; Continuer la lecture de &laquo;&nbsp;Oracle&nbsp;&raquo;\" \/>\n<meta property=\"og:url\" content=\"https:\/\/www.dernier-rempart.fr\/wiki\/oracle\/\" \/>\n<meta property=\"og:site_name\" content=\"Dernier Rempart, wiki\" \/>\n<meta property=\"article:modified_time\" content=\"2022-07-26T23:59:50+00:00\" \/>\n<meta property=\"og:image\" content=\"https:\/\/www.dernier-rempart.fr\/wiki\/wp-content\/uploads\/2021\/04\/IMG_0813-1-1024x768.png\" \/>\n<meta name=\"twitter:card\" content=\"summary_large_image\" \/>\n<meta name=\"twitter:label1\" content=\"Dur\u00e9e de lecture estim\u00e9e\" \/>\n\t<meta name=\"twitter:data1\" content=\"5 minutes\" \/>\n<script type=\"application\/ld+json\" class=\"yoast-schema-graph\">{\"@context\":\"https:\\\/\\\/schema.org\",\"@graph\":[{\"@type\":\"WebPage\",\"@id\":\"https:\\\/\\\/www.dernier-rempart.fr\\\/wiki\\\/oracle\\\/\",\"url\":\"https:\\\/\\\/www.dernier-rempart.fr\\\/wiki\\\/oracle\\\/\",\"name\":\"Oracle - Dernier Rempart, wiki\",\"isPartOf\":{\"@id\":\"https:\\\/\\\/www.dernier-rempart.fr\\\/wiki\\\/#website\"},\"primaryImageOfPage\":{\"@id\":\"https:\\\/\\\/www.dernier-rempart.fr\\\/wiki\\\/oracle\\\/#primaryimage\"},\"image\":{\"@id\":\"https:\\\/\\\/www.dernier-rempart.fr\\\/wiki\\\/oracle\\\/#primaryimage\"},\"thumbnailUrl\":\"https:\\\/\\\/www.dernier-rempart.fr\\\/wiki\\\/wp-content\\\/uploads\\\/2021\\\/04\\\/IMG_0813-1-1024x768.png\",\"datePublished\":\"2021-03-03T13:16:33+00:00\",\"dateModified\":\"2022-07-26T23:59:50+00:00\",\"breadcrumb\":{\"@id\":\"https:\\\/\\\/www.dernier-rempart.fr\\\/wiki\\\/oracle\\\/#breadcrumb\"},\"inLanguage\":\"fr-FR\",\"potentialAction\":[{\"@type\":\"ReadAction\",\"target\":[\"https:\\\/\\\/www.dernier-rempart.fr\\\/wiki\\\/oracle\\\/\"]}]},{\"@type\":\"ImageObject\",\"inLanguage\":\"fr-FR\",\"@id\":\"https:\\\/\\\/www.dernier-rempart.fr\\\/wiki\\\/oracle\\\/#primaryimage\",\"url\":\"https:\\\/\\\/www.dernier-rempart.fr\\\/wiki\\\/wp-content\\\/uploads\\\/2021\\\/04\\\/IMG_0813-1.png\",\"contentUrl\":\"https:\\\/\\\/www.dernier-rempart.fr\\\/wiki\\\/wp-content\\\/uploads\\\/2021\\\/04\\\/IMG_0813-1.png\",\"width\":2732,\"height\":2048},{\"@type\":\"BreadcrumbList\",\"@id\":\"https:\\\/\\\/www.dernier-rempart.fr\\\/wiki\\\/oracle\\\/#breadcrumb\",\"itemListElement\":[{\"@type\":\"ListItem\",\"position\":1,\"name\":\"Accueil\",\"item\":\"https:\\\/\\\/www.dernier-rempart.fr\\\/wiki\\\/\"},{\"@type\":\"ListItem\",\"position\":2,\"name\":\"Oracle\"}]},{\"@type\":\"WebSite\",\"@id\":\"https:\\\/\\\/www.dernier-rempart.fr\\\/wiki\\\/#website\",\"url\":\"https:\\\/\\\/www.dernier-rempart.fr\\\/wiki\\\/\",\"name\":\"Dernier Rempart, wiki\",\"description\":\"\",\"publisher\":{\"@id\":\"https:\\\/\\\/www.dernier-rempart.fr\\\/wiki\\\/#organization\"},\"potentialAction\":[{\"@type\":\"SearchAction\",\"target\":{\"@type\":\"EntryPoint\",\"urlTemplate\":\"https:\\\/\\\/www.dernier-rempart.fr\\\/wiki\\\/?s={search_term_string}\"},\"query-input\":{\"@type\":\"PropertyValueSpecification\",\"valueRequired\":true,\"valueName\":\"search_term_string\"}}],\"inLanguage\":\"fr-FR\"},{\"@type\":\"Organization\",\"@id\":\"https:\\\/\\\/www.dernier-rempart.fr\\\/wiki\\\/#organization\",\"name\":\"Dernier Rempart\",\"url\":\"https:\\\/\\\/www.dernier-rempart.fr\\\/wiki\\\/\",\"logo\":{\"@type\":\"ImageObject\",\"inLanguage\":\"fr-FR\",\"@id\":\"https:\\\/\\\/www.dernier-rempart.fr\\\/wiki\\\/#\\\/schema\\\/logo\\\/image\\\/\",\"url\":\"https:\\\/\\\/www.dernier-rempart.fr\\\/wiki\\\/wp-content\\\/uploads\\\/2020\\\/10\\\/banner_DR.png\",\"contentUrl\":\"https:\\\/\\\/www.dernier-rempart.fr\\\/wiki\\\/wp-content\\\/uploads\\\/2020\\\/10\\\/banner_DR.png\",\"width\":430,\"height\":160,\"caption\":\"Dernier Rempart\"},\"image\":{\"@id\":\"https:\\\/\\\/www.dernier-rempart.fr\\\/wiki\\\/#\\\/schema\\\/logo\\\/image\\\/\"}}]}<\/script>\n<!-- \/ Yoast SEO plugin. -->","yoast_head_json":{"title":"Oracle - Dernier Rempart, wiki","robots":{"index":"index","follow":"follow","max-snippet":"max-snippet:-1","max-image-preview":"max-image-preview:large","max-video-preview":"max-video-preview:-1"},"canonical":"https:\/\/www.dernier-rempart.fr\/wiki\/oracle\/","og_locale":"fr_FR","og_type":"article","og_title":"Oracle - Dernier Rempart, wiki","og_description":"Principe Il s&rsquo;agit d&rsquo;affronter une s\u00e9rie de vagues de mini \/ MVPs monstres \u00e0 la suite. Si vous ne les tuez pas rapidement, la vague de monstre suivante, s&rsquo;ajoutera aux monstres de la vague courante. En plus de les affronter des effets viendront se rajouter pour augmenter la difficult\u00e9 (sable, glace, m\u00e9t\u00e9orite) Liste de effets &hellip; Continuer la lecture de &laquo;&nbsp;Oracle&nbsp;&raquo;","og_url":"https:\/\/www.dernier-rempart.fr\/wiki\/oracle\/","og_site_name":"Dernier Rempart, wiki","article_modified_time":"2022-07-26T23:59:50+00:00","og_image":[{"url":"https:\/\/www.dernier-rempart.fr\/wiki\/wp-content\/uploads\/2021\/04\/IMG_0813-1-1024x768.png","type":"","width":"","height":""}],"twitter_card":"summary_large_image","twitter_misc":{"Dur\u00e9e de lecture estim\u00e9e":"5 minutes"},"schema":{"@context":"https:\/\/schema.org","@graph":[{"@type":"WebPage","@id":"https:\/\/www.dernier-rempart.fr\/wiki\/oracle\/","url":"https:\/\/www.dernier-rempart.fr\/wiki\/oracle\/","name":"Oracle - Dernier Rempart, wiki","isPartOf":{"@id":"https:\/\/www.dernier-rempart.fr\/wiki\/#website"},"primaryImageOfPage":{"@id":"https:\/\/www.dernier-rempart.fr\/wiki\/oracle\/#primaryimage"},"image":{"@id":"https:\/\/www.dernier-rempart.fr\/wiki\/oracle\/#primaryimage"},"thumbnailUrl":"https:\/\/www.dernier-rempart.fr\/wiki\/wp-content\/uploads\/2021\/04\/IMG_0813-1-1024x768.png","datePublished":"2021-03-03T13:16:33+00:00","dateModified":"2022-07-26T23:59:50+00:00","breadcrumb":{"@id":"https:\/\/www.dernier-rempart.fr\/wiki\/oracle\/#breadcrumb"},"inLanguage":"fr-FR","potentialAction":[{"@type":"ReadAction","target":["https:\/\/www.dernier-rempart.fr\/wiki\/oracle\/"]}]},{"@type":"ImageObject","inLanguage":"fr-FR","@id":"https:\/\/www.dernier-rempart.fr\/wiki\/oracle\/#primaryimage","url":"https:\/\/www.dernier-rempart.fr\/wiki\/wp-content\/uploads\/2021\/04\/IMG_0813-1.png","contentUrl":"https:\/\/www.dernier-rempart.fr\/wiki\/wp-content\/uploads\/2021\/04\/IMG_0813-1.png","width":2732,"height":2048},{"@type":"BreadcrumbList","@id":"https:\/\/www.dernier-rempart.fr\/wiki\/oracle\/#breadcrumb","itemListElement":[{"@type":"ListItem","position":1,"name":"Accueil","item":"https:\/\/www.dernier-rempart.fr\/wiki\/"},{"@type":"ListItem","position":2,"name":"Oracle"}]},{"@type":"WebSite","@id":"https:\/\/www.dernier-rempart.fr\/wiki\/#website","url":"https:\/\/www.dernier-rempart.fr\/wiki\/","name":"Dernier Rempart, wiki","description":"","publisher":{"@id":"https:\/\/www.dernier-rempart.fr\/wiki\/#organization"},"potentialAction":[{"@type":"SearchAction","target":{"@type":"EntryPoint","urlTemplate":"https:\/\/www.dernier-rempart.fr\/wiki\/?s={search_term_string}"},"query-input":{"@type":"PropertyValueSpecification","valueRequired":true,"valueName":"search_term_string"}}],"inLanguage":"fr-FR"},{"@type":"Organization","@id":"https:\/\/www.dernier-rempart.fr\/wiki\/#organization","name":"Dernier Rempart","url":"https:\/\/www.dernier-rempart.fr\/wiki\/","logo":{"@type":"ImageObject","inLanguage":"fr-FR","@id":"https:\/\/www.dernier-rempart.fr\/wiki\/#\/schema\/logo\/image\/","url":"https:\/\/www.dernier-rempart.fr\/wiki\/wp-content\/uploads\/2020\/10\/banner_DR.png","contentUrl":"https:\/\/www.dernier-rempart.fr\/wiki\/wp-content\/uploads\/2020\/10\/banner_DR.png","width":430,"height":160,"caption":"Dernier Rempart"},"image":{"@id":"https:\/\/www.dernier-rempart.fr\/wiki\/#\/schema\/logo\/image\/"}}]}},"jetpack_sharing_enabled":true,"_links":{"self":[{"href":"https:\/\/www.dernier-rempart.fr\/wiki\/wp-json\/wp\/v2\/pages\/965","targetHints":{"allow":["GET"]}}],"collection":[{"href":"https:\/\/www.dernier-rempart.fr\/wiki\/wp-json\/wp\/v2\/pages"}],"about":[{"href":"https:\/\/www.dernier-rempart.fr\/wiki\/wp-json\/wp\/v2\/types\/page"}],"author":[{"embeddable":true,"href":"https:\/\/www.dernier-rempart.fr\/wiki\/wp-json\/wp\/v2\/users\/8"}],"replies":[{"embeddable":true,"href":"https:\/\/www.dernier-rempart.fr\/wiki\/wp-json\/wp\/v2\/comments?post=965"}],"version-history":[{"count":14,"href":"https:\/\/www.dernier-rempart.fr\/wiki\/wp-json\/wp\/v2\/pages\/965\/revisions"}],"predecessor-version":[{"id":1484,"href":"https:\/\/www.dernier-rempart.fr\/wiki\/wp-json\/wp\/v2\/pages\/965\/revisions\/1484"}],"wp:attachment":[{"href":"https:\/\/www.dernier-rempart.fr\/wiki\/wp-json\/wp\/v2\/media?parent=965"}],"wp:term":[{"taxonomy":"category","embeddable":true,"href":"https:\/\/www.dernier-rempart.fr\/wiki\/wp-json\/wp\/v2\/categories?post=965"},{"taxonomy":"post_tag","embeddable":true,"href":"https:\/\/www.dernier-rempart.fr\/wiki\/wp-json\/wp\/v2\/tags?post=965"}],"curies":[{"name":"wp","href":"https:\/\/api.w.org\/{rel}","templated":true}]}}