{"id":961,"date":"2021-03-02T14:34:35","date_gmt":"2021-03-02T13:34:35","guid":{"rendered":"https:\/\/www.dernier-rempart.fr\/wiki\/?page_id=961"},"modified":"2021-04-11T17:09:09","modified_gmt":"2021-04-11T15:09:09","slug":"valhalla-ruins-vr","status":"publish","type":"page","link":"https:\/\/www.dernier-rempart.fr\/wiki\/valhalla-ruins-vr\/","title":{"rendered":"Valhalla Ruins (VR)"},"content":{"rendered":"\n<figure class=\"wp-block-image size-large\"><img loading=\"lazy\" decoding=\"async\" width=\"1024\" height=\"768\" data-attachment-id=\"1053\" data-permalink=\"https:\/\/www.dernier-rempart.fr\/wiki\/valhalla-ruins-vr\/img_0411-2-1\/\" data-orig-file=\"https:\/\/www.dernier-rempart.fr\/wiki\/wp-content\/uploads\/2021\/04\/IMG_0411-2-1.png\" data-orig-size=\"2732,2048\" data-comments-opened=\"1\" data-image-meta=\"{&quot;aperture&quot;:&quot;0&quot;,&quot;credit&quot;:&quot;&quot;,&quot;camera&quot;:&quot;&quot;,&quot;caption&quot;:&quot;&quot;,&quot;created_timestamp&quot;:&quot;0&quot;,&quot;copyright&quot;:&quot;&quot;,&quot;focal_length&quot;:&quot;0&quot;,&quot;iso&quot;:&quot;0&quot;,&quot;shutter_speed&quot;:&quot;0&quot;,&quot;title&quot;:&quot;&quot;,&quot;orientation&quot;:&quot;0&quot;}\" data-image-title=\"IMG_0411-2-1\" data-image-description=\"\" data-image-caption=\"\" data-large-file=\"https:\/\/www.dernier-rempart.fr\/wiki\/wp-content\/uploads\/2021\/04\/IMG_0411-2-1-1024x768.png\" src=\"https:\/\/www.dernier-rempart.fr\/wiki\/wp-content\/uploads\/2021\/04\/IMG_0411-2-1-1024x768.png\" alt=\"\" class=\"wp-image-1053\" srcset=\"https:\/\/www.dernier-rempart.fr\/wiki\/wp-content\/uploads\/2021\/04\/IMG_0411-2-1-1024x768.png 1024w, https:\/\/www.dernier-rempart.fr\/wiki\/wp-content\/uploads\/2021\/04\/IMG_0411-2-1-300x225.png 300w, https:\/\/www.dernier-rempart.fr\/wiki\/wp-content\/uploads\/2021\/04\/IMG_0411-2-1-768x576.png 768w, https:\/\/www.dernier-rempart.fr\/wiki\/wp-content\/uploads\/2021\/04\/IMG_0411-2-1-1536x1151.png 1536w, https:\/\/www.dernier-rempart.fr\/wiki\/wp-content\/uploads\/2021\/04\/IMG_0411-2-1-2048x1535.png 2048w\" sizes=\"auto, (max-width: 767px) 89vw, (max-width: 1000px) 54vw, (max-width: 1071px) 543px, 580px\" \/><\/figure>\n\n\n\n<h1 class=\"wp-block-heading\">Principe<\/h1>\n\n\n\n<p>5 Mini et MVPs monstres sont r\u00e9partis sur une carte. Des r\u00e9compenses sont obtenues chaque fois qu\u2019ils sont vaincus. Chaque lundi matin, les monstres sont r\u00e9initialis\u00e9s. Si votre \u00e9quipe est tu\u00e9e vous pouvez refaire ce donjon autant de fois que vous voulez.<\/p>\n\n\n\n<h1 class=\"wp-block-heading\">R\u00e9compenses<\/h1>\n\n\n\n<p>Drop al\u00e9atoire \u00e0 chaque Mini et MVPs monstres vaincus.<\/p>\n\n\n\n<h1 class=\"wp-block-heading\">Niveau requis:<\/h1>\n\n\n\n<p>Il est assez facile 1 ou 2 joueurs peuvent le passer<\/p>\n\n\n\n<h1 class=\"wp-block-heading\">Comment entrer ce donjon ?<\/h1>\n\n\n\n<p>Il faut aller dans la guilde puis se diriger vers les Valkyries<\/p>\n\n\n\n<figure class=\"wp-block-image size-large\"><img loading=\"lazy\" decoding=\"async\" width=\"1024\" height=\"768\" data-attachment-id=\"995\" data-permalink=\"https:\/\/www.dernier-rempart.fr\/wiki\/valhalla-ruins-vr\/image-32\/\" data-orig-file=\"https:\/\/www.dernier-rempart.fr\/wiki\/wp-content\/uploads\/2021\/03\/image.png\" data-orig-size=\"1024,768\" data-comments-opened=\"1\" data-image-meta=\"{&quot;aperture&quot;:&quot;0&quot;,&quot;credit&quot;:&quot;&quot;,&quot;camera&quot;:&quot;&quot;,&quot;caption&quot;:&quot;&quot;,&quot;created_timestamp&quot;:&quot;0&quot;,&quot;copyright&quot;:&quot;&quot;,&quot;focal_length&quot;:&quot;0&quot;,&quot;iso&quot;:&quot;0&quot;,&quot;shutter_speed&quot;:&quot;0&quot;,&quot;title&quot;:&quot;&quot;,&quot;orientation&quot;:&quot;0&quot;}\" data-image-title=\"image\" data-image-description=\"\" data-image-caption=\"\" data-large-file=\"https:\/\/www.dernier-rempart.fr\/wiki\/wp-content\/uploads\/2021\/03\/image.png\" src=\"https:\/\/www.dernier-rempart.fr\/wiki\/wp-content\/uploads\/2021\/03\/image.png\" alt=\"\" class=\"wp-image-995\" srcset=\"https:\/\/www.dernier-rempart.fr\/wiki\/wp-content\/uploads\/2021\/03\/image.png 1024w, https:\/\/www.dernier-rempart.fr\/wiki\/wp-content\/uploads\/2021\/03\/image-300x225.png 300w, https:\/\/www.dernier-rempart.fr\/wiki\/wp-content\/uploads\/2021\/03\/image-768x576.png 768w\" sizes=\"auto, (max-width: 767px) 89vw, (max-width: 1000px) 54vw, (max-width: 1071px) 543px, 580px\" \/><\/figure>\n\n\n\n<h1 class=\"wp-block-heading\">Vid\u00e9os<\/h1>\n\n\n\n<figure class=\"wp-block-embed-youtube wp-block-embed is-type-video is-provider-youtube wp-embed-aspect-4-3 wp-has-aspect-ratio\"><div class=\"wp-block-embed__wrapper\">\n<iframe loading=\"lazy\" title=\"RPReplay Final1615930618\" width=\"525\" height=\"394\" src=\"https:\/\/www.youtube.com\/embed\/cd0leicQv-E?feature=oembed\" frameborder=\"0\" allow=\"accelerometer; autoplay; clipboard-write; encrypted-media; gyroscope; picture-in-picture; web-share\" referrerpolicy=\"strict-origin-when-cross-origin\" allowfullscreen><\/iframe>\n<\/div><\/figure>\n\n\n\n<h1 class=\"wp-block-heading\">Astuces et strat\u00e9gie<\/h1>\n\n\n\n<p>Le donjon est assez facile et rapide, n&rsquo;h\u00e9sitez pas \u00e0 vous t\u00e9l\u00e9porter en cas de difficult\u00e9<\/p>\n\n\n\n<p><\/p>\n\n\n\n<ul class=\"wp-block-list\"><li><\/li><\/ul>\n","protected":false},"excerpt":{"rendered":"<p>Principe 5 Mini et MVPs monstres sont r\u00e9partis sur une carte. Des r\u00e9compenses sont obtenues chaque fois qu\u2019ils sont vaincus. Chaque lundi matin, les monstres sont r\u00e9initialis\u00e9s. Si votre \u00e9quipe est tu\u00e9e vous pouvez refaire ce donjon autant de fois que vous voulez. R\u00e9compenses Drop al\u00e9atoire \u00e0 chaque Mini et MVPs monstres vaincus. Niveau requis: &hellip; <\/p>\n<p class=\"link-more\"><a href=\"https:\/\/www.dernier-rempart.fr\/wiki\/valhalla-ruins-vr\/\" class=\"more-link\">Continuer la lecture<span class=\"screen-reader-text\"> de &laquo;&nbsp;Valhalla Ruins (VR)&nbsp;&raquo;<\/span><\/a><\/p>\n","protected":false},"author":8,"featured_media":0,"parent":0,"menu_order":0,"comment_status":"closed","ping_status":"closed","template":"","meta":{"_acf_changed":false,"footnotes":""},"categories":[],"tags":[],"class_list":["post-961","page","type-page","status-publish","hentry"],"acf":[],"yoast_head":"<!-- This site is optimized with the Yoast SEO plugin v27.4 - https:\/\/yoast.com\/product\/yoast-seo-wordpress\/ -->\n<title>Valhalla Ruins (VR) - Dernier Rempart, wiki<\/title>\n<meta name=\"robots\" content=\"index, follow, max-snippet:-1, max-image-preview:large, max-video-preview:-1\" \/>\n<link rel=\"canonical\" href=\"https:\/\/www.dernier-rempart.fr\/wiki\/valhalla-ruins-vr\/\" \/>\n<meta property=\"og:locale\" content=\"fr_FR\" \/>\n<meta property=\"og:type\" content=\"article\" \/>\n<meta property=\"og:title\" content=\"Valhalla Ruins (VR) - Dernier Rempart, wiki\" \/>\n<meta property=\"og:description\" content=\"Principe 5 Mini et MVPs monstres sont r\u00e9partis sur une carte. Des r\u00e9compenses sont obtenues chaque fois qu\u2019ils sont vaincus. Chaque lundi matin, les monstres sont r\u00e9initialis\u00e9s. Si votre \u00e9quipe est tu\u00e9e vous pouvez refaire ce donjon autant de fois que vous voulez. R\u00e9compenses Drop al\u00e9atoire \u00e0 chaque Mini et MVPs monstres vaincus. Niveau requis: &hellip; Continuer la lecture de &laquo;&nbsp;Valhalla Ruins (VR)&nbsp;&raquo;\" \/>\n<meta property=\"og:url\" content=\"https:\/\/www.dernier-rempart.fr\/wiki\/valhalla-ruins-vr\/\" \/>\n<meta property=\"og:site_name\" content=\"Dernier Rempart, wiki\" \/>\n<meta property=\"article:modified_time\" content=\"2021-04-11T15:09:09+00:00\" \/>\n<meta property=\"og:image\" content=\"https:\/\/www.dernier-rempart.fr\/wiki\/wp-content\/uploads\/2021\/04\/IMG_0411-2-1-1024x768.png\" \/>\n<meta name=\"twitter:card\" content=\"summary_large_image\" \/>\n<meta name=\"twitter:label1\" content=\"Dur\u00e9e de lecture estim\u00e9e\" \/>\n\t<meta name=\"twitter:data1\" content=\"1 minute\" \/>\n<script type=\"application\/ld+json\" class=\"yoast-schema-graph\">{\"@context\":\"https:\\\/\\\/schema.org\",\"@graph\":[{\"@type\":\"WebPage\",\"@id\":\"https:\\\/\\\/www.dernier-rempart.fr\\\/wiki\\\/valhalla-ruins-vr\\\/\",\"url\":\"https:\\\/\\\/www.dernier-rempart.fr\\\/wiki\\\/valhalla-ruins-vr\\\/\",\"name\":\"Valhalla Ruins (VR) - Dernier Rempart, wiki\",\"isPartOf\":{\"@id\":\"https:\\\/\\\/www.dernier-rempart.fr\\\/wiki\\\/#website\"},\"primaryImageOfPage\":{\"@id\":\"https:\\\/\\\/www.dernier-rempart.fr\\\/wiki\\\/valhalla-ruins-vr\\\/#primaryimage\"},\"image\":{\"@id\":\"https:\\\/\\\/www.dernier-rempart.fr\\\/wiki\\\/valhalla-ruins-vr\\\/#primaryimage\"},\"thumbnailUrl\":\"https:\\\/\\\/www.dernier-rempart.fr\\\/wiki\\\/wp-content\\\/uploads\\\/2021\\\/04\\\/IMG_0411-2-1-1024x768.png\",\"datePublished\":\"2021-03-02T13:34:35+00:00\",\"dateModified\":\"2021-04-11T15:09:09+00:00\",\"breadcrumb\":{\"@id\":\"https:\\\/\\\/www.dernier-rempart.fr\\\/wiki\\\/valhalla-ruins-vr\\\/#breadcrumb\"},\"inLanguage\":\"fr-FR\",\"potentialAction\":[{\"@type\":\"ReadAction\",\"target\":[\"https:\\\/\\\/www.dernier-rempart.fr\\\/wiki\\\/valhalla-ruins-vr\\\/\"]}]},{\"@type\":\"ImageObject\",\"inLanguage\":\"fr-FR\",\"@id\":\"https:\\\/\\\/www.dernier-rempart.fr\\\/wiki\\\/valhalla-ruins-vr\\\/#primaryimage\",\"url\":\"https:\\\/\\\/www.dernier-rempart.fr\\\/wiki\\\/wp-content\\\/uploads\\\/2021\\\/04\\\/IMG_0411-2-1.png\",\"contentUrl\":\"https:\\\/\\\/www.dernier-rempart.fr\\\/wiki\\\/wp-content\\\/uploads\\\/2021\\\/04\\\/IMG_0411-2-1.png\",\"width\":2732,\"height\":2048},{\"@type\":\"BreadcrumbList\",\"@id\":\"https:\\\/\\\/www.dernier-rempart.fr\\\/wiki\\\/valhalla-ruins-vr\\\/#breadcrumb\",\"itemListElement\":[{\"@type\":\"ListItem\",\"position\":1,\"name\":\"Accueil\",\"item\":\"https:\\\/\\\/www.dernier-rempart.fr\\\/wiki\\\/\"},{\"@type\":\"ListItem\",\"position\":2,\"name\":\"Valhalla Ruins (VR)\"}]},{\"@type\":\"WebSite\",\"@id\":\"https:\\\/\\\/www.dernier-rempart.fr\\\/wiki\\\/#website\",\"url\":\"https:\\\/\\\/www.dernier-rempart.fr\\\/wiki\\\/\",\"name\":\"Dernier Rempart, wiki\",\"description\":\"\",\"publisher\":{\"@id\":\"https:\\\/\\\/www.dernier-rempart.fr\\\/wiki\\\/#organization\"},\"potentialAction\":[{\"@type\":\"SearchAction\",\"target\":{\"@type\":\"EntryPoint\",\"urlTemplate\":\"https:\\\/\\\/www.dernier-rempart.fr\\\/wiki\\\/?s={search_term_string}\"},\"query-input\":{\"@type\":\"PropertyValueSpecification\",\"valueRequired\":true,\"valueName\":\"search_term_string\"}}],\"inLanguage\":\"fr-FR\"},{\"@type\":\"Organization\",\"@id\":\"https:\\\/\\\/www.dernier-rempart.fr\\\/wiki\\\/#organization\",\"name\":\"Dernier Rempart\",\"url\":\"https:\\\/\\\/www.dernier-rempart.fr\\\/wiki\\\/\",\"logo\":{\"@type\":\"ImageObject\",\"inLanguage\":\"fr-FR\",\"@id\":\"https:\\\/\\\/www.dernier-rempart.fr\\\/wiki\\\/#\\\/schema\\\/logo\\\/image\\\/\",\"url\":\"https:\\\/\\\/www.dernier-rempart.fr\\\/wiki\\\/wp-content\\\/uploads\\\/2020\\\/10\\\/banner_DR.png\",\"contentUrl\":\"https:\\\/\\\/www.dernier-rempart.fr\\\/wiki\\\/wp-content\\\/uploads\\\/2020\\\/10\\\/banner_DR.png\",\"width\":430,\"height\":160,\"caption\":\"Dernier Rempart\"},\"image\":{\"@id\":\"https:\\\/\\\/www.dernier-rempart.fr\\\/wiki\\\/#\\\/schema\\\/logo\\\/image\\\/\"}}]}<\/script>\n<!-- \/ Yoast SEO plugin. -->","yoast_head_json":{"title":"Valhalla Ruins (VR) - Dernier Rempart, wiki","robots":{"index":"index","follow":"follow","max-snippet":"max-snippet:-1","max-image-preview":"max-image-preview:large","max-video-preview":"max-video-preview:-1"},"canonical":"https:\/\/www.dernier-rempart.fr\/wiki\/valhalla-ruins-vr\/","og_locale":"fr_FR","og_type":"article","og_title":"Valhalla Ruins (VR) - Dernier Rempart, wiki","og_description":"Principe 5 Mini et MVPs monstres sont r\u00e9partis sur une carte. Des r\u00e9compenses sont obtenues chaque fois qu\u2019ils sont vaincus. Chaque lundi matin, les monstres sont r\u00e9initialis\u00e9s. Si votre \u00e9quipe est tu\u00e9e vous pouvez refaire ce donjon autant de fois que vous voulez. R\u00e9compenses Drop al\u00e9atoire \u00e0 chaque Mini et MVPs monstres vaincus. Niveau requis: &hellip; Continuer la lecture de &laquo;&nbsp;Valhalla Ruins (VR)&nbsp;&raquo;","og_url":"https:\/\/www.dernier-rempart.fr\/wiki\/valhalla-ruins-vr\/","og_site_name":"Dernier Rempart, wiki","article_modified_time":"2021-04-11T15:09:09+00:00","og_image":[{"url":"https:\/\/www.dernier-rempart.fr\/wiki\/wp-content\/uploads\/2021\/04\/IMG_0411-2-1-1024x768.png","type":"","width":"","height":""}],"twitter_card":"summary_large_image","twitter_misc":{"Dur\u00e9e de lecture estim\u00e9e":"1 minute"},"schema":{"@context":"https:\/\/schema.org","@graph":[{"@type":"WebPage","@id":"https:\/\/www.dernier-rempart.fr\/wiki\/valhalla-ruins-vr\/","url":"https:\/\/www.dernier-rempart.fr\/wiki\/valhalla-ruins-vr\/","name":"Valhalla Ruins (VR) - Dernier Rempart, wiki","isPartOf":{"@id":"https:\/\/www.dernier-rempart.fr\/wiki\/#website"},"primaryImageOfPage":{"@id":"https:\/\/www.dernier-rempart.fr\/wiki\/valhalla-ruins-vr\/#primaryimage"},"image":{"@id":"https:\/\/www.dernier-rempart.fr\/wiki\/valhalla-ruins-vr\/#primaryimage"},"thumbnailUrl":"https:\/\/www.dernier-rempart.fr\/wiki\/wp-content\/uploads\/2021\/04\/IMG_0411-2-1-1024x768.png","datePublished":"2021-03-02T13:34:35+00:00","dateModified":"2021-04-11T15:09:09+00:00","breadcrumb":{"@id":"https:\/\/www.dernier-rempart.fr\/wiki\/valhalla-ruins-vr\/#breadcrumb"},"inLanguage":"fr-FR","potentialAction":[{"@type":"ReadAction","target":["https:\/\/www.dernier-rempart.fr\/wiki\/valhalla-ruins-vr\/"]}]},{"@type":"ImageObject","inLanguage":"fr-FR","@id":"https:\/\/www.dernier-rempart.fr\/wiki\/valhalla-ruins-vr\/#primaryimage","url":"https:\/\/www.dernier-rempart.fr\/wiki\/wp-content\/uploads\/2021\/04\/IMG_0411-2-1.png","contentUrl":"https:\/\/www.dernier-rempart.fr\/wiki\/wp-content\/uploads\/2021\/04\/IMG_0411-2-1.png","width":2732,"height":2048},{"@type":"BreadcrumbList","@id":"https:\/\/www.dernier-rempart.fr\/wiki\/valhalla-ruins-vr\/#breadcrumb","itemListElement":[{"@type":"ListItem","position":1,"name":"Accueil","item":"https:\/\/www.dernier-rempart.fr\/wiki\/"},{"@type":"ListItem","position":2,"name":"Valhalla Ruins (VR)"}]},{"@type":"WebSite","@id":"https:\/\/www.dernier-rempart.fr\/wiki\/#website","url":"https:\/\/www.dernier-rempart.fr\/wiki\/","name":"Dernier Rempart, wiki","description":"","publisher":{"@id":"https:\/\/www.dernier-rempart.fr\/wiki\/#organization"},"potentialAction":[{"@type":"SearchAction","target":{"@type":"EntryPoint","urlTemplate":"https:\/\/www.dernier-rempart.fr\/wiki\/?s={search_term_string}"},"query-input":{"@type":"PropertyValueSpecification","valueRequired":true,"valueName":"search_term_string"}}],"inLanguage":"fr-FR"},{"@type":"Organization","@id":"https:\/\/www.dernier-rempart.fr\/wiki\/#organization","name":"Dernier Rempart","url":"https:\/\/www.dernier-rempart.fr\/wiki\/","logo":{"@type":"ImageObject","inLanguage":"fr-FR","@id":"https:\/\/www.dernier-rempart.fr\/wiki\/#\/schema\/logo\/image\/","url":"https:\/\/www.dernier-rempart.fr\/wiki\/wp-content\/uploads\/2020\/10\/banner_DR.png","contentUrl":"https:\/\/www.dernier-rempart.fr\/wiki\/wp-content\/uploads\/2020\/10\/banner_DR.png","width":430,"height":160,"caption":"Dernier Rempart"},"image":{"@id":"https:\/\/www.dernier-rempart.fr\/wiki\/#\/schema\/logo\/image\/"}}]}},"jetpack_sharing_enabled":true,"_links":{"self":[{"href":"https:\/\/www.dernier-rempart.fr\/wiki\/wp-json\/wp\/v2\/pages\/961","targetHints":{"allow":["GET"]}}],"collection":[{"href":"https:\/\/www.dernier-rempart.fr\/wiki\/wp-json\/wp\/v2\/pages"}],"about":[{"href":"https:\/\/www.dernier-rempart.fr\/wiki\/wp-json\/wp\/v2\/types\/page"}],"author":[{"embeddable":true,"href":"https:\/\/www.dernier-rempart.fr\/wiki\/wp-json\/wp\/v2\/users\/8"}],"replies":[{"embeddable":true,"href":"https:\/\/www.dernier-rempart.fr\/wiki\/wp-json\/wp\/v2\/comments?post=961"}],"version-history":[{"count":11,"href":"https:\/\/www.dernier-rempart.fr\/wiki\/wp-json\/wp\/v2\/pages\/961\/revisions"}],"predecessor-version":[{"id":1055,"href":"https:\/\/www.dernier-rempart.fr\/wiki\/wp-json\/wp\/v2\/pages\/961\/revisions\/1055"}],"wp:attachment":[{"href":"https:\/\/www.dernier-rempart.fr\/wiki\/wp-json\/wp\/v2\/media?parent=961"}],"wp:term":[{"taxonomy":"category","embeddable":true,"href":"https:\/\/www.dernier-rempart.fr\/wiki\/wp-json\/wp\/v2\/categories?post=961"},{"taxonomy":"post_tag","embeddable":true,"href":"https:\/\/www.dernier-rempart.fr\/wiki\/wp-json\/wp\/v2\/tags?post=961"}],"curies":[{"name":"wp","href":"https:\/\/api.w.org\/{rel}","templated":true}]}}