{"id":958,"date":"2021-03-02T08:40:18","date_gmt":"2021-03-02T07:40:18","guid":{"rendered":"https:\/\/www.dernier-rempart.fr\/wiki\/?page_id=958"},"modified":"2021-04-11T17:19:26","modified_gmt":"2021-04-11T15:19:26","slug":"revenant-purgatory","status":"publish","type":"page","link":"https:\/\/www.dernier-rempart.fr\/wiki\/revenant-purgatory\/","title":{"rendered":"Revenant (Purgatory)"},"content":{"rendered":"\n<figure class=\"wp-block-image size-large\"><img loading=\"lazy\" decoding=\"async\" width=\"1024\" height=\"768\" data-attachment-id=\"1001\" data-permalink=\"https:\/\/www.dernier-rempart.fr\/wiki\/revenant-purgatory\/image-1-6\/\" data-orig-file=\"https:\/\/www.dernier-rempart.fr\/wiki\/wp-content\/uploads\/2021\/03\/image-1.png\" data-orig-size=\"1024,768\" data-comments-opened=\"1\" data-image-meta=\"{&quot;aperture&quot;:&quot;0&quot;,&quot;credit&quot;:&quot;&quot;,&quot;camera&quot;:&quot;&quot;,&quot;caption&quot;:&quot;&quot;,&quot;created_timestamp&quot;:&quot;0&quot;,&quot;copyright&quot;:&quot;&quot;,&quot;focal_length&quot;:&quot;0&quot;,&quot;iso&quot;:&quot;0&quot;,&quot;shutter_speed&quot;:&quot;0&quot;,&quot;title&quot;:&quot;&quot;,&quot;orientation&quot;:&quot;0&quot;}\" data-image-title=\"image-1\" data-image-description=\"\" data-image-caption=\"\" data-large-file=\"https:\/\/www.dernier-rempart.fr\/wiki\/wp-content\/uploads\/2021\/03\/image-1.png\" src=\"https:\/\/www.dernier-rempart.fr\/wiki\/wp-content\/uploads\/2021\/03\/image-1.png\" alt=\"\" class=\"wp-image-1001\" srcset=\"https:\/\/www.dernier-rempart.fr\/wiki\/wp-content\/uploads\/2021\/03\/image-1.png 1024w, https:\/\/www.dernier-rempart.fr\/wiki\/wp-content\/uploads\/2021\/03\/image-1-300x225.png 300w, https:\/\/www.dernier-rempart.fr\/wiki\/wp-content\/uploads\/2021\/03\/image-1-768x576.png 768w\" sizes=\"auto, (max-width: 767px) 89vw, (max-width: 1000px) 54vw, (max-width: 1071px) 543px, 580px\" \/><\/figure>\n\n\n\n<h1 class=\"wp-block-heading\">Principe<\/h1>\n\n\n\n<p>Donjon pour 6 joueurs visant \u00e0 invoquer 4 revenants (MVP des \u00e9pisodes 1 \u00e0 4, version mort vivant). Avec une bonne \u00e9quipe, il se fait en 5 minutes. Chaque invocation va faire appara\u00eetre un monstre. Si le monstre tue tous les joueurs, il n\u2019est plus possible de l\u2019invoquer \u00e0 nouveau, les r\u00e9compenses sont perdues. Il n\u2019est possible de recevoir les r\u00e9compenses qu\u2019une fois par semaine. Les MVPS sont al\u00e9atoires \u00e0 chaque session.<\/p>\n\n\n\n<h1 class=\"wp-block-heading\">R\u00e9compenses<\/h1>\n\n\n\n<p>Drop al\u00e9atoire \u00e0 chaque MVP vaincus.<\/p>\n\n\n\n<h1 class=\"wp-block-heading\">Niveau requis:<\/h1>\n\n\n\n<p>Il est recommand\u00e9 d&rsquo;\u00eatre une bonne \u00e9quipe, si le MVP n&rsquo;est pas vaincu, vous ne pourrez pas le refaire et donc vous perdrez les r\u00e9compenses.<\/p>\n\n\n\n<h1 class=\"wp-block-heading\">Comment d\u00e9bloquer ce donjon ?<\/h1>\n\n\n\n<p>Apr\u00e8s avoir atteint le niveau de base 80, le purgatoire de Niflheim peut \u00eatre d\u00e9bloqu\u00e9 apr\u00e8s avoir termin\u00e9 la qu\u00eate \u00ab\u00a0Purgatoire effrayant\u00a0\u00bb de Morse \u00e0 Niflheim.<\/p>\n\n\n\n<figure class=\"wp-block-image size-large\"><img loading=\"lazy\" decoding=\"async\" width=\"1024\" height=\"768\" data-attachment-id=\"1056\" data-permalink=\"https:\/\/www.dernier-rempart.fr\/wiki\/revenant-purgatory\/img_0814\/\" data-orig-file=\"https:\/\/www.dernier-rempart.fr\/wiki\/wp-content\/uploads\/2021\/04\/IMG_0814.png\" data-orig-size=\"1024,768\" data-comments-opened=\"1\" data-image-meta=\"{&quot;aperture&quot;:&quot;0&quot;,&quot;credit&quot;:&quot;&quot;,&quot;camera&quot;:&quot;&quot;,&quot;caption&quot;:&quot;&quot;,&quot;created_timestamp&quot;:&quot;0&quot;,&quot;copyright&quot;:&quot;&quot;,&quot;focal_length&quot;:&quot;0&quot;,&quot;iso&quot;:&quot;0&quot;,&quot;shutter_speed&quot;:&quot;0&quot;,&quot;title&quot;:&quot;&quot;,&quot;orientation&quot;:&quot;0&quot;}\" data-image-title=\"IMG_0814\" data-image-description=\"\" data-image-caption=\"\" data-large-file=\"https:\/\/www.dernier-rempart.fr\/wiki\/wp-content\/uploads\/2021\/04\/IMG_0814.png\" src=\"https:\/\/www.dernier-rempart.fr\/wiki\/wp-content\/uploads\/2021\/04\/IMG_0814.png\" alt=\"\" class=\"wp-image-1056\" srcset=\"https:\/\/www.dernier-rempart.fr\/wiki\/wp-content\/uploads\/2021\/04\/IMG_0814.png 1024w, https:\/\/www.dernier-rempart.fr\/wiki\/wp-content\/uploads\/2021\/04\/IMG_0814-300x225.png 300w, https:\/\/www.dernier-rempart.fr\/wiki\/wp-content\/uploads\/2021\/04\/IMG_0814-768x576.png 768w\" sizes=\"auto, (max-width: 767px) 89vw, (max-width: 1000px) 54vw, (max-width: 1071px) 543px, 580px\" \/><\/figure>\n\n\n\n<h1 class=\"wp-block-heading\">Vid\u00e9os<\/h1>\n\n\n\n<figure class=\"wp-block-embed-youtube wp-block-embed is-type-video is-provider-youtube wp-embed-aspect-4-3 wp-has-aspect-ratio\"><div class=\"wp-block-embed__wrapper\">\n<iframe loading=\"lazy\" title=\"RPReplay Final1615931295\" width=\"525\" height=\"394\" src=\"https:\/\/www.youtube.com\/embed\/nroVbqVkF7M?feature=oembed\" frameborder=\"0\" allow=\"accelerometer; autoplay; clipboard-write; encrypted-media; gyroscope; picture-in-picture; web-share\" referrerpolicy=\"strict-origin-when-cross-origin\" allowfullscreen><\/iframe>\n<\/div><\/figure>\n\n\n\n<h1 class=\"wp-block-heading\">Astuces et strat\u00e9gie<\/h1>\n\n\n\n<p>Si vous \u00eates en difficult\u00e9 n\u2019h\u00e9sitez pas \u00e0 vous t\u00e9l\u00e9porter hors de la port\u00e9e du MVP pour ressusciter les membres de votre \u00e9quipe.<\/p>\n\n\n\n<p>Si vous \u00eates confront\u00e9s \u00e0:<\/p>\n\n\n\n<p>Maya, tuez ses Dullahan. N\u2019attaquez pas en physique elle vous refl\u00e8tera votre attaque.<\/p>\n\n\n\n<ul class=\"wp-block-list\"><li><\/li><\/ul>\n\n\n\n<p><\/p>\n","protected":false},"excerpt":{"rendered":"<p>Principe Donjon pour 6 joueurs visant \u00e0 invoquer 4 revenants (MVP des \u00e9pisodes 1 \u00e0 4, version mort vivant). Avec une bonne \u00e9quipe, il se fait en 5 minutes. Chaque invocation va faire appara\u00eetre un monstre. Si le monstre tue tous les joueurs, il n\u2019est plus possible de l\u2019invoquer \u00e0 nouveau, les r\u00e9compenses sont perdues. &hellip; <\/p>\n<p class=\"link-more\"><a href=\"https:\/\/www.dernier-rempart.fr\/wiki\/revenant-purgatory\/\" class=\"more-link\">Continuer la lecture<span class=\"screen-reader-text\"> de &laquo;&nbsp;Revenant (Purgatory)&nbsp;&raquo;<\/span><\/a><\/p>\n","protected":false},"author":8,"featured_media":0,"parent":0,"menu_order":0,"comment_status":"closed","ping_status":"closed","template":"","meta":{"_acf_changed":false,"footnotes":""},"categories":[],"tags":[],"class_list":["post-958","page","type-page","status-publish","hentry"],"acf":[],"yoast_head":"<!-- This site is optimized with the Yoast SEO plugin v27.4 - https:\/\/yoast.com\/product\/yoast-seo-wordpress\/ -->\n<title>Revenant (Purgatory) - Dernier Rempart, wiki<\/title>\n<meta name=\"robots\" content=\"index, follow, max-snippet:-1, max-image-preview:large, max-video-preview:-1\" \/>\n<link rel=\"canonical\" href=\"https:\/\/www.dernier-rempart.fr\/wiki\/revenant-purgatory\/\" \/>\n<meta property=\"og:locale\" content=\"fr_FR\" \/>\n<meta property=\"og:type\" content=\"article\" \/>\n<meta property=\"og:title\" content=\"Revenant (Purgatory) - Dernier Rempart, wiki\" \/>\n<meta property=\"og:description\" content=\"Principe Donjon pour 6 joueurs visant \u00e0 invoquer 4 revenants (MVP des \u00e9pisodes 1 \u00e0 4, version mort vivant). Avec une bonne \u00e9quipe, il se fait en 5 minutes. Chaque invocation va faire appara\u00eetre un monstre. Si le monstre tue tous les joueurs, il n\u2019est plus possible de l\u2019invoquer \u00e0 nouveau, les r\u00e9compenses sont perdues. &hellip; Continuer la lecture de &laquo;&nbsp;Revenant (Purgatory)&nbsp;&raquo;\" \/>\n<meta property=\"og:url\" content=\"https:\/\/www.dernier-rempart.fr\/wiki\/revenant-purgatory\/\" \/>\n<meta property=\"og:site_name\" content=\"Dernier Rempart, wiki\" \/>\n<meta property=\"article:modified_time\" content=\"2021-04-11T15:19:26+00:00\" \/>\n<meta property=\"og:image\" content=\"https:\/\/www.dernier-rempart.fr\/wiki\/wp-content\/uploads\/2021\/03\/image-1.png\" \/>\n<meta name=\"twitter:card\" content=\"summary_large_image\" \/>\n<meta name=\"twitter:label1\" content=\"Dur\u00e9e de lecture estim\u00e9e\" \/>\n\t<meta name=\"twitter:data1\" content=\"1 minute\" \/>\n<script type=\"application\/ld+json\" class=\"yoast-schema-graph\">{\"@context\":\"https:\\\/\\\/schema.org\",\"@graph\":[{\"@type\":\"WebPage\",\"@id\":\"https:\\\/\\\/www.dernier-rempart.fr\\\/wiki\\\/revenant-purgatory\\\/\",\"url\":\"https:\\\/\\\/www.dernier-rempart.fr\\\/wiki\\\/revenant-purgatory\\\/\",\"name\":\"Revenant (Purgatory) - Dernier Rempart, wiki\",\"isPartOf\":{\"@id\":\"https:\\\/\\\/www.dernier-rempart.fr\\\/wiki\\\/#website\"},\"primaryImageOfPage\":{\"@id\":\"https:\\\/\\\/www.dernier-rempart.fr\\\/wiki\\\/revenant-purgatory\\\/#primaryimage\"},\"image\":{\"@id\":\"https:\\\/\\\/www.dernier-rempart.fr\\\/wiki\\\/revenant-purgatory\\\/#primaryimage\"},\"thumbnailUrl\":\"https:\\\/\\\/www.dernier-rempart.fr\\\/wiki\\\/wp-content\\\/uploads\\\/2021\\\/03\\\/image-1.png\",\"datePublished\":\"2021-03-02T07:40:18+00:00\",\"dateModified\":\"2021-04-11T15:19:26+00:00\",\"breadcrumb\":{\"@id\":\"https:\\\/\\\/www.dernier-rempart.fr\\\/wiki\\\/revenant-purgatory\\\/#breadcrumb\"},\"inLanguage\":\"fr-FR\",\"potentialAction\":[{\"@type\":\"ReadAction\",\"target\":[\"https:\\\/\\\/www.dernier-rempart.fr\\\/wiki\\\/revenant-purgatory\\\/\"]}]},{\"@type\":\"ImageObject\",\"inLanguage\":\"fr-FR\",\"@id\":\"https:\\\/\\\/www.dernier-rempart.fr\\\/wiki\\\/revenant-purgatory\\\/#primaryimage\",\"url\":\"https:\\\/\\\/www.dernier-rempart.fr\\\/wiki\\\/wp-content\\\/uploads\\\/2021\\\/03\\\/image-1.png\",\"contentUrl\":\"https:\\\/\\\/www.dernier-rempart.fr\\\/wiki\\\/wp-content\\\/uploads\\\/2021\\\/03\\\/image-1.png\",\"width\":1024,\"height\":768},{\"@type\":\"BreadcrumbList\",\"@id\":\"https:\\\/\\\/www.dernier-rempart.fr\\\/wiki\\\/revenant-purgatory\\\/#breadcrumb\",\"itemListElement\":[{\"@type\":\"ListItem\",\"position\":1,\"name\":\"Accueil\",\"item\":\"https:\\\/\\\/www.dernier-rempart.fr\\\/wiki\\\/\"},{\"@type\":\"ListItem\",\"position\":2,\"name\":\"Revenant (Purgatory)\"}]},{\"@type\":\"WebSite\",\"@id\":\"https:\\\/\\\/www.dernier-rempart.fr\\\/wiki\\\/#website\",\"url\":\"https:\\\/\\\/www.dernier-rempart.fr\\\/wiki\\\/\",\"name\":\"Dernier Rempart, wiki\",\"description\":\"\",\"publisher\":{\"@id\":\"https:\\\/\\\/www.dernier-rempart.fr\\\/wiki\\\/#organization\"},\"potentialAction\":[{\"@type\":\"SearchAction\",\"target\":{\"@type\":\"EntryPoint\",\"urlTemplate\":\"https:\\\/\\\/www.dernier-rempart.fr\\\/wiki\\\/?s={search_term_string}\"},\"query-input\":{\"@type\":\"PropertyValueSpecification\",\"valueRequired\":true,\"valueName\":\"search_term_string\"}}],\"inLanguage\":\"fr-FR\"},{\"@type\":\"Organization\",\"@id\":\"https:\\\/\\\/www.dernier-rempart.fr\\\/wiki\\\/#organization\",\"name\":\"Dernier Rempart\",\"url\":\"https:\\\/\\\/www.dernier-rempart.fr\\\/wiki\\\/\",\"logo\":{\"@type\":\"ImageObject\",\"inLanguage\":\"fr-FR\",\"@id\":\"https:\\\/\\\/www.dernier-rempart.fr\\\/wiki\\\/#\\\/schema\\\/logo\\\/image\\\/\",\"url\":\"https:\\\/\\\/www.dernier-rempart.fr\\\/wiki\\\/wp-content\\\/uploads\\\/2020\\\/10\\\/banner_DR.png\",\"contentUrl\":\"https:\\\/\\\/www.dernier-rempart.fr\\\/wiki\\\/wp-content\\\/uploads\\\/2020\\\/10\\\/banner_DR.png\",\"width\":430,\"height\":160,\"caption\":\"Dernier Rempart\"},\"image\":{\"@id\":\"https:\\\/\\\/www.dernier-rempart.fr\\\/wiki\\\/#\\\/schema\\\/logo\\\/image\\\/\"}}]}<\/script>\n<!-- \/ Yoast SEO plugin. -->","yoast_head_json":{"title":"Revenant (Purgatory) - Dernier Rempart, wiki","robots":{"index":"index","follow":"follow","max-snippet":"max-snippet:-1","max-image-preview":"max-image-preview:large","max-video-preview":"max-video-preview:-1"},"canonical":"https:\/\/www.dernier-rempart.fr\/wiki\/revenant-purgatory\/","og_locale":"fr_FR","og_type":"article","og_title":"Revenant (Purgatory) - Dernier Rempart, wiki","og_description":"Principe Donjon pour 6 joueurs visant \u00e0 invoquer 4 revenants (MVP des \u00e9pisodes 1 \u00e0 4, version mort vivant). Avec une bonne \u00e9quipe, il se fait en 5 minutes. Chaque invocation va faire appara\u00eetre un monstre. Si le monstre tue tous les joueurs, il n\u2019est plus possible de l\u2019invoquer \u00e0 nouveau, les r\u00e9compenses sont perdues. &hellip; Continuer la lecture de &laquo;&nbsp;Revenant (Purgatory)&nbsp;&raquo;","og_url":"https:\/\/www.dernier-rempart.fr\/wiki\/revenant-purgatory\/","og_site_name":"Dernier Rempart, wiki","article_modified_time":"2021-04-11T15:19:26+00:00","og_image":[{"url":"https:\/\/www.dernier-rempart.fr\/wiki\/wp-content\/uploads\/2021\/03\/image-1.png","type":"","width":"","height":""}],"twitter_card":"summary_large_image","twitter_misc":{"Dur\u00e9e de lecture estim\u00e9e":"1 minute"},"schema":{"@context":"https:\/\/schema.org","@graph":[{"@type":"WebPage","@id":"https:\/\/www.dernier-rempart.fr\/wiki\/revenant-purgatory\/","url":"https:\/\/www.dernier-rempart.fr\/wiki\/revenant-purgatory\/","name":"Revenant (Purgatory) - Dernier Rempart, wiki","isPartOf":{"@id":"https:\/\/www.dernier-rempart.fr\/wiki\/#website"},"primaryImageOfPage":{"@id":"https:\/\/www.dernier-rempart.fr\/wiki\/revenant-purgatory\/#primaryimage"},"image":{"@id":"https:\/\/www.dernier-rempart.fr\/wiki\/revenant-purgatory\/#primaryimage"},"thumbnailUrl":"https:\/\/www.dernier-rempart.fr\/wiki\/wp-content\/uploads\/2021\/03\/image-1.png","datePublished":"2021-03-02T07:40:18+00:00","dateModified":"2021-04-11T15:19:26+00:00","breadcrumb":{"@id":"https:\/\/www.dernier-rempart.fr\/wiki\/revenant-purgatory\/#breadcrumb"},"inLanguage":"fr-FR","potentialAction":[{"@type":"ReadAction","target":["https:\/\/www.dernier-rempart.fr\/wiki\/revenant-purgatory\/"]}]},{"@type":"ImageObject","inLanguage":"fr-FR","@id":"https:\/\/www.dernier-rempart.fr\/wiki\/revenant-purgatory\/#primaryimage","url":"https:\/\/www.dernier-rempart.fr\/wiki\/wp-content\/uploads\/2021\/03\/image-1.png","contentUrl":"https:\/\/www.dernier-rempart.fr\/wiki\/wp-content\/uploads\/2021\/03\/image-1.png","width":1024,"height":768},{"@type":"BreadcrumbList","@id":"https:\/\/www.dernier-rempart.fr\/wiki\/revenant-purgatory\/#breadcrumb","itemListElement":[{"@type":"ListItem","position":1,"name":"Accueil","item":"https:\/\/www.dernier-rempart.fr\/wiki\/"},{"@type":"ListItem","position":2,"name":"Revenant (Purgatory)"}]},{"@type":"WebSite","@id":"https:\/\/www.dernier-rempart.fr\/wiki\/#website","url":"https:\/\/www.dernier-rempart.fr\/wiki\/","name":"Dernier Rempart, wiki","description":"","publisher":{"@id":"https:\/\/www.dernier-rempart.fr\/wiki\/#organization"},"potentialAction":[{"@type":"SearchAction","target":{"@type":"EntryPoint","urlTemplate":"https:\/\/www.dernier-rempart.fr\/wiki\/?s={search_term_string}"},"query-input":{"@type":"PropertyValueSpecification","valueRequired":true,"valueName":"search_term_string"}}],"inLanguage":"fr-FR"},{"@type":"Organization","@id":"https:\/\/www.dernier-rempart.fr\/wiki\/#organization","name":"Dernier Rempart","url":"https:\/\/www.dernier-rempart.fr\/wiki\/","logo":{"@type":"ImageObject","inLanguage":"fr-FR","@id":"https:\/\/www.dernier-rempart.fr\/wiki\/#\/schema\/logo\/image\/","url":"https:\/\/www.dernier-rempart.fr\/wiki\/wp-content\/uploads\/2020\/10\/banner_DR.png","contentUrl":"https:\/\/www.dernier-rempart.fr\/wiki\/wp-content\/uploads\/2020\/10\/banner_DR.png","width":430,"height":160,"caption":"Dernier Rempart"},"image":{"@id":"https:\/\/www.dernier-rempart.fr\/wiki\/#\/schema\/logo\/image\/"}}]}},"jetpack_sharing_enabled":true,"_links":{"self":[{"href":"https:\/\/www.dernier-rempart.fr\/wiki\/wp-json\/wp\/v2\/pages\/958","targetHints":{"allow":["GET"]}}],"collection":[{"href":"https:\/\/www.dernier-rempart.fr\/wiki\/wp-json\/wp\/v2\/pages"}],"about":[{"href":"https:\/\/www.dernier-rempart.fr\/wiki\/wp-json\/wp\/v2\/types\/page"}],"author":[{"embeddable":true,"href":"https:\/\/www.dernier-rempart.fr\/wiki\/wp-json\/wp\/v2\/users\/8"}],"replies":[{"embeddable":true,"href":"https:\/\/www.dernier-rempart.fr\/wiki\/wp-json\/wp\/v2\/comments?post=958"}],"version-history":[{"count":3,"href":"https:\/\/www.dernier-rempart.fr\/wiki\/wp-json\/wp\/v2\/pages\/958\/revisions"}],"predecessor-version":[{"id":1057,"href":"https:\/\/www.dernier-rempart.fr\/wiki\/wp-json\/wp\/v2\/pages\/958\/revisions\/1057"}],"wp:attachment":[{"href":"https:\/\/www.dernier-rempart.fr\/wiki\/wp-json\/wp\/v2\/media?parent=958"}],"wp:term":[{"taxonomy":"category","embeddable":true,"href":"https:\/\/www.dernier-rempart.fr\/wiki\/wp-json\/wp\/v2\/categories?post=958"},{"taxonomy":"post_tag","embeddable":true,"href":"https:\/\/www.dernier-rempart.fr\/wiki\/wp-json\/wp\/v2\/tags?post=958"}],"curies":[{"name":"wp","href":"https:\/\/api.w.org\/{rel}","templated":true}]}}