{"id":902,"date":"2021-03-02T08:16:45","date_gmt":"2021-03-02T07:16:45","guid":{"rendered":"https:\/\/www.dernier-rempart.fr\/wiki\/?page_id=902"},"modified":"2021-04-11T17:06:37","modified_gmt":"2021-04-11T15:06:37","slug":"endless-tower-et","status":"publish","type":"page","link":"https:\/\/www.dernier-rempart.fr\/wiki\/endless-tower-et\/","title":{"rendered":"Endless Tower (ET)"},"content":{"rendered":"\n<figure class=\"wp-block-image size-large\"><img loading=\"lazy\" decoding=\"async\" width=\"1024\" height=\"768\" data-attachment-id=\"1047\" data-permalink=\"https:\/\/www.dernier-rempart.fr\/wiki\/endless-tower-et\/img_0375-2\/\" data-orig-file=\"https:\/\/www.dernier-rempart.fr\/wiki\/wp-content\/uploads\/2021\/04\/IMG_0375-2.png\" data-orig-size=\"1024,768\" data-comments-opened=\"1\" data-image-meta=\"{&quot;aperture&quot;:&quot;0&quot;,&quot;credit&quot;:&quot;&quot;,&quot;camera&quot;:&quot;&quot;,&quot;caption&quot;:&quot;&quot;,&quot;created_timestamp&quot;:&quot;0&quot;,&quot;copyright&quot;:&quot;&quot;,&quot;focal_length&quot;:&quot;0&quot;,&quot;iso&quot;:&quot;0&quot;,&quot;shutter_speed&quot;:&quot;0&quot;,&quot;title&quot;:&quot;&quot;,&quot;orientation&quot;:&quot;0&quot;}\" data-image-title=\"IMG_0375-2\" data-image-description=\"\" data-image-caption=\"\" data-large-file=\"https:\/\/www.dernier-rempart.fr\/wiki\/wp-content\/uploads\/2021\/04\/IMG_0375-2.png\" src=\"https:\/\/www.dernier-rempart.fr\/wiki\/wp-content\/uploads\/2021\/04\/IMG_0375-2.png\" alt=\"\" class=\"wp-image-1047\" srcset=\"https:\/\/www.dernier-rempart.fr\/wiki\/wp-content\/uploads\/2021\/04\/IMG_0375-2.png 1024w, https:\/\/www.dernier-rempart.fr\/wiki\/wp-content\/uploads\/2021\/04\/IMG_0375-2-300x225.png 300w, https:\/\/www.dernier-rempart.fr\/wiki\/wp-content\/uploads\/2021\/04\/IMG_0375-2-768x576.png 768w\" sizes=\"auto, (max-width: 767px) 89vw, (max-width: 1000px) 54vw, (max-width: 1071px) 543px, 580px\" \/><\/figure>\n\n\n\n<h1 class=\"wp-block-heading\">Principe<\/h1>\n\n\n\n<p>Il s\u2019agit d\u2019une s\u00e9rie d\u2019\u00e9tages (1 \u00e0 100) \u00e0 monter par \u00e9quipe, avec des monstres \u00e0 nettoyer \u00e0 chaque \u00e9tage. Certains \u00e9tages contiennent des Mini ou MVP. Il est reset chaque lundi matin \u00e0 5h.<\/p>\n\n\n\n<figure class=\"wp-block-image size-large\"><img loading=\"lazy\" decoding=\"async\" width=\"1024\" height=\"649\" data-attachment-id=\"1048\" data-permalink=\"https:\/\/www.dernier-rempart.fr\/wiki\/endless-tower-et\/blood_et\/\" data-orig-file=\"https:\/\/www.dernier-rempart.fr\/wiki\/wp-content\/uploads\/2021\/04\/blood_ET.png\" data-orig-size=\"1024,649\" data-comments-opened=\"1\" data-image-meta=\"{&quot;aperture&quot;:&quot;0&quot;,&quot;credit&quot;:&quot;&quot;,&quot;camera&quot;:&quot;&quot;,&quot;caption&quot;:&quot;&quot;,&quot;created_timestamp&quot;:&quot;0&quot;,&quot;copyright&quot;:&quot;&quot;,&quot;focal_length&quot;:&quot;0&quot;,&quot;iso&quot;:&quot;0&quot;,&quot;shutter_speed&quot;:&quot;0&quot;,&quot;title&quot;:&quot;&quot;,&quot;orientation&quot;:&quot;0&quot;}\" data-image-title=\"blood_ET\" data-image-description=\"\" data-image-caption=\"\" data-large-file=\"https:\/\/www.dernier-rempart.fr\/wiki\/wp-content\/uploads\/2021\/04\/blood_ET.png\" src=\"https:\/\/www.dernier-rempart.fr\/wiki\/wp-content\/uploads\/2021\/04\/blood_ET.png\" alt=\"\" class=\"wp-image-1048\" srcset=\"https:\/\/www.dernier-rempart.fr\/wiki\/wp-content\/uploads\/2021\/04\/blood_ET.png 1024w, https:\/\/www.dernier-rempart.fr\/wiki\/wp-content\/uploads\/2021\/04\/blood_ET-300x190.png 300w, https:\/\/www.dernier-rempart.fr\/wiki\/wp-content\/uploads\/2021\/04\/blood_ET-768x487.png 768w\" sizes=\"auto, (max-width: 767px) 89vw, (max-width: 1000px) 54vw, (max-width: 1071px) 543px, 580px\" \/><\/figure>\n\n\n\n<p>Les mobs sont les m\u00eames pour tous les joueurs du jeu. Il est possible de recommencer autant de fois ce donjon, par contre on ne r\u00e9cup\u00e8re les r\u00e9compense qu\u2019une fois. Il faut compter 30 minutes pour parcourir tous les \u00e9tages. Si vous refaites le donjon vous gagnerez des contributions<\/p>\n\n\n\n<h1 class=\"wp-block-heading\">R\u00e9compenses<\/h1>\n\n\n\n<p>Drop de mob de base, Mini et MVP, \u00e0 chaque \u00e9tage. Un drop al\u00e9atoire est attribu\u00e9 \u00e0 chaque joueur.<\/p>\n\n\n\n<h1 class=\"wp-block-heading\">Niveau requis:<\/h1>\n\n\n\n<p>Il n\u2019est pas obligatoire d\u2019\u00eatre 6, certains joueurs de haut niveau le font en solo. Si vous d\u00e9butez n\u2019h\u00e9sitez pas \u00e0 demander de l\u2019aide, c\u2019est une fa\u00e7on facile d\u2019avoir des zeny et du loot.<\/p>\n\n\n\n<h1 class=\"wp-block-heading\">Comment d\u00e9bloquer ce donjon ?<\/h1>\n\n\n\n<p>A partir du niveau 52, vous pouvez d\u00e9bloquer ce donjon en parlant au capitaine du port \u00e0 Izlude.<\/p>\n\n\n\n<figure class=\"wp-block-image size-large\"><img loading=\"lazy\" decoding=\"async\" width=\"1024\" height=\"768\" data-attachment-id=\"1049\" data-permalink=\"https:\/\/www.dernier-rempart.fr\/wiki\/endless-tower-et\/img_0370\/\" data-orig-file=\"https:\/\/www.dernier-rempart.fr\/wiki\/wp-content\/uploads\/2021\/04\/IMG_0370.png\" data-orig-size=\"2732,2048\" data-comments-opened=\"1\" data-image-meta=\"{&quot;aperture&quot;:&quot;0&quot;,&quot;credit&quot;:&quot;&quot;,&quot;camera&quot;:&quot;&quot;,&quot;caption&quot;:&quot;&quot;,&quot;created_timestamp&quot;:&quot;0&quot;,&quot;copyright&quot;:&quot;&quot;,&quot;focal_length&quot;:&quot;0&quot;,&quot;iso&quot;:&quot;0&quot;,&quot;shutter_speed&quot;:&quot;0&quot;,&quot;title&quot;:&quot;&quot;,&quot;orientation&quot;:&quot;0&quot;}\" data-image-title=\"IMG_0370\" data-image-description=\"\" data-image-caption=\"\" data-large-file=\"https:\/\/www.dernier-rempart.fr\/wiki\/wp-content\/uploads\/2021\/04\/IMG_0370-1024x768.png\" src=\"https:\/\/www.dernier-rempart.fr\/wiki\/wp-content\/uploads\/2021\/04\/IMG_0370-1024x768.png\" alt=\"\" class=\"wp-image-1049\" srcset=\"https:\/\/www.dernier-rempart.fr\/wiki\/wp-content\/uploads\/2021\/04\/IMG_0370-1024x768.png 1024w, https:\/\/www.dernier-rempart.fr\/wiki\/wp-content\/uploads\/2021\/04\/IMG_0370-300x225.png 300w, https:\/\/www.dernier-rempart.fr\/wiki\/wp-content\/uploads\/2021\/04\/IMG_0370-768x576.png 768w, https:\/\/www.dernier-rempart.fr\/wiki\/wp-content\/uploads\/2021\/04\/IMG_0370-1536x1151.png 1536w, https:\/\/www.dernier-rempart.fr\/wiki\/wp-content\/uploads\/2021\/04\/IMG_0370-2048x1535.png 2048w\" sizes=\"auto, (max-width: 767px) 89vw, (max-width: 1000px) 54vw, (max-width: 1071px) 543px, 580px\" \/><\/figure>\n\n\n\n<p>Il vous propose de vous conduire \u00e0 \u201cOrigin of \u201cTower\u201d. Choisissez le dernier choix et vous serez transport\u00e9 \u00e0 l\u2019entr\u00e9e du donjon.<\/p>\n\n\n\n<p>Marcher au nord de la carte pr\u00e8s de la st\u00e8le et cliquer sur la st\u00e8le pour acc\u00e9der au donjon<\/p>\n\n\n\n<p> <\/p>\n\n\n\n<figure class=\"wp-block-image size-large\"><img decoding=\"async\" src=\"blob:https:\/\/www.dernier-rempart.fr\/262916a2-7bff-4dca-9dcc-ddaaf9aae47a\" alt=\"\"\/><\/figure>\n\n\n\n<figure class=\"wp-block-embed-youtube wp-block-embed is-type-video is-provider-youtube wp-embed-aspect-4-3 wp-has-aspect-ratio\"><div class=\"wp-block-embed__wrapper\">\n<iframe loading=\"lazy\" title=\"RPReplay Final1613554869\" width=\"525\" height=\"394\" src=\"https:\/\/www.youtube.com\/embed\/7xl6OIjVfKs?feature=oembed\" frameborder=\"0\" allow=\"accelerometer; autoplay; clipboard-write; encrypted-media; gyroscope; picture-in-picture; web-share\" referrerpolicy=\"strict-origin-when-cross-origin\" allowfullscreen><\/iframe>\n<\/div><\/figure>\n\n\n\n<h1 class=\"wp-block-heading\">Astuces et strat\u00e9gie<\/h1>\n\n\n\n<p>Ce donjon est un bon moyen pour tester la progression et l\u2019\u00e9volution de votre personnage. Au fil du temps vous pourrez monter en solo de plus en plus haut jusqu\u2019\u00e0 atteindre l\u2019\u00e9tage 100. Rien ne vous emp\u00eache de demander de l\u2019aide pour terminer les \u00e9tages manquants.<\/p>\n","protected":false},"excerpt":{"rendered":"<p>Principe Il s\u2019agit d\u2019une s\u00e9rie d\u2019\u00e9tages (1 \u00e0 100) \u00e0 monter par \u00e9quipe, avec des monstres \u00e0 nettoyer \u00e0 chaque \u00e9tage. Certains \u00e9tages contiennent des Mini ou MVP. Il est reset chaque lundi matin \u00e0 5h. Les mobs sont les m\u00eames pour tous les joueurs du jeu. Il est possible de recommencer autant de fois &hellip; <\/p>\n<p class=\"link-more\"><a href=\"https:\/\/www.dernier-rempart.fr\/wiki\/endless-tower-et\/\" class=\"more-link\">Continuer la lecture<span class=\"screen-reader-text\"> de &laquo;&nbsp;Endless Tower (ET)&nbsp;&raquo;<\/span><\/a><\/p>\n","protected":false},"author":8,"featured_media":0,"parent":0,"menu_order":0,"comment_status":"closed","ping_status":"closed","template":"","meta":{"_acf_changed":false,"footnotes":""},"categories":[],"tags":[],"class_list":["post-902","page","type-page","status-publish","hentry"],"acf":[],"yoast_head":"<!-- This site is optimized with the Yoast SEO plugin v27.4 - https:\/\/yoast.com\/product\/yoast-seo-wordpress\/ -->\n<title>Endless Tower (ET) - Dernier Rempart, wiki<\/title>\n<meta name=\"robots\" content=\"index, follow, max-snippet:-1, max-image-preview:large, max-video-preview:-1\" \/>\n<link rel=\"canonical\" href=\"https:\/\/www.dernier-rempart.fr\/wiki\/endless-tower-et\/\" \/>\n<meta property=\"og:locale\" content=\"fr_FR\" \/>\n<meta property=\"og:type\" content=\"article\" \/>\n<meta property=\"og:title\" content=\"Endless Tower (ET) - Dernier Rempart, wiki\" \/>\n<meta property=\"og:description\" content=\"Principe Il s\u2019agit d\u2019une s\u00e9rie d\u2019\u00e9tages (1 \u00e0 100) \u00e0 monter par \u00e9quipe, avec des monstres \u00e0 nettoyer \u00e0 chaque \u00e9tage. Certains \u00e9tages contiennent des Mini ou MVP. Il est reset chaque lundi matin \u00e0 5h. Les mobs sont les m\u00eames pour tous les joueurs du jeu. Il est possible de recommencer autant de fois &hellip; Continuer la lecture de &laquo;&nbsp;Endless Tower (ET)&nbsp;&raquo;\" \/>\n<meta property=\"og:url\" content=\"https:\/\/www.dernier-rempart.fr\/wiki\/endless-tower-et\/\" \/>\n<meta property=\"og:site_name\" content=\"Dernier Rempart, wiki\" \/>\n<meta property=\"article:modified_time\" content=\"2021-04-11T15:06:37+00:00\" \/>\n<meta property=\"og:image\" content=\"https:\/\/www.dernier-rempart.fr\/wiki\/wp-content\/uploads\/2021\/04\/IMG_0375-2.png\" \/>\n<meta name=\"twitter:card\" content=\"summary_large_image\" \/>\n<meta name=\"twitter:label1\" content=\"Dur\u00e9e de lecture estim\u00e9e\" \/>\n\t<meta name=\"twitter:data1\" content=\"1 minute\" \/>\n<script type=\"application\/ld+json\" class=\"yoast-schema-graph\">{\"@context\":\"https:\\\/\\\/schema.org\",\"@graph\":[{\"@type\":\"WebPage\",\"@id\":\"https:\\\/\\\/www.dernier-rempart.fr\\\/wiki\\\/endless-tower-et\\\/\",\"url\":\"https:\\\/\\\/www.dernier-rempart.fr\\\/wiki\\\/endless-tower-et\\\/\",\"name\":\"Endless Tower (ET) - Dernier Rempart, wiki\",\"isPartOf\":{\"@id\":\"https:\\\/\\\/www.dernier-rempart.fr\\\/wiki\\\/#website\"},\"primaryImageOfPage\":{\"@id\":\"https:\\\/\\\/www.dernier-rempart.fr\\\/wiki\\\/endless-tower-et\\\/#primaryimage\"},\"image\":{\"@id\":\"https:\\\/\\\/www.dernier-rempart.fr\\\/wiki\\\/endless-tower-et\\\/#primaryimage\"},\"thumbnailUrl\":\"https:\\\/\\\/www.dernier-rempart.fr\\\/wiki\\\/wp-content\\\/uploads\\\/2021\\\/04\\\/IMG_0375-2.png\",\"datePublished\":\"2021-03-02T07:16:45+00:00\",\"dateModified\":\"2021-04-11T15:06:37+00:00\",\"breadcrumb\":{\"@id\":\"https:\\\/\\\/www.dernier-rempart.fr\\\/wiki\\\/endless-tower-et\\\/#breadcrumb\"},\"inLanguage\":\"fr-FR\",\"potentialAction\":[{\"@type\":\"ReadAction\",\"target\":[\"https:\\\/\\\/www.dernier-rempart.fr\\\/wiki\\\/endless-tower-et\\\/\"]}]},{\"@type\":\"ImageObject\",\"inLanguage\":\"fr-FR\",\"@id\":\"https:\\\/\\\/www.dernier-rempart.fr\\\/wiki\\\/endless-tower-et\\\/#primaryimage\",\"url\":\"https:\\\/\\\/www.dernier-rempart.fr\\\/wiki\\\/wp-content\\\/uploads\\\/2021\\\/04\\\/IMG_0375-2.png\",\"contentUrl\":\"https:\\\/\\\/www.dernier-rempart.fr\\\/wiki\\\/wp-content\\\/uploads\\\/2021\\\/04\\\/IMG_0375-2.png\",\"width\":1024,\"height\":768},{\"@type\":\"BreadcrumbList\",\"@id\":\"https:\\\/\\\/www.dernier-rempart.fr\\\/wiki\\\/endless-tower-et\\\/#breadcrumb\",\"itemListElement\":[{\"@type\":\"ListItem\",\"position\":1,\"name\":\"Accueil\",\"item\":\"https:\\\/\\\/www.dernier-rempart.fr\\\/wiki\\\/\"},{\"@type\":\"ListItem\",\"position\":2,\"name\":\"Endless Tower (ET)\"}]},{\"@type\":\"WebSite\",\"@id\":\"https:\\\/\\\/www.dernier-rempart.fr\\\/wiki\\\/#website\",\"url\":\"https:\\\/\\\/www.dernier-rempart.fr\\\/wiki\\\/\",\"name\":\"Dernier Rempart, wiki\",\"description\":\"\",\"publisher\":{\"@id\":\"https:\\\/\\\/www.dernier-rempart.fr\\\/wiki\\\/#organization\"},\"potentialAction\":[{\"@type\":\"SearchAction\",\"target\":{\"@type\":\"EntryPoint\",\"urlTemplate\":\"https:\\\/\\\/www.dernier-rempart.fr\\\/wiki\\\/?s={search_term_string}\"},\"query-input\":{\"@type\":\"PropertyValueSpecification\",\"valueRequired\":true,\"valueName\":\"search_term_string\"}}],\"inLanguage\":\"fr-FR\"},{\"@type\":\"Organization\",\"@id\":\"https:\\\/\\\/www.dernier-rempart.fr\\\/wiki\\\/#organization\",\"name\":\"Dernier Rempart\",\"url\":\"https:\\\/\\\/www.dernier-rempart.fr\\\/wiki\\\/\",\"logo\":{\"@type\":\"ImageObject\",\"inLanguage\":\"fr-FR\",\"@id\":\"https:\\\/\\\/www.dernier-rempart.fr\\\/wiki\\\/#\\\/schema\\\/logo\\\/image\\\/\",\"url\":\"https:\\\/\\\/www.dernier-rempart.fr\\\/wiki\\\/wp-content\\\/uploads\\\/2020\\\/10\\\/banner_DR.png\",\"contentUrl\":\"https:\\\/\\\/www.dernier-rempart.fr\\\/wiki\\\/wp-content\\\/uploads\\\/2020\\\/10\\\/banner_DR.png\",\"width\":430,\"height\":160,\"caption\":\"Dernier Rempart\"},\"image\":{\"@id\":\"https:\\\/\\\/www.dernier-rempart.fr\\\/wiki\\\/#\\\/schema\\\/logo\\\/image\\\/\"}}]}<\/script>\n<!-- \/ Yoast SEO plugin. -->","yoast_head_json":{"title":"Endless Tower (ET) - Dernier Rempart, wiki","robots":{"index":"index","follow":"follow","max-snippet":"max-snippet:-1","max-image-preview":"max-image-preview:large","max-video-preview":"max-video-preview:-1"},"canonical":"https:\/\/www.dernier-rempart.fr\/wiki\/endless-tower-et\/","og_locale":"fr_FR","og_type":"article","og_title":"Endless Tower (ET) - Dernier Rempart, wiki","og_description":"Principe Il s\u2019agit d\u2019une s\u00e9rie d\u2019\u00e9tages (1 \u00e0 100) \u00e0 monter par \u00e9quipe, avec des monstres \u00e0 nettoyer \u00e0 chaque \u00e9tage. Certains \u00e9tages contiennent des Mini ou MVP. Il est reset chaque lundi matin \u00e0 5h. Les mobs sont les m\u00eames pour tous les joueurs du jeu. Il est possible de recommencer autant de fois &hellip; Continuer la lecture de &laquo;&nbsp;Endless Tower (ET)&nbsp;&raquo;","og_url":"https:\/\/www.dernier-rempart.fr\/wiki\/endless-tower-et\/","og_site_name":"Dernier Rempart, wiki","article_modified_time":"2021-04-11T15:06:37+00:00","og_image":[{"url":"https:\/\/www.dernier-rempart.fr\/wiki\/wp-content\/uploads\/2021\/04\/IMG_0375-2.png","type":"","width":"","height":""}],"twitter_card":"summary_large_image","twitter_misc":{"Dur\u00e9e de lecture estim\u00e9e":"1 minute"},"schema":{"@context":"https:\/\/schema.org","@graph":[{"@type":"WebPage","@id":"https:\/\/www.dernier-rempart.fr\/wiki\/endless-tower-et\/","url":"https:\/\/www.dernier-rempart.fr\/wiki\/endless-tower-et\/","name":"Endless Tower (ET) - Dernier Rempart, wiki","isPartOf":{"@id":"https:\/\/www.dernier-rempart.fr\/wiki\/#website"},"primaryImageOfPage":{"@id":"https:\/\/www.dernier-rempart.fr\/wiki\/endless-tower-et\/#primaryimage"},"image":{"@id":"https:\/\/www.dernier-rempart.fr\/wiki\/endless-tower-et\/#primaryimage"},"thumbnailUrl":"https:\/\/www.dernier-rempart.fr\/wiki\/wp-content\/uploads\/2021\/04\/IMG_0375-2.png","datePublished":"2021-03-02T07:16:45+00:00","dateModified":"2021-04-11T15:06:37+00:00","breadcrumb":{"@id":"https:\/\/www.dernier-rempart.fr\/wiki\/endless-tower-et\/#breadcrumb"},"inLanguage":"fr-FR","potentialAction":[{"@type":"ReadAction","target":["https:\/\/www.dernier-rempart.fr\/wiki\/endless-tower-et\/"]}]},{"@type":"ImageObject","inLanguage":"fr-FR","@id":"https:\/\/www.dernier-rempart.fr\/wiki\/endless-tower-et\/#primaryimage","url":"https:\/\/www.dernier-rempart.fr\/wiki\/wp-content\/uploads\/2021\/04\/IMG_0375-2.png","contentUrl":"https:\/\/www.dernier-rempart.fr\/wiki\/wp-content\/uploads\/2021\/04\/IMG_0375-2.png","width":1024,"height":768},{"@type":"BreadcrumbList","@id":"https:\/\/www.dernier-rempart.fr\/wiki\/endless-tower-et\/#breadcrumb","itemListElement":[{"@type":"ListItem","position":1,"name":"Accueil","item":"https:\/\/www.dernier-rempart.fr\/wiki\/"},{"@type":"ListItem","position":2,"name":"Endless Tower (ET)"}]},{"@type":"WebSite","@id":"https:\/\/www.dernier-rempart.fr\/wiki\/#website","url":"https:\/\/www.dernier-rempart.fr\/wiki\/","name":"Dernier Rempart, wiki","description":"","publisher":{"@id":"https:\/\/www.dernier-rempart.fr\/wiki\/#organization"},"potentialAction":[{"@type":"SearchAction","target":{"@type":"EntryPoint","urlTemplate":"https:\/\/www.dernier-rempart.fr\/wiki\/?s={search_term_string}"},"query-input":{"@type":"PropertyValueSpecification","valueRequired":true,"valueName":"search_term_string"}}],"inLanguage":"fr-FR"},{"@type":"Organization","@id":"https:\/\/www.dernier-rempart.fr\/wiki\/#organization","name":"Dernier Rempart","url":"https:\/\/www.dernier-rempart.fr\/wiki\/","logo":{"@type":"ImageObject","inLanguage":"fr-FR","@id":"https:\/\/www.dernier-rempart.fr\/wiki\/#\/schema\/logo\/image\/","url":"https:\/\/www.dernier-rempart.fr\/wiki\/wp-content\/uploads\/2020\/10\/banner_DR.png","contentUrl":"https:\/\/www.dernier-rempart.fr\/wiki\/wp-content\/uploads\/2020\/10\/banner_DR.png","width":430,"height":160,"caption":"Dernier Rempart"},"image":{"@id":"https:\/\/www.dernier-rempart.fr\/wiki\/#\/schema\/logo\/image\/"}}]}},"jetpack_sharing_enabled":true,"_links":{"self":[{"href":"https:\/\/www.dernier-rempart.fr\/wiki\/wp-json\/wp\/v2\/pages\/902","targetHints":{"allow":["GET"]}}],"collection":[{"href":"https:\/\/www.dernier-rempart.fr\/wiki\/wp-json\/wp\/v2\/pages"}],"about":[{"href":"https:\/\/www.dernier-rempart.fr\/wiki\/wp-json\/wp\/v2\/types\/page"}],"author":[{"embeddable":true,"href":"https:\/\/www.dernier-rempart.fr\/wiki\/wp-json\/wp\/v2\/users\/8"}],"replies":[{"embeddable":true,"href":"https:\/\/www.dernier-rempart.fr\/wiki\/wp-json\/wp\/v2\/comments?post=902"}],"version-history":[{"count":5,"href":"https:\/\/www.dernier-rempart.fr\/wiki\/wp-json\/wp\/v2\/pages\/902\/revisions"}],"predecessor-version":[{"id":1052,"href":"https:\/\/www.dernier-rempart.fr\/wiki\/wp-json\/wp\/v2\/pages\/902\/revisions\/1052"}],"wp:attachment":[{"href":"https:\/\/www.dernier-rempart.fr\/wiki\/wp-json\/wp\/v2\/media?parent=902"}],"wp:term":[{"taxonomy":"category","embeddable":true,"href":"https:\/\/www.dernier-rempart.fr\/wiki\/wp-json\/wp\/v2\/categories?post=902"},{"taxonomy":"post_tag","embeddable":true,"href":"https:\/\/www.dernier-rempart.fr\/wiki\/wp-json\/wp\/v2\/tags?post=902"}],"curies":[{"name":"wp","href":"https:\/\/api.w.org\/{rel}","templated":true}]}}