{"id":9,"date":"2020-07-28T20:27:03","date_gmt":"2020-07-28T19:27:03","guid":{"rendered":"https:\/\/dernierdotrempart.wordpress.com\/?page_id=6"},"modified":"2024-10-17T00:19:26","modified_gmt":"2024-10-16T22:19:26","slug":"home","status":"publish","type":"page","link":"https:\/\/www.dernier-rempart.fr\/wiki\/","title":{"rendered":"<center>Accueil<\/center>"},"content":{"rendered":"\n<p>Bienvenu sur le wiki du Dernier Rempart (DR).<br>Vous trouverez ici plein d&rsquo;information pour vous aider dans la progression de votre personnage sur Ragnarok M : Eternal Love. Si vous avez des questions ou que vous souhaitez nous rejoindre, n&rsquo;h\u00e9sitez pas \u00e0 venir sur notre <a href=\"https:\/\/discordapp.com\/invite\/aFAR5ZZ\">Discord<\/a>.<\/p>\n\n\n\n<p>Le Dernier Rempart est une guilde fran\u00e7aise fond\u00e9e en 2003 par les fr\u00e8res Fish. <\/p>\n\n\n\n<p>Elle accueille tous types de joueurs, qu&rsquo;ils cherchent l&rsquo;excellence, l&rsquo;accompagnement ou la d\u00e9tente, chacun est le bienvenue pour apporter sa pierre \u00e0 l&rsquo;\u00e9difice; toujours dans la bonne humeur. <br>DR &#8211; La guilde du bon go\u00fbt.<\/p>\n\n\n\n<p class=\"has-text-align-center\" style=\"font-size:25px\">NEWS<strong> !<\/strong><\/p>\n\n\n\n<figure class=\"wp-block-table\"><table class=\"has-background\" style=\"background-color:#f3f4f5\"><tbody><tr><td class=\"has-text-align-center\" data-align=\"center\"><a href=\"https:\/\/www.dernier-rempart.fr\/wiki\/episode-13-will-of-alberta\/\">Episode 13 VF<\/a><br><br><\/td><\/tr><\/tbody><\/table><\/figure>\n\n\n\n<figure class=\"wp-block-image size-large\"><img loading=\"lazy\" decoding=\"async\" width=\"1024\" height=\"461\" data-attachment-id=\"1297\" data-permalink=\"https:\/\/www.dernier-rempart.fr\/wiki\/home\/petitchat\/\" data-orig-file=\"https:\/\/www.dernier-rempart.fr\/wiki\/wp-content\/uploads\/2021\/11\/Petitchat.jpg\" data-orig-size=\"2400,1080\" data-comments-opened=\"1\" data-image-meta=\"{&quot;aperture&quot;:&quot;0&quot;,&quot;credit&quot;:&quot;&quot;,&quot;camera&quot;:&quot;&quot;,&quot;caption&quot;:&quot;&quot;,&quot;created_timestamp&quot;:&quot;0&quot;,&quot;copyright&quot;:&quot;&quot;,&quot;focal_length&quot;:&quot;0&quot;,&quot;iso&quot;:&quot;0&quot;,&quot;shutter_speed&quot;:&quot;0&quot;,&quot;title&quot;:&quot;&quot;,&quot;orientation&quot;:&quot;1&quot;}\" data-image-title=\"Petitchat\" data-image-description=\"\" data-image-caption=\"\" data-large-file=\"https:\/\/www.dernier-rempart.fr\/wiki\/wp-content\/uploads\/2021\/11\/Petitchat-1024x461.jpg\" src=\"https:\/\/www.dernier-rempart.fr\/wiki\/wp-content\/uploads\/2021\/11\/Petitchat-1024x461.jpg\" alt=\"\" class=\"wp-image-1297\" srcset=\"https:\/\/www.dernier-rempart.fr\/wiki\/wp-content\/uploads\/2021\/11\/Petitchat-1024x461.jpg 1024w, https:\/\/www.dernier-rempart.fr\/wiki\/wp-content\/uploads\/2021\/11\/Petitchat-300x135.jpg 300w, https:\/\/www.dernier-rempart.fr\/wiki\/wp-content\/uploads\/2021\/11\/Petitchat-768x346.jpg 768w, https:\/\/www.dernier-rempart.fr\/wiki\/wp-content\/uploads\/2021\/11\/Petitchat-1536x691.jpg 1536w, https:\/\/www.dernier-rempart.fr\/wiki\/wp-content\/uploads\/2021\/11\/Petitchat-2048x922.jpg 2048w\" sizes=\"auto, (max-width: 767px) 89vw, (max-width: 1000px) 54vw, (max-width: 1071px) 543px, 580px\" \/><\/figure>\n\n\n\n<figure class=\"wp-block-image size-large is-resized\"><img loading=\"lazy\" decoding=\"async\" width=\"1024\" height=\"473\" data-attachment-id=\"116\" data-permalink=\"https:\/\/www.dernier-rempart.fr\/wiki\/home\/image0-1\/\" data-orig-file=\"https:\/\/www.dernier-rempart.fr\/wiki\/wp-content\/uploads\/2020\/07\/image0-1.jpg\" data-orig-size=\"1295,598\" data-comments-opened=\"1\" data-image-meta=\"{&quot;aperture&quot;:&quot;0&quot;,&quot;credit&quot;:&quot;&quot;,&quot;camera&quot;:&quot;&quot;,&quot;caption&quot;:&quot;&quot;,&quot;created_timestamp&quot;:&quot;0&quot;,&quot;copyright&quot;:&quot;&quot;,&quot;focal_length&quot;:&quot;0&quot;,&quot;iso&quot;:&quot;0&quot;,&quot;shutter_speed&quot;:&quot;0&quot;,&quot;title&quot;:&quot;&quot;,&quot;orientation&quot;:&quot;0&quot;}\" data-image-title=\"image0 (1)\" data-image-description=\"\" data-image-caption=\"\" data-large-file=\"https:\/\/www.dernier-rempart.fr\/wiki\/wp-content\/uploads\/2020\/07\/image0-1-1024x473.jpg\" src=\"https:\/\/www.dernier-rempart.fr\/wiki\/wp-content\/uploads\/2020\/07\/image0-1-1024x473.jpg\" alt=\"\" class=\"wp-image-116\" style=\"width:1024px;height:473px\" srcset=\"https:\/\/www.dernier-rempart.fr\/wiki\/wp-content\/uploads\/2020\/07\/image0-1-1024x473.jpg 1024w, https:\/\/www.dernier-rempart.fr\/wiki\/wp-content\/uploads\/2020\/07\/image0-1-300x139.jpg 300w, https:\/\/www.dernier-rempart.fr\/wiki\/wp-content\/uploads\/2020\/07\/image0-1-768x355.jpg 768w, https:\/\/www.dernier-rempart.fr\/wiki\/wp-content\/uploads\/2020\/07\/image0-1-1200x554.jpg 1200w, https:\/\/www.dernier-rempart.fr\/wiki\/wp-content\/uploads\/2020\/07\/image0-1.jpg 1295w\" sizes=\"auto, (max-width: 767px) 89vw, (max-width: 1000px) 54vw, (max-width: 1071px) 543px, 580px\" \/><\/figure>\n\n\n\n<div class=\"wp-block-jetpack-tiled-gallery aligncenter is-style-rectangular\"><div class=\"tiled-gallery__gallery\"><div class=\"tiled-gallery__row\"><div class=\"tiled-gallery__col\" style=\"flex-basis:40.28507369337533%\"><figure class=\"tiled-gallery__item\"><img decoding=\"async\" data-attachment-id=\"309\" data-permalink=\"https:\/\/www.dernier-rempart.fr\/wiki\/home\/dr1\/\" data-orig-file=\"https:\/\/www.dernier-rempart.fr\/wiki\/wp-content\/uploads\/2020\/08\/DR1.png\" data-orig-size=\"280,156\" data-comments-opened=\"1\" data-image-meta=\"{&quot;aperture&quot;:&quot;0&quot;,&quot;credit&quot;:&quot;&quot;,&quot;camera&quot;:&quot;&quot;,&quot;caption&quot;:&quot;&quot;,&quot;created_timestamp&quot;:&quot;0&quot;,&quot;copyright&quot;:&quot;&quot;,&quot;focal_length&quot;:&quot;0&quot;,&quot;iso&quot;:&quot;0&quot;,&quot;shutter_speed&quot;:&quot;0&quot;,&quot;title&quot;:&quot;&quot;,&quot;orientation&quot;:&quot;0&quot;}\" data-image-title=\"DR1\" data-image-description=\"\" data-image-caption=\"\" data-large-file=\"https:\/\/www.dernier-rempart.fr\/wiki\/wp-content\/uploads\/2020\/08\/DR1.png\" data-attachment-id=\"309\" data-permalink=\"https:\/\/www.dernier-rempart.fr\/wiki\/home\/dr1\/\" data-orig-file=\"https:\/\/www.dernier-rempart.fr\/wiki\/wp-content\/uploads\/2020\/08\/DR1.png\" data-orig-size=\"280,156\" data-comments-opened=\"1\" data-image-meta=\"{&quot;aperture&quot;:&quot;0&quot;,&quot;credit&quot;:&quot;&quot;,&quot;camera&quot;:&quot;&quot;,&quot;caption&quot;:&quot;&quot;,&quot;created_timestamp&quot;:&quot;0&quot;,&quot;copyright&quot;:&quot;&quot;,&quot;focal_length&quot;:&quot;0&quot;,&quot;iso&quot;:&quot;0&quot;,&quot;shutter_speed&quot;:&quot;0&quot;,&quot;title&quot;:&quot;&quot;,&quot;orientation&quot;:&quot;0&quot;}\" data-image-title=\"DR1\" data-image-description=\"\" data-image-caption=\"\" data-large-file=\"https:\/\/www.dernier-rempart.fr\/wiki\/wp-content\/uploads\/2020\/08\/DR1.png\" role=\"button\" tabindex=\"0\" aria-label=\"Ouvrir l\u2019image 1 sur 3 en plein \u00e9cran\"srcset=\"https:\/\/i0.wp.com\/www.dernier-rempart.fr\/wiki\/wp-content\/uploads\/2020\/08\/DR1.png?strip=info&#038;w=280&#038;ssl=1 280w\" alt=\"\" data-height=\"156\" data-id=\"309\" data-link=\"https:\/\/www.dernier-rempart.fr\/wiki\/home\/dr1\/\" data-url=\"https:\/\/www.dernier-rempart.fr\/wiki\/wp-content\/uploads\/2020\/08\/DR1.png\" data-width=\"280\" src=\"https:\/\/i0.wp.com\/www.dernier-rempart.fr\/wiki\/wp-content\/uploads\/2020\/08\/DR1.png?ssl=1\" layout=\"responsive\"\/><\/figure><\/div><div class=\"tiled-gallery__col\" style=\"flex-basis:14.851608829960472%\"><figure class=\"tiled-gallery__item\"><img decoding=\"async\" data-attachment-id=\"310\" data-permalink=\"https:\/\/www.dernier-rempart.fr\/wiki\/home\/dr2\/\" data-orig-file=\"https:\/\/www.dernier-rempart.fr\/wiki\/wp-content\/uploads\/2020\/08\/DR2.png\" data-orig-size=\"443,676\" data-comments-opened=\"1\" data-image-meta=\"{&quot;aperture&quot;:&quot;0&quot;,&quot;credit&quot;:&quot;&quot;,&quot;camera&quot;:&quot;&quot;,&quot;caption&quot;:&quot;&quot;,&quot;created_timestamp&quot;:&quot;0&quot;,&quot;copyright&quot;:&quot;&quot;,&quot;focal_length&quot;:&quot;0&quot;,&quot;iso&quot;:&quot;0&quot;,&quot;shutter_speed&quot;:&quot;0&quot;,&quot;title&quot;:&quot;&quot;,&quot;orientation&quot;:&quot;0&quot;}\" data-image-title=\"DR2\" data-image-description=\"\" data-image-caption=\"\" data-large-file=\"https:\/\/www.dernier-rempart.fr\/wiki\/wp-content\/uploads\/2020\/08\/DR2.png\" data-attachment-id=\"310\" data-permalink=\"https:\/\/www.dernier-rempart.fr\/wiki\/home\/dr2\/\" data-orig-file=\"https:\/\/www.dernier-rempart.fr\/wiki\/wp-content\/uploads\/2020\/08\/DR2.png\" data-orig-size=\"443,676\" data-comments-opened=\"1\" data-image-meta=\"{&quot;aperture&quot;:&quot;0&quot;,&quot;credit&quot;:&quot;&quot;,&quot;camera&quot;:&quot;&quot;,&quot;caption&quot;:&quot;&quot;,&quot;created_timestamp&quot;:&quot;0&quot;,&quot;copyright&quot;:&quot;&quot;,&quot;focal_length&quot;:&quot;0&quot;,&quot;iso&quot;:&quot;0&quot;,&quot;shutter_speed&quot;:&quot;0&quot;,&quot;title&quot;:&quot;&quot;,&quot;orientation&quot;:&quot;0&quot;}\" data-image-title=\"DR2\" data-image-description=\"\" data-image-caption=\"\" data-large-file=\"https:\/\/www.dernier-rempart.fr\/wiki\/wp-content\/uploads\/2020\/08\/DR2.png\" role=\"button\" tabindex=\"0\" aria-label=\"Ouvrir l\u2019image 2 sur 3 en plein \u00e9cran\"srcset=\"https:\/\/i1.wp.com\/www.dernier-rempart.fr\/wiki\/wp-content\/uploads\/2020\/08\/DR2.png?strip=info&#038;w=443&#038;ssl=1 443w\" alt=\"\" data-height=\"676\" data-id=\"310\" data-link=\"https:\/\/www.dernier-rempart.fr\/wiki\/home\/dr2\/\" data-url=\"https:\/\/www.dernier-rempart.fr\/wiki\/wp-content\/uploads\/2020\/08\/DR2.png\" data-width=\"443\" src=\"https:\/\/i1.wp.com\/www.dernier-rempart.fr\/wiki\/wp-content\/uploads\/2020\/08\/DR2.png?ssl=1\" layout=\"responsive\"\/><\/figure><\/div><div class=\"tiled-gallery__col\" style=\"flex-basis:44.86331747666421%\"><figure class=\"tiled-gallery__item\"><img decoding=\"async\" data-attachment-id=\"311\" data-permalink=\"https:\/\/www.dernier-rempart.fr\/wiki\/home\/dr3\/\" data-orig-file=\"https:\/\/www.dernier-rempart.fr\/wiki\/wp-content\/uploads\/2020\/08\/DR3.jpg\" data-orig-size=\"720,360\" data-comments-opened=\"1\" data-image-meta=\"{&quot;aperture&quot;:&quot;0&quot;,&quot;credit&quot;:&quot;&quot;,&quot;camera&quot;:&quot;&quot;,&quot;caption&quot;:&quot;&quot;,&quot;created_timestamp&quot;:&quot;0&quot;,&quot;copyright&quot;:&quot;&quot;,&quot;focal_length&quot;:&quot;0&quot;,&quot;iso&quot;:&quot;0&quot;,&quot;shutter_speed&quot;:&quot;0&quot;,&quot;title&quot;:&quot;&quot;,&quot;orientation&quot;:&quot;0&quot;}\" data-image-title=\"DR3\" data-image-description=\"\" data-image-caption=\"\" data-large-file=\"https:\/\/www.dernier-rempart.fr\/wiki\/wp-content\/uploads\/2020\/08\/DR3.jpg\" data-attachment-id=\"311\" data-permalink=\"https:\/\/www.dernier-rempart.fr\/wiki\/home\/dr3\/\" data-orig-file=\"https:\/\/www.dernier-rempart.fr\/wiki\/wp-content\/uploads\/2020\/08\/DR3.jpg\" data-orig-size=\"720,360\" data-comments-opened=\"1\" data-image-meta=\"{&quot;aperture&quot;:&quot;0&quot;,&quot;credit&quot;:&quot;&quot;,&quot;camera&quot;:&quot;&quot;,&quot;caption&quot;:&quot;&quot;,&quot;created_timestamp&quot;:&quot;0&quot;,&quot;copyright&quot;:&quot;&quot;,&quot;focal_length&quot;:&quot;0&quot;,&quot;iso&quot;:&quot;0&quot;,&quot;shutter_speed&quot;:&quot;0&quot;,&quot;title&quot;:&quot;&quot;,&quot;orientation&quot;:&quot;0&quot;}\" data-image-title=\"DR3\" data-image-description=\"\" data-image-caption=\"\" data-large-file=\"https:\/\/www.dernier-rempart.fr\/wiki\/wp-content\/uploads\/2020\/08\/DR3.jpg\" role=\"button\" tabindex=\"0\" aria-label=\"Ouvrir l\u2019image 3 sur 3 en plein \u00e9cran\"srcset=\"https:\/\/i1.wp.com\/www.dernier-rempart.fr\/wiki\/wp-content\/uploads\/2020\/08\/DR3.jpg?strip=info&#038;w=600&#038;ssl=1 600w,https:\/\/i1.wp.com\/www.dernier-rempart.fr\/wiki\/wp-content\/uploads\/2020\/08\/DR3.jpg?strip=info&#038;w=720&#038;ssl=1 720w\" alt=\"\" data-height=\"360\" data-id=\"311\" data-link=\"https:\/\/www.dernier-rempart.fr\/wiki\/home\/dr3\/\" data-url=\"https:\/\/www.dernier-rempart.fr\/wiki\/wp-content\/uploads\/2020\/08\/DR3.jpg\" data-width=\"720\" src=\"https:\/\/i1.wp.com\/www.dernier-rempart.fr\/wiki\/wp-content\/uploads\/2020\/08\/DR3.jpg?ssl=1\" layout=\"responsive\"\/><\/figure><\/div><\/div><\/div><\/div>\n\n\n\n<div class=\"wp-block-group\"><div class=\"wp-block-group__inner-container is-layout-flow wp-block-group-is-layout-flow\"><\/div><\/div>\n\n\n\n<div class=\"wp-block-jetpack-tiled-gallery aligncenter is-style-rectangular\"><div class=\"tiled-gallery__gallery\"><div class=\"tiled-gallery__row\"><div class=\"tiled-gallery__col\" style=\"flex-basis:100%\"><figure class=\"tiled-gallery__item\"><img decoding=\"async\" data-attachment-id=\"782\" data-permalink=\"https:\/\/www.dernier-rempart.fr\/wiki\/home\/egidevalkyr\/\" data-orig-file=\"https:\/\/www.dernier-rempart.fr\/wiki\/wp-content\/uploads\/2020\/11\/EgideValkyr.jpg\" data-orig-size=\"1073,677\" data-comments-opened=\"1\" data-image-meta=\"{&quot;aperture&quot;:&quot;0&quot;,&quot;credit&quot;:&quot;&quot;,&quot;camera&quot;:&quot;&quot;,&quot;caption&quot;:&quot;&quot;,&quot;created_timestamp&quot;:&quot;0&quot;,&quot;copyright&quot;:&quot;&quot;,&quot;focal_length&quot;:&quot;0&quot;,&quot;iso&quot;:&quot;0&quot;,&quot;shutter_speed&quot;:&quot;0&quot;,&quot;title&quot;:&quot;&quot;,&quot;orientation&quot;:&quot;0&quot;}\" data-image-title=\"EgideValkyr\" data-image-description=\"\" data-image-caption=\"\" data-large-file=\"https:\/\/www.dernier-rempart.fr\/wiki\/wp-content\/uploads\/2020\/11\/EgideValkyr-1024x646.jpg\" data-attachment-id=\"782\" data-permalink=\"https:\/\/www.dernier-rempart.fr\/wiki\/home\/egidevalkyr\/\" data-orig-file=\"https:\/\/www.dernier-rempart.fr\/wiki\/wp-content\/uploads\/2020\/11\/EgideValkyr.jpg\" data-orig-size=\"1073,677\" data-comments-opened=\"1\" data-image-meta=\"{&quot;aperture&quot;:&quot;0&quot;,&quot;credit&quot;:&quot;&quot;,&quot;camera&quot;:&quot;&quot;,&quot;caption&quot;:&quot;&quot;,&quot;created_timestamp&quot;:&quot;0&quot;,&quot;copyright&quot;:&quot;&quot;,&quot;focal_length&quot;:&quot;0&quot;,&quot;iso&quot;:&quot;0&quot;,&quot;shutter_speed&quot;:&quot;0&quot;,&quot;title&quot;:&quot;&quot;,&quot;orientation&quot;:&quot;0&quot;}\" data-image-title=\"EgideValkyr\" data-image-description=\"\" data-image-caption=\"\" data-large-file=\"https:\/\/www.dernier-rempart.fr\/wiki\/wp-content\/uploads\/2020\/11\/EgideValkyr-1024x646.jpg\" role=\"button\" tabindex=\"0\" aria-label=\"Ouvrir l\u2019image 1 sur 1 en plein \u00e9cran\"srcset=\"https:\/\/i2.wp.com\/www.dernier-rempart.fr\/wiki\/wp-content\/uploads\/2020\/11\/EgideValkyr.jpg?strip=info&#038;w=600&#038;ssl=1 600w,https:\/\/i2.wp.com\/www.dernier-rempart.fr\/wiki\/wp-content\/uploads\/2020\/11\/EgideValkyr.jpg?strip=info&#038;w=900&#038;ssl=1 900w,https:\/\/i2.wp.com\/www.dernier-rempart.fr\/wiki\/wp-content\/uploads\/2020\/11\/EgideValkyr.jpg?strip=info&#038;w=1073&#038;ssl=1 1073w\" alt=\"\" data-height=\"677\" data-id=\"782\" data-link=\"https:\/\/www.dernier-rempart.fr\/wiki\/home\/egidevalkyr\/\" data-url=\"https:\/\/www.dernier-rempart.fr\/wiki\/wp-content\/uploads\/2020\/11\/EgideValkyr.jpg\" data-width=\"1073\" src=\"https:\/\/i2.wp.com\/www.dernier-rempart.fr\/wiki\/wp-content\/uploads\/2020\/11\/EgideValkyr.jpg?ssl=1\" layout=\"responsive\"\/><\/figure><\/div><\/div><\/div><\/div>\n\n\n\n<p><\/p>\n","protected":false},"excerpt":{"rendered":"<p>Bienvenu sur le wiki du Dernier Rempart (DR).Vous trouverez ici plein d&rsquo;information pour vous aider dans la progression de votre personnage sur Ragnarok M : Eternal Love. Si vous avez des questions ou que vous souhaitez nous rejoindre, n&rsquo;h\u00e9sitez pas \u00e0 venir sur notre Discord. Le Dernier Rempart est une guilde fran\u00e7aise fond\u00e9e en 2003 &hellip; <\/p>\n<p class=\"link-more\"><a href=\"https:\/\/www.dernier-rempart.fr\/wiki\/\" class=\"more-link\">Continuer la lecture<span class=\"screen-reader-text\"> de &laquo;&nbsp;<center>Accueil<\/center>&nbsp;&raquo;<\/span><\/a><\/p>\n","protected":false},"author":10,"featured_media":0,"parent":0,"menu_order":1,"comment_status":"closed","ping_status":"closed","template":"","meta":{"_acf_changed":false,"footnotes":""},"categories":[],"tags":[],"class_list":["post-9","page","type-page","status-publish","hentry"],"acf":[],"yoast_head":"<!-- This site is optimized with the Yoast SEO plugin v27.4 - https:\/\/yoast.com\/product\/yoast-seo-wordpress\/ -->\n<title>Accueil - Dernier Rempart, wiki<\/title>\n<meta name=\"robots\" content=\"index, follow, max-snippet:-1, max-image-preview:large, max-video-preview:-1\" \/>\n<link rel=\"canonical\" href=\"https:\/\/www.dernier-rempart.fr\/wiki\/\" \/>\n<meta property=\"og:locale\" content=\"fr_FR\" \/>\n<meta property=\"og:type\" content=\"article\" \/>\n<meta property=\"og:title\" content=\"Accueil - Dernier Rempart, wiki\" \/>\n<meta property=\"og:description\" content=\"Bienvenu sur le wiki du Dernier Rempart (DR).Vous trouverez ici plein d&rsquo;information pour vous aider dans la progression de votre personnage sur Ragnarok M : Eternal Love. Si vous avez des questions ou que vous souhaitez nous rejoindre, n&rsquo;h\u00e9sitez pas \u00e0 venir sur notre Discord. Le Dernier Rempart est une guilde fran\u00e7aise fond\u00e9e en 2003 &hellip; Continuer la lecture de &laquo;&nbsp;Accueil&nbsp;&raquo;\" \/>\n<meta property=\"og:url\" content=\"https:\/\/www.dernier-rempart.fr\/wiki\/\" \/>\n<meta property=\"og:site_name\" content=\"Dernier Rempart, wiki\" \/>\n<meta property=\"article:modified_time\" content=\"2024-10-16T22:19:26+00:00\" \/>\n<meta property=\"og:image\" content=\"https:\/\/www.dernier-rempart.fr\/wiki\/wp-content\/uploads\/2021\/11\/Petitchat.jpg\" \/>\n\t<meta property=\"og:image:width\" content=\"2400\" \/>\n\t<meta property=\"og:image:height\" content=\"1080\" \/>\n\t<meta property=\"og:image:type\" content=\"image\/jpeg\" \/>\n<meta name=\"twitter:card\" content=\"summary_large_image\" \/>\n<meta name=\"twitter:label1\" content=\"Dur\u00e9e de lecture estim\u00e9e\" \/>\n\t<meta name=\"twitter:data1\" content=\"2 minutes\" \/>\n<script type=\"application\/ld+json\" class=\"yoast-schema-graph\">{\"@context\":\"https:\\\/\\\/schema.org\",\"@graph\":[{\"@type\":\"WebPage\",\"@id\":\"https:\\\/\\\/www.dernier-rempart.fr\\\/wiki\\\/\",\"url\":\"https:\\\/\\\/www.dernier-rempart.fr\\\/wiki\\\/\",\"name\":\"Accueil - Dernier Rempart, wiki\",\"isPartOf\":{\"@id\":\"https:\\\/\\\/www.dernier-rempart.fr\\\/wiki\\\/#website\"},\"primaryImageOfPage\":{\"@id\":\"https:\\\/\\\/www.dernier-rempart.fr\\\/wiki\\\/#primaryimage\"},\"image\":{\"@id\":\"https:\\\/\\\/www.dernier-rempart.fr\\\/wiki\\\/#primaryimage\"},\"thumbnailUrl\":\"https:\\\/\\\/www.dernier-rempart.fr\\\/wiki\\\/wp-content\\\/uploads\\\/2021\\\/11\\\/Petitchat-1024x461.jpg\",\"datePublished\":\"2020-07-28T19:27:03+00:00\",\"dateModified\":\"2024-10-16T22:19:26+00:00\",\"breadcrumb\":{\"@id\":\"https:\\\/\\\/www.dernier-rempart.fr\\\/wiki\\\/#breadcrumb\"},\"inLanguage\":\"fr-FR\",\"potentialAction\":[{\"@type\":\"ReadAction\",\"target\":[\"https:\\\/\\\/www.dernier-rempart.fr\\\/wiki\\\/\"]}]},{\"@type\":\"ImageObject\",\"inLanguage\":\"fr-FR\",\"@id\":\"https:\\\/\\\/www.dernier-rempart.fr\\\/wiki\\\/#primaryimage\",\"url\":\"https:\\\/\\\/www.dernier-rempart.fr\\\/wiki\\\/wp-content\\\/uploads\\\/2021\\\/11\\\/Petitchat.jpg\",\"contentUrl\":\"https:\\\/\\\/www.dernier-rempart.fr\\\/wiki\\\/wp-content\\\/uploads\\\/2021\\\/11\\\/Petitchat.jpg\",\"width\":2400,\"height\":1080},{\"@type\":\"BreadcrumbList\",\"@id\":\"https:\\\/\\\/www.dernier-rempart.fr\\\/wiki\\\/#breadcrumb\",\"itemListElement\":[{\"@type\":\"ListItem\",\"position\":1,\"name\":\"Accueil\",\"item\":\"https:\\\/\\\/www.dernier-rempart.fr\\\/wiki\\\/\"},{\"@type\":\"ListItem\",\"position\":2,\"name\":\"Accueil\"}]},{\"@type\":\"WebSite\",\"@id\":\"https:\\\/\\\/www.dernier-rempart.fr\\\/wiki\\\/#website\",\"url\":\"https:\\\/\\\/www.dernier-rempart.fr\\\/wiki\\\/\",\"name\":\"Dernier Rempart, wiki\",\"description\":\"\",\"publisher\":{\"@id\":\"https:\\\/\\\/www.dernier-rempart.fr\\\/wiki\\\/#organization\"},\"potentialAction\":[{\"@type\":\"SearchAction\",\"target\":{\"@type\":\"EntryPoint\",\"urlTemplate\":\"https:\\\/\\\/www.dernier-rempart.fr\\\/wiki\\\/?s={search_term_string}\"},\"query-input\":{\"@type\":\"PropertyValueSpecification\",\"valueRequired\":true,\"valueName\":\"search_term_string\"}}],\"inLanguage\":\"fr-FR\"},{\"@type\":\"Organization\",\"@id\":\"https:\\\/\\\/www.dernier-rempart.fr\\\/wiki\\\/#organization\",\"name\":\"Dernier Rempart\",\"url\":\"https:\\\/\\\/www.dernier-rempart.fr\\\/wiki\\\/\",\"logo\":{\"@type\":\"ImageObject\",\"inLanguage\":\"fr-FR\",\"@id\":\"https:\\\/\\\/www.dernier-rempart.fr\\\/wiki\\\/#\\\/schema\\\/logo\\\/image\\\/\",\"url\":\"https:\\\/\\\/www.dernier-rempart.fr\\\/wiki\\\/wp-content\\\/uploads\\\/2020\\\/10\\\/banner_DR.png\",\"contentUrl\":\"https:\\\/\\\/www.dernier-rempart.fr\\\/wiki\\\/wp-content\\\/uploads\\\/2020\\\/10\\\/banner_DR.png\",\"width\":430,\"height\":160,\"caption\":\"Dernier Rempart\"},\"image\":{\"@id\":\"https:\\\/\\\/www.dernier-rempart.fr\\\/wiki\\\/#\\\/schema\\\/logo\\\/image\\\/\"}}]}<\/script>\n<!-- \/ Yoast SEO plugin. -->","yoast_head_json":{"title":"Accueil - Dernier Rempart, wiki","robots":{"index":"index","follow":"follow","max-snippet":"max-snippet:-1","max-image-preview":"max-image-preview:large","max-video-preview":"max-video-preview:-1"},"canonical":"https:\/\/www.dernier-rempart.fr\/wiki\/","og_locale":"fr_FR","og_type":"article","og_title":"Accueil - Dernier Rempart, wiki","og_description":"Bienvenu sur le wiki du Dernier Rempart (DR).Vous trouverez ici plein d&rsquo;information pour vous aider dans la progression de votre personnage sur Ragnarok M : Eternal Love. Si vous avez des questions ou que vous souhaitez nous rejoindre, n&rsquo;h\u00e9sitez pas \u00e0 venir sur notre Discord. Le Dernier Rempart est une guilde fran\u00e7aise fond\u00e9e en 2003 &hellip; Continuer la lecture de &laquo;&nbsp;Accueil&nbsp;&raquo;","og_url":"https:\/\/www.dernier-rempart.fr\/wiki\/","og_site_name":"Dernier Rempart, wiki","article_modified_time":"2024-10-16T22:19:26+00:00","og_image":[{"width":2400,"height":1080,"url":"https:\/\/www.dernier-rempart.fr\/wiki\/wp-content\/uploads\/2021\/11\/Petitchat.jpg","type":"image\/jpeg"}],"twitter_card":"summary_large_image","twitter_misc":{"Dur\u00e9e de lecture estim\u00e9e":"2 minutes"},"schema":{"@context":"https:\/\/schema.org","@graph":[{"@type":"WebPage","@id":"https:\/\/www.dernier-rempart.fr\/wiki\/","url":"https:\/\/www.dernier-rempart.fr\/wiki\/","name":"Accueil - Dernier Rempart, wiki","isPartOf":{"@id":"https:\/\/www.dernier-rempart.fr\/wiki\/#website"},"primaryImageOfPage":{"@id":"https:\/\/www.dernier-rempart.fr\/wiki\/#primaryimage"},"image":{"@id":"https:\/\/www.dernier-rempart.fr\/wiki\/#primaryimage"},"thumbnailUrl":"https:\/\/www.dernier-rempart.fr\/wiki\/wp-content\/uploads\/2021\/11\/Petitchat-1024x461.jpg","datePublished":"2020-07-28T19:27:03+00:00","dateModified":"2024-10-16T22:19:26+00:00","breadcrumb":{"@id":"https:\/\/www.dernier-rempart.fr\/wiki\/#breadcrumb"},"inLanguage":"fr-FR","potentialAction":[{"@type":"ReadAction","target":["https:\/\/www.dernier-rempart.fr\/wiki\/"]}]},{"@type":"ImageObject","inLanguage":"fr-FR","@id":"https:\/\/www.dernier-rempart.fr\/wiki\/#primaryimage","url":"https:\/\/www.dernier-rempart.fr\/wiki\/wp-content\/uploads\/2021\/11\/Petitchat.jpg","contentUrl":"https:\/\/www.dernier-rempart.fr\/wiki\/wp-content\/uploads\/2021\/11\/Petitchat.jpg","width":2400,"height":1080},{"@type":"BreadcrumbList","@id":"https:\/\/www.dernier-rempart.fr\/wiki\/#breadcrumb","itemListElement":[{"@type":"ListItem","position":1,"name":"Accueil","item":"https:\/\/www.dernier-rempart.fr\/wiki\/"},{"@type":"ListItem","position":2,"name":"Accueil"}]},{"@type":"WebSite","@id":"https:\/\/www.dernier-rempart.fr\/wiki\/#website","url":"https:\/\/www.dernier-rempart.fr\/wiki\/","name":"Dernier Rempart, wiki","description":"","publisher":{"@id":"https:\/\/www.dernier-rempart.fr\/wiki\/#organization"},"potentialAction":[{"@type":"SearchAction","target":{"@type":"EntryPoint","urlTemplate":"https:\/\/www.dernier-rempart.fr\/wiki\/?s={search_term_string}"},"query-input":{"@type":"PropertyValueSpecification","valueRequired":true,"valueName":"search_term_string"}}],"inLanguage":"fr-FR"},{"@type":"Organization","@id":"https:\/\/www.dernier-rempart.fr\/wiki\/#organization","name":"Dernier Rempart","url":"https:\/\/www.dernier-rempart.fr\/wiki\/","logo":{"@type":"ImageObject","inLanguage":"fr-FR","@id":"https:\/\/www.dernier-rempart.fr\/wiki\/#\/schema\/logo\/image\/","url":"https:\/\/www.dernier-rempart.fr\/wiki\/wp-content\/uploads\/2020\/10\/banner_DR.png","contentUrl":"https:\/\/www.dernier-rempart.fr\/wiki\/wp-content\/uploads\/2020\/10\/banner_DR.png","width":430,"height":160,"caption":"Dernier Rempart"},"image":{"@id":"https:\/\/www.dernier-rempart.fr\/wiki\/#\/schema\/logo\/image\/"}}]}},"jetpack_sharing_enabled":false,"_links":{"self":[{"href":"https:\/\/www.dernier-rempart.fr\/wiki\/wp-json\/wp\/v2\/pages\/9","targetHints":{"allow":["GET"]}}],"collection":[{"href":"https:\/\/www.dernier-rempart.fr\/wiki\/wp-json\/wp\/v2\/pages"}],"about":[{"href":"https:\/\/www.dernier-rempart.fr\/wiki\/wp-json\/wp\/v2\/types\/page"}],"author":[{"embeddable":true,"href":"https:\/\/www.dernier-rempart.fr\/wiki\/wp-json\/wp\/v2\/users\/10"}],"replies":[{"embeddable":true,"href":"https:\/\/www.dernier-rempart.fr\/wiki\/wp-json\/wp\/v2\/comments?post=9"}],"version-history":[{"count":53,"href":"https:\/\/www.dernier-rempart.fr\/wiki\/wp-json\/wp\/v2\/pages\/9\/revisions"}],"predecessor-version":[{"id":2165,"href":"https:\/\/www.dernier-rempart.fr\/wiki\/wp-json\/wp\/v2\/pages\/9\/revisions\/2165"}],"wp:attachment":[{"href":"https:\/\/www.dernier-rempart.fr\/wiki\/wp-json\/wp\/v2\/media?parent=9"}],"wp:term":[{"taxonomy":"category","embeddable":true,"href":"https:\/\/www.dernier-rempart.fr\/wiki\/wp-json\/wp\/v2\/categories?post=9"},{"taxonomy":"post_tag","embeddable":true,"href":"https:\/\/www.dernier-rempart.fr\/wiki\/wp-json\/wp\/v2\/tags?post=9"}],"curies":[{"name":"wp","href":"https:\/\/api.w.org\/{rel}","templated":true}]}}