{"id":87,"date":"2020-07-28T23:14:51","date_gmt":"2020-07-28T21:14:51","guid":{"rendered":"https:\/\/dernierdotrempart.wordpress.com\/?page_id=87"},"modified":"2020-08-25T00:30:09","modified_gmt":"2020-08-24T22:30:09","slug":"mvp-battle","status":"publish","type":"page","link":"https:\/\/www.dernier-rempart.fr\/wiki\/mvp-battle\/","title":{"rendered":"<center>MVP Battle<\/center>"},"content":{"rendered":"\n<p>Event mi-MVP\/mi-PvP <br><strong>Quand <\/strong>? Les vendredis, de 19h \u00e0 22h. <br><strong>O\u00f9 <\/strong>? Il faut parler au PNJ au nord de Prontera<br><strong>Pr\u00e9requis <\/strong>: niveau 70<\/p>\n\n\n\n<div class=\"wp-block-image\"><figure class=\"aligncenter\"><img decoding=\"async\" src=\"https:\/\/media.discordapp.net\/attachments\/685099493422661653\/728623392558809098\/unknown.png\" alt=\"\"\/><\/figure><\/div>\n\n\n\n<p>Des \u00e9quipes de 6 s&rsquo;affrontent pour tuer jusqu&rsquo;\u00e0 quatre MVP, quatre Minis et un revenant avec autant d&rsquo;essais que n\u00e9cessaire avant 23h. Les r\u00e8gles d&rsquo;attribution du MVP sont les m\u00eames que dehors (First\/last Hit, Top DMG\/Heal\/Tank &#8230;)<br><br>Tuer des monstres suppl\u00e9mentaire ne donne rien.  <br>Les MVP ont leur vie multipli\u00e9e et loot plus qu&rsquo;\u00e0 la normale, ils donnent aussi des <strong>Honor Proof<\/strong> et du Mithril. La p\u00e9nalit\u00e9 de Channel Switch ne s&rsquo;applique pas.<br>Les fly wing et les parchemins ne fonctionnent pas.  <br><br>Si vous quittez l&rsquo;instance par erreur mais que votre \u00e9quipe y est encore, vous pouvez y retourner en parlant au PNJ. <br><br>Le PvP est actif, on peut donc se faire tuer par les autres joueurs pendant qu&rsquo;on attaque un MVP. <br><br><br><\/p>\n","protected":false},"excerpt":{"rendered":"<p>Event mi-MVP\/mi-PvP Quand ? Les vendredis, de 19h \u00e0 22h. O\u00f9 ? Il faut parler au PNJ au nord de PronteraPr\u00e9requis : niveau 70 Des \u00e9quipes de 6 s&rsquo;affrontent pour tuer jusqu&rsquo;\u00e0 quatre MVP, quatre Minis et un revenant avec autant d&rsquo;essais que n\u00e9cessaire avant 23h. Les r\u00e8gles d&rsquo;attribution du MVP sont les m\u00eames que &hellip; <\/p>\n<p class=\"link-more\"><a href=\"https:\/\/www.dernier-rempart.fr\/wiki\/mvp-battle\/\" class=\"more-link\">Continuer la lecture<span class=\"screen-reader-text\"> de &laquo;&nbsp;<center>MVP Battle<\/center>&nbsp;&raquo;<\/span><\/a><\/p>\n","protected":false},"author":2,"featured_media":0,"parent":0,"menu_order":0,"comment_status":"closed","ping_status":"closed","template":"template-fullwidth.php","meta":{"_acf_changed":false,"footnotes":""},"categories":[],"tags":[],"class_list":["post-87","page","type-page","status-publish","hentry"],"acf":[],"yoast_head":"<!-- This site is optimized with the Yoast SEO plugin v27.4 - https:\/\/yoast.com\/product\/yoast-seo-wordpress\/ -->\n<title>MVP Battle - Dernier Rempart, wiki<\/title>\n<meta name=\"robots\" content=\"index, follow, max-snippet:-1, max-image-preview:large, max-video-preview:-1\" \/>\n<link rel=\"canonical\" href=\"https:\/\/www.dernier-rempart.fr\/wiki\/mvp-battle\/\" \/>\n<meta property=\"og:locale\" content=\"fr_FR\" \/>\n<meta property=\"og:type\" content=\"article\" \/>\n<meta property=\"og:title\" content=\"MVP Battle - Dernier Rempart, wiki\" \/>\n<meta property=\"og:description\" content=\"Event mi-MVP\/mi-PvP Quand ? Les vendredis, de 19h \u00e0 22h. O\u00f9 ? Il faut parler au PNJ au nord de PronteraPr\u00e9requis : niveau 70 Des \u00e9quipes de 6 s&rsquo;affrontent pour tuer jusqu&rsquo;\u00e0 quatre MVP, quatre Minis et un revenant avec autant d&rsquo;essais que n\u00e9cessaire avant 23h. Les r\u00e8gles d&rsquo;attribution du MVP sont les m\u00eames que &hellip; Continuer la lecture de &laquo;&nbsp;MVP Battle&nbsp;&raquo;\" \/>\n<meta property=\"og:url\" content=\"https:\/\/www.dernier-rempart.fr\/wiki\/mvp-battle\/\" \/>\n<meta property=\"og:site_name\" content=\"Dernier Rempart, wiki\" \/>\n<meta property=\"article:modified_time\" content=\"2020-08-24T22:30:09+00:00\" \/>\n<meta property=\"og:image\" content=\"https:\/\/media.discordapp.net\/attachments\/685099493422661653\/728623392558809098\/unknown.png\" \/>\n<meta name=\"twitter:card\" content=\"summary_large_image\" \/>\n<meta name=\"twitter:label1\" content=\"Dur\u00e9e de lecture estim\u00e9e\" \/>\n\t<meta name=\"twitter:data1\" content=\"1 minute\" \/>\n<script type=\"application\/ld+json\" class=\"yoast-schema-graph\">{\"@context\":\"https:\\\/\\\/schema.org\",\"@graph\":[{\"@type\":\"WebPage\",\"@id\":\"https:\\\/\\\/www.dernier-rempart.fr\\\/wiki\\\/mvp-battle\\\/\",\"url\":\"https:\\\/\\\/www.dernier-rempart.fr\\\/wiki\\\/mvp-battle\\\/\",\"name\":\"MVP Battle - Dernier Rempart, wiki\",\"isPartOf\":{\"@id\":\"https:\\\/\\\/www.dernier-rempart.fr\\\/wiki\\\/#website\"},\"primaryImageOfPage\":{\"@id\":\"https:\\\/\\\/www.dernier-rempart.fr\\\/wiki\\\/mvp-battle\\\/#primaryimage\"},\"image\":{\"@id\":\"https:\\\/\\\/www.dernier-rempart.fr\\\/wiki\\\/mvp-battle\\\/#primaryimage\"},\"thumbnailUrl\":\"https:\\\/\\\/media.discordapp.net\\\/attachments\\\/685099493422661653\\\/728623392558809098\\\/unknown.png\",\"datePublished\":\"2020-07-28T21:14:51+00:00\",\"dateModified\":\"2020-08-24T22:30:09+00:00\",\"breadcrumb\":{\"@id\":\"https:\\\/\\\/www.dernier-rempart.fr\\\/wiki\\\/mvp-battle\\\/#breadcrumb\"},\"inLanguage\":\"fr-FR\",\"potentialAction\":[{\"@type\":\"ReadAction\",\"target\":[\"https:\\\/\\\/www.dernier-rempart.fr\\\/wiki\\\/mvp-battle\\\/\"]}]},{\"@type\":\"ImageObject\",\"inLanguage\":\"fr-FR\",\"@id\":\"https:\\\/\\\/www.dernier-rempart.fr\\\/wiki\\\/mvp-battle\\\/#primaryimage\",\"url\":\"https:\\\/\\\/media.discordapp.net\\\/attachments\\\/685099493422661653\\\/728623392558809098\\\/unknown.png\",\"contentUrl\":\"https:\\\/\\\/media.discordapp.net\\\/attachments\\\/685099493422661653\\\/728623392558809098\\\/unknown.png\"},{\"@type\":\"BreadcrumbList\",\"@id\":\"https:\\\/\\\/www.dernier-rempart.fr\\\/wiki\\\/mvp-battle\\\/#breadcrumb\",\"itemListElement\":[{\"@type\":\"ListItem\",\"position\":1,\"name\":\"Accueil\",\"item\":\"https:\\\/\\\/www.dernier-rempart.fr\\\/wiki\\\/\"},{\"@type\":\"ListItem\",\"position\":2,\"name\":\"MVP Battle\"}]},{\"@type\":\"WebSite\",\"@id\":\"https:\\\/\\\/www.dernier-rempart.fr\\\/wiki\\\/#website\",\"url\":\"https:\\\/\\\/www.dernier-rempart.fr\\\/wiki\\\/\",\"name\":\"Dernier Rempart, wiki\",\"description\":\"\",\"publisher\":{\"@id\":\"https:\\\/\\\/www.dernier-rempart.fr\\\/wiki\\\/#organization\"},\"potentialAction\":[{\"@type\":\"SearchAction\",\"target\":{\"@type\":\"EntryPoint\",\"urlTemplate\":\"https:\\\/\\\/www.dernier-rempart.fr\\\/wiki\\\/?s={search_term_string}\"},\"query-input\":{\"@type\":\"PropertyValueSpecification\",\"valueRequired\":true,\"valueName\":\"search_term_string\"}}],\"inLanguage\":\"fr-FR\"},{\"@type\":\"Organization\",\"@id\":\"https:\\\/\\\/www.dernier-rempart.fr\\\/wiki\\\/#organization\",\"name\":\"Dernier Rempart\",\"url\":\"https:\\\/\\\/www.dernier-rempart.fr\\\/wiki\\\/\",\"logo\":{\"@type\":\"ImageObject\",\"inLanguage\":\"fr-FR\",\"@id\":\"https:\\\/\\\/www.dernier-rempart.fr\\\/wiki\\\/#\\\/schema\\\/logo\\\/image\\\/\",\"url\":\"https:\\\/\\\/www.dernier-rempart.fr\\\/wiki\\\/wp-content\\\/uploads\\\/2020\\\/10\\\/banner_DR.png\",\"contentUrl\":\"https:\\\/\\\/www.dernier-rempart.fr\\\/wiki\\\/wp-content\\\/uploads\\\/2020\\\/10\\\/banner_DR.png\",\"width\":430,\"height\":160,\"caption\":\"Dernier Rempart\"},\"image\":{\"@id\":\"https:\\\/\\\/www.dernier-rempart.fr\\\/wiki\\\/#\\\/schema\\\/logo\\\/image\\\/\"}}]}<\/script>\n<!-- \/ Yoast SEO plugin. -->","yoast_head_json":{"title":"MVP Battle - Dernier Rempart, wiki","robots":{"index":"index","follow":"follow","max-snippet":"max-snippet:-1","max-image-preview":"max-image-preview:large","max-video-preview":"max-video-preview:-1"},"canonical":"https:\/\/www.dernier-rempart.fr\/wiki\/mvp-battle\/","og_locale":"fr_FR","og_type":"article","og_title":"MVP Battle - Dernier Rempart, wiki","og_description":"Event mi-MVP\/mi-PvP Quand ? Les vendredis, de 19h \u00e0 22h. O\u00f9 ? Il faut parler au PNJ au nord de PronteraPr\u00e9requis : niveau 70 Des \u00e9quipes de 6 s&rsquo;affrontent pour tuer jusqu&rsquo;\u00e0 quatre MVP, quatre Minis et un revenant avec autant d&rsquo;essais que n\u00e9cessaire avant 23h. Les r\u00e8gles d&rsquo;attribution du MVP sont les m\u00eames que &hellip; Continuer la lecture de &laquo;&nbsp;MVP Battle&nbsp;&raquo;","og_url":"https:\/\/www.dernier-rempart.fr\/wiki\/mvp-battle\/","og_site_name":"Dernier Rempart, wiki","article_modified_time":"2020-08-24T22:30:09+00:00","og_image":[{"url":"https:\/\/media.discordapp.net\/attachments\/685099493422661653\/728623392558809098\/unknown.png","type":"","width":"","height":""}],"twitter_card":"summary_large_image","twitter_misc":{"Dur\u00e9e de lecture estim\u00e9e":"1 minute"},"schema":{"@context":"https:\/\/schema.org","@graph":[{"@type":"WebPage","@id":"https:\/\/www.dernier-rempart.fr\/wiki\/mvp-battle\/","url":"https:\/\/www.dernier-rempart.fr\/wiki\/mvp-battle\/","name":"MVP Battle - Dernier Rempart, wiki","isPartOf":{"@id":"https:\/\/www.dernier-rempart.fr\/wiki\/#website"},"primaryImageOfPage":{"@id":"https:\/\/www.dernier-rempart.fr\/wiki\/mvp-battle\/#primaryimage"},"image":{"@id":"https:\/\/www.dernier-rempart.fr\/wiki\/mvp-battle\/#primaryimage"},"thumbnailUrl":"https:\/\/media.discordapp.net\/attachments\/685099493422661653\/728623392558809098\/unknown.png","datePublished":"2020-07-28T21:14:51+00:00","dateModified":"2020-08-24T22:30:09+00:00","breadcrumb":{"@id":"https:\/\/www.dernier-rempart.fr\/wiki\/mvp-battle\/#breadcrumb"},"inLanguage":"fr-FR","potentialAction":[{"@type":"ReadAction","target":["https:\/\/www.dernier-rempart.fr\/wiki\/mvp-battle\/"]}]},{"@type":"ImageObject","inLanguage":"fr-FR","@id":"https:\/\/www.dernier-rempart.fr\/wiki\/mvp-battle\/#primaryimage","url":"https:\/\/media.discordapp.net\/attachments\/685099493422661653\/728623392558809098\/unknown.png","contentUrl":"https:\/\/media.discordapp.net\/attachments\/685099493422661653\/728623392558809098\/unknown.png"},{"@type":"BreadcrumbList","@id":"https:\/\/www.dernier-rempart.fr\/wiki\/mvp-battle\/#breadcrumb","itemListElement":[{"@type":"ListItem","position":1,"name":"Accueil","item":"https:\/\/www.dernier-rempart.fr\/wiki\/"},{"@type":"ListItem","position":2,"name":"MVP Battle"}]},{"@type":"WebSite","@id":"https:\/\/www.dernier-rempart.fr\/wiki\/#website","url":"https:\/\/www.dernier-rempart.fr\/wiki\/","name":"Dernier Rempart, wiki","description":"","publisher":{"@id":"https:\/\/www.dernier-rempart.fr\/wiki\/#organization"},"potentialAction":[{"@type":"SearchAction","target":{"@type":"EntryPoint","urlTemplate":"https:\/\/www.dernier-rempart.fr\/wiki\/?s={search_term_string}"},"query-input":{"@type":"PropertyValueSpecification","valueRequired":true,"valueName":"search_term_string"}}],"inLanguage":"fr-FR"},{"@type":"Organization","@id":"https:\/\/www.dernier-rempart.fr\/wiki\/#organization","name":"Dernier Rempart","url":"https:\/\/www.dernier-rempart.fr\/wiki\/","logo":{"@type":"ImageObject","inLanguage":"fr-FR","@id":"https:\/\/www.dernier-rempart.fr\/wiki\/#\/schema\/logo\/image\/","url":"https:\/\/www.dernier-rempart.fr\/wiki\/wp-content\/uploads\/2020\/10\/banner_DR.png","contentUrl":"https:\/\/www.dernier-rempart.fr\/wiki\/wp-content\/uploads\/2020\/10\/banner_DR.png","width":430,"height":160,"caption":"Dernier Rempart"},"image":{"@id":"https:\/\/www.dernier-rempart.fr\/wiki\/#\/schema\/logo\/image\/"}}]}},"jetpack_sharing_enabled":true,"_links":{"self":[{"href":"https:\/\/www.dernier-rempart.fr\/wiki\/wp-json\/wp\/v2\/pages\/87","targetHints":{"allow":["GET"]}}],"collection":[{"href":"https:\/\/www.dernier-rempart.fr\/wiki\/wp-json\/wp\/v2\/pages"}],"about":[{"href":"https:\/\/www.dernier-rempart.fr\/wiki\/wp-json\/wp\/v2\/types\/page"}],"author":[{"embeddable":true,"href":"https:\/\/www.dernier-rempart.fr\/wiki\/wp-json\/wp\/v2\/users\/2"}],"replies":[{"embeddable":true,"href":"https:\/\/www.dernier-rempart.fr\/wiki\/wp-json\/wp\/v2\/comments?post=87"}],"version-history":[{"count":2,"href":"https:\/\/www.dernier-rempart.fr\/wiki\/wp-json\/wp\/v2\/pages\/87\/revisions"}],"predecessor-version":[{"id":366,"href":"https:\/\/www.dernier-rempart.fr\/wiki\/wp-json\/wp\/v2\/pages\/87\/revisions\/366"}],"wp:attachment":[{"href":"https:\/\/www.dernier-rempart.fr\/wiki\/wp-json\/wp\/v2\/media?parent=87"}],"wp:term":[{"taxonomy":"category","embeddable":true,"href":"https:\/\/www.dernier-rempart.fr\/wiki\/wp-json\/wp\/v2\/categories?post=87"},{"taxonomy":"post_tag","embeddable":true,"href":"https:\/\/www.dernier-rempart.fr\/wiki\/wp-json\/wp\/v2\/tags?post=87"}],"curies":[{"name":"wp","href":"https:\/\/api.w.org\/{rel}","templated":true}]}}