{"id":787,"date":"2020-12-07T17:54:48","date_gmt":"2020-12-07T16:54:48","guid":{"rendered":"https:\/\/www.dernier-rempart.fr\/wiki\/?page_id=787"},"modified":"2020-12-07T18:04:32","modified_gmt":"2020-12-07T17:04:32","slug":"kafra-adventure-log","status":"publish","type":"page","link":"https:\/\/www.dernier-rempart.fr\/wiki\/kafra-adventure-log\/","title":{"rendered":"<center>Kafra Adventure Log<\/center>"},"content":{"rendered":"\n<p class=\"has-luminous-vivid-orange-color has-text-color\"><em>Focus ici sur le premier Kafra Adventure Log de ROM:EU : 1er Dec 2020 &#8211; 20 Fev 2021<\/em><br><\/p>\n\n\n\n<p>1 souscription par compte max, depuis la boutique ou l\u2019assistant pour 12.99\u20ac pour la version avanc\u00e9e.<\/p>\n\n\n\n<p>Ce dernier se trouve dans votre panneau d\u2019assistant, en cliquant sur l&rsquo;ic\u00f4ne du bas :<\/p>\n\n\n\n<figure class=\"wp-block-image\"><img decoding=\"async\" src=\"https:\/\/lh4.googleusercontent.com\/scMr6vjDPpEfWlwzsis8iMZSLmhDYl1Wdep7wBWfDNd8UcM0qhKku5VOw09pc4II4z88JSdF21surwoLKnYV5EzIaCGUYmlWFBXT7cbE3PvvVBf3USa2m38FyMcSVgq0SOb038j7\" alt=\"\"\/><\/figure>\n\n\n\n<p>Il se d\u00e9compose en 3 onglets :<\/p>\n\n\n\n<p><strong>I &#8211; Votre progression dans le journal\/log :<\/strong><\/p>\n\n\n\n<p><img loading=\"lazy\" decoding=\"async\" src=\"https:\/\/lh5.googleusercontent.com\/wHvoiD2K0saXc0D1Xwv9ngrE52nucX269yn0_j7WpfUGgjqRoMS2ZhEmeqVtfgshnTPIbKTFIF4BuhTKpj_ec7nBA9S159ttlOEFMmUC3SWl27lWyd0EA5c7CqXuFM5DQHzkbHA2\" width=\"602\" height=\"279\"><\/p>\n\n\n\n<hr class=\"wp-block-separator\"\/>\n\n\n\n<p><strong>II- La boutique d\u00e9di\u00e9e au log<\/strong><\/p>\n\n\n\n<figure class=\"wp-block-image\"><img decoding=\"async\" src=\"https:\/\/lh3.googleusercontent.com\/tcnhnRXvZOLqllTrTqrqNQWe9dJltZ01HLd4cctP0hlRoUuWsKFc9ZEhu6Bw475fSq79UhoLiNnogg6Lx0NGGsR3lXTqao0S0bmJhjmjCxKLIrBtFWZj7rIQE19wbJM-NzC66n99\" alt=\"\"\/><\/figure>\n\n\n\n<p>=&gt; 725 \u201cpi\u00e8ces\u201d de kafra vous seront allou\u00e9es si vous terminez tout le Log (lv 150); dans la boutique vous pourrez acqu\u00e9rir :<\/p>\n\n\n\n<p>1)Back D\u00e9di\u00e9 pour 25 pieces (1 achat max)<br>2)Praying card\u00a0 &#8211; 8 pi\u00e8ces<br>3)Gold Medal &#8211; 5 pi\u00e8ces<br>4)S Runes &#8211; 12 pi\u00e8ces (20 achats max)<br>5) Runes d\u2019attributs &#8211; \u00a0\u00a0\u00a0 5 pi\u00e8ces (20 achats max)<br>6) Myst Box SP x 3 &#8211; 1 pi\u00e8ce<br>7) Coupon +1 Base level\u00a0 &#8211; 2 pi\u00e8ces (5 achats max)<br>8) 25 Job Potion XL (2M500K job exp) &#8211; 1 pi\u00e8ce<br>9) 100 Eden coin &#8211; 1 pi\u00e8ce<br>10) Opal Box &#8211; 5 pi\u00e8ces<br><br>Qu\u2019acheter ?<br>=> Le back unique, disponible uniquement dans le kafra log<br>=> Les runes S (240 pi\u00e8ces au total)<br>=> Si vous le souhaitez les 5 coupons de base level<br>=> Des Gold Medal ou Praying card selon votre besoin<\/p>\n\n\n\n<p><strong>III- Le classement des joueurs les plus avanc\u00e9s<\/strong><\/p>\n\n\n\n<p><img loading=\"lazy\" decoding=\"async\" width=\"602\" height=\"307\" src=\"https:\/\/lh6.googleusercontent.com\/p6VKYwf99PafA_V-KzHCqGIKM15pQeqcnPxNf776VKHy7WWW4Cd24Pq3SaFIVP3ze1k_qEvbh5Xz1yh0K1_NEuN5-t1JjuXdDLDo06MUvOf7B1yK-m-GqFD05zSq_K5zx2fBvsxh\"><\/p>\n\n\n\n<p><strong>Dur\u00e9e :<\/strong><\/p>\n\n\n\n<p>Les aventuriers ont 12 semaines pour obtenir l\u2019ensemble des r\u00e9compenses lors des activit\u00e9s d\u2019assistantes classiques ; il faut 100 points d\u2019assistants par niveau et il y a 150 niveau (soit un total de 15000 points n\u00e9cessaires). A raison de 1500 points maximum par semaine (1800 en version payante), il faudra compter un peu plus de 10 semaines (8 en version payante) pour terminer votre Kafra log enti\u00e8rement.<br>Vous obtiendrez des points d&rsquo;assistants bonus (pas d\u00e9compt\u00e9s sur le total de la semaine) en r\u00e9solvant les d\u00e9fis de l&rsquo;assistant, \u00e9pisode SP<br><\/p>\n\n\n\n<figure class=\"wp-block-image size-large\"><img loading=\"lazy\" decoding=\"async\" width=\"1024\" height=\"577\" data-attachment-id=\"790\" data-permalink=\"https:\/\/www.dernier-rempart.fr\/wiki\/kafra-adventure-log\/image-17\/\" data-orig-file=\"https:\/\/www.dernier-rempart.fr\/wiki\/wp-content\/uploads\/2020\/12\/image.png\" data-orig-size=\"1254,706\" data-comments-opened=\"1\" data-image-meta=\"{&quot;aperture&quot;:&quot;0&quot;,&quot;credit&quot;:&quot;&quot;,&quot;camera&quot;:&quot;&quot;,&quot;caption&quot;:&quot;&quot;,&quot;created_timestamp&quot;:&quot;0&quot;,&quot;copyright&quot;:&quot;&quot;,&quot;focal_length&quot;:&quot;0&quot;,&quot;iso&quot;:&quot;0&quot;,&quot;shutter_speed&quot;:&quot;0&quot;,&quot;title&quot;:&quot;&quot;,&quot;orientation&quot;:&quot;0&quot;}\" data-image-title=\"image\" data-image-description=\"\" data-image-caption=\"\" data-large-file=\"https:\/\/www.dernier-rempart.fr\/wiki\/wp-content\/uploads\/2020\/12\/image-1024x577.png\" src=\"https:\/\/www.dernier-rempart.fr\/wiki\/wp-content\/uploads\/2020\/12\/image-1024x577.png\" alt=\"\" class=\"wp-image-790\" srcset=\"https:\/\/www.dernier-rempart.fr\/wiki\/wp-content\/uploads\/2020\/12\/image-1024x577.png 1024w, https:\/\/www.dernier-rempart.fr\/wiki\/wp-content\/uploads\/2020\/12\/image-300x169.png 300w, https:\/\/www.dernier-rempart.fr\/wiki\/wp-content\/uploads\/2020\/12\/image-768x432.png 768w, https:\/\/www.dernier-rempart.fr\/wiki\/wp-content\/uploads\/2020\/12\/image.png 1254w\" sizes=\"auto, (max-width: 767px) 89vw, (max-width: 1000px) 54vw, (max-width: 1071px) 543px, 580px\" \/><\/figure>\n\n\n\n<p>NB : Vous pouvez acheter le Kafra log jusqu\u2019au dernier jour de sa validit\u00e9, tenez bien compte du fait que s\u2019il expire dans moins de 8 semaines, vous ne pourrez terminer ce dernier qu\u2019en \u201cpayant\u201d 10 BCC pour 1 niveau.<\/p>\n\n\n\n<hr class=\"wp-block-separator\"\/>\n\n\n\n<p>Auteur : Keno<\/p>\n","protected":false},"excerpt":{"rendered":"<p>Focus ici sur le premier Kafra Adventure Log de ROM:EU : 1er Dec 2020 &#8211; 20 Fev 2021 1 souscription par compte max, depuis la boutique ou l\u2019assistant pour 12.99\u20ac pour la version avanc\u00e9e. Ce dernier se trouve dans votre panneau d\u2019assistant, en cliquant sur l&rsquo;ic\u00f4ne du bas : Il se d\u00e9compose en 3 onglets &hellip; <\/p>\n<p class=\"link-more\"><a href=\"https:\/\/www.dernier-rempart.fr\/wiki\/kafra-adventure-log\/\" class=\"more-link\">Continuer la lecture<span class=\"screen-reader-text\"> de &laquo;&nbsp;<center>Kafra Adventure Log<\/center>&nbsp;&raquo;<\/span><\/a><\/p>\n","protected":false},"author":3,"featured_media":0,"parent":0,"menu_order":0,"comment_status":"closed","ping_status":"closed","template":"","meta":{"_acf_changed":false,"footnotes":""},"categories":[],"tags":[],"class_list":["post-787","page","type-page","status-publish","hentry"],"acf":[],"yoast_head":"<!-- This site is optimized with the Yoast SEO plugin v27.4 - https:\/\/yoast.com\/product\/yoast-seo-wordpress\/ -->\n<title>Kafra Adventure Log - Dernier Rempart, wiki<\/title>\n<meta name=\"robots\" content=\"index, follow, max-snippet:-1, max-image-preview:large, max-video-preview:-1\" \/>\n<link rel=\"canonical\" href=\"https:\/\/www.dernier-rempart.fr\/wiki\/kafra-adventure-log\/\" \/>\n<meta property=\"og:locale\" content=\"fr_FR\" \/>\n<meta property=\"og:type\" content=\"article\" \/>\n<meta property=\"og:title\" content=\"Kafra Adventure Log - Dernier Rempart, wiki\" \/>\n<meta property=\"og:description\" content=\"Focus ici sur le premier Kafra Adventure Log de ROM:EU : 1er Dec 2020 &#8211; 20 Fev 2021 1 souscription par compte max, depuis la boutique ou l\u2019assistant pour 12.99\u20ac pour la version avanc\u00e9e. Ce dernier se trouve dans votre panneau d\u2019assistant, en cliquant sur l&rsquo;ic\u00f4ne du bas : Il se d\u00e9compose en 3 onglets &hellip; Continuer la lecture de &laquo;&nbsp;Kafra Adventure Log&nbsp;&raquo;\" \/>\n<meta property=\"og:url\" content=\"https:\/\/www.dernier-rempart.fr\/wiki\/kafra-adventure-log\/\" \/>\n<meta property=\"og:site_name\" content=\"Dernier Rempart, wiki\" \/>\n<meta property=\"article:modified_time\" content=\"2020-12-07T17:04:32+00:00\" \/>\n<meta property=\"og:image\" content=\"https:\/\/lh4.googleusercontent.com\/scMr6vjDPpEfWlwzsis8iMZSLmhDYl1Wdep7wBWfDNd8UcM0qhKku5VOw09pc4II4z88JSdF21surwoLKnYV5EzIaCGUYmlWFBXT7cbE3PvvVBf3USa2m38FyMcSVgq0SOb038j7\" \/>\n<meta name=\"twitter:card\" content=\"summary_large_image\" \/>\n<meta name=\"twitter:label1\" content=\"Dur\u00e9e de lecture estim\u00e9e\" \/>\n\t<meta name=\"twitter:data1\" content=\"2 minutes\" \/>\n<script type=\"application\/ld+json\" class=\"yoast-schema-graph\">{\"@context\":\"https:\\\/\\\/schema.org\",\"@graph\":[{\"@type\":\"WebPage\",\"@id\":\"https:\\\/\\\/www.dernier-rempart.fr\\\/wiki\\\/kafra-adventure-log\\\/\",\"url\":\"https:\\\/\\\/www.dernier-rempart.fr\\\/wiki\\\/kafra-adventure-log\\\/\",\"name\":\"Kafra Adventure Log - Dernier Rempart, wiki\",\"isPartOf\":{\"@id\":\"https:\\\/\\\/www.dernier-rempart.fr\\\/wiki\\\/#website\"},\"primaryImageOfPage\":{\"@id\":\"https:\\\/\\\/www.dernier-rempart.fr\\\/wiki\\\/kafra-adventure-log\\\/#primaryimage\"},\"image\":{\"@id\":\"https:\\\/\\\/www.dernier-rempart.fr\\\/wiki\\\/kafra-adventure-log\\\/#primaryimage\"},\"thumbnailUrl\":\"https:\\\/\\\/lh4.googleusercontent.com\\\/scMr6vjDPpEfWlwzsis8iMZSLmhDYl1Wdep7wBWfDNd8UcM0qhKku5VOw09pc4II4z88JSdF21surwoLKnYV5EzIaCGUYmlWFBXT7cbE3PvvVBf3USa2m38FyMcSVgq0SOb038j7\",\"datePublished\":\"2020-12-07T16:54:48+00:00\",\"dateModified\":\"2020-12-07T17:04:32+00:00\",\"breadcrumb\":{\"@id\":\"https:\\\/\\\/www.dernier-rempart.fr\\\/wiki\\\/kafra-adventure-log\\\/#breadcrumb\"},\"inLanguage\":\"fr-FR\",\"potentialAction\":[{\"@type\":\"ReadAction\",\"target\":[\"https:\\\/\\\/www.dernier-rempart.fr\\\/wiki\\\/kafra-adventure-log\\\/\"]}]},{\"@type\":\"ImageObject\",\"inLanguage\":\"fr-FR\",\"@id\":\"https:\\\/\\\/www.dernier-rempart.fr\\\/wiki\\\/kafra-adventure-log\\\/#primaryimage\",\"url\":\"https:\\\/\\\/lh4.googleusercontent.com\\\/scMr6vjDPpEfWlwzsis8iMZSLmhDYl1Wdep7wBWfDNd8UcM0qhKku5VOw09pc4II4z88JSdF21surwoLKnYV5EzIaCGUYmlWFBXT7cbE3PvvVBf3USa2m38FyMcSVgq0SOb038j7\",\"contentUrl\":\"https:\\\/\\\/lh4.googleusercontent.com\\\/scMr6vjDPpEfWlwzsis8iMZSLmhDYl1Wdep7wBWfDNd8UcM0qhKku5VOw09pc4II4z88JSdF21surwoLKnYV5EzIaCGUYmlWFBXT7cbE3PvvVBf3USa2m38FyMcSVgq0SOb038j7\"},{\"@type\":\"BreadcrumbList\",\"@id\":\"https:\\\/\\\/www.dernier-rempart.fr\\\/wiki\\\/kafra-adventure-log\\\/#breadcrumb\",\"itemListElement\":[{\"@type\":\"ListItem\",\"position\":1,\"name\":\"Accueil\",\"item\":\"https:\\\/\\\/www.dernier-rempart.fr\\\/wiki\\\/\"},{\"@type\":\"ListItem\",\"position\":2,\"name\":\"Kafra Adventure Log\"}]},{\"@type\":\"WebSite\",\"@id\":\"https:\\\/\\\/www.dernier-rempart.fr\\\/wiki\\\/#website\",\"url\":\"https:\\\/\\\/www.dernier-rempart.fr\\\/wiki\\\/\",\"name\":\"Dernier Rempart, wiki\",\"description\":\"\",\"publisher\":{\"@id\":\"https:\\\/\\\/www.dernier-rempart.fr\\\/wiki\\\/#organization\"},\"potentialAction\":[{\"@type\":\"SearchAction\",\"target\":{\"@type\":\"EntryPoint\",\"urlTemplate\":\"https:\\\/\\\/www.dernier-rempart.fr\\\/wiki\\\/?s={search_term_string}\"},\"query-input\":{\"@type\":\"PropertyValueSpecification\",\"valueRequired\":true,\"valueName\":\"search_term_string\"}}],\"inLanguage\":\"fr-FR\"},{\"@type\":\"Organization\",\"@id\":\"https:\\\/\\\/www.dernier-rempart.fr\\\/wiki\\\/#organization\",\"name\":\"Dernier Rempart\",\"url\":\"https:\\\/\\\/www.dernier-rempart.fr\\\/wiki\\\/\",\"logo\":{\"@type\":\"ImageObject\",\"inLanguage\":\"fr-FR\",\"@id\":\"https:\\\/\\\/www.dernier-rempart.fr\\\/wiki\\\/#\\\/schema\\\/logo\\\/image\\\/\",\"url\":\"https:\\\/\\\/www.dernier-rempart.fr\\\/wiki\\\/wp-content\\\/uploads\\\/2020\\\/10\\\/banner_DR.png\",\"contentUrl\":\"https:\\\/\\\/www.dernier-rempart.fr\\\/wiki\\\/wp-content\\\/uploads\\\/2020\\\/10\\\/banner_DR.png\",\"width\":430,\"height\":160,\"caption\":\"Dernier Rempart\"},\"image\":{\"@id\":\"https:\\\/\\\/www.dernier-rempart.fr\\\/wiki\\\/#\\\/schema\\\/logo\\\/image\\\/\"}}]}<\/script>\n<!-- \/ Yoast SEO plugin. -->","yoast_head_json":{"title":"Kafra Adventure Log - Dernier Rempart, wiki","robots":{"index":"index","follow":"follow","max-snippet":"max-snippet:-1","max-image-preview":"max-image-preview:large","max-video-preview":"max-video-preview:-1"},"canonical":"https:\/\/www.dernier-rempart.fr\/wiki\/kafra-adventure-log\/","og_locale":"fr_FR","og_type":"article","og_title":"Kafra Adventure Log - Dernier Rempart, wiki","og_description":"Focus ici sur le premier Kafra Adventure Log de ROM:EU : 1er Dec 2020 &#8211; 20 Fev 2021 1 souscription par compte max, depuis la boutique ou l\u2019assistant pour 12.99\u20ac pour la version avanc\u00e9e. Ce dernier se trouve dans votre panneau d\u2019assistant, en cliquant sur l&rsquo;ic\u00f4ne du bas : Il se d\u00e9compose en 3 onglets &hellip; Continuer la lecture de &laquo;&nbsp;Kafra Adventure Log&nbsp;&raquo;","og_url":"https:\/\/www.dernier-rempart.fr\/wiki\/kafra-adventure-log\/","og_site_name":"Dernier Rempart, wiki","article_modified_time":"2020-12-07T17:04:32+00:00","og_image":[{"url":"https:\/\/lh4.googleusercontent.com\/scMr6vjDPpEfWlwzsis8iMZSLmhDYl1Wdep7wBWfDNd8UcM0qhKku5VOw09pc4II4z88JSdF21surwoLKnYV5EzIaCGUYmlWFBXT7cbE3PvvVBf3USa2m38FyMcSVgq0SOb038j7","type":"","width":"","height":""}],"twitter_card":"summary_large_image","twitter_misc":{"Dur\u00e9e de lecture estim\u00e9e":"2 minutes"},"schema":{"@context":"https:\/\/schema.org","@graph":[{"@type":"WebPage","@id":"https:\/\/www.dernier-rempart.fr\/wiki\/kafra-adventure-log\/","url":"https:\/\/www.dernier-rempart.fr\/wiki\/kafra-adventure-log\/","name":"Kafra Adventure Log - Dernier Rempart, wiki","isPartOf":{"@id":"https:\/\/www.dernier-rempart.fr\/wiki\/#website"},"primaryImageOfPage":{"@id":"https:\/\/www.dernier-rempart.fr\/wiki\/kafra-adventure-log\/#primaryimage"},"image":{"@id":"https:\/\/www.dernier-rempart.fr\/wiki\/kafra-adventure-log\/#primaryimage"},"thumbnailUrl":"https:\/\/lh4.googleusercontent.com\/scMr6vjDPpEfWlwzsis8iMZSLmhDYl1Wdep7wBWfDNd8UcM0qhKku5VOw09pc4II4z88JSdF21surwoLKnYV5EzIaCGUYmlWFBXT7cbE3PvvVBf3USa2m38FyMcSVgq0SOb038j7","datePublished":"2020-12-07T16:54:48+00:00","dateModified":"2020-12-07T17:04:32+00:00","breadcrumb":{"@id":"https:\/\/www.dernier-rempart.fr\/wiki\/kafra-adventure-log\/#breadcrumb"},"inLanguage":"fr-FR","potentialAction":[{"@type":"ReadAction","target":["https:\/\/www.dernier-rempart.fr\/wiki\/kafra-adventure-log\/"]}]},{"@type":"ImageObject","inLanguage":"fr-FR","@id":"https:\/\/www.dernier-rempart.fr\/wiki\/kafra-adventure-log\/#primaryimage","url":"https:\/\/lh4.googleusercontent.com\/scMr6vjDPpEfWlwzsis8iMZSLmhDYl1Wdep7wBWfDNd8UcM0qhKku5VOw09pc4II4z88JSdF21surwoLKnYV5EzIaCGUYmlWFBXT7cbE3PvvVBf3USa2m38FyMcSVgq0SOb038j7","contentUrl":"https:\/\/lh4.googleusercontent.com\/scMr6vjDPpEfWlwzsis8iMZSLmhDYl1Wdep7wBWfDNd8UcM0qhKku5VOw09pc4II4z88JSdF21surwoLKnYV5EzIaCGUYmlWFBXT7cbE3PvvVBf3USa2m38FyMcSVgq0SOb038j7"},{"@type":"BreadcrumbList","@id":"https:\/\/www.dernier-rempart.fr\/wiki\/kafra-adventure-log\/#breadcrumb","itemListElement":[{"@type":"ListItem","position":1,"name":"Accueil","item":"https:\/\/www.dernier-rempart.fr\/wiki\/"},{"@type":"ListItem","position":2,"name":"Kafra Adventure Log"}]},{"@type":"WebSite","@id":"https:\/\/www.dernier-rempart.fr\/wiki\/#website","url":"https:\/\/www.dernier-rempart.fr\/wiki\/","name":"Dernier Rempart, wiki","description":"","publisher":{"@id":"https:\/\/www.dernier-rempart.fr\/wiki\/#organization"},"potentialAction":[{"@type":"SearchAction","target":{"@type":"EntryPoint","urlTemplate":"https:\/\/www.dernier-rempart.fr\/wiki\/?s={search_term_string}"},"query-input":{"@type":"PropertyValueSpecification","valueRequired":true,"valueName":"search_term_string"}}],"inLanguage":"fr-FR"},{"@type":"Organization","@id":"https:\/\/www.dernier-rempart.fr\/wiki\/#organization","name":"Dernier Rempart","url":"https:\/\/www.dernier-rempart.fr\/wiki\/","logo":{"@type":"ImageObject","inLanguage":"fr-FR","@id":"https:\/\/www.dernier-rempart.fr\/wiki\/#\/schema\/logo\/image\/","url":"https:\/\/www.dernier-rempart.fr\/wiki\/wp-content\/uploads\/2020\/10\/banner_DR.png","contentUrl":"https:\/\/www.dernier-rempart.fr\/wiki\/wp-content\/uploads\/2020\/10\/banner_DR.png","width":430,"height":160,"caption":"Dernier Rempart"},"image":{"@id":"https:\/\/www.dernier-rempart.fr\/wiki\/#\/schema\/logo\/image\/"}}]}},"jetpack_sharing_enabled":true,"_links":{"self":[{"href":"https:\/\/www.dernier-rempart.fr\/wiki\/wp-json\/wp\/v2\/pages\/787","targetHints":{"allow":["GET"]}}],"collection":[{"href":"https:\/\/www.dernier-rempart.fr\/wiki\/wp-json\/wp\/v2\/pages"}],"about":[{"href":"https:\/\/www.dernier-rempart.fr\/wiki\/wp-json\/wp\/v2\/types\/page"}],"author":[{"embeddable":true,"href":"https:\/\/www.dernier-rempart.fr\/wiki\/wp-json\/wp\/v2\/users\/3"}],"replies":[{"embeddable":true,"href":"https:\/\/www.dernier-rempart.fr\/wiki\/wp-json\/wp\/v2\/comments?post=787"}],"version-history":[{"count":3,"href":"https:\/\/www.dernier-rempart.fr\/wiki\/wp-json\/wp\/v2\/pages\/787\/revisions"}],"predecessor-version":[{"id":792,"href":"https:\/\/www.dernier-rempart.fr\/wiki\/wp-json\/wp\/v2\/pages\/787\/revisions\/792"}],"wp:attachment":[{"href":"https:\/\/www.dernier-rempart.fr\/wiki\/wp-json\/wp\/v2\/media?parent=787"}],"wp:term":[{"taxonomy":"category","embeddable":true,"href":"https:\/\/www.dernier-rempart.fr\/wiki\/wp-json\/wp\/v2\/categories?post=787"},{"taxonomy":"post_tag","embeddable":true,"href":"https:\/\/www.dernier-rempart.fr\/wiki\/wp-json\/wp\/v2\/tags?post=787"}],"curies":[{"name":"wp","href":"https:\/\/api.w.org\/{rel}","templated":true}]}}