{"id":76,"date":"2020-07-28T22:58:19","date_gmt":"2020-07-28T20:58:19","guid":{"rendered":"https:\/\/dernierdotrempart.wordpress.com\/?page_id=76"},"modified":"2020-11-08T01:59:49","modified_gmt":"2020-11-08T00:59:49","slug":"la-woc","status":"publish","type":"page","link":"https:\/\/www.dernier-rempart.fr\/wiki\/la-woc\/","title":{"rendered":"<center>La WoC<\/center>"},"content":{"rendered":"\n<p>Les r\u00e8gles de la War of Crystal : <br><strong>Quand <\/strong>: Le Dimanche \u00e0 21h (\u00e9t\u00e9)\/20h (hiver), si nous poss\u00e9dons un ch\u00e2teau 1 \u00e0 l&rsquo;issue de la WoE. <br><strong>Dur\u00e9e <\/strong>: 30 minutes max <br><br>Quatre guildes s&rsquo;affrontent sur une carte avec comme objectif de cumuler 5 Cristaux (ou d&rsquo;en avoir le plus \u00e0 l&rsquo;issue des 30 minutes). <br>Particularit\u00e9s int\u00e9ressantes, nous voyons tout les membres de la Guilde sur la mini map, et nous pouvons rentrer 3 minutes avant le d\u00e9but pour observer les guildes adverses pr\u00e9sentes.<br> <\/p>\n\n\n\n<div class=\"wp-block-image\"><figure class=\"aligncenter size-large is-resized\"><img loading=\"lazy\" decoding=\"async\" data-attachment-id=\"356\" data-permalink=\"https:\/\/www.dernier-rempart.fr\/wiki\/la-woc\/woc1\/\" data-orig-file=\"https:\/\/www.dernier-rempart.fr\/wiki\/wp-content\/uploads\/2020\/08\/woc1.png\" data-orig-size=\"478,406\" data-comments-opened=\"1\" data-image-meta=\"{&quot;aperture&quot;:&quot;0&quot;,&quot;credit&quot;:&quot;&quot;,&quot;camera&quot;:&quot;&quot;,&quot;caption&quot;:&quot;&quot;,&quot;created_timestamp&quot;:&quot;0&quot;,&quot;copyright&quot;:&quot;&quot;,&quot;focal_length&quot;:&quot;0&quot;,&quot;iso&quot;:&quot;0&quot;,&quot;shutter_speed&quot;:&quot;0&quot;,&quot;title&quot;:&quot;&quot;,&quot;orientation&quot;:&quot;0&quot;}\" data-image-title=\"woc1\" data-image-description=\"\" data-image-caption=\"\" data-large-file=\"https:\/\/www.dernier-rempart.fr\/wiki\/wp-content\/uploads\/2020\/08\/woc1.png\" src=\"https:\/\/www.dernier-rempart.fr\/wiki\/wp-content\/uploads\/2020\/08\/woc1.png\" alt=\"\" class=\"wp-image-356\" width=\"478\" height=\"406\" srcset=\"https:\/\/www.dernier-rempart.fr\/wiki\/wp-content\/uploads\/2020\/08\/woc1.png 478w, https:\/\/www.dernier-rempart.fr\/wiki\/wp-content\/uploads\/2020\/08\/woc1-300x255.png 300w\" sizes=\"auto, (max-width: 478px) 100vw, 478px\" \/><\/figure><\/div>\n\n\n\n<p><\/p>\n\n\n\n<p>3 axes principaux :<br>&#8211; <strong>La capture de point<\/strong> : Deux points sur les c\u00f4t\u00e9s donnent chacun un cristal.<br>Le point du milieu en donne deux. Il faut environ 30 secondes pour capturer un point. D\u00e8s qu&rsquo;on perd le point, on perd le cristal associ\u00e9. La capture peut commencer 3 minutes apr\u00e8s le d\u00e9but de partie.<\/p>\n\n\n\n<p>&#8211; <strong>La D\u00e9fense\/Break d&#8217;emperium<\/strong> : Chaque guilde \u00e0 un emperium dans sa base (aux quatre coins de la carte). L&#8217;emperium fournit un Cristal. Breaker un emperium fait perdre le cristal \u00e0 la guilde (mais n&rsquo;en fait pas gagner aux Breakers). <em>On peut apparemment r\u00e9parer les emp\u00e9riums, quand nos guildiens loot des Shard sur les MVP.<\/em><\/p>\n\n\n\n<p>&#8211; <strong>La chasse aux MVP<\/strong> : Des MVP apparaissent apr\u00e8s quelques minutes. Chaque MVP donne un fragments de cristal. 4 Fragments = 1 Cristal pour la guilde.<br>Les MVP ont beaucoup de PV, il faut compter 2 teams au minimum pour les tuer.<\/p>\n\n\n\n<p>M\u00eame si vous n&rsquo;avez pas de stuff PvP, ni \u00eates Haut Niveau, vous pouvez aider sur les MVP ou pour les objectifs de la WoC. Chaque coup compte dans la m\u00eal\u00e9e.<br>Peu importe le r\u00e9sultat, chaque place est r\u00e9compens\u00e9e; donnant beaucoup d&rsquo;Honor Proof et de prayings cards.<\/p>\n","protected":false},"excerpt":{"rendered":"<p>Les r\u00e8gles de la War of Crystal : Quand : Le Dimanche \u00e0 21h (\u00e9t\u00e9)\/20h (hiver), si nous poss\u00e9dons un ch\u00e2teau 1 \u00e0 l&rsquo;issue de la WoE. Dur\u00e9e : 30 minutes max Quatre guildes s&rsquo;affrontent sur une carte avec comme objectif de cumuler 5 Cristaux (ou d&rsquo;en avoir le plus \u00e0 l&rsquo;issue des 30 minutes). &hellip; <\/p>\n<p class=\"link-more\"><a href=\"https:\/\/www.dernier-rempart.fr\/wiki\/la-woc\/\" class=\"more-link\">Continuer la lecture<span class=\"screen-reader-text\"> de &laquo;&nbsp;<center>La WoC<\/center>&nbsp;&raquo;<\/span><\/a><\/p>\n","protected":false},"author":2,"featured_media":0,"parent":0,"menu_order":0,"comment_status":"closed","ping_status":"closed","template":"","meta":{"_acf_changed":false,"footnotes":""},"categories":[],"tags":[],"class_list":["post-76","page","type-page","status-publish","hentry"],"acf":[],"yoast_head":"<!-- This site is optimized with the Yoast SEO plugin v27.4 - https:\/\/yoast.com\/product\/yoast-seo-wordpress\/ -->\n<title>La WoC - Dernier Rempart, wiki<\/title>\n<meta name=\"robots\" content=\"index, follow, max-snippet:-1, max-image-preview:large, max-video-preview:-1\" \/>\n<link rel=\"canonical\" href=\"https:\/\/www.dernier-rempart.fr\/wiki\/la-woc\/\" \/>\n<meta property=\"og:locale\" content=\"fr_FR\" \/>\n<meta property=\"og:type\" content=\"article\" \/>\n<meta property=\"og:title\" content=\"La WoC - Dernier Rempart, wiki\" \/>\n<meta property=\"og:description\" content=\"Les r\u00e8gles de la War of Crystal : Quand : Le Dimanche \u00e0 21h (\u00e9t\u00e9)\/20h (hiver), si nous poss\u00e9dons un ch\u00e2teau 1 \u00e0 l&rsquo;issue de la WoE. Dur\u00e9e : 30 minutes max Quatre guildes s&rsquo;affrontent sur une carte avec comme objectif de cumuler 5 Cristaux (ou d&rsquo;en avoir le plus \u00e0 l&rsquo;issue des 30 minutes). &hellip; Continuer la lecture de &laquo;&nbsp;La WoC&nbsp;&raquo;\" \/>\n<meta property=\"og:url\" content=\"https:\/\/www.dernier-rempart.fr\/wiki\/la-woc\/\" \/>\n<meta property=\"og:site_name\" content=\"Dernier Rempart, wiki\" \/>\n<meta property=\"article:modified_time\" content=\"2020-11-08T00:59:49+00:00\" \/>\n<meta property=\"og:image\" content=\"https:\/\/www.dernier-rempart.fr\/wiki\/wp-content\/uploads\/2020\/08\/woc1.png\" \/>\n<meta name=\"twitter:card\" content=\"summary_large_image\" \/>\n<meta name=\"twitter:label1\" content=\"Dur\u00e9e de lecture estim\u00e9e\" \/>\n\t<meta name=\"twitter:data1\" content=\"1 minute\" \/>\n<script type=\"application\/ld+json\" class=\"yoast-schema-graph\">{\"@context\":\"https:\\\/\\\/schema.org\",\"@graph\":[{\"@type\":\"WebPage\",\"@id\":\"https:\\\/\\\/www.dernier-rempart.fr\\\/wiki\\\/la-woc\\\/\",\"url\":\"https:\\\/\\\/www.dernier-rempart.fr\\\/wiki\\\/la-woc\\\/\",\"name\":\"La WoC - Dernier Rempart, wiki\",\"isPartOf\":{\"@id\":\"https:\\\/\\\/www.dernier-rempart.fr\\\/wiki\\\/#website\"},\"primaryImageOfPage\":{\"@id\":\"https:\\\/\\\/www.dernier-rempart.fr\\\/wiki\\\/la-woc\\\/#primaryimage\"},\"image\":{\"@id\":\"https:\\\/\\\/www.dernier-rempart.fr\\\/wiki\\\/la-woc\\\/#primaryimage\"},\"thumbnailUrl\":\"https:\\\/\\\/www.dernier-rempart.fr\\\/wiki\\\/wp-content\\\/uploads\\\/2020\\\/08\\\/woc1.png\",\"datePublished\":\"2020-07-28T20:58:19+00:00\",\"dateModified\":\"2020-11-08T00:59:49+00:00\",\"breadcrumb\":{\"@id\":\"https:\\\/\\\/www.dernier-rempart.fr\\\/wiki\\\/la-woc\\\/#breadcrumb\"},\"inLanguage\":\"fr-FR\",\"potentialAction\":[{\"@type\":\"ReadAction\",\"target\":[\"https:\\\/\\\/www.dernier-rempart.fr\\\/wiki\\\/la-woc\\\/\"]}]},{\"@type\":\"ImageObject\",\"inLanguage\":\"fr-FR\",\"@id\":\"https:\\\/\\\/www.dernier-rempart.fr\\\/wiki\\\/la-woc\\\/#primaryimage\",\"url\":\"https:\\\/\\\/www.dernier-rempart.fr\\\/wiki\\\/wp-content\\\/uploads\\\/2020\\\/08\\\/woc1.png\",\"contentUrl\":\"https:\\\/\\\/www.dernier-rempart.fr\\\/wiki\\\/wp-content\\\/uploads\\\/2020\\\/08\\\/woc1.png\",\"width\":478,\"height\":406},{\"@type\":\"BreadcrumbList\",\"@id\":\"https:\\\/\\\/www.dernier-rempart.fr\\\/wiki\\\/la-woc\\\/#breadcrumb\",\"itemListElement\":[{\"@type\":\"ListItem\",\"position\":1,\"name\":\"Accueil\",\"item\":\"https:\\\/\\\/www.dernier-rempart.fr\\\/wiki\\\/\"},{\"@type\":\"ListItem\",\"position\":2,\"name\":\"La WoC\"}]},{\"@type\":\"WebSite\",\"@id\":\"https:\\\/\\\/www.dernier-rempart.fr\\\/wiki\\\/#website\",\"url\":\"https:\\\/\\\/www.dernier-rempart.fr\\\/wiki\\\/\",\"name\":\"Dernier Rempart, wiki\",\"description\":\"\",\"publisher\":{\"@id\":\"https:\\\/\\\/www.dernier-rempart.fr\\\/wiki\\\/#organization\"},\"potentialAction\":[{\"@type\":\"SearchAction\",\"target\":{\"@type\":\"EntryPoint\",\"urlTemplate\":\"https:\\\/\\\/www.dernier-rempart.fr\\\/wiki\\\/?s={search_term_string}\"},\"query-input\":{\"@type\":\"PropertyValueSpecification\",\"valueRequired\":true,\"valueName\":\"search_term_string\"}}],\"inLanguage\":\"fr-FR\"},{\"@type\":\"Organization\",\"@id\":\"https:\\\/\\\/www.dernier-rempart.fr\\\/wiki\\\/#organization\",\"name\":\"Dernier Rempart\",\"url\":\"https:\\\/\\\/www.dernier-rempart.fr\\\/wiki\\\/\",\"logo\":{\"@type\":\"ImageObject\",\"inLanguage\":\"fr-FR\",\"@id\":\"https:\\\/\\\/www.dernier-rempart.fr\\\/wiki\\\/#\\\/schema\\\/logo\\\/image\\\/\",\"url\":\"https:\\\/\\\/www.dernier-rempart.fr\\\/wiki\\\/wp-content\\\/uploads\\\/2020\\\/10\\\/banner_DR.png\",\"contentUrl\":\"https:\\\/\\\/www.dernier-rempart.fr\\\/wiki\\\/wp-content\\\/uploads\\\/2020\\\/10\\\/banner_DR.png\",\"width\":430,\"height\":160,\"caption\":\"Dernier Rempart\"},\"image\":{\"@id\":\"https:\\\/\\\/www.dernier-rempart.fr\\\/wiki\\\/#\\\/schema\\\/logo\\\/image\\\/\"}}]}<\/script>\n<!-- \/ Yoast SEO plugin. -->","yoast_head_json":{"title":"La WoC - Dernier Rempart, wiki","robots":{"index":"index","follow":"follow","max-snippet":"max-snippet:-1","max-image-preview":"max-image-preview:large","max-video-preview":"max-video-preview:-1"},"canonical":"https:\/\/www.dernier-rempart.fr\/wiki\/la-woc\/","og_locale":"fr_FR","og_type":"article","og_title":"La WoC - Dernier Rempart, wiki","og_description":"Les r\u00e8gles de la War of Crystal : Quand : Le Dimanche \u00e0 21h (\u00e9t\u00e9)\/20h (hiver), si nous poss\u00e9dons un ch\u00e2teau 1 \u00e0 l&rsquo;issue de la WoE. Dur\u00e9e : 30 minutes max Quatre guildes s&rsquo;affrontent sur une carte avec comme objectif de cumuler 5 Cristaux (ou d&rsquo;en avoir le plus \u00e0 l&rsquo;issue des 30 minutes). &hellip; Continuer la lecture de &laquo;&nbsp;La WoC&nbsp;&raquo;","og_url":"https:\/\/www.dernier-rempart.fr\/wiki\/la-woc\/","og_site_name":"Dernier Rempart, wiki","article_modified_time":"2020-11-08T00:59:49+00:00","og_image":[{"url":"https:\/\/www.dernier-rempart.fr\/wiki\/wp-content\/uploads\/2020\/08\/woc1.png","type":"","width":"","height":""}],"twitter_card":"summary_large_image","twitter_misc":{"Dur\u00e9e de lecture estim\u00e9e":"1 minute"},"schema":{"@context":"https:\/\/schema.org","@graph":[{"@type":"WebPage","@id":"https:\/\/www.dernier-rempart.fr\/wiki\/la-woc\/","url":"https:\/\/www.dernier-rempart.fr\/wiki\/la-woc\/","name":"La WoC - Dernier Rempart, wiki","isPartOf":{"@id":"https:\/\/www.dernier-rempart.fr\/wiki\/#website"},"primaryImageOfPage":{"@id":"https:\/\/www.dernier-rempart.fr\/wiki\/la-woc\/#primaryimage"},"image":{"@id":"https:\/\/www.dernier-rempart.fr\/wiki\/la-woc\/#primaryimage"},"thumbnailUrl":"https:\/\/www.dernier-rempart.fr\/wiki\/wp-content\/uploads\/2020\/08\/woc1.png","datePublished":"2020-07-28T20:58:19+00:00","dateModified":"2020-11-08T00:59:49+00:00","breadcrumb":{"@id":"https:\/\/www.dernier-rempart.fr\/wiki\/la-woc\/#breadcrumb"},"inLanguage":"fr-FR","potentialAction":[{"@type":"ReadAction","target":["https:\/\/www.dernier-rempart.fr\/wiki\/la-woc\/"]}]},{"@type":"ImageObject","inLanguage":"fr-FR","@id":"https:\/\/www.dernier-rempart.fr\/wiki\/la-woc\/#primaryimage","url":"https:\/\/www.dernier-rempart.fr\/wiki\/wp-content\/uploads\/2020\/08\/woc1.png","contentUrl":"https:\/\/www.dernier-rempart.fr\/wiki\/wp-content\/uploads\/2020\/08\/woc1.png","width":478,"height":406},{"@type":"BreadcrumbList","@id":"https:\/\/www.dernier-rempart.fr\/wiki\/la-woc\/#breadcrumb","itemListElement":[{"@type":"ListItem","position":1,"name":"Accueil","item":"https:\/\/www.dernier-rempart.fr\/wiki\/"},{"@type":"ListItem","position":2,"name":"La WoC"}]},{"@type":"WebSite","@id":"https:\/\/www.dernier-rempart.fr\/wiki\/#website","url":"https:\/\/www.dernier-rempart.fr\/wiki\/","name":"Dernier Rempart, wiki","description":"","publisher":{"@id":"https:\/\/www.dernier-rempart.fr\/wiki\/#organization"},"potentialAction":[{"@type":"SearchAction","target":{"@type":"EntryPoint","urlTemplate":"https:\/\/www.dernier-rempart.fr\/wiki\/?s={search_term_string}"},"query-input":{"@type":"PropertyValueSpecification","valueRequired":true,"valueName":"search_term_string"}}],"inLanguage":"fr-FR"},{"@type":"Organization","@id":"https:\/\/www.dernier-rempart.fr\/wiki\/#organization","name":"Dernier Rempart","url":"https:\/\/www.dernier-rempart.fr\/wiki\/","logo":{"@type":"ImageObject","inLanguage":"fr-FR","@id":"https:\/\/www.dernier-rempart.fr\/wiki\/#\/schema\/logo\/image\/","url":"https:\/\/www.dernier-rempart.fr\/wiki\/wp-content\/uploads\/2020\/10\/banner_DR.png","contentUrl":"https:\/\/www.dernier-rempart.fr\/wiki\/wp-content\/uploads\/2020\/10\/banner_DR.png","width":430,"height":160,"caption":"Dernier Rempart"},"image":{"@id":"https:\/\/www.dernier-rempart.fr\/wiki\/#\/schema\/logo\/image\/"}}]}},"jetpack_sharing_enabled":true,"_links":{"self":[{"href":"https:\/\/www.dernier-rempart.fr\/wiki\/wp-json\/wp\/v2\/pages\/76","targetHints":{"allow":["GET"]}}],"collection":[{"href":"https:\/\/www.dernier-rempart.fr\/wiki\/wp-json\/wp\/v2\/pages"}],"about":[{"href":"https:\/\/www.dernier-rempart.fr\/wiki\/wp-json\/wp\/v2\/types\/page"}],"author":[{"embeddable":true,"href":"https:\/\/www.dernier-rempart.fr\/wiki\/wp-json\/wp\/v2\/users\/2"}],"replies":[{"embeddable":true,"href":"https:\/\/www.dernier-rempart.fr\/wiki\/wp-json\/wp\/v2\/comments?post=76"}],"version-history":[{"count":5,"href":"https:\/\/www.dernier-rempart.fr\/wiki\/wp-json\/wp\/v2\/pages\/76\/revisions"}],"predecessor-version":[{"id":780,"href":"https:\/\/www.dernier-rempart.fr\/wiki\/wp-json\/wp\/v2\/pages\/76\/revisions\/780"}],"wp:attachment":[{"href":"https:\/\/www.dernier-rempart.fr\/wiki\/wp-json\/wp\/v2\/media?parent=76"}],"wp:term":[{"taxonomy":"category","embeddable":true,"href":"https:\/\/www.dernier-rempart.fr\/wiki\/wp-json\/wp\/v2\/categories?post=76"},{"taxonomy":"post_tag","embeddable":true,"href":"https:\/\/www.dernier-rempart.fr\/wiki\/wp-json\/wp\/v2\/tags?post=76"}],"curies":[{"name":"wp","href":"https:\/\/api.w.org\/{rel}","templated":true}]}}