{"id":751,"date":"2020-10-18T18:54:43","date_gmt":"2020-10-18T16:54:43","guid":{"rendered":"https:\/\/www.dernier-rempart.fr\/wiki\/?page_id=751"},"modified":"2024-05-12T03:33:45","modified_gmt":"2024-05-12T01:33:45","slug":"les-monnaies","status":"publish","type":"page","link":"https:\/\/www.dernier-rempart.fr\/wiki\/les-monnaies\/","title":{"rendered":"Les Monnaies"},"content":{"rendered":"\n<p>Il existe de nombreuse monnaies diff\u00e9rentes dans ROM. <br>Les monnaies se trouve soit dans votre inventaire soit dans l&rsquo;onglet sp\u00e9cifique d\u00e9di\u00e9e \u00e0 celle-ci dans celui-ci. <\/p>\n\n\n\n<figure class=\"wp-block-image size-large is-resized\"><img loading=\"lazy\" decoding=\"async\" width=\"79\" height=\"163\" data-attachment-id=\"756\" data-permalink=\"https:\/\/www.dernier-rempart.fr\/wiki\/les-monnaies\/image-4-3\/\" data-orig-file=\"https:\/\/www.dernier-rempart.fr\/wiki\/wp-content\/uploads\/2020\/10\/image-4.png\" data-orig-size=\"79,163\" data-comments-opened=\"1\" data-image-meta=\"{&quot;aperture&quot;:&quot;0&quot;,&quot;credit&quot;:&quot;&quot;,&quot;camera&quot;:&quot;&quot;,&quot;caption&quot;:&quot;&quot;,&quot;created_timestamp&quot;:&quot;0&quot;,&quot;copyright&quot;:&quot;&quot;,&quot;focal_length&quot;:&quot;0&quot;,&quot;iso&quot;:&quot;0&quot;,&quot;shutter_speed&quot;:&quot;0&quot;,&quot;title&quot;:&quot;&quot;,&quot;orientation&quot;:&quot;0&quot;}\" data-image-title=\"image-4\" data-image-description=\"\" data-image-caption=\"\" data-large-file=\"https:\/\/www.dernier-rempart.fr\/wiki\/wp-content\/uploads\/2020\/10\/image-4.png\" src=\"https:\/\/www.dernier-rempart.fr\/wiki\/wp-content\/uploads\/2020\/10\/image-4.png\" alt=\"\" class=\"wp-image-756\" style=\"width:76px;height:157px\"\/><\/figure>\n\n\n\n<p>Il existe 3 sous onglets dans les monnaies.<br><\/p>\n\n\n\n<figure class=\"wp-block-image size-large\"><img loading=\"lazy\" decoding=\"async\" width=\"238\" height=\"56\" data-attachment-id=\"836\" data-permalink=\"https:\/\/www.dernier-rempart.fr\/wiki\/les-monnaies\/image-1-5\/\" data-orig-file=\"https:\/\/www.dernier-rempart.fr\/wiki\/wp-content\/uploads\/2021\/02\/image-1.png\" data-orig-size=\"238,56\" data-comments-opened=\"1\" data-image-meta=\"{&quot;aperture&quot;:&quot;0&quot;,&quot;credit&quot;:&quot;&quot;,&quot;camera&quot;:&quot;&quot;,&quot;caption&quot;:&quot;&quot;,&quot;created_timestamp&quot;:&quot;0&quot;,&quot;copyright&quot;:&quot;&quot;,&quot;focal_length&quot;:&quot;0&quot;,&quot;iso&quot;:&quot;0&quot;,&quot;shutter_speed&quot;:&quot;0&quot;,&quot;title&quot;:&quot;&quot;,&quot;orientation&quot;:&quot;0&quot;}\" data-image-title=\"image-1\" data-image-description=\"\" data-image-caption=\"\" data-large-file=\"https:\/\/www.dernier-rempart.fr\/wiki\/wp-content\/uploads\/2021\/02\/image-1.png\" src=\"https:\/\/www.dernier-rempart.fr\/wiki\/wp-content\/uploads\/2021\/02\/image-1.png\" alt=\"\" class=\"wp-image-836\"\/><\/figure>\n\n\n\n<p>Le premier sont des \u00ab\u00a0Monnaies g\u00e9n\u00e9riques\u00a0\u00bb unique par perso et utilisable dans diff\u00e9rents shop.<br>Le deuxi\u00e8me sont les shops. Ce sont des monnaies qui permette d&rsquo;ouvrir un shop directement en cliquant sur le bouton use dans leurs descriptions. Certaines de ces monnaies sont partag\u00e9 entre plusieurs personnages.<br>Le troisi\u00e8me se sont des monnaies li\u00e9es aux events ou au gacha. Nous ne les d\u00e9taillerons pas ici. <\/p>\n\n\n\n<h1 class=\"wp-block-heading\">Les Monnaies G\u00e9n\u00e9riques<\/h1>\n\n\n\n<h2 class=\"wp-block-heading\">Zeny<\/h2>\n\n\n\n<p>Les Zeny sont la monnaies de base du jeu, elle sert dans l&rsquo;exchange pour acheter les consommables de base \u00e0 l&rsquo;item shop ou au food shop. C&rsquo;est aussi ce que l&rsquo;ont obtiens quand on vend des objets aux pnj.<\/p>\n\n\n\n<h2 class=\"wp-block-heading\">Big Cat Coin (BCC)<\/h2>\n\n\n\n<p>C&rsquo;est une monnaies qui s&rsquo;ach\u00e8te contre de l&rsquo;argent r\u00e9el. Elle sert \u00e0 plein de chose. Faire les achats dans le BCoin Store, Multi-class\u00e9 son personnage, rajouter des slots dans le Ymir Book&#8230;<\/p>\n\n\n\n<h2 class=\"wp-block-heading\">Contribution<\/h2>\n\n\n\n<p>Cette monnaie sert \u00e0 d\u00e9bloqu\u00e9 des \u00e9l\u00e9m\u00e9nets de l&rsquo;Aesir, des \u00e9l\u00e9ments dans la vending machine ou des dons pour les godly de guild \u00e0 l&rsquo;Obelisk.<br>Une fois votre Aesir termin\u00e9 le meilleur usage et l&rsquo;achat de Praying card si vous en avez besoin. <\/p>\n\n\n\n<h2 class=\"wp-block-heading\">Gold Medal<\/h2>\n\n\n\n<p>Cette monnaie sert \u00e0 d\u00e9bloqu\u00e9 des \u00e9l\u00e9m\u00e9nets de l&rsquo;Aesir, on peut aussi<\/p>\n\n\n\n<h2 class=\"wp-block-heading\">Rewards Point<\/h2>\n\n\n\n<p><\/p>\n\n\n\n<h2 class=\"wp-block-heading\">Honor Proof<\/h2>\n\n\n\n<p>Cette monnaie est une des plus importante du jeu. Elle sert principalement \u00e0 la vending machine de la guilde afin d&rsquo;acheter des praying cards. <\/p>\n\n\n\n<p>Elle peut aussi \u00eatre utilis\u00e9 \u00e0 Prontera aupr\u00e8s de Don le Team Competition Merchant pour acheter les headwear li\u00e9e au <a href=\"https:\/\/www.dernier-rempart.fr\/wiki\/6v6\/\">6v6<\/a> ou encore mais c&rsquo;est d\u00e9conseill\u00e9 aupr\u00e8s de Yann Shinra \u00ab\u00a0honorary Merchant\u00a0\u00bb pour prendre des mora coin, gold medal ou Contribution. <\/p>\n\n\n\n<p>Usage conseill\u00e9 par le redacteur : Praying Card, Broken Repairing Shard.<br>Les Broken Repairing Shard peuvent \u00eatre acheter avec un personnage secondaire.<\/p>\n\n\n\n<h1 class=\"wp-block-heading\">Les Monnaies Shop<\/h1>\n\n\n\n<p>Il est tr\u00e8s compliqu\u00e9 de faire un listing complet de toutes les monnaies nous ferons donc un tour d&rsquo;horizon des plus importantes<\/p>\n\n\n\n<h2 class=\"wp-block-heading\">Les Monnaies des zones.<\/h2>\n\n\n\n<p>Chaque zone se trouvant apr\u00e8s Glast Heim poss\u00e8de une monnaie sp\u00e9cial permettant d&rsquo;acheter des blueprints pour des hats.<br>La plus connu de ces monnaies est la \u00ab\u00a0Creste&rsquo;s Royal Medal\u00a0\u00bb qui permet d&rsquo;acheter les blueprints des Devil Wing et du Angel Spirit.<br>Voici une liste de ces monnaies et les zones affili\u00e9e.<\/p>\n\n\n\n<div class=\"wp-block-group\"><div class=\"wp-block-group__inner-container is-layout-flow wp-block-group-is-layout-flow\">\n<ul class=\"wp-block-list\">\n<li>Donuts : Lasagna<\/li>\n\n\n\n<li>Creste&rsquo;s Royal Medal : Glast Heim<\/li>\n\n\n\n<li>Tattered Time Pointer : Aldebaran<\/li>\n\n\n\n<li>Edelweiss : Gingerbread<\/li>\n\n\n\n<li>Ancient coins with relics : Yuno<\/li>\n\n\n\n<li>Scary Pumpkin : Nifflheim<\/li>\n\n\n\n<li>Mechanical Gear : Lighthalzen<\/li>\n<\/ul>\n\n\n\n<h2 class=\"wp-block-heading\">Adventure Riceball<\/h2>\n\n\n\n<p>S&rsquo;obtienne principalement gr\u00e2ce \u00e0 vos pets. <\/p>\n\n\n\n<p>Conseil du R\u00e9dacteur : Fortune Coin. Chaque semaine.<\/p>\n\n\n\n<h2 class=\"wp-block-heading\">Colorful Shell<\/h2>\n\n\n\n<p>Monnaie permettant d&rsquo;acheter des objets de capture pour pets. La collection de pet est un des moyens pour avanc\u00e9 sur votre <a href=\"https:\/\/www.dernier-rempart.fr\/wiki\/book\/\">Book<\/a>. <\/p>\n<\/div><\/div>\n\n\n\n<h2 class=\"wp-block-heading\">Eden coin<\/h2>\n\n\n\n<p>Monnaie pouvait \u00eatre utilis\u00e9 soit pour acheter des blueprints de headwear ou des drops de monstre au Lucky Shop.<\/p>\n\n\n\n<p>Conseil du r\u00e9dacteur : Les headwears sont le meilleur usage car ils sont n\u00e9cessaire pour l&rsquo;avanc\u00e9 de votre <a href=\"https:\/\/www.dernier-rempart.fr\/wiki\/book\/\">book<\/a>.<\/p>\n\n\n\n<h2 class=\"wp-block-heading\">Mora coin \/ Oracle Dust \/ Oracle Crystal<\/h2>\n\n\n\n<p>Monnaies utilis\u00e9 pour les enchantement.<\/p>\n\n\n\n<p>Conseil du r\u00e9dacteur : Les enchantement sont principalement n\u00e9cessaire en End Game.<\/p>\n\n\n\n<h2 class=\"wp-block-heading\">Assistant&rsquo;s Medal of Honor<\/h2>\n\n\n\n<p>Monnaie obtenue en r\u00e9alisant les taches mensuels. Elle peut \u00eatre utilis\u00e9 pour acheter de nombreux \u00e9l\u00e9ments. <\/p>\n\n\n\n<p>Conseil du r\u00e9dacteur : Time Invitation ou Big Cat Voucher I.<br>D&rsquo;autres consid\u00e8re qu&rsquo;il peut \u00eatre int\u00e9ressant d&rsquo;acheter des Enchantment Crystallization qui peuvent permettre de reroll des lignes d&rsquo;enchant ou d&rsquo;acheter des tickets d&rsquo;enchant. <br>D&rsquo;autres proposent d&rsquo;acheter des Praying Card. <br>Personnellement je reste sur les tickets pour le Gacha car l&rsquo;avancement du book est ce qu&rsquo;il y a de plus important \u00e0 long terme. <\/p>\n\n\n\n<h2 class=\"wp-block-heading\">Great Mentor&rsquo;s Licence<\/h2>\n\n\n\n<p>Monnaie obtenue avec des Student depuis le system de Student \/ Mentor pr\u00e9sent in game. (Les joueurs utilisent surtout des Alts comme student)<\/p>\n\n\n\n<p>Conseil du R\u00e9dacteur : Mentor&rsquo;s Potion. Elles permettent d&rsquo;augmenter le Combat Time. <\/p>\n\n\n\n<h2 class=\"wp-block-heading\">Adventurer Coin<\/h2>\n\n\n\n<p>Monnaie obtenue en compensation des mise \u00e0 jours.<\/p>\n\n\n\n<p>Conseil du R\u00e9dacteur : Alice Doll -> Gold Deviruchi Wing -> Gold Four-winged Valkyrie. <\/p>\n\n\n\n<h2 class=\"wp-block-heading\">Freyr Coin<\/h2>\n\n\n\n<p>Une monnaie obtenue sur certains event ou pouvant \u00eatre obtenue gr\u00e2ce au shard de costume non utilis\u00e9 du gacha. Permet d&rsquo;acheter des items de Gacha Rouge. <\/p>\n\n\n\n<p>Conseil du r\u00e9dacteur : Des Costumes pour le 1% Atk\/Matk<\/p>\n\n\n\n<h1 class=\"wp-block-heading\">Les Monnaies disparus<\/h1>\n\n\n\n<h2 class=\"wp-block-heading\">Les Friendship proof<\/h2>\n\n\n\n<p>Cette monnaie a disparu. Elle \u00e9tait obtenu en faisant des activit\u00e9s avec d&rsquo;autres joueurs. <br>Elle sert uniquement \u00e0 \u00eatre \u00e9changer contre des Mora coins. <\/p>\n\n\n\n<h2 class=\"wp-block-heading\">Silver Medal<\/h2>\n\n\n\n<p><\/p>\n\n\n\n<h2 class=\"wp-block-heading\">Nibelungen Shard<\/h2>\n\n\n\n<p>Avant elles \u00e9taient obtenu dans l&rsquo;instance <a href=\"https:\/\/www.dernier-rempart.fr\/wiki\/valhalla-ruins-vr\/\">Valhalla Ruins<\/a>. Maintenant on ne peut plus les obtenirs mais vous pouvez les utiliser pour obtenir des Honors Proof.<\/p>\n\n\n\n<p><\/p>\n\n\n\n<h2 class=\"wp-block-heading\">Shining Glass Bead<\/h2>\n\n\n\n<p>Conseil du r\u00e9dacteur : Prenez des Steward Cat&rsquo;s Gift avec. <\/p>\n\n\n\n<h1 class=\"wp-block-heading\">Les Monnaies dans l&rsquo;inventaire<\/h1>\n","protected":false},"excerpt":{"rendered":"<p>Il existe de nombreuse monnaies diff\u00e9rentes dans ROM. Les monnaies se trouve soit dans votre inventaire soit dans l&rsquo;onglet sp\u00e9cifique d\u00e9di\u00e9e \u00e0 celle-ci dans celui-ci. Il existe 3 sous onglets dans les monnaies. Le premier sont des \u00ab\u00a0Monnaies g\u00e9n\u00e9riques\u00a0\u00bb unique par perso et utilisable dans diff\u00e9rents shop.Le deuxi\u00e8me sont les shops. Ce sont des monnaies &hellip; <\/p>\n<p class=\"link-more\"><a href=\"https:\/\/www.dernier-rempart.fr\/wiki\/les-monnaies\/\" class=\"more-link\">Continuer la lecture<span class=\"screen-reader-text\"> de &laquo;&nbsp;Les Monnaies&nbsp;&raquo;<\/span><\/a><\/p>\n","protected":false},"author":4,"featured_media":0,"parent":0,"menu_order":0,"comment_status":"closed","ping_status":"closed","template":"","meta":{"_acf_changed":false,"footnotes":""},"categories":[],"tags":[],"class_list":["post-751","page","type-page","status-publish","hentry"],"acf":[],"yoast_head":"<!-- This site is optimized with the Yoast SEO plugin v27.4 - https:\/\/yoast.com\/product\/yoast-seo-wordpress\/ -->\n<title>Les Monnaies - Dernier Rempart, wiki<\/title>\n<meta name=\"robots\" content=\"index, follow, max-snippet:-1, max-image-preview:large, max-video-preview:-1\" \/>\n<link rel=\"canonical\" href=\"https:\/\/www.dernier-rempart.fr\/wiki\/les-monnaies\/\" \/>\n<meta property=\"og:locale\" content=\"fr_FR\" \/>\n<meta property=\"og:type\" content=\"article\" \/>\n<meta property=\"og:title\" content=\"Les Monnaies - Dernier Rempart, wiki\" \/>\n<meta property=\"og:description\" content=\"Il existe de nombreuse monnaies diff\u00e9rentes dans ROM. Les monnaies se trouve soit dans votre inventaire soit dans l&rsquo;onglet sp\u00e9cifique d\u00e9di\u00e9e \u00e0 celle-ci dans celui-ci. Il existe 3 sous onglets dans les monnaies. Le premier sont des \u00ab\u00a0Monnaies g\u00e9n\u00e9riques\u00a0\u00bb unique par perso et utilisable dans diff\u00e9rents shop.Le deuxi\u00e8me sont les shops. Ce sont des monnaies &hellip; Continuer la lecture de &laquo;&nbsp;Les Monnaies&nbsp;&raquo;\" \/>\n<meta property=\"og:url\" content=\"https:\/\/www.dernier-rempart.fr\/wiki\/les-monnaies\/\" \/>\n<meta property=\"og:site_name\" content=\"Dernier Rempart, wiki\" \/>\n<meta property=\"article:modified_time\" content=\"2024-05-12T01:33:45+00:00\" \/>\n<meta property=\"og:image\" content=\"https:\/\/www.dernier-rempart.fr\/wiki\/wp-content\/uploads\/2020\/10\/image-4.png\" \/>\n<meta name=\"twitter:card\" content=\"summary_large_image\" \/>\n<meta name=\"twitter:label1\" content=\"Dur\u00e9e de lecture estim\u00e9e\" \/>\n\t<meta name=\"twitter:data1\" content=\"5 minutes\" \/>\n<script type=\"application\/ld+json\" class=\"yoast-schema-graph\">{\"@context\":\"https:\\\/\\\/schema.org\",\"@graph\":[{\"@type\":\"WebPage\",\"@id\":\"https:\\\/\\\/www.dernier-rempart.fr\\\/wiki\\\/les-monnaies\\\/\",\"url\":\"https:\\\/\\\/www.dernier-rempart.fr\\\/wiki\\\/les-monnaies\\\/\",\"name\":\"Les Monnaies - Dernier Rempart, wiki\",\"isPartOf\":{\"@id\":\"https:\\\/\\\/www.dernier-rempart.fr\\\/wiki\\\/#website\"},\"primaryImageOfPage\":{\"@id\":\"https:\\\/\\\/www.dernier-rempart.fr\\\/wiki\\\/les-monnaies\\\/#primaryimage\"},\"image\":{\"@id\":\"https:\\\/\\\/www.dernier-rempart.fr\\\/wiki\\\/les-monnaies\\\/#primaryimage\"},\"thumbnailUrl\":\"https:\\\/\\\/www.dernier-rempart.fr\\\/wiki\\\/wp-content\\\/uploads\\\/2020\\\/10\\\/image-4.png\",\"datePublished\":\"2020-10-18T16:54:43+00:00\",\"dateModified\":\"2024-05-12T01:33:45+00:00\",\"breadcrumb\":{\"@id\":\"https:\\\/\\\/www.dernier-rempart.fr\\\/wiki\\\/les-monnaies\\\/#breadcrumb\"},\"inLanguage\":\"fr-FR\",\"potentialAction\":[{\"@type\":\"ReadAction\",\"target\":[\"https:\\\/\\\/www.dernier-rempart.fr\\\/wiki\\\/les-monnaies\\\/\"]}]},{\"@type\":\"ImageObject\",\"inLanguage\":\"fr-FR\",\"@id\":\"https:\\\/\\\/www.dernier-rempart.fr\\\/wiki\\\/les-monnaies\\\/#primaryimage\",\"url\":\"https:\\\/\\\/www.dernier-rempart.fr\\\/wiki\\\/wp-content\\\/uploads\\\/2020\\\/10\\\/image-4.png\",\"contentUrl\":\"https:\\\/\\\/www.dernier-rempart.fr\\\/wiki\\\/wp-content\\\/uploads\\\/2020\\\/10\\\/image-4.png\",\"width\":79,\"height\":163},{\"@type\":\"BreadcrumbList\",\"@id\":\"https:\\\/\\\/www.dernier-rempart.fr\\\/wiki\\\/les-monnaies\\\/#breadcrumb\",\"itemListElement\":[{\"@type\":\"ListItem\",\"position\":1,\"name\":\"Accueil\",\"item\":\"https:\\\/\\\/www.dernier-rempart.fr\\\/wiki\\\/\"},{\"@type\":\"ListItem\",\"position\":2,\"name\":\"Les Monnaies\"}]},{\"@type\":\"WebSite\",\"@id\":\"https:\\\/\\\/www.dernier-rempart.fr\\\/wiki\\\/#website\",\"url\":\"https:\\\/\\\/www.dernier-rempart.fr\\\/wiki\\\/\",\"name\":\"Dernier Rempart, wiki\",\"description\":\"\",\"publisher\":{\"@id\":\"https:\\\/\\\/www.dernier-rempart.fr\\\/wiki\\\/#organization\"},\"potentialAction\":[{\"@type\":\"SearchAction\",\"target\":{\"@type\":\"EntryPoint\",\"urlTemplate\":\"https:\\\/\\\/www.dernier-rempart.fr\\\/wiki\\\/?s={search_term_string}\"},\"query-input\":{\"@type\":\"PropertyValueSpecification\",\"valueRequired\":true,\"valueName\":\"search_term_string\"}}],\"inLanguage\":\"fr-FR\"},{\"@type\":\"Organization\",\"@id\":\"https:\\\/\\\/www.dernier-rempart.fr\\\/wiki\\\/#organization\",\"name\":\"Dernier Rempart\",\"url\":\"https:\\\/\\\/www.dernier-rempart.fr\\\/wiki\\\/\",\"logo\":{\"@type\":\"ImageObject\",\"inLanguage\":\"fr-FR\",\"@id\":\"https:\\\/\\\/www.dernier-rempart.fr\\\/wiki\\\/#\\\/schema\\\/logo\\\/image\\\/\",\"url\":\"https:\\\/\\\/www.dernier-rempart.fr\\\/wiki\\\/wp-content\\\/uploads\\\/2020\\\/10\\\/banner_DR.png\",\"contentUrl\":\"https:\\\/\\\/www.dernier-rempart.fr\\\/wiki\\\/wp-content\\\/uploads\\\/2020\\\/10\\\/banner_DR.png\",\"width\":430,\"height\":160,\"caption\":\"Dernier Rempart\"},\"image\":{\"@id\":\"https:\\\/\\\/www.dernier-rempart.fr\\\/wiki\\\/#\\\/schema\\\/logo\\\/image\\\/\"}}]}<\/script>\n<!-- \/ Yoast SEO plugin. -->","yoast_head_json":{"title":"Les Monnaies - Dernier Rempart, wiki","robots":{"index":"index","follow":"follow","max-snippet":"max-snippet:-1","max-image-preview":"max-image-preview:large","max-video-preview":"max-video-preview:-1"},"canonical":"https:\/\/www.dernier-rempart.fr\/wiki\/les-monnaies\/","og_locale":"fr_FR","og_type":"article","og_title":"Les Monnaies - Dernier Rempart, wiki","og_description":"Il existe de nombreuse monnaies diff\u00e9rentes dans ROM. Les monnaies se trouve soit dans votre inventaire soit dans l&rsquo;onglet sp\u00e9cifique d\u00e9di\u00e9e \u00e0 celle-ci dans celui-ci. Il existe 3 sous onglets dans les monnaies. Le premier sont des \u00ab\u00a0Monnaies g\u00e9n\u00e9riques\u00a0\u00bb unique par perso et utilisable dans diff\u00e9rents shop.Le deuxi\u00e8me sont les shops. Ce sont des monnaies &hellip; Continuer la lecture de &laquo;&nbsp;Les Monnaies&nbsp;&raquo;","og_url":"https:\/\/www.dernier-rempart.fr\/wiki\/les-monnaies\/","og_site_name":"Dernier Rempart, wiki","article_modified_time":"2024-05-12T01:33:45+00:00","og_image":[{"url":"https:\/\/www.dernier-rempart.fr\/wiki\/wp-content\/uploads\/2020\/10\/image-4.png","type":"","width":"","height":""}],"twitter_card":"summary_large_image","twitter_misc":{"Dur\u00e9e de lecture estim\u00e9e":"5 minutes"},"schema":{"@context":"https:\/\/schema.org","@graph":[{"@type":"WebPage","@id":"https:\/\/www.dernier-rempart.fr\/wiki\/les-monnaies\/","url":"https:\/\/www.dernier-rempart.fr\/wiki\/les-monnaies\/","name":"Les Monnaies - Dernier Rempart, wiki","isPartOf":{"@id":"https:\/\/www.dernier-rempart.fr\/wiki\/#website"},"primaryImageOfPage":{"@id":"https:\/\/www.dernier-rempart.fr\/wiki\/les-monnaies\/#primaryimage"},"image":{"@id":"https:\/\/www.dernier-rempart.fr\/wiki\/les-monnaies\/#primaryimage"},"thumbnailUrl":"https:\/\/www.dernier-rempart.fr\/wiki\/wp-content\/uploads\/2020\/10\/image-4.png","datePublished":"2020-10-18T16:54:43+00:00","dateModified":"2024-05-12T01:33:45+00:00","breadcrumb":{"@id":"https:\/\/www.dernier-rempart.fr\/wiki\/les-monnaies\/#breadcrumb"},"inLanguage":"fr-FR","potentialAction":[{"@type":"ReadAction","target":["https:\/\/www.dernier-rempart.fr\/wiki\/les-monnaies\/"]}]},{"@type":"ImageObject","inLanguage":"fr-FR","@id":"https:\/\/www.dernier-rempart.fr\/wiki\/les-monnaies\/#primaryimage","url":"https:\/\/www.dernier-rempart.fr\/wiki\/wp-content\/uploads\/2020\/10\/image-4.png","contentUrl":"https:\/\/www.dernier-rempart.fr\/wiki\/wp-content\/uploads\/2020\/10\/image-4.png","width":79,"height":163},{"@type":"BreadcrumbList","@id":"https:\/\/www.dernier-rempart.fr\/wiki\/les-monnaies\/#breadcrumb","itemListElement":[{"@type":"ListItem","position":1,"name":"Accueil","item":"https:\/\/www.dernier-rempart.fr\/wiki\/"},{"@type":"ListItem","position":2,"name":"Les Monnaies"}]},{"@type":"WebSite","@id":"https:\/\/www.dernier-rempart.fr\/wiki\/#website","url":"https:\/\/www.dernier-rempart.fr\/wiki\/","name":"Dernier Rempart, wiki","description":"","publisher":{"@id":"https:\/\/www.dernier-rempart.fr\/wiki\/#organization"},"potentialAction":[{"@type":"SearchAction","target":{"@type":"EntryPoint","urlTemplate":"https:\/\/www.dernier-rempart.fr\/wiki\/?s={search_term_string}"},"query-input":{"@type":"PropertyValueSpecification","valueRequired":true,"valueName":"search_term_string"}}],"inLanguage":"fr-FR"},{"@type":"Organization","@id":"https:\/\/www.dernier-rempart.fr\/wiki\/#organization","name":"Dernier Rempart","url":"https:\/\/www.dernier-rempart.fr\/wiki\/","logo":{"@type":"ImageObject","inLanguage":"fr-FR","@id":"https:\/\/www.dernier-rempart.fr\/wiki\/#\/schema\/logo\/image\/","url":"https:\/\/www.dernier-rempart.fr\/wiki\/wp-content\/uploads\/2020\/10\/banner_DR.png","contentUrl":"https:\/\/www.dernier-rempart.fr\/wiki\/wp-content\/uploads\/2020\/10\/banner_DR.png","width":430,"height":160,"caption":"Dernier Rempart"},"image":{"@id":"https:\/\/www.dernier-rempart.fr\/wiki\/#\/schema\/logo\/image\/"}}]}},"jetpack_sharing_enabled":true,"_links":{"self":[{"href":"https:\/\/www.dernier-rempart.fr\/wiki\/wp-json\/wp\/v2\/pages\/751","targetHints":{"allow":["GET"]}}],"collection":[{"href":"https:\/\/www.dernier-rempart.fr\/wiki\/wp-json\/wp\/v2\/pages"}],"about":[{"href":"https:\/\/www.dernier-rempart.fr\/wiki\/wp-json\/wp\/v2\/types\/page"}],"author":[{"embeddable":true,"href":"https:\/\/www.dernier-rempart.fr\/wiki\/wp-json\/wp\/v2\/users\/4"}],"replies":[{"embeddable":true,"href":"https:\/\/www.dernier-rempart.fr\/wiki\/wp-json\/wp\/v2\/comments?post=751"}],"version-history":[{"count":11,"href":"https:\/\/www.dernier-rempart.fr\/wiki\/wp-json\/wp\/v2\/pages\/751\/revisions"}],"predecessor-version":[{"id":2017,"href":"https:\/\/www.dernier-rempart.fr\/wiki\/wp-json\/wp\/v2\/pages\/751\/revisions\/2017"}],"wp:attachment":[{"href":"https:\/\/www.dernier-rempart.fr\/wiki\/wp-json\/wp\/v2\/media?parent=751"}],"wp:term":[{"taxonomy":"category","embeddable":true,"href":"https:\/\/www.dernier-rempart.fr\/wiki\/wp-json\/wp\/v2\/categories?post=751"},{"taxonomy":"post_tag","embeddable":true,"href":"https:\/\/www.dernier-rempart.fr\/wiki\/wp-json\/wp\/v2\/tags?post=751"}],"curies":[{"name":"wp","href":"https:\/\/api.w.org\/{rel}","templated":true}]}}