{"id":732,"date":"2020-10-02T13:56:22","date_gmt":"2020-10-02T11:56:22","guid":{"rendered":"https:\/\/www.dernier-rempart.fr\/wiki\/?page_id=732"},"modified":"2024-01-06T12:23:53","modified_gmt":"2024-01-06T11:23:53","slug":"routines","status":"publish","type":"page","link":"https:\/\/www.dernier-rempart.fr\/wiki\/routines\/","title":{"rendered":"Les Routines"},"content":{"rendered":"\n<p>Les routines sont les ensembles d&rsquo;action qui peuvent \u00eatre fait par jour ou semaine. En g\u00e9n\u00e9ral la majeur partie de ces \u00e9l\u00e9ments sont pr\u00e9sent dans le menu de l&rsquo;assistant. <\/p>\n\n\n\n<figure class=\"wp-block-image size-large\"><img loading=\"lazy\" decoding=\"async\" width=\"107\" height=\"104\" data-attachment-id=\"733\" data-permalink=\"https:\/\/www.dernier-rempart.fr\/wiki\/routines\/image-16\/\" data-orig-file=\"https:\/\/www.dernier-rempart.fr\/wiki\/wp-content\/uploads\/2020\/10\/image.png\" data-orig-size=\"107,104\" data-comments-opened=\"1\" data-image-meta=\"{&quot;aperture&quot;:&quot;0&quot;,&quot;credit&quot;:&quot;&quot;,&quot;camera&quot;:&quot;&quot;,&quot;caption&quot;:&quot;&quot;,&quot;created_timestamp&quot;:&quot;0&quot;,&quot;copyright&quot;:&quot;&quot;,&quot;focal_length&quot;:&quot;0&quot;,&quot;iso&quot;:&quot;0&quot;,&quot;shutter_speed&quot;:&quot;0&quot;,&quot;title&quot;:&quot;&quot;,&quot;orientation&quot;:&quot;0&quot;}\" data-image-title=\"image\" data-image-description=\"\" data-image-caption=\"\" data-large-file=\"https:\/\/www.dernier-rempart.fr\/wiki\/wp-content\/uploads\/2020\/10\/image.png\" src=\"https:\/\/www.dernier-rempart.fr\/wiki\/wp-content\/uploads\/2020\/10\/image.png\" alt=\"\" class=\"wp-image-733\"\/><\/figure>\n\n\n\n<p><\/p>\n\n\n\n<h2 class=\"wp-block-heading\">Routine Journali\u00e8re (ordre de priorit\u00e9)<\/h2>\n\n\n\n<div class=\"wp-block-group\"><div class=\"wp-block-group__inner-container is-layout-flow wp-block-group-is-layout-flow\">\n<ul class=\"wp-block-list\">\n<li>\u00c9couter la musique \u00e0 Prontera sud ou dans la guilde pendant 30 minute pour avoir un bonus de Combat Time<\/li>\n\n\n\n<li>Acheter des mentor&rsquo;s potion et en consommer 6 avec vos mentor&rsquo;s medal (si level 130+)<\/li>\n\n\n\n<li>Consommer votre stamina sur des monstres ou instances ou void<\/li>\n\n\n\n<li>R\u00e9cup\u00e9rer vos drops au Pet Labor<\/li>\n\n\n\n<li>Faire les qu\u00eates de l&rsquo;event du mois\n<ul class=\"wp-block-list\">\n<li><a href=\"http:\/\/cpc.cx\/sH4\">Calendrier des \u00e9v\u00e8nements.<\/a><\/li>\n<\/ul>\n<\/li>\n\n\n\n<li>Faire vos dons \u00e0 la guilde (Contrib et Gold Medal)<\/li>\n\n\n\n<li><s>Participer aux upgrades des facilities de guilde. (Fini pour le moment)<\/s><\/li>\n\n\n\n<li>Faire le mission board<\/li>\n\n\n\n<li>Faire les qu\u00eates de Ancient City et participer au kill du MVP<\/li>\n\n\n\n<li>Faire les qu\u00eates de Hunting Ground (Level 150+ \u00e0 confirm\u00e9)<\/li>\n\n\n\n<li>Faire les activit\u00e9 de Cloudsea Archipelago (Level 130+)\n<ul class=\"wp-block-list\">\n<li>Faire les achats journalier (150 adventurer meat)<\/li>\n\n\n\n<li>Envoyer des animaux en exploration.<\/li>\n<\/ul>\n<\/li>\n\n\n\n<li>Faire 4 daily quest du Wasteland et de Maple Forest (environ 100+)<\/li>\n\n\n\n<li>Acheter les objets int\u00e9ressant au lucky shop<\/li>\n\n\n\n<li>Pareil pour le Greedy Shop<\/li>\n\n\n\n<li>Tr\u00e8s optionnels :\n<ul class=\"wp-block-list\">\n<li>Faire les Singra box de Light, Luo Yang, Eclage et Comodo (30j en moyenne, Comodo c&rsquo;est des bouteilles \u00e0 ramasser sur la plage)<\/li>\n\n\n\n<li>Faire les qu\u00eates de faction de Soul\/Royal hunting ground<\/li>\n\n\n\n<li>Faire les qu\u00eates des Heros (5 d\u00e9v\u00e9rouiillablent chaque jour)<\/li>\n\n\n\n<li>Tuer 8 Elite monster au Wasteland &amp; Maple Forest (environ 100+)<\/li>\n\n\n\n<li>Faire les daily quest de Yuno<\/li>\n\n\n\n<li>Faire les daily quest de Gingerbread<\/li>\n\n\n\n<li>Faire les rifts contre du combat time ou du Game Time<\/li>\n<\/ul>\n<\/li>\n<\/ul>\n\n\n\n<p><\/p>\n<\/div><\/div>\n\n\n\n<h2 class=\"wp-block-heading\">Routine Hebdomadaire<\/h2>\n\n\n\n<div class=\"wp-block-group\"><div class=\"wp-block-group__inner-container is-layout-flow wp-block-group-is-layout-flow\">\n<ul class=\"wp-block-list\">\n<li>Acheter vos praying card \u00e0 la vending machine de la guilde<\/li>\n\n\n\n<li>Acheter vos fortunes coins avec des adventurer meats.<\/li>\n\n\n\n<li>Acheter Runes ou Praying card dans le shop de EC<\/li>\n\n\n\n<li>Acheter vos runes au Rune Shop (level 80+)\n<ul class=\"wp-block-list\">\n<li>Les runes demandant des contributions ou des Gold Medal peuvent \u00eatre acheter avec un perso secondaire<\/li>\n<\/ul>\n<\/li>\n\n\n\n<li>Acheter des gold medal l&rsquo;honorary shop\n<ul class=\"wp-block-list\">\n<li>Uniquement si il vous reste des Honor proof<\/li>\n\n\n\n<li>Si vous n&rsquo;avez pas assez d&rsquo;honor proof vous pouvez les prendre avec un perso secondaire pour acheter des runes.<\/li>\n<\/ul>\n<\/li>\n\n\n\n<li>Acheter la Dust pour am\u00e9liorer les relics aupr\u00e8s de Noan<\/li>\n\n\n\n<li>Faire les donjons hebdomadaire<\/li>\n\n\n\n<li>Vers la fin de la semaine une r\u00e9compense de qu\u00eate li\u00e9e au Worldboss devrait \u00eatre disponible \u00e0 Moonlight Grotto et Frost Domain.<\/li>\n\n\n\n<li>Faire les events Hebdomadaire du Mercredi \u00e0 20H \u00e9t\u00e9 \/ 19h hiver<\/li>\n\n\n\n<li>Participer au MvP Battle un vendredi sur deux 19h \u00e9t\u00e9 \/ 18h hiver<\/li>\n\n\n\n<li>Achats d&rsquo;items au shop de cloudsea archipelago<\/li>\n\n\n\n<li>Achat d&rsquo;items a l&rsquo;assistant shop<\/li>\n\n\n\n<li>Optionnel :\n<ul class=\"wp-block-list\">\n<li>Faire Cake Battle.<\/li>\n\n\n\n<li>Combattre un Worldboss du Wasteland ou Maple Forest (1 fois pour la quete, 10 fois pour les coffres hebdo, autant de fois que vous needez pour les cards)<\/li>\n<\/ul>\n<\/li>\n<\/ul>\n<\/div><\/div>\n\n\n\n<p><\/p>\n","protected":false},"excerpt":{"rendered":"<p>Les routines sont les ensembles d&rsquo;action qui peuvent \u00eatre fait par jour ou semaine. En g\u00e9n\u00e9ral la majeur partie de ces \u00e9l\u00e9ments sont pr\u00e9sent dans le menu de l&rsquo;assistant. Routine Journali\u00e8re (ordre de priorit\u00e9) Routine Hebdomadaire<\/p>\n","protected":false},"author":10,"featured_media":0,"parent":0,"menu_order":0,"comment_status":"closed","ping_status":"closed","template":"","meta":{"_acf_changed":false,"footnotes":""},"categories":[],"tags":[],"class_list":["post-732","page","type-page","status-publish","hentry"],"acf":[],"yoast_head":"<!-- This site is optimized with the Yoast SEO plugin v27.4 - https:\/\/yoast.com\/product\/yoast-seo-wordpress\/ -->\n<title>Les Routines - Dernier Rempart, wiki<\/title>\n<meta name=\"robots\" content=\"index, follow, max-snippet:-1, max-image-preview:large, max-video-preview:-1\" \/>\n<link rel=\"canonical\" href=\"https:\/\/www.dernier-rempart.fr\/wiki\/routines\/\" \/>\n<meta property=\"og:locale\" content=\"fr_FR\" \/>\n<meta property=\"og:type\" content=\"article\" \/>\n<meta property=\"og:title\" content=\"Les Routines - Dernier Rempart, wiki\" \/>\n<meta property=\"og:description\" content=\"Les routines sont les ensembles d&rsquo;action qui peuvent \u00eatre fait par jour ou semaine. En g\u00e9n\u00e9ral la majeur partie de ces \u00e9l\u00e9ments sont pr\u00e9sent dans le menu de l&rsquo;assistant. Routine Journali\u00e8re (ordre de priorit\u00e9) Routine Hebdomadaire\" \/>\n<meta property=\"og:url\" content=\"https:\/\/www.dernier-rempart.fr\/wiki\/routines\/\" \/>\n<meta property=\"og:site_name\" content=\"Dernier Rempart, wiki\" \/>\n<meta property=\"article:modified_time\" content=\"2024-01-06T11:23:53+00:00\" \/>\n<meta property=\"og:image\" content=\"https:\/\/www.dernier-rempart.fr\/wiki\/wp-content\/uploads\/2020\/10\/image.png\" \/>\n<meta name=\"twitter:card\" content=\"summary_large_image\" \/>\n<meta name=\"twitter:label1\" content=\"Dur\u00e9e de lecture estim\u00e9e\" \/>\n\t<meta name=\"twitter:data1\" content=\"3 minutes\" \/>\n<script type=\"application\/ld+json\" class=\"yoast-schema-graph\">{\"@context\":\"https:\\\/\\\/schema.org\",\"@graph\":[{\"@type\":\"WebPage\",\"@id\":\"https:\\\/\\\/www.dernier-rempart.fr\\\/wiki\\\/routines\\\/\",\"url\":\"https:\\\/\\\/www.dernier-rempart.fr\\\/wiki\\\/routines\\\/\",\"name\":\"Les Routines - Dernier Rempart, wiki\",\"isPartOf\":{\"@id\":\"https:\\\/\\\/www.dernier-rempart.fr\\\/wiki\\\/#website\"},\"primaryImageOfPage\":{\"@id\":\"https:\\\/\\\/www.dernier-rempart.fr\\\/wiki\\\/routines\\\/#primaryimage\"},\"image\":{\"@id\":\"https:\\\/\\\/www.dernier-rempart.fr\\\/wiki\\\/routines\\\/#primaryimage\"},\"thumbnailUrl\":\"https:\\\/\\\/www.dernier-rempart.fr\\\/wiki\\\/wp-content\\\/uploads\\\/2020\\\/10\\\/image.png\",\"datePublished\":\"2020-10-02T11:56:22+00:00\",\"dateModified\":\"2024-01-06T11:23:53+00:00\",\"breadcrumb\":{\"@id\":\"https:\\\/\\\/www.dernier-rempart.fr\\\/wiki\\\/routines\\\/#breadcrumb\"},\"inLanguage\":\"fr-FR\",\"potentialAction\":[{\"@type\":\"ReadAction\",\"target\":[\"https:\\\/\\\/www.dernier-rempart.fr\\\/wiki\\\/routines\\\/\"]}]},{\"@type\":\"ImageObject\",\"inLanguage\":\"fr-FR\",\"@id\":\"https:\\\/\\\/www.dernier-rempart.fr\\\/wiki\\\/routines\\\/#primaryimage\",\"url\":\"https:\\\/\\\/www.dernier-rempart.fr\\\/wiki\\\/wp-content\\\/uploads\\\/2020\\\/10\\\/image.png\",\"contentUrl\":\"https:\\\/\\\/www.dernier-rempart.fr\\\/wiki\\\/wp-content\\\/uploads\\\/2020\\\/10\\\/image.png\",\"width\":107,\"height\":104},{\"@type\":\"BreadcrumbList\",\"@id\":\"https:\\\/\\\/www.dernier-rempart.fr\\\/wiki\\\/routines\\\/#breadcrumb\",\"itemListElement\":[{\"@type\":\"ListItem\",\"position\":1,\"name\":\"Accueil\",\"item\":\"https:\\\/\\\/www.dernier-rempart.fr\\\/wiki\\\/\"},{\"@type\":\"ListItem\",\"position\":2,\"name\":\"Les Routines\"}]},{\"@type\":\"WebSite\",\"@id\":\"https:\\\/\\\/www.dernier-rempart.fr\\\/wiki\\\/#website\",\"url\":\"https:\\\/\\\/www.dernier-rempart.fr\\\/wiki\\\/\",\"name\":\"Dernier Rempart, wiki\",\"description\":\"\",\"publisher\":{\"@id\":\"https:\\\/\\\/www.dernier-rempart.fr\\\/wiki\\\/#organization\"},\"potentialAction\":[{\"@type\":\"SearchAction\",\"target\":{\"@type\":\"EntryPoint\",\"urlTemplate\":\"https:\\\/\\\/www.dernier-rempart.fr\\\/wiki\\\/?s={search_term_string}\"},\"query-input\":{\"@type\":\"PropertyValueSpecification\",\"valueRequired\":true,\"valueName\":\"search_term_string\"}}],\"inLanguage\":\"fr-FR\"},{\"@type\":\"Organization\",\"@id\":\"https:\\\/\\\/www.dernier-rempart.fr\\\/wiki\\\/#organization\",\"name\":\"Dernier Rempart\",\"url\":\"https:\\\/\\\/www.dernier-rempart.fr\\\/wiki\\\/\",\"logo\":{\"@type\":\"ImageObject\",\"inLanguage\":\"fr-FR\",\"@id\":\"https:\\\/\\\/www.dernier-rempart.fr\\\/wiki\\\/#\\\/schema\\\/logo\\\/image\\\/\",\"url\":\"https:\\\/\\\/www.dernier-rempart.fr\\\/wiki\\\/wp-content\\\/uploads\\\/2020\\\/10\\\/banner_DR.png\",\"contentUrl\":\"https:\\\/\\\/www.dernier-rempart.fr\\\/wiki\\\/wp-content\\\/uploads\\\/2020\\\/10\\\/banner_DR.png\",\"width\":430,\"height\":160,\"caption\":\"Dernier Rempart\"},\"image\":{\"@id\":\"https:\\\/\\\/www.dernier-rempart.fr\\\/wiki\\\/#\\\/schema\\\/logo\\\/image\\\/\"}}]}<\/script>\n<!-- \/ Yoast SEO plugin. -->","yoast_head_json":{"title":"Les Routines - Dernier Rempart, wiki","robots":{"index":"index","follow":"follow","max-snippet":"max-snippet:-1","max-image-preview":"max-image-preview:large","max-video-preview":"max-video-preview:-1"},"canonical":"https:\/\/www.dernier-rempart.fr\/wiki\/routines\/","og_locale":"fr_FR","og_type":"article","og_title":"Les Routines - Dernier Rempart, wiki","og_description":"Les routines sont les ensembles d&rsquo;action qui peuvent \u00eatre fait par jour ou semaine. En g\u00e9n\u00e9ral la majeur partie de ces \u00e9l\u00e9ments sont pr\u00e9sent dans le menu de l&rsquo;assistant. Routine Journali\u00e8re (ordre de priorit\u00e9) Routine Hebdomadaire","og_url":"https:\/\/www.dernier-rempart.fr\/wiki\/routines\/","og_site_name":"Dernier Rempart, wiki","article_modified_time":"2024-01-06T11:23:53+00:00","og_image":[{"url":"https:\/\/www.dernier-rempart.fr\/wiki\/wp-content\/uploads\/2020\/10\/image.png","type":"","width":"","height":""}],"twitter_card":"summary_large_image","twitter_misc":{"Dur\u00e9e de lecture estim\u00e9e":"3 minutes"},"schema":{"@context":"https:\/\/schema.org","@graph":[{"@type":"WebPage","@id":"https:\/\/www.dernier-rempart.fr\/wiki\/routines\/","url":"https:\/\/www.dernier-rempart.fr\/wiki\/routines\/","name":"Les Routines - Dernier Rempart, wiki","isPartOf":{"@id":"https:\/\/www.dernier-rempart.fr\/wiki\/#website"},"primaryImageOfPage":{"@id":"https:\/\/www.dernier-rempart.fr\/wiki\/routines\/#primaryimage"},"image":{"@id":"https:\/\/www.dernier-rempart.fr\/wiki\/routines\/#primaryimage"},"thumbnailUrl":"https:\/\/www.dernier-rempart.fr\/wiki\/wp-content\/uploads\/2020\/10\/image.png","datePublished":"2020-10-02T11:56:22+00:00","dateModified":"2024-01-06T11:23:53+00:00","breadcrumb":{"@id":"https:\/\/www.dernier-rempart.fr\/wiki\/routines\/#breadcrumb"},"inLanguage":"fr-FR","potentialAction":[{"@type":"ReadAction","target":["https:\/\/www.dernier-rempart.fr\/wiki\/routines\/"]}]},{"@type":"ImageObject","inLanguage":"fr-FR","@id":"https:\/\/www.dernier-rempart.fr\/wiki\/routines\/#primaryimage","url":"https:\/\/www.dernier-rempart.fr\/wiki\/wp-content\/uploads\/2020\/10\/image.png","contentUrl":"https:\/\/www.dernier-rempart.fr\/wiki\/wp-content\/uploads\/2020\/10\/image.png","width":107,"height":104},{"@type":"BreadcrumbList","@id":"https:\/\/www.dernier-rempart.fr\/wiki\/routines\/#breadcrumb","itemListElement":[{"@type":"ListItem","position":1,"name":"Accueil","item":"https:\/\/www.dernier-rempart.fr\/wiki\/"},{"@type":"ListItem","position":2,"name":"Les Routines"}]},{"@type":"WebSite","@id":"https:\/\/www.dernier-rempart.fr\/wiki\/#website","url":"https:\/\/www.dernier-rempart.fr\/wiki\/","name":"Dernier Rempart, wiki","description":"","publisher":{"@id":"https:\/\/www.dernier-rempart.fr\/wiki\/#organization"},"potentialAction":[{"@type":"SearchAction","target":{"@type":"EntryPoint","urlTemplate":"https:\/\/www.dernier-rempart.fr\/wiki\/?s={search_term_string}"},"query-input":{"@type":"PropertyValueSpecification","valueRequired":true,"valueName":"search_term_string"}}],"inLanguage":"fr-FR"},{"@type":"Organization","@id":"https:\/\/www.dernier-rempart.fr\/wiki\/#organization","name":"Dernier Rempart","url":"https:\/\/www.dernier-rempart.fr\/wiki\/","logo":{"@type":"ImageObject","inLanguage":"fr-FR","@id":"https:\/\/www.dernier-rempart.fr\/wiki\/#\/schema\/logo\/image\/","url":"https:\/\/www.dernier-rempart.fr\/wiki\/wp-content\/uploads\/2020\/10\/banner_DR.png","contentUrl":"https:\/\/www.dernier-rempart.fr\/wiki\/wp-content\/uploads\/2020\/10\/banner_DR.png","width":430,"height":160,"caption":"Dernier Rempart"},"image":{"@id":"https:\/\/www.dernier-rempart.fr\/wiki\/#\/schema\/logo\/image\/"}}]}},"jetpack_sharing_enabled":true,"_links":{"self":[{"href":"https:\/\/www.dernier-rempart.fr\/wiki\/wp-json\/wp\/v2\/pages\/732","targetHints":{"allow":["GET"]}}],"collection":[{"href":"https:\/\/www.dernier-rempart.fr\/wiki\/wp-json\/wp\/v2\/pages"}],"about":[{"href":"https:\/\/www.dernier-rempart.fr\/wiki\/wp-json\/wp\/v2\/types\/page"}],"author":[{"embeddable":true,"href":"https:\/\/www.dernier-rempart.fr\/wiki\/wp-json\/wp\/v2\/users\/10"}],"replies":[{"embeddable":true,"href":"https:\/\/www.dernier-rempart.fr\/wiki\/wp-json\/wp\/v2\/comments?post=732"}],"version-history":[{"count":35,"href":"https:\/\/www.dernier-rempart.fr\/wiki\/wp-json\/wp\/v2\/pages\/732\/revisions"}],"predecessor-version":[{"id":1940,"href":"https:\/\/www.dernier-rempart.fr\/wiki\/wp-json\/wp\/v2\/pages\/732\/revisions\/1940"}],"wp:attachment":[{"href":"https:\/\/www.dernier-rempart.fr\/wiki\/wp-json\/wp\/v2\/media?parent=732"}],"wp:term":[{"taxonomy":"category","embeddable":true,"href":"https:\/\/www.dernier-rempart.fr\/wiki\/wp-json\/wp\/v2\/categories?post=732"},{"taxonomy":"post_tag","embeddable":true,"href":"https:\/\/www.dernier-rempart.fr\/wiki\/wp-json\/wp\/v2\/tags?post=732"}],"curies":[{"name":"wp","href":"https:\/\/api.w.org\/{rel}","templated":true}]}}