{"id":71,"date":"2020-07-28T22:51:08","date_gmt":"2020-07-28T20:51:08","guid":{"rendered":"https:\/\/dernierdotrempart.wordpress.com\/?page_id=71"},"modified":"2020-08-27T15:55:24","modified_gmt":"2020-08-27T13:55:24","slug":"6v6","status":"publish","type":"page","link":"https:\/\/www.dernier-rempart.fr\/wiki\/6v6\/","title":{"rendered":"<center>6v6<\/center>"},"content":{"rendered":"\n<p>Le 6v6 est un tournoi PVP qui a lieu tout les samedi de 20h \u00e0 minuit. Une saison de 6v6 dure 6 semaines. <br>Il y a <strong>10 matchs par semaines<\/strong> \u00e0 effectuer en \u00e9quipe de 6 si vous \u00eates au moins niveau 90.<br>Les \u00e9quipes peuvent \u00eatre faite au pr\u00e9alable ou vous pouvez rechercher un groupe (partir avec des inconnus donc). <br><strong>Toutes les potions de soin\/magie, ou panacea sont indisponibles<\/strong>. Apr\u00e8s chaque match (peu importe le r\u00e9sultat) vous obtenez des points de talents dans la limite de 13. Apr\u00e8s un match vous obtenez \u00e9galement des honor proofs et des pi\u00e8ces sp\u00e9cifiques.<br><br>Il y a quatre cat\u00e9gories dans le classement de la saison : FIghter &lt; Elite (600pts) &lt; Warlord (War god 1200pts) &lt; Legend (2000pts+). Chaque cat\u00e9gorie rapporte diverses r\u00e9compenses, notamment du stuff PvP et un pet (1 cadeau par cat\u00e9gorie atteinte, 1 achat d\u00e9bloqu\u00e9).&nbsp;<br><br>Un match prend max 10 minutes et s&rsquo;arr\u00eate d\u00e8s qu&rsquo;une \u00e9quipe obtient 4000 points. <br>Il y a deux styles de jeux d\u00e9crit plus bas, les orbes et les \u00e9checs. <br><\/p>\n\n\n\n<h3 class=\"wp-block-heading\"><strong>Les orbes<\/strong><\/h3>\n\n\n\n<p>Quatre orbes \u00e9l\u00e9mentaires apparaissent sur la carte apr\u00e8s 30 secondes de jeu.<\/p>\n\n\n\n<p>Un joueur qui ramasse une orbe rapporte des points \u00e0 son \u00e9quipe. On ne peut porter qu&rsquo;une orbe chacun.<br>Attention : les porteurs ont des malus : invisibilit\u00e9 impossible, la vitesse max de d\u00e9placement bloqu\u00e9e \u00e0 100%, les CD de sorts deviennent fixes et une fragilit\u00e9 accrue.<br><br>Poss\u00e9der deux orbes permet d&rsquo;activer un sort :<br><strong>Feu + Eau<\/strong> : r\u00e9duit la port\u00e9e des attaques \u00e0 distances et sorts de 40% pour l&rsquo;ennemi, 60% pour les porteurs d&rsquo;orbe<br><strong>Feu + Terre<\/strong> : Les porteurs d&rsquo;orbes ennemis perdent des HP en fonction de leur vitesse de d\u00e9placement<br><strong>Feu + Vent<\/strong> : Si un ennemi approche, sa vitesse de d\u00e9placement diminue<br><strong>Eau + Terre<\/strong> : les sorts ennemis co\u00fbtent +200% et ils perdent des SP continuellement<br><strong>Eau + Vent<\/strong> : les porteurs d&rsquo;orbes ennemis appliquent un malus \u00e0 leur alli\u00e9s dans un rayon de 5 m\u00e8tres en fonction de leur orbe (eau : silence, terre : p\u00e9trifie, vent: enracine, feu : br\u00fble)<br><strong>Vent + Terre<\/strong> : les ennemis subissent obscurit\u00e9. Les porteurs ennemis l&rsquo;ont constamment.<br><br>Si une \u00e9quipe poss\u00e8de plus de deux orbes, le sort est annul\u00e9, le chef de l&rsquo;autre \u00e9quipe peut parler au PNJ de sa base pour leur infliger une contre attaque.<\/p>\n\n\n\n<p><strong>Un buff disponible pour les porteurs d&rsquo;orbe, permet de rapporter plus de points. Il va appara\u00eetre au centre ou sur les c\u00f4t\u00e9s de la carte (30 secondes apr\u00e8s les orbes), et reviendra toutes les 30 secondes.<\/strong><\/p>\n\n\n\n<div class=\"wp-block-jetpack-tiled-gallery aligncenter is-style-rectangular\"><div class=\"tiled-gallery__gallery\"><div class=\"tiled-gallery__row\"><div class=\"tiled-gallery__col\" style=\"flex-basis:50%\"><figure class=\"tiled-gallery__item\"><img decoding=\"async\" data-attachment-id=\"359\" data-permalink=\"https:\/\/www.dernier-rempart.fr\/wiki\/6v6\/6v6-1\/\" data-orig-file=\"https:\/\/www.dernier-rempart.fr\/wiki\/wp-content\/uploads\/2020\/08\/6v6.1.png\" data-orig-size=\"960,960\" data-comments-opened=\"1\" data-image-meta=\"{&quot;aperture&quot;:&quot;0&quot;,&quot;credit&quot;:&quot;&quot;,&quot;camera&quot;:&quot;&quot;,&quot;caption&quot;:&quot;&quot;,&quot;created_timestamp&quot;:&quot;0&quot;,&quot;copyright&quot;:&quot;&quot;,&quot;focal_length&quot;:&quot;0&quot;,&quot;iso&quot;:&quot;0&quot;,&quot;shutter_speed&quot;:&quot;0&quot;,&quot;title&quot;:&quot;&quot;,&quot;orientation&quot;:&quot;0&quot;}\" data-image-title=\"6v6.1\" data-image-description=\"\" data-image-caption=\"\" data-large-file=\"https:\/\/www.dernier-rempart.fr\/wiki\/wp-content\/uploads\/2020\/08\/6v6.1.png\" data-attachment-id=\"359\" data-permalink=\"https:\/\/www.dernier-rempart.fr\/wiki\/6v6\/6v6-1\/\" data-orig-file=\"https:\/\/www.dernier-rempart.fr\/wiki\/wp-content\/uploads\/2020\/08\/6v6.1.png\" data-orig-size=\"960,960\" data-comments-opened=\"1\" data-image-meta=\"{&quot;aperture&quot;:&quot;0&quot;,&quot;credit&quot;:&quot;&quot;,&quot;camera&quot;:&quot;&quot;,&quot;caption&quot;:&quot;&quot;,&quot;created_timestamp&quot;:&quot;0&quot;,&quot;copyright&quot;:&quot;&quot;,&quot;focal_length&quot;:&quot;0&quot;,&quot;iso&quot;:&quot;0&quot;,&quot;shutter_speed&quot;:&quot;0&quot;,&quot;title&quot;:&quot;&quot;,&quot;orientation&quot;:&quot;0&quot;}\" data-image-title=\"6v6.1\" data-image-description=\"\" data-image-caption=\"\" data-large-file=\"https:\/\/www.dernier-rempart.fr\/wiki\/wp-content\/uploads\/2020\/08\/6v6.1.png\" role=\"button\" tabindex=\"0\" aria-label=\"Ouvrir l\u2019image 1 sur 2 en plein \u00e9cran\"srcset=\"https:\/\/i0.wp.com\/www.dernier-rempart.fr\/wiki\/wp-content\/uploads\/2020\/08\/6v6.1.png?strip=info&#038;w=600&#038;ssl=1 600w,https:\/\/i0.wp.com\/www.dernier-rempart.fr\/wiki\/wp-content\/uploads\/2020\/08\/6v6.1.png?strip=info&#038;w=900&#038;ssl=1 900w,https:\/\/i0.wp.com\/www.dernier-rempart.fr\/wiki\/wp-content\/uploads\/2020\/08\/6v6.1.png?strip=info&#038;w=960&#038;ssl=1 960w\" alt=\"\" data-height=\"960\" data-id=\"359\" data-link=\"https:\/\/www.dernier-rempart.fr\/wiki\/6v6\/6v6-1\/\" data-url=\"https:\/\/www.dernier-rempart.fr\/wiki\/wp-content\/uploads\/2020\/08\/6v6.1.png\" data-width=\"960\" src=\"https:\/\/i0.wp.com\/www.dernier-rempart.fr\/wiki\/wp-content\/uploads\/2020\/08\/6v6.1.png?ssl=1\" layout=\"responsive\"\/><\/figure><\/div><div class=\"tiled-gallery__col\" style=\"flex-basis:50%\"><figure class=\"tiled-gallery__item\"><img decoding=\"async\" data-attachment-id=\"360\" data-permalink=\"https:\/\/www.dernier-rempart.fr\/wiki\/6v6\/6v6-2\/\" data-orig-file=\"https:\/\/www.dernier-rempart.fr\/wiki\/wp-content\/uploads\/2020\/08\/6v6.2.png\" data-orig-size=\"960,960\" data-comments-opened=\"1\" data-image-meta=\"{&quot;aperture&quot;:&quot;0&quot;,&quot;credit&quot;:&quot;&quot;,&quot;camera&quot;:&quot;&quot;,&quot;caption&quot;:&quot;&quot;,&quot;created_timestamp&quot;:&quot;0&quot;,&quot;copyright&quot;:&quot;&quot;,&quot;focal_length&quot;:&quot;0&quot;,&quot;iso&quot;:&quot;0&quot;,&quot;shutter_speed&quot;:&quot;0&quot;,&quot;title&quot;:&quot;&quot;,&quot;orientation&quot;:&quot;0&quot;}\" data-image-title=\"6v6.2\" data-image-description=\"\" data-image-caption=\"\" data-large-file=\"https:\/\/www.dernier-rempart.fr\/wiki\/wp-content\/uploads\/2020\/08\/6v6.2.png\" data-attachment-id=\"360\" data-permalink=\"https:\/\/www.dernier-rempart.fr\/wiki\/6v6\/6v6-2\/\" data-orig-file=\"https:\/\/www.dernier-rempart.fr\/wiki\/wp-content\/uploads\/2020\/08\/6v6.2.png\" data-orig-size=\"960,960\" data-comments-opened=\"1\" data-image-meta=\"{&quot;aperture&quot;:&quot;0&quot;,&quot;credit&quot;:&quot;&quot;,&quot;camera&quot;:&quot;&quot;,&quot;caption&quot;:&quot;&quot;,&quot;created_timestamp&quot;:&quot;0&quot;,&quot;copyright&quot;:&quot;&quot;,&quot;focal_length&quot;:&quot;0&quot;,&quot;iso&quot;:&quot;0&quot;,&quot;shutter_speed&quot;:&quot;0&quot;,&quot;title&quot;:&quot;&quot;,&quot;orientation&quot;:&quot;0&quot;}\" data-image-title=\"6v6.2\" data-image-description=\"\" data-image-caption=\"\" data-large-file=\"https:\/\/www.dernier-rempart.fr\/wiki\/wp-content\/uploads\/2020\/08\/6v6.2.png\" role=\"button\" tabindex=\"0\" aria-label=\"Ouvrir l\u2019image 2 sur 2 en plein \u00e9cran\"srcset=\"https:\/\/i2.wp.com\/www.dernier-rempart.fr\/wiki\/wp-content\/uploads\/2020\/08\/6v6.2.png?strip=info&#038;w=600&#038;ssl=1 600w,https:\/\/i2.wp.com\/www.dernier-rempart.fr\/wiki\/wp-content\/uploads\/2020\/08\/6v6.2.png?strip=info&#038;w=900&#038;ssl=1 900w,https:\/\/i2.wp.com\/www.dernier-rempart.fr\/wiki\/wp-content\/uploads\/2020\/08\/6v6.2.png?strip=info&#038;w=960&#038;ssl=1 960w\" alt=\"\" data-height=\"960\" data-id=\"360\" data-link=\"https:\/\/www.dernier-rempart.fr\/wiki\/6v6\/6v6-2\/\" data-url=\"https:\/\/www.dernier-rempart.fr\/wiki\/wp-content\/uploads\/2020\/08\/6v6.2.png\" data-width=\"960\" src=\"https:\/\/i2.wp.com\/www.dernier-rempart.fr\/wiki\/wp-content\/uploads\/2020\/08\/6v6.2.png?ssl=1\" layout=\"responsive\"\/><\/figure><\/div><\/div><\/div><\/div>\n\n\n\n<h3 class=\"wp-block-heading\"><strong>Les \u00e9checs<\/strong><\/h3>\n\n\n\n<p>Cela prend place sur un \u00e9chiquier 3&#215;3. Il y a 4 pions Moyens dans les angles, 4 pions petits au milieu des c\u00f4t\u00e9s, et 1 large au centre.<\/p>\n\n\n\n<div class=\"wp-block-image\"><figure class=\"aligncenter size-large\"><img loading=\"lazy\" decoding=\"async\" width=\"301\" height=\"167\" data-attachment-id=\"362\" data-permalink=\"https:\/\/www.dernier-rempart.fr\/wiki\/6v6\/6v6-3\/\" data-orig-file=\"https:\/\/www.dernier-rempart.fr\/wiki\/wp-content\/uploads\/2020\/08\/6v6.3.jpg\" data-orig-size=\"301,167\" data-comments-opened=\"1\" data-image-meta=\"{&quot;aperture&quot;:&quot;0&quot;,&quot;credit&quot;:&quot;&quot;,&quot;camera&quot;:&quot;&quot;,&quot;caption&quot;:&quot;&quot;,&quot;created_timestamp&quot;:&quot;0&quot;,&quot;copyright&quot;:&quot;&quot;,&quot;focal_length&quot;:&quot;0&quot;,&quot;iso&quot;:&quot;0&quot;,&quot;shutter_speed&quot;:&quot;0&quot;,&quot;title&quot;:&quot;&quot;,&quot;orientation&quot;:&quot;0&quot;}\" data-image-title=\"6v6.3\" data-image-description=\"\" data-image-caption=\"\" data-large-file=\"https:\/\/www.dernier-rempart.fr\/wiki\/wp-content\/uploads\/2020\/08\/6v6.3.jpg\" src=\"https:\/\/www.dernier-rempart.fr\/wiki\/wp-content\/uploads\/2020\/08\/6v6.3.jpg\" alt=\"\" class=\"wp-image-362\"\/><\/figure><\/div>\n\n\n\n<p>Pour capturer, il faut se trouver sur le point et \u00eatre plus nombreux que son adversaire.<br><br>Chaque point rapporte des points par sec, le large en donnant le plus.<br><br>Le but est d&rsquo;avoir le plus de point constamment.<\/p>\n\n\n\n<ul class=\"wp-block-list\"><li>Capturer les 2 extr\u00e9mit\u00e9 d&rsquo;une ligne vous offre le point du milieu de ligne.<\/li><li>Capturer 2 pions qui font une ligne avec celui du centre vous le capturera<\/li><li>Il peut y avoir jusqu&rsquo;\u00e0 4 lignes qui traversent le centre<\/li><\/ul>\n\n\n\n<p><\/p>\n","protected":false},"excerpt":{"rendered":"<p>Le 6v6 est un tournoi PVP qui a lieu tout les samedi de 20h \u00e0 minuit. Une saison de 6v6 dure 6 semaines. Il y a 10 matchs par semaines \u00e0 effectuer en \u00e9quipe de 6 si vous \u00eates au moins niveau 90.Les \u00e9quipes peuvent \u00eatre faite au pr\u00e9alable ou vous pouvez rechercher un groupe &hellip; <\/p>\n<p class=\"link-more\"><a href=\"https:\/\/www.dernier-rempart.fr\/wiki\/6v6\/\" class=\"more-link\">Continuer la lecture<span class=\"screen-reader-text\"> de &laquo;&nbsp;<center>6v6<\/center>&nbsp;&raquo;<\/span><\/a><\/p>\n","protected":false},"author":2,"featured_media":0,"parent":0,"menu_order":0,"comment_status":"closed","ping_status":"closed","template":"template-fullwidth.php","meta":{"_acf_changed":false,"footnotes":""},"categories":[],"tags":[],"class_list":["post-71","page","type-page","status-publish","hentry"],"acf":[],"yoast_head":"<!-- This site is optimized with the Yoast SEO plugin v27.4 - https:\/\/yoast.com\/product\/yoast-seo-wordpress\/ -->\n<title>6v6 - Dernier Rempart, wiki<\/title>\n<meta name=\"robots\" content=\"index, follow, max-snippet:-1, max-image-preview:large, max-video-preview:-1\" \/>\n<link rel=\"canonical\" href=\"https:\/\/www.dernier-rempart.fr\/wiki\/6v6\/\" \/>\n<meta property=\"og:locale\" content=\"fr_FR\" \/>\n<meta property=\"og:type\" content=\"article\" \/>\n<meta property=\"og:title\" content=\"6v6 - Dernier Rempart, wiki\" \/>\n<meta property=\"og:description\" content=\"Le 6v6 est un tournoi PVP qui a lieu tout les samedi de 20h \u00e0 minuit. Une saison de 6v6 dure 6 semaines. Il y a 10 matchs par semaines \u00e0 effectuer en \u00e9quipe de 6 si vous \u00eates au moins niveau 90.Les \u00e9quipes peuvent \u00eatre faite au pr\u00e9alable ou vous pouvez rechercher un groupe &hellip; Continuer la lecture de &laquo;&nbsp;6v6&nbsp;&raquo;\" \/>\n<meta property=\"og:url\" content=\"https:\/\/www.dernier-rempart.fr\/wiki\/6v6\/\" \/>\n<meta property=\"og:site_name\" content=\"Dernier Rempart, wiki\" \/>\n<meta property=\"article:modified_time\" content=\"2020-08-27T13:55:24+00:00\" \/>\n<meta property=\"og:image\" content=\"https:\/\/i0.wp.com\/www.dernier-rempart.fr\/wiki\/wp-content\/uploads\/2020\/08\/6v6.1.png?ssl=1\" \/>\n<meta name=\"twitter:card\" content=\"summary_large_image\" \/>\n<meta name=\"twitter:label1\" content=\"Dur\u00e9e de lecture estim\u00e9e\" \/>\n\t<meta name=\"twitter:data1\" content=\"3 minutes\" \/>\n<script type=\"application\/ld+json\" class=\"yoast-schema-graph\">{\"@context\":\"https:\\\/\\\/schema.org\",\"@graph\":[{\"@type\":\"WebPage\",\"@id\":\"https:\\\/\\\/www.dernier-rempart.fr\\\/wiki\\\/6v6\\\/\",\"url\":\"https:\\\/\\\/www.dernier-rempart.fr\\\/wiki\\\/6v6\\\/\",\"name\":\"6v6 - Dernier Rempart, wiki\",\"isPartOf\":{\"@id\":\"https:\\\/\\\/www.dernier-rempart.fr\\\/wiki\\\/#website\"},\"primaryImageOfPage\":{\"@id\":\"https:\\\/\\\/www.dernier-rempart.fr\\\/wiki\\\/6v6\\\/#primaryimage\"},\"image\":{\"@id\":\"https:\\\/\\\/www.dernier-rempart.fr\\\/wiki\\\/6v6\\\/#primaryimage\"},\"thumbnailUrl\":\"https:\\\/\\\/i0.wp.com\\\/www.dernier-rempart.fr\\\/wiki\\\/wp-content\\\/uploads\\\/2020\\\/08\\\/6v6.1.png?ssl=1\",\"datePublished\":\"2020-07-28T20:51:08+00:00\",\"dateModified\":\"2020-08-27T13:55:24+00:00\",\"breadcrumb\":{\"@id\":\"https:\\\/\\\/www.dernier-rempart.fr\\\/wiki\\\/6v6\\\/#breadcrumb\"},\"inLanguage\":\"fr-FR\",\"potentialAction\":[{\"@type\":\"ReadAction\",\"target\":[\"https:\\\/\\\/www.dernier-rempart.fr\\\/wiki\\\/6v6\\\/\"]}]},{\"@type\":\"ImageObject\",\"inLanguage\":\"fr-FR\",\"@id\":\"https:\\\/\\\/www.dernier-rempart.fr\\\/wiki\\\/6v6\\\/#primaryimage\",\"url\":\"https:\\\/\\\/i0.wp.com\\\/www.dernier-rempart.fr\\\/wiki\\\/wp-content\\\/uploads\\\/2020\\\/08\\\/6v6.1.png?ssl=1\",\"contentUrl\":\"https:\\\/\\\/i0.wp.com\\\/www.dernier-rempart.fr\\\/wiki\\\/wp-content\\\/uploads\\\/2020\\\/08\\\/6v6.1.png?ssl=1\"},{\"@type\":\"BreadcrumbList\",\"@id\":\"https:\\\/\\\/www.dernier-rempart.fr\\\/wiki\\\/6v6\\\/#breadcrumb\",\"itemListElement\":[{\"@type\":\"ListItem\",\"position\":1,\"name\":\"Accueil\",\"item\":\"https:\\\/\\\/www.dernier-rempart.fr\\\/wiki\\\/\"},{\"@type\":\"ListItem\",\"position\":2,\"name\":\"6v6\"}]},{\"@type\":\"WebSite\",\"@id\":\"https:\\\/\\\/www.dernier-rempart.fr\\\/wiki\\\/#website\",\"url\":\"https:\\\/\\\/www.dernier-rempart.fr\\\/wiki\\\/\",\"name\":\"Dernier Rempart, wiki\",\"description\":\"\",\"publisher\":{\"@id\":\"https:\\\/\\\/www.dernier-rempart.fr\\\/wiki\\\/#organization\"},\"potentialAction\":[{\"@type\":\"SearchAction\",\"target\":{\"@type\":\"EntryPoint\",\"urlTemplate\":\"https:\\\/\\\/www.dernier-rempart.fr\\\/wiki\\\/?s={search_term_string}\"},\"query-input\":{\"@type\":\"PropertyValueSpecification\",\"valueRequired\":true,\"valueName\":\"search_term_string\"}}],\"inLanguage\":\"fr-FR\"},{\"@type\":\"Organization\",\"@id\":\"https:\\\/\\\/www.dernier-rempart.fr\\\/wiki\\\/#organization\",\"name\":\"Dernier Rempart\",\"url\":\"https:\\\/\\\/www.dernier-rempart.fr\\\/wiki\\\/\",\"logo\":{\"@type\":\"ImageObject\",\"inLanguage\":\"fr-FR\",\"@id\":\"https:\\\/\\\/www.dernier-rempart.fr\\\/wiki\\\/#\\\/schema\\\/logo\\\/image\\\/\",\"url\":\"https:\\\/\\\/www.dernier-rempart.fr\\\/wiki\\\/wp-content\\\/uploads\\\/2020\\\/10\\\/banner_DR.png\",\"contentUrl\":\"https:\\\/\\\/www.dernier-rempart.fr\\\/wiki\\\/wp-content\\\/uploads\\\/2020\\\/10\\\/banner_DR.png\",\"width\":430,\"height\":160,\"caption\":\"Dernier Rempart\"},\"image\":{\"@id\":\"https:\\\/\\\/www.dernier-rempart.fr\\\/wiki\\\/#\\\/schema\\\/logo\\\/image\\\/\"}}]}<\/script>\n<!-- \/ Yoast SEO plugin. -->","yoast_head_json":{"title":"6v6 - Dernier Rempart, wiki","robots":{"index":"index","follow":"follow","max-snippet":"max-snippet:-1","max-image-preview":"max-image-preview:large","max-video-preview":"max-video-preview:-1"},"canonical":"https:\/\/www.dernier-rempart.fr\/wiki\/6v6\/","og_locale":"fr_FR","og_type":"article","og_title":"6v6 - Dernier Rempart, wiki","og_description":"Le 6v6 est un tournoi PVP qui a lieu tout les samedi de 20h \u00e0 minuit. Une saison de 6v6 dure 6 semaines. Il y a 10 matchs par semaines \u00e0 effectuer en \u00e9quipe de 6 si vous \u00eates au moins niveau 90.Les \u00e9quipes peuvent \u00eatre faite au pr\u00e9alable ou vous pouvez rechercher un groupe &hellip; Continuer la lecture de &laquo;&nbsp;6v6&nbsp;&raquo;","og_url":"https:\/\/www.dernier-rempart.fr\/wiki\/6v6\/","og_site_name":"Dernier Rempart, wiki","article_modified_time":"2020-08-27T13:55:24+00:00","og_image":[{"url":"https:\/\/i0.wp.com\/www.dernier-rempart.fr\/wiki\/wp-content\/uploads\/2020\/08\/6v6.1.png?ssl=1","type":"","width":"","height":""}],"twitter_card":"summary_large_image","twitter_misc":{"Dur\u00e9e de lecture estim\u00e9e":"3 minutes"},"schema":{"@context":"https:\/\/schema.org","@graph":[{"@type":"WebPage","@id":"https:\/\/www.dernier-rempart.fr\/wiki\/6v6\/","url":"https:\/\/www.dernier-rempart.fr\/wiki\/6v6\/","name":"6v6 - Dernier Rempart, wiki","isPartOf":{"@id":"https:\/\/www.dernier-rempart.fr\/wiki\/#website"},"primaryImageOfPage":{"@id":"https:\/\/www.dernier-rempart.fr\/wiki\/6v6\/#primaryimage"},"image":{"@id":"https:\/\/www.dernier-rempart.fr\/wiki\/6v6\/#primaryimage"},"thumbnailUrl":"https:\/\/i0.wp.com\/www.dernier-rempart.fr\/wiki\/wp-content\/uploads\/2020\/08\/6v6.1.png?ssl=1","datePublished":"2020-07-28T20:51:08+00:00","dateModified":"2020-08-27T13:55:24+00:00","breadcrumb":{"@id":"https:\/\/www.dernier-rempart.fr\/wiki\/6v6\/#breadcrumb"},"inLanguage":"fr-FR","potentialAction":[{"@type":"ReadAction","target":["https:\/\/www.dernier-rempart.fr\/wiki\/6v6\/"]}]},{"@type":"ImageObject","inLanguage":"fr-FR","@id":"https:\/\/www.dernier-rempart.fr\/wiki\/6v6\/#primaryimage","url":"https:\/\/i0.wp.com\/www.dernier-rempart.fr\/wiki\/wp-content\/uploads\/2020\/08\/6v6.1.png?ssl=1","contentUrl":"https:\/\/i0.wp.com\/www.dernier-rempart.fr\/wiki\/wp-content\/uploads\/2020\/08\/6v6.1.png?ssl=1"},{"@type":"BreadcrumbList","@id":"https:\/\/www.dernier-rempart.fr\/wiki\/6v6\/#breadcrumb","itemListElement":[{"@type":"ListItem","position":1,"name":"Accueil","item":"https:\/\/www.dernier-rempart.fr\/wiki\/"},{"@type":"ListItem","position":2,"name":"6v6"}]},{"@type":"WebSite","@id":"https:\/\/www.dernier-rempart.fr\/wiki\/#website","url":"https:\/\/www.dernier-rempart.fr\/wiki\/","name":"Dernier Rempart, wiki","description":"","publisher":{"@id":"https:\/\/www.dernier-rempart.fr\/wiki\/#organization"},"potentialAction":[{"@type":"SearchAction","target":{"@type":"EntryPoint","urlTemplate":"https:\/\/www.dernier-rempart.fr\/wiki\/?s={search_term_string}"},"query-input":{"@type":"PropertyValueSpecification","valueRequired":true,"valueName":"search_term_string"}}],"inLanguage":"fr-FR"},{"@type":"Organization","@id":"https:\/\/www.dernier-rempart.fr\/wiki\/#organization","name":"Dernier Rempart","url":"https:\/\/www.dernier-rempart.fr\/wiki\/","logo":{"@type":"ImageObject","inLanguage":"fr-FR","@id":"https:\/\/www.dernier-rempart.fr\/wiki\/#\/schema\/logo\/image\/","url":"https:\/\/www.dernier-rempart.fr\/wiki\/wp-content\/uploads\/2020\/10\/banner_DR.png","contentUrl":"https:\/\/www.dernier-rempart.fr\/wiki\/wp-content\/uploads\/2020\/10\/banner_DR.png","width":430,"height":160,"caption":"Dernier Rempart"},"image":{"@id":"https:\/\/www.dernier-rempart.fr\/wiki\/#\/schema\/logo\/image\/"}}]}},"jetpack_sharing_enabled":true,"_links":{"self":[{"href":"https:\/\/www.dernier-rempart.fr\/wiki\/wp-json\/wp\/v2\/pages\/71","targetHints":{"allow":["GET"]}}],"collection":[{"href":"https:\/\/www.dernier-rempart.fr\/wiki\/wp-json\/wp\/v2\/pages"}],"about":[{"href":"https:\/\/www.dernier-rempart.fr\/wiki\/wp-json\/wp\/v2\/types\/page"}],"author":[{"embeddable":true,"href":"https:\/\/www.dernier-rempart.fr\/wiki\/wp-json\/wp\/v2\/users\/2"}],"replies":[{"embeddable":true,"href":"https:\/\/www.dernier-rempart.fr\/wiki\/wp-json\/wp\/v2\/comments?post=71"}],"version-history":[{"count":7,"href":"https:\/\/www.dernier-rempart.fr\/wiki\/wp-json\/wp\/v2\/pages\/71\/revisions"}],"predecessor-version":[{"id":536,"href":"https:\/\/www.dernier-rempart.fr\/wiki\/wp-json\/wp\/v2\/pages\/71\/revisions\/536"}],"wp:attachment":[{"href":"https:\/\/www.dernier-rempart.fr\/wiki\/wp-json\/wp\/v2\/media?parent=71"}],"wp:term":[{"taxonomy":"category","embeddable":true,"href":"https:\/\/www.dernier-rempart.fr\/wiki\/wp-json\/wp\/v2\/categories?post=71"},{"taxonomy":"post_tag","embeddable":true,"href":"https:\/\/www.dernier-rempart.fr\/wiki\/wp-json\/wp\/v2\/tags?post=71"}],"curies":[{"name":"wp","href":"https:\/\/api.w.org\/{rel}","templated":true}]}}