{"id":64,"date":"2020-07-28T22:07:32","date_gmt":"2020-07-28T20:07:32","guid":{"rendered":"https:\/\/dernierdotrempart.wordpress.com\/?page_id=64"},"modified":"2024-05-20T21:15:37","modified_gmt":"2024-05-20T19:15:37","slug":"les-bases-pvp","status":"publish","type":"page","link":"https:\/\/www.dernier-rempart.fr\/wiki\/les-bases-pvp\/","title":{"rendered":"<center>Les bases PVP<\/center>"},"content":{"rendered":"\n<p><strong>Pr\u00e9sentation WoE<\/strong>: <br><a href=\"https:\/\/www.dernier-rempart.fr\/wiki\/woe-2-0\/\">Voir notre page<\/a><\/p>\n\n\n\n<p><strong>War of crystal<\/strong>&nbsp;: <br><a href=\"https:\/\/ragnamobileguide.com\/war-of-crystals-gvg-final-battle-guide\/\">https:\/\/ragnamobileguide.com\/war-of-crystals-gvg-final-battle-guide\/<\/a><br><a href=\"https:\/\/www.dernier-rempart.fr\/wiki\/la-woc\/\">Voir notre page <\/a><\/p>\n\n\n\n<p><strong>Le 6v6<\/strong> : <a href=\"https:\/\/www.dernier-rempart.fr\/wiki\/6v6\/\">Voir la page<\/a><\/p>\n\n\n\n<p><strong>Le MVP battle<\/strong> : <a href=\"https:\/\/www.dernier-rempart.fr\/wiki\/mvp-battle\/\">Voir la page<\/a><\/p>\n\n\n\n<p class=\"has-background\" style=\"background-color:#e6dcc5\">Les consommables dont vous avez besoin&nbsp;: <br><br>Achetable ou droppable ou craftable<br><strong>Weapon Repair Alloy<\/strong> : Pour r\u00e9parer votre \u00e9quipement lorsqu&rsquo;il est cass\u00e9 <br><strong>Panacea <\/strong>: Pour enlever la majeure partie des alt\u00e9rations d&rsquo;\u00e9tats<br><strong>Awakening Potion<\/strong> : Augmente drastiquement votre vitesse d&rsquo;auto attaque (utile pour les sp\u00e9 agi)<br><strong>Potion de soin \/ SP<\/strong> : \u00e0 utiliser en <a href=\"https:\/\/www.dernier-rempart.fr\/wiki\/lauto-pot\/\">Auto Pot<\/a><br><strong>Mastery alloy<\/strong> : Fire\/Ice\/Earth\/Hurricane augmente de 5% les d\u00e9g\u00e2ts de l\u2019\u00e9l\u00e9ment choisi<br><strong>Immunity alloy<\/strong> : Fire\/Ice\/Earth\/Hurricane r\u00e9duit de 100% les d\u00e9g\u00e2ts de l\u2019\u00e9l\u00e9ment choisi<br><strong>Slow attack alloy<\/strong>&nbsp;: +100 Atk -&gt; 30 min.<br><strong>Star Flower Stamen<\/strong> : Regen 1\/4HP et tout les SPs<br><strong>Yggdrasil Berry<\/strong> : 1\/4HP HP mais pas de SP. Elle partage le m\u00eame cooldown que les Star Flower Stamen<br><br><br>\u00c0 cuisiner : <br><strong>Prontera Royal Salad<\/strong>: C&rsquo;est la food la plus importante reduction du <strong>Cast Delay<\/strong> et 2secondes d&rsquo;invulnerabilit\u00e9 toutes les 15s<br><strong>Satisfied Feast<\/strong> : Plus de Pen et MPen. Les Dmgs c&rsquo;est important.<br><br><br>\u00c0 acheter au black cat caf\u00e9 :<br><strong>Tea<\/strong>&nbsp;: HP ou SP Regen<br><strong>Sake&nbsp;<\/strong>: Augmentation de l&rsquo;ATK pendant 15 min<br><strong>Grasse Juice<\/strong> : Augmentation de la MATK pendant 15 min<br><strong>Cocoa&nbsp;<\/strong>: HP et SP Regen<br><strong>Waffle&nbsp;<\/strong>: 10% ou 20% ou 30% de r\u00e9sistance aux dmgs pendant 3min.<br><strong>Cake&nbsp;<\/strong>: Augmentation de la vitesse de d\u00e9placement pendant 2 min.<\/p>\n","protected":false},"excerpt":{"rendered":"<p>Pr\u00e9sentation WoE: Voir notre page War of crystal&nbsp;: https:\/\/ragnamobileguide.com\/war-of-crystals-gvg-final-battle-guide\/Voir notre page Le 6v6 : Voir la page Le MVP battle : Voir la page Les consommables dont vous avez besoin&nbsp;: Achetable ou droppable ou craftableWeapon Repair Alloy : Pour r\u00e9parer votre \u00e9quipement lorsqu&rsquo;il est cass\u00e9 Panacea : Pour enlever la majeure partie des alt\u00e9rations d&rsquo;\u00e9tatsAwakening &hellip; <\/p>\n<p class=\"link-more\"><a href=\"https:\/\/www.dernier-rempart.fr\/wiki\/les-bases-pvp\/\" class=\"more-link\">Continuer la lecture<span class=\"screen-reader-text\"> de &laquo;&nbsp;<center>Les bases PVP<\/center>&nbsp;&raquo;<\/span><\/a><\/p>\n","protected":false},"author":2,"featured_media":0,"parent":0,"menu_order":0,"comment_status":"closed","ping_status":"closed","template":"","meta":{"_acf_changed":false,"footnotes":""},"categories":[],"tags":[],"class_list":["post-64","page","type-page","status-publish","hentry"],"acf":[],"yoast_head":"<!-- This site is optimized with the Yoast SEO plugin v27.4 - https:\/\/yoast.com\/product\/yoast-seo-wordpress\/ -->\n<title>Les bases PVP - Dernier Rempart, wiki<\/title>\n<meta name=\"robots\" content=\"index, follow, max-snippet:-1, max-image-preview:large, max-video-preview:-1\" \/>\n<link rel=\"canonical\" href=\"https:\/\/www.dernier-rempart.fr\/wiki\/les-bases-pvp\/\" \/>\n<meta property=\"og:locale\" content=\"fr_FR\" \/>\n<meta property=\"og:type\" content=\"article\" \/>\n<meta property=\"og:title\" content=\"Les bases PVP - Dernier Rempart, wiki\" \/>\n<meta property=\"og:description\" content=\"Pr\u00e9sentation WoE: Voir notre page War of crystal&nbsp;: https:\/\/ragnamobileguide.com\/war-of-crystals-gvg-final-battle-guide\/Voir notre page Le 6v6 : Voir la page Le MVP battle : Voir la page Les consommables dont vous avez besoin&nbsp;: Achetable ou droppable ou craftableWeapon Repair Alloy : Pour r\u00e9parer votre \u00e9quipement lorsqu&rsquo;il est cass\u00e9 Panacea : Pour enlever la majeure partie des alt\u00e9rations d&rsquo;\u00e9tatsAwakening &hellip; Continuer la lecture de &laquo;&nbsp;Les bases PVP&nbsp;&raquo;\" \/>\n<meta property=\"og:url\" content=\"https:\/\/www.dernier-rempart.fr\/wiki\/les-bases-pvp\/\" \/>\n<meta property=\"og:site_name\" content=\"Dernier Rempart, wiki\" \/>\n<meta property=\"article:modified_time\" content=\"2024-05-20T19:15:37+00:00\" \/>\n<meta name=\"twitter:card\" content=\"summary_large_image\" \/>\n<meta name=\"twitter:label1\" content=\"Dur\u00e9e de lecture estim\u00e9e\" \/>\n\t<meta name=\"twitter:data1\" content=\"2 minutes\" \/>\n<script type=\"application\/ld+json\" class=\"yoast-schema-graph\">{\"@context\":\"https:\\\/\\\/schema.org\",\"@graph\":[{\"@type\":\"WebPage\",\"@id\":\"https:\\\/\\\/www.dernier-rempart.fr\\\/wiki\\\/les-bases-pvp\\\/\",\"url\":\"https:\\\/\\\/www.dernier-rempart.fr\\\/wiki\\\/les-bases-pvp\\\/\",\"name\":\"Les bases PVP - Dernier Rempart, wiki\",\"isPartOf\":{\"@id\":\"https:\\\/\\\/www.dernier-rempart.fr\\\/wiki\\\/#website\"},\"datePublished\":\"2020-07-28T20:07:32+00:00\",\"dateModified\":\"2024-05-20T19:15:37+00:00\",\"breadcrumb\":{\"@id\":\"https:\\\/\\\/www.dernier-rempart.fr\\\/wiki\\\/les-bases-pvp\\\/#breadcrumb\"},\"inLanguage\":\"fr-FR\",\"potentialAction\":[{\"@type\":\"ReadAction\",\"target\":[\"https:\\\/\\\/www.dernier-rempart.fr\\\/wiki\\\/les-bases-pvp\\\/\"]}]},{\"@type\":\"BreadcrumbList\",\"@id\":\"https:\\\/\\\/www.dernier-rempart.fr\\\/wiki\\\/les-bases-pvp\\\/#breadcrumb\",\"itemListElement\":[{\"@type\":\"ListItem\",\"position\":1,\"name\":\"Accueil\",\"item\":\"https:\\\/\\\/www.dernier-rempart.fr\\\/wiki\\\/\"},{\"@type\":\"ListItem\",\"position\":2,\"name\":\"Les bases PVP\"}]},{\"@type\":\"WebSite\",\"@id\":\"https:\\\/\\\/www.dernier-rempart.fr\\\/wiki\\\/#website\",\"url\":\"https:\\\/\\\/www.dernier-rempart.fr\\\/wiki\\\/\",\"name\":\"Dernier Rempart, wiki\",\"description\":\"\",\"publisher\":{\"@id\":\"https:\\\/\\\/www.dernier-rempart.fr\\\/wiki\\\/#organization\"},\"potentialAction\":[{\"@type\":\"SearchAction\",\"target\":{\"@type\":\"EntryPoint\",\"urlTemplate\":\"https:\\\/\\\/www.dernier-rempart.fr\\\/wiki\\\/?s={search_term_string}\"},\"query-input\":{\"@type\":\"PropertyValueSpecification\",\"valueRequired\":true,\"valueName\":\"search_term_string\"}}],\"inLanguage\":\"fr-FR\"},{\"@type\":\"Organization\",\"@id\":\"https:\\\/\\\/www.dernier-rempart.fr\\\/wiki\\\/#organization\",\"name\":\"Dernier Rempart\",\"url\":\"https:\\\/\\\/www.dernier-rempart.fr\\\/wiki\\\/\",\"logo\":{\"@type\":\"ImageObject\",\"inLanguage\":\"fr-FR\",\"@id\":\"https:\\\/\\\/www.dernier-rempart.fr\\\/wiki\\\/#\\\/schema\\\/logo\\\/image\\\/\",\"url\":\"https:\\\/\\\/www.dernier-rempart.fr\\\/wiki\\\/wp-content\\\/uploads\\\/2020\\\/10\\\/banner_DR.png\",\"contentUrl\":\"https:\\\/\\\/www.dernier-rempart.fr\\\/wiki\\\/wp-content\\\/uploads\\\/2020\\\/10\\\/banner_DR.png\",\"width\":430,\"height\":160,\"caption\":\"Dernier Rempart\"},\"image\":{\"@id\":\"https:\\\/\\\/www.dernier-rempart.fr\\\/wiki\\\/#\\\/schema\\\/logo\\\/image\\\/\"}}]}<\/script>\n<!-- \/ Yoast SEO plugin. -->","yoast_head_json":{"title":"Les bases PVP - Dernier Rempart, wiki","robots":{"index":"index","follow":"follow","max-snippet":"max-snippet:-1","max-image-preview":"max-image-preview:large","max-video-preview":"max-video-preview:-1"},"canonical":"https:\/\/www.dernier-rempart.fr\/wiki\/les-bases-pvp\/","og_locale":"fr_FR","og_type":"article","og_title":"Les bases PVP - Dernier Rempart, wiki","og_description":"Pr\u00e9sentation WoE: Voir notre page War of crystal&nbsp;: https:\/\/ragnamobileguide.com\/war-of-crystals-gvg-final-battle-guide\/Voir notre page Le 6v6 : Voir la page Le MVP battle : Voir la page Les consommables dont vous avez besoin&nbsp;: Achetable ou droppable ou craftableWeapon Repair Alloy : Pour r\u00e9parer votre \u00e9quipement lorsqu&rsquo;il est cass\u00e9 Panacea : Pour enlever la majeure partie des alt\u00e9rations d&rsquo;\u00e9tatsAwakening &hellip; Continuer la lecture de &laquo;&nbsp;Les bases PVP&nbsp;&raquo;","og_url":"https:\/\/www.dernier-rempart.fr\/wiki\/les-bases-pvp\/","og_site_name":"Dernier Rempart, wiki","article_modified_time":"2024-05-20T19:15:37+00:00","twitter_card":"summary_large_image","twitter_misc":{"Dur\u00e9e de lecture estim\u00e9e":"2 minutes"},"schema":{"@context":"https:\/\/schema.org","@graph":[{"@type":"WebPage","@id":"https:\/\/www.dernier-rempart.fr\/wiki\/les-bases-pvp\/","url":"https:\/\/www.dernier-rempart.fr\/wiki\/les-bases-pvp\/","name":"Les bases PVP - Dernier Rempart, wiki","isPartOf":{"@id":"https:\/\/www.dernier-rempart.fr\/wiki\/#website"},"datePublished":"2020-07-28T20:07:32+00:00","dateModified":"2024-05-20T19:15:37+00:00","breadcrumb":{"@id":"https:\/\/www.dernier-rempart.fr\/wiki\/les-bases-pvp\/#breadcrumb"},"inLanguage":"fr-FR","potentialAction":[{"@type":"ReadAction","target":["https:\/\/www.dernier-rempart.fr\/wiki\/les-bases-pvp\/"]}]},{"@type":"BreadcrumbList","@id":"https:\/\/www.dernier-rempart.fr\/wiki\/les-bases-pvp\/#breadcrumb","itemListElement":[{"@type":"ListItem","position":1,"name":"Accueil","item":"https:\/\/www.dernier-rempart.fr\/wiki\/"},{"@type":"ListItem","position":2,"name":"Les bases PVP"}]},{"@type":"WebSite","@id":"https:\/\/www.dernier-rempart.fr\/wiki\/#website","url":"https:\/\/www.dernier-rempart.fr\/wiki\/","name":"Dernier Rempart, wiki","description":"","publisher":{"@id":"https:\/\/www.dernier-rempart.fr\/wiki\/#organization"},"potentialAction":[{"@type":"SearchAction","target":{"@type":"EntryPoint","urlTemplate":"https:\/\/www.dernier-rempart.fr\/wiki\/?s={search_term_string}"},"query-input":{"@type":"PropertyValueSpecification","valueRequired":true,"valueName":"search_term_string"}}],"inLanguage":"fr-FR"},{"@type":"Organization","@id":"https:\/\/www.dernier-rempart.fr\/wiki\/#organization","name":"Dernier Rempart","url":"https:\/\/www.dernier-rempart.fr\/wiki\/","logo":{"@type":"ImageObject","inLanguage":"fr-FR","@id":"https:\/\/www.dernier-rempart.fr\/wiki\/#\/schema\/logo\/image\/","url":"https:\/\/www.dernier-rempart.fr\/wiki\/wp-content\/uploads\/2020\/10\/banner_DR.png","contentUrl":"https:\/\/www.dernier-rempart.fr\/wiki\/wp-content\/uploads\/2020\/10\/banner_DR.png","width":430,"height":160,"caption":"Dernier Rempart"},"image":{"@id":"https:\/\/www.dernier-rempart.fr\/wiki\/#\/schema\/logo\/image\/"}}]}},"jetpack_sharing_enabled":true,"_links":{"self":[{"href":"https:\/\/www.dernier-rempart.fr\/wiki\/wp-json\/wp\/v2\/pages\/64","targetHints":{"allow":["GET"]}}],"collection":[{"href":"https:\/\/www.dernier-rempart.fr\/wiki\/wp-json\/wp\/v2\/pages"}],"about":[{"href":"https:\/\/www.dernier-rempart.fr\/wiki\/wp-json\/wp\/v2\/types\/page"}],"author":[{"embeddable":true,"href":"https:\/\/www.dernier-rempart.fr\/wiki\/wp-json\/wp\/v2\/users\/2"}],"replies":[{"embeddable":true,"href":"https:\/\/www.dernier-rempart.fr\/wiki\/wp-json\/wp\/v2\/comments?post=64"}],"version-history":[{"count":7,"href":"https:\/\/www.dernier-rempart.fr\/wiki\/wp-json\/wp\/v2\/pages\/64\/revisions"}],"predecessor-version":[{"id":2029,"href":"https:\/\/www.dernier-rempart.fr\/wiki\/wp-json\/wp\/v2\/pages\/64\/revisions\/2029"}],"wp:attachment":[{"href":"https:\/\/www.dernier-rempart.fr\/wiki\/wp-json\/wp\/v2\/media?parent=64"}],"wp:term":[{"taxonomy":"category","embeddable":true,"href":"https:\/\/www.dernier-rempart.fr\/wiki\/wp-json\/wp\/v2\/categories?post=64"},{"taxonomy":"post_tag","embeddable":true,"href":"https:\/\/www.dernier-rempart.fr\/wiki\/wp-json\/wp\/v2\/tags?post=64"}],"curies":[{"name":"wp","href":"https:\/\/api.w.org\/{rel}","templated":true}]}}