{"id":36,"date":"2020-07-28T21:38:19","date_gmt":"2020-07-28T19:38:19","guid":{"rendered":"https:\/\/dernierdotrempart.wordpress.com\/?page_id=36"},"modified":"2021-08-03T12:01:00","modified_gmt":"2021-08-03T10:01:00","slug":"le-hall-de-guilde","status":"publish","type":"page","link":"https:\/\/www.dernier-rempart.fr\/wiki\/le-hall-de-guilde\/","title":{"rendered":"<center>Le hall de guilde<\/center>"},"content":{"rendered":"\n<hr class=\"wp-block-separator\"\/>\n\n\n\n<p>Le hall de guilde permet de faire plusieurs choses&nbsp;:<\/p>\n\n\n\n<ul class=\"wp-block-list\"><li>Faire des donations pour obtenir des contributions, gold medal, belief token et zeny.&nbsp;<br><strong>C&rsquo;est vital pour l&rsquo;\u00e9volution de votre personnage.<\/strong><br><br>Contribution : <a rel=\"noreferrer noopener\" href=\"https:\/\/ragnamobileguide.com\/guild-donation-guide-ragnarok-mobile-eternal-love\/\" target=\"_blank\">https:\/\/ragnamobileguide.com\/guild-donation-guide-ragnarok-mobile-eternal-love\/<\/a><br>Aeisr : <a rel=\"noreferrer noopener\" href=\"https:\/\/ragnamobileguide.com\/guide-to-rune-system-ragnarok-mobile-eternal-love\/\" target=\"_blank\">https:\/\/ragnamobileguide.com\/guide-to-rune-system-ragnarok-mobile-eternal-love\/<\/a><\/li><\/ul>\n\n\n\n<ul class=\"wp-block-list\"><li>Faire des qu\u00eates de guilde pour obtenir des contributions, gold medal et silver medal Il y en a trois disponibles par jour, elles donnent un coffre normal, argent\u00e9 et dor\u00e9. Dans le coffre dor\u00e9 il y a une chance d&rsquo;obtenir une gold medal.<br><br><\/li><li>B\u00e9n\u00e9diction de la Valkyrie \u00ab\u00a0Guild Blessing Pray\u00a0\u00bb\u00a0: en \u00e9change de contribution ainsi que de zeny ou belief token, vous obtiendrez un buff permanent de statistiques. (priorisez d&rsquo;abord l&rsquo;ATK ou la MATK First puis les HP)<br><br><\/li><li>B\u00e9n\u00e9diction de la Valkyrie \u00ab\u00a0Blessing of Goddess\u00a0\u00bb\u00a0: en \u00e9change de praying cards, vous obtiendrez un buff permanent d&rsquo;attaque, de d\u00e9fense ou d&rsquo;\u00e9l\u00e9ment (Conseil\u00a0: PEN, HP , Fire resist)<br><br><\/li><li>Valhalla Ruins\u00a0: C&rsquo;est un donjon qui permet d&rsquo;affronter des MVP et des mini boss. Vous trouverez les d\u00e9tail sur la page d\u00e9di\u00e9e : <a href=\"https:\/\/www.dernier-rempart.fr\/wiki\/valhalla-ruins-vr\/\">https:\/\/www.dernier-rempart.fr\/wiki\/valhalla-ruins-vr\/<\/a><br><br><\/li><li>\u00c9change de peak shard\u00a0: Lorsque le niveau de job atteint le 40 en T2, vous pourrez donner des peaks shards \u00e0 ce PNJ pour d\u00e9bloquer pallier par pallier vos niveaux de jobs jusqu\u2019\u00e0 atteindre le 70.<br><br><\/li><li>La statue (salle de droite)\u00a0: Elle donne des r\u00e9compenses en fonction des challenges de guilde atteints, il faut y faire un tour r\u00e9guli\u00e8rement.<br><br><\/li><li>Entr\u00e9e de la WoC\u00a0: permet de rejoindre la War Of Crystal (si on est qualifi\u00e9) le dimanche \u00e0 21h<br><br><\/li><li>Entr\u00e9e de la WoE\u00a0: Acc\u00e8s direct \u00e0 notre ch\u00e2teau obtenu pendant la WoE, le jeudi \u00e0 21h<br><br><\/li><\/ul>\n\n\n\n<p><em>Infrastructures construites&nbsp;:<\/em>&nbsp;Une seule de ces infrastructure peut \u00eatre construite ou am\u00e9lior\u00e9e \u00e0 la fois.<\/p>\n\n\n\n<ul class=\"wp-block-list\"><li>Cat Litter box (salle de droite)&nbsp;: Permet d&rsquo;\u00e9changer des Shining Glass Bead (obtenu \u00e0 la statue) contre des r\u00e9compenses al\u00e9atoire&nbsp;: zeny, honor proof, eden coin&#8230;<\/li><li>Vending Machine (salle de droite)&nbsp;: Permet d&rsquo;acheter des \u00e9l\u00e9ments tr\u00e8s utile comme les Praying Card, les Peak Shard, les mithril stone ou le Set Midgart. (principalement contre des honor proof)<\/li><li>Sewing machine (salle de droite)&nbsp;: Permet de refine les hats et de faire des enhances sp\u00e9ciaux qui augmente les HPs.<\/li><li>Black Cat Caf\u00e9 (salle de droite)&nbsp;: Consommable pour la WoE voir&nbsp;: #les-bases-pvp<\/li><li>L&rsquo;enclume (salle au nord)&nbsp;: Pr\u00e9sent avec un alchimiste. L&rsquo;alchimiste permet de fabriquer des essence et l&rsquo;enclume de vous rajouter de la Refine ATK\/MATK. Le bonus n&rsquo;est pas li\u00e9e \u00e0 l\u2019\u00e9quipement mais au personnage.<\/li><li>L&rsquo;ob\u00e9lisque&nbsp;: Permet au joueur d&rsquo;acheter des \u00e9l\u00e9ments d&rsquo;artefact avec de l&rsquo;argent r\u00e9el ou des Contribution + Reward point (obtenu lors d&rsquo;achat avec du vrai argent)<\/li><\/ul>\n\n\n\n<figure class=\"wp-block-image size-large\"><a href=\"https:\/\/images.wikia.com\/dernier-rempart\/fr\/images\/c\/c1\/Carte_guilde.png\"><img loading=\"lazy\" decoding=\"async\" width=\"903\" height=\"542\" data-attachment-id=\"38\" data-permalink=\"https:\/\/www.dernier-rempart.fr\/wiki\/carte_guilde\/\" data-orig-file=\"https:\/\/www.dernier-rempart.fr\/wiki\/wp-content\/uploads\/2020\/07\/carte_guilde.png\" data-orig-size=\"903,542\" data-comments-opened=\"1\" data-image-meta=\"{&quot;aperture&quot;:&quot;0&quot;,&quot;credit&quot;:&quot;&quot;,&quot;camera&quot;:&quot;&quot;,&quot;caption&quot;:&quot;&quot;,&quot;created_timestamp&quot;:&quot;0&quot;,&quot;copyright&quot;:&quot;&quot;,&quot;focal_length&quot;:&quot;0&quot;,&quot;iso&quot;:&quot;0&quot;,&quot;shutter_speed&quot;:&quot;0&quot;,&quot;title&quot;:&quot;&quot;,&quot;orientation&quot;:&quot;0&quot;}\" data-image-title=\"carte_guilde\" data-image-description=\"\" data-image-caption=\"\" data-large-file=\"https:\/\/www.dernier-rempart.fr\/wiki\/wp-content\/uploads\/2020\/07\/carte_guilde.png\" src=\"https:\/\/www.dernier-rempart.fr\/wiki\/wp-content\/uploads\/2020\/07\/carte_guilde.png?w=750\" alt=\"\" class=\"wp-image-38\" srcset=\"https:\/\/www.dernier-rempart.fr\/wiki\/wp-content\/uploads\/2020\/07\/carte_guilde.png 903w, https:\/\/www.dernier-rempart.fr\/wiki\/wp-content\/uploads\/2020\/07\/carte_guilde-300x180.png 300w, https:\/\/www.dernier-rempart.fr\/wiki\/wp-content\/uploads\/2020\/07\/carte_guilde-768x461.png 768w\" sizes=\"auto, (max-width: 767px) 89vw, (max-width: 1000px) 54vw, (max-width: 1071px) 543px, 580px\" \/><\/a><\/figure>\n\n\n\n<p><\/p>\n","protected":false},"excerpt":{"rendered":"<p>Le hall de guilde permet de faire plusieurs choses&nbsp;: Faire des donations pour obtenir des contributions, gold medal, belief token et zeny.&nbsp;C&rsquo;est vital pour l&rsquo;\u00e9volution de votre personnage. Contribution : https:\/\/ragnamobileguide.com\/guild-donation-guide-ragnarok-mobile-eternal-love\/Aeisr : https:\/\/ragnamobileguide.com\/guide-to-rune-system-ragnarok-mobile-eternal-love\/ Faire des qu\u00eates de guilde pour obtenir des contributions, gold medal et silver medal Il y en a trois disponibles par jour, &hellip; <\/p>\n<p class=\"link-more\"><a href=\"https:\/\/www.dernier-rempart.fr\/wiki\/le-hall-de-guilde\/\" class=\"more-link\">Continuer la lecture<span class=\"screen-reader-text\"> de &laquo;&nbsp;<center>Le hall de guilde<\/center>&nbsp;&raquo;<\/span><\/a><\/p>\n","protected":false},"author":10,"featured_media":0,"parent":0,"menu_order":0,"comment_status":"closed","ping_status":"closed","template":"","meta":{"_acf_changed":false,"footnotes":""},"categories":[],"tags":[],"class_list":["post-36","page","type-page","status-publish","hentry"],"acf":[],"yoast_head":"<!-- This site is optimized with the Yoast SEO plugin v27.4 - https:\/\/yoast.com\/product\/yoast-seo-wordpress\/ -->\n<title>Le hall de guilde - Dernier Rempart, wiki<\/title>\n<meta name=\"robots\" content=\"index, follow, max-snippet:-1, max-image-preview:large, max-video-preview:-1\" \/>\n<link rel=\"canonical\" href=\"https:\/\/www.dernier-rempart.fr\/wiki\/le-hall-de-guilde\/\" \/>\n<meta property=\"og:locale\" content=\"fr_FR\" \/>\n<meta property=\"og:type\" content=\"article\" \/>\n<meta property=\"og:title\" content=\"Le hall de guilde - Dernier Rempart, wiki\" \/>\n<meta property=\"og:description\" content=\"Le hall de guilde permet de faire plusieurs choses&nbsp;: Faire des donations pour obtenir des contributions, gold medal, belief token et zeny.&nbsp;C&rsquo;est vital pour l&rsquo;\u00e9volution de votre personnage. Contribution : https:\/\/ragnamobileguide.com\/guild-donation-guide-ragnarok-mobile-eternal-love\/Aeisr : https:\/\/ragnamobileguide.com\/guide-to-rune-system-ragnarok-mobile-eternal-love\/ Faire des qu\u00eates de guilde pour obtenir des contributions, gold medal et silver medal Il y en a trois disponibles par jour, &hellip; Continuer la lecture de &laquo;&nbsp;Le hall de guilde&nbsp;&raquo;\" \/>\n<meta property=\"og:url\" content=\"https:\/\/www.dernier-rempart.fr\/wiki\/le-hall-de-guilde\/\" \/>\n<meta property=\"og:site_name\" content=\"Dernier Rempart, wiki\" \/>\n<meta property=\"article:modified_time\" content=\"2021-08-03T10:01:00+00:00\" \/>\n<meta property=\"og:image\" content=\"https:\/\/www.dernier-rempart.fr\/wiki\/wp-content\/uploads\/2020\/07\/carte_guilde.png?w=750\" \/>\n<meta name=\"twitter:card\" content=\"summary_large_image\" \/>\n<meta name=\"twitter:label1\" content=\"Dur\u00e9e de lecture estim\u00e9e\" \/>\n\t<meta name=\"twitter:data1\" content=\"2 minutes\" \/>\n<script type=\"application\/ld+json\" class=\"yoast-schema-graph\">{\"@context\":\"https:\\\/\\\/schema.org\",\"@graph\":[{\"@type\":\"WebPage\",\"@id\":\"https:\\\/\\\/www.dernier-rempart.fr\\\/wiki\\\/le-hall-de-guilde\\\/\",\"url\":\"https:\\\/\\\/www.dernier-rempart.fr\\\/wiki\\\/le-hall-de-guilde\\\/\",\"name\":\"Le hall de guilde - Dernier Rempart, wiki\",\"isPartOf\":{\"@id\":\"https:\\\/\\\/www.dernier-rempart.fr\\\/wiki\\\/#website\"},\"primaryImageOfPage\":{\"@id\":\"https:\\\/\\\/www.dernier-rempart.fr\\\/wiki\\\/le-hall-de-guilde\\\/#primaryimage\"},\"image\":{\"@id\":\"https:\\\/\\\/www.dernier-rempart.fr\\\/wiki\\\/le-hall-de-guilde\\\/#primaryimage\"},\"thumbnailUrl\":\"https:\\\/\\\/www.dernier-rempart.fr\\\/wiki\\\/wp-content\\\/uploads\\\/2020\\\/07\\\/carte_guilde.png?w=750\",\"datePublished\":\"2020-07-28T19:38:19+00:00\",\"dateModified\":\"2021-08-03T10:01:00+00:00\",\"breadcrumb\":{\"@id\":\"https:\\\/\\\/www.dernier-rempart.fr\\\/wiki\\\/le-hall-de-guilde\\\/#breadcrumb\"},\"inLanguage\":\"fr-FR\",\"potentialAction\":[{\"@type\":\"ReadAction\",\"target\":[\"https:\\\/\\\/www.dernier-rempart.fr\\\/wiki\\\/le-hall-de-guilde\\\/\"]}]},{\"@type\":\"ImageObject\",\"inLanguage\":\"fr-FR\",\"@id\":\"https:\\\/\\\/www.dernier-rempart.fr\\\/wiki\\\/le-hall-de-guilde\\\/#primaryimage\",\"url\":\"https:\\\/\\\/www.dernier-rempart.fr\\\/wiki\\\/wp-content\\\/uploads\\\/2020\\\/07\\\/carte_guilde.png\",\"contentUrl\":\"https:\\\/\\\/www.dernier-rempart.fr\\\/wiki\\\/wp-content\\\/uploads\\\/2020\\\/07\\\/carte_guilde.png\",\"width\":903,\"height\":542},{\"@type\":\"BreadcrumbList\",\"@id\":\"https:\\\/\\\/www.dernier-rempart.fr\\\/wiki\\\/le-hall-de-guilde\\\/#breadcrumb\",\"itemListElement\":[{\"@type\":\"ListItem\",\"position\":1,\"name\":\"Accueil\",\"item\":\"https:\\\/\\\/www.dernier-rempart.fr\\\/wiki\\\/\"},{\"@type\":\"ListItem\",\"position\":2,\"name\":\"Le hall de guilde\"}]},{\"@type\":\"WebSite\",\"@id\":\"https:\\\/\\\/www.dernier-rempart.fr\\\/wiki\\\/#website\",\"url\":\"https:\\\/\\\/www.dernier-rempart.fr\\\/wiki\\\/\",\"name\":\"Dernier Rempart, wiki\",\"description\":\"\",\"publisher\":{\"@id\":\"https:\\\/\\\/www.dernier-rempart.fr\\\/wiki\\\/#organization\"},\"potentialAction\":[{\"@type\":\"SearchAction\",\"target\":{\"@type\":\"EntryPoint\",\"urlTemplate\":\"https:\\\/\\\/www.dernier-rempart.fr\\\/wiki\\\/?s={search_term_string}\"},\"query-input\":{\"@type\":\"PropertyValueSpecification\",\"valueRequired\":true,\"valueName\":\"search_term_string\"}}],\"inLanguage\":\"fr-FR\"},{\"@type\":\"Organization\",\"@id\":\"https:\\\/\\\/www.dernier-rempart.fr\\\/wiki\\\/#organization\",\"name\":\"Dernier Rempart\",\"url\":\"https:\\\/\\\/www.dernier-rempart.fr\\\/wiki\\\/\",\"logo\":{\"@type\":\"ImageObject\",\"inLanguage\":\"fr-FR\",\"@id\":\"https:\\\/\\\/www.dernier-rempart.fr\\\/wiki\\\/#\\\/schema\\\/logo\\\/image\\\/\",\"url\":\"https:\\\/\\\/www.dernier-rempart.fr\\\/wiki\\\/wp-content\\\/uploads\\\/2020\\\/10\\\/banner_DR.png\",\"contentUrl\":\"https:\\\/\\\/www.dernier-rempart.fr\\\/wiki\\\/wp-content\\\/uploads\\\/2020\\\/10\\\/banner_DR.png\",\"width\":430,\"height\":160,\"caption\":\"Dernier Rempart\"},\"image\":{\"@id\":\"https:\\\/\\\/www.dernier-rempart.fr\\\/wiki\\\/#\\\/schema\\\/logo\\\/image\\\/\"}}]}<\/script>\n<!-- \/ Yoast SEO plugin. -->","yoast_head_json":{"title":"Le hall de guilde - Dernier Rempart, wiki","robots":{"index":"index","follow":"follow","max-snippet":"max-snippet:-1","max-image-preview":"max-image-preview:large","max-video-preview":"max-video-preview:-1"},"canonical":"https:\/\/www.dernier-rempart.fr\/wiki\/le-hall-de-guilde\/","og_locale":"fr_FR","og_type":"article","og_title":"Le hall de guilde - Dernier Rempart, wiki","og_description":"Le hall de guilde permet de faire plusieurs choses&nbsp;: Faire des donations pour obtenir des contributions, gold medal, belief token et zeny.&nbsp;C&rsquo;est vital pour l&rsquo;\u00e9volution de votre personnage. Contribution : https:\/\/ragnamobileguide.com\/guild-donation-guide-ragnarok-mobile-eternal-love\/Aeisr : https:\/\/ragnamobileguide.com\/guide-to-rune-system-ragnarok-mobile-eternal-love\/ Faire des qu\u00eates de guilde pour obtenir des contributions, gold medal et silver medal Il y en a trois disponibles par jour, &hellip; Continuer la lecture de &laquo;&nbsp;Le hall de guilde&nbsp;&raquo;","og_url":"https:\/\/www.dernier-rempart.fr\/wiki\/le-hall-de-guilde\/","og_site_name":"Dernier Rempart, wiki","article_modified_time":"2021-08-03T10:01:00+00:00","og_image":[{"url":"https:\/\/www.dernier-rempart.fr\/wiki\/wp-content\/uploads\/2020\/07\/carte_guilde.png?w=750","type":"","width":"","height":""}],"twitter_card":"summary_large_image","twitter_misc":{"Dur\u00e9e de lecture estim\u00e9e":"2 minutes"},"schema":{"@context":"https:\/\/schema.org","@graph":[{"@type":"WebPage","@id":"https:\/\/www.dernier-rempart.fr\/wiki\/le-hall-de-guilde\/","url":"https:\/\/www.dernier-rempart.fr\/wiki\/le-hall-de-guilde\/","name":"Le hall de guilde - Dernier Rempart, wiki","isPartOf":{"@id":"https:\/\/www.dernier-rempart.fr\/wiki\/#website"},"primaryImageOfPage":{"@id":"https:\/\/www.dernier-rempart.fr\/wiki\/le-hall-de-guilde\/#primaryimage"},"image":{"@id":"https:\/\/www.dernier-rempart.fr\/wiki\/le-hall-de-guilde\/#primaryimage"},"thumbnailUrl":"https:\/\/www.dernier-rempart.fr\/wiki\/wp-content\/uploads\/2020\/07\/carte_guilde.png?w=750","datePublished":"2020-07-28T19:38:19+00:00","dateModified":"2021-08-03T10:01:00+00:00","breadcrumb":{"@id":"https:\/\/www.dernier-rempart.fr\/wiki\/le-hall-de-guilde\/#breadcrumb"},"inLanguage":"fr-FR","potentialAction":[{"@type":"ReadAction","target":["https:\/\/www.dernier-rempart.fr\/wiki\/le-hall-de-guilde\/"]}]},{"@type":"ImageObject","inLanguage":"fr-FR","@id":"https:\/\/www.dernier-rempart.fr\/wiki\/le-hall-de-guilde\/#primaryimage","url":"https:\/\/www.dernier-rempart.fr\/wiki\/wp-content\/uploads\/2020\/07\/carte_guilde.png","contentUrl":"https:\/\/www.dernier-rempart.fr\/wiki\/wp-content\/uploads\/2020\/07\/carte_guilde.png","width":903,"height":542},{"@type":"BreadcrumbList","@id":"https:\/\/www.dernier-rempart.fr\/wiki\/le-hall-de-guilde\/#breadcrumb","itemListElement":[{"@type":"ListItem","position":1,"name":"Accueil","item":"https:\/\/www.dernier-rempart.fr\/wiki\/"},{"@type":"ListItem","position":2,"name":"Le hall de guilde"}]},{"@type":"WebSite","@id":"https:\/\/www.dernier-rempart.fr\/wiki\/#website","url":"https:\/\/www.dernier-rempart.fr\/wiki\/","name":"Dernier Rempart, wiki","description":"","publisher":{"@id":"https:\/\/www.dernier-rempart.fr\/wiki\/#organization"},"potentialAction":[{"@type":"SearchAction","target":{"@type":"EntryPoint","urlTemplate":"https:\/\/www.dernier-rempart.fr\/wiki\/?s={search_term_string}"},"query-input":{"@type":"PropertyValueSpecification","valueRequired":true,"valueName":"search_term_string"}}],"inLanguage":"fr-FR"},{"@type":"Organization","@id":"https:\/\/www.dernier-rempart.fr\/wiki\/#organization","name":"Dernier Rempart","url":"https:\/\/www.dernier-rempart.fr\/wiki\/","logo":{"@type":"ImageObject","inLanguage":"fr-FR","@id":"https:\/\/www.dernier-rempart.fr\/wiki\/#\/schema\/logo\/image\/","url":"https:\/\/www.dernier-rempart.fr\/wiki\/wp-content\/uploads\/2020\/10\/banner_DR.png","contentUrl":"https:\/\/www.dernier-rempart.fr\/wiki\/wp-content\/uploads\/2020\/10\/banner_DR.png","width":430,"height":160,"caption":"Dernier Rempart"},"image":{"@id":"https:\/\/www.dernier-rempart.fr\/wiki\/#\/schema\/logo\/image\/"}}]}},"jetpack_sharing_enabled":true,"_links":{"self":[{"href":"https:\/\/www.dernier-rempart.fr\/wiki\/wp-json\/wp\/v2\/pages\/36","targetHints":{"allow":["GET"]}}],"collection":[{"href":"https:\/\/www.dernier-rempart.fr\/wiki\/wp-json\/wp\/v2\/pages"}],"about":[{"href":"https:\/\/www.dernier-rempart.fr\/wiki\/wp-json\/wp\/v2\/types\/page"}],"author":[{"embeddable":true,"href":"https:\/\/www.dernier-rempart.fr\/wiki\/wp-json\/wp\/v2\/users\/10"}],"replies":[{"embeddable":true,"href":"https:\/\/www.dernier-rempart.fr\/wiki\/wp-json\/wp\/v2\/comments?post=36"}],"version-history":[{"count":8,"href":"https:\/\/www.dernier-rempart.fr\/wiki\/wp-json\/wp\/v2\/pages\/36\/revisions"}],"predecessor-version":[{"id":1150,"href":"https:\/\/www.dernier-rempart.fr\/wiki\/wp-json\/wp\/v2\/pages\/36\/revisions\/1150"}],"wp:attachment":[{"href":"https:\/\/www.dernier-rempart.fr\/wiki\/wp-json\/wp\/v2\/media?parent=36"}],"wp:term":[{"taxonomy":"category","embeddable":true,"href":"https:\/\/www.dernier-rempart.fr\/wiki\/wp-json\/wp\/v2\/categories?post=36"},{"taxonomy":"post_tag","embeddable":true,"href":"https:\/\/www.dernier-rempart.fr\/wiki\/wp-json\/wp\/v2\/tags?post=36"}],"curies":[{"name":"wp","href":"https:\/\/api.w.org\/{rel}","templated":true}]}}