{"id":33,"date":"2020-07-28T21:37:07","date_gmt":"2020-07-28T19:37:07","guid":{"rendered":"https:\/\/dernierdotrempart.wordpress.com\/?page_id=33"},"modified":"2023-06-30T18:47:22","modified_gmt":"2023-06-30T16:47:22","slug":"les-bases","status":"publish","type":"page","link":"https:\/\/www.dernier-rempart.fr\/wiki\/les-bases\/","title":{"rendered":"<center>Les bases<\/center>"},"content":{"rendered":"\n<hr class=\"wp-block-separator has-css-opacity\"\/>\n\n\n\n<p>La liste des choses \u00e0 conna\u00eetre pour bien d\u00e9buter dans le jeu&nbsp;<br><br><\/p>\n\n\n\n<ol class=\"wp-block-list\">\n<li><strong>Faire les qu\u00eates du mission board et les qu\u00eates d&rsquo;event<\/strong> <br>Ces qu\u00eates vous aiderons a avoir vos premiers gains de drop, et fournissent souvent des objets indispensables.<br>Vous trouverez sur cette page la liste compl\u00e8te des routines du jeu : <a href=\"https:\/\/www.dernier-rempart.fr\/wiki\/routines\/\">Les Routines<\/a><br><br><\/li>\n\n\n\n<li><strong>D\u00e9bloquer l&rsquo;assistant<\/strong><br>Les qu\u00eates d&rsquo;assistant (Growth plan) donnent plein de bonnes r\u00e9compenses et les assistant medal sont utilent pour le Gacha. Si vous \u00eates bloqu\u00e9 sur votre Growth plan ou sur un \u00e9pisode, demandez de l&rsquo;aide.<br><br><\/li>\n\n\n\n<li><strong>Prendre des photos<\/strong><br>Celles des Mini Boss et MVP sont utiles pour des qu\u00eates &#8211; Cela augmente le niveau d&rsquo;aventurier<br><br><\/li>\n\n\n\n<li><strong>Les pets, c&rsquo;est bien<\/strong><br>Le pet labor permet d&rsquo;obtenir pleins d&rsquo;objets (potions d&rsquo;exp\u00e9rience, meatball, drop al\u00e9atoires rares, honor proof&#8230;) Les pets aventure permettent, en \u00e9change de stamina et de meatball, d&rsquo;obtenir divers mat\u00e9riaux ainsi que des coffres contenant des drops de mini boss et MVP. Sans compter la possibilit\u00e9 d&rsquo;obtenir des cartes&nbsp;! Elles sont \u00e0 faire de pr\u00e9f\u00e9rence sur les alts pour pr\u00e9server la stamina du personnage principal.<br><br><a type=\"URL\" id=\"https:\/\/www.dernier-rempart.fr\/wiki\/outils\/\" href=\"https:\/\/www.dernier-rempart.fr\/wiki\/outils\/\">Voir dans Outils pour l&rsquo;optimisation des Labor<\/a><br><br><\/li>\n\n\n\n<li><a href=\"https:\/\/www.dernier-rempart.fr\/wiki\/le-hall-de-guilde\/\"><strong>A propos de la guilde<\/strong><\/a><br>Le hall de guilde permet de faire plusieurs choses&nbsp;: faire des donations pour obtenir des contributions et gold medal, faire des qu\u00eates de guilde&#8230; <br>Voir&nbsp;<a href=\"https:\/\/www.dernier-rempart.fr\/wiki\/le-hall-de-guilde\/\">Le hall de guilde<\/a><br><br><\/li>\n\n\n\n<li><strong>Pour avoir plein de SP<\/strong><br>Chaque jour vous pouvez manger gratuitement un Warm Meal au food shop (c&rsquo;est une qu\u00eate point d&rsquo;exclamation bleu, visible dans les villes). Si vous \u00eates Premium vous pouvez avoir un hot meal gratuitement ainsi qu&rsquo;un autre \u00e0 moiti\u00e9 prix. <br>Vous pouvez aussi acheter 999 lunatic meat, les cuisiner et manger le r\u00e9sultat (vous pouvez en manger 999 d&rsquo;un coup, c&rsquo;est cumulable) permettant ainsi de remplir la r\u00e9serve de SP.<br><br><\/li>\n\n\n\n<li><strong>Gagner du combat time<\/strong><br>On est limit\u00e9 \u00e0 300 ou 450 de combat time par jour avec un maximum cumulable de 900 ou 1350. <br>De plus Il est possible d&rsquo;obtenir 270 de combat time suppl\u00e9mentaire par jour qui peuvent s&rsquo;ajouter \u00e0 ce maximum. <br>&#8211; 90 min en \u00e9coutant de la musique <br>&#8211; 180 min en consommant 6 Mentor&rsquo;s Potion qui peuvent s&rsquo;acheter avec les Great Mentor&rsquo;s Licences (level 120 + )<br><\/li>\n\n\n\n<li><strong>Les honors proof<\/strong><br>Vous obtiendrez des honor proof en participant \u00e0 des \u00e9v\u00e8nements dans le jeu. (WoE, WoC, 6V6&#8230;) Il y a plusieurs fa\u00e7ons d&rsquo;utiliser les honor proofs, mais les plus utiles au d\u00e9but sont les suivantes&nbsp;:<br>&#8211; Achat de Golden Medal au Mercenary Shop \u00e0 Prontera \u00e0 cot\u00e9 de la guilde des aventuriers.<br>&#8211; Achat de Praying Card dans la vending machine de la guilde. La consommation des praying card d\u00e9pend de la classe. Consulter nous avant de les consommer.<\/li>\n<\/ol>\n","protected":false},"excerpt":{"rendered":"<p>La liste des choses \u00e0 conna\u00eetre pour bien d\u00e9buter dans le jeu&nbsp;<\/p>\n","protected":false},"author":2,"featured_media":0,"parent":0,"menu_order":0,"comment_status":"closed","ping_status":"closed","template":"","meta":{"_acf_changed":false,"footnotes":""},"categories":[],"tags":[],"class_list":["post-33","page","type-page","status-publish","hentry"],"acf":[],"yoast_head":"<!-- This site is optimized with the Yoast SEO plugin v27.4 - https:\/\/yoast.com\/product\/yoast-seo-wordpress\/ -->\n<title>Les bases - Dernier Rempart, wiki<\/title>\n<meta name=\"robots\" content=\"index, follow, max-snippet:-1, max-image-preview:large, max-video-preview:-1\" \/>\n<link rel=\"canonical\" href=\"https:\/\/www.dernier-rempart.fr\/wiki\/les-bases\/\" \/>\n<meta property=\"og:locale\" content=\"fr_FR\" \/>\n<meta property=\"og:type\" content=\"article\" \/>\n<meta property=\"og:title\" content=\"Les bases - Dernier Rempart, wiki\" \/>\n<meta property=\"og:description\" content=\"La liste des choses \u00e0 conna\u00eetre pour bien d\u00e9buter dans le jeu&nbsp;\" \/>\n<meta property=\"og:url\" content=\"https:\/\/www.dernier-rempart.fr\/wiki\/les-bases\/\" \/>\n<meta property=\"og:site_name\" content=\"Dernier Rempart, wiki\" \/>\n<meta property=\"article:modified_time\" content=\"2023-06-30T16:47:22+00:00\" \/>\n<meta name=\"twitter:card\" content=\"summary_large_image\" \/>\n<meta name=\"twitter:label1\" content=\"Dur\u00e9e de lecture estim\u00e9e\" \/>\n\t<meta name=\"twitter:data1\" content=\"3 minutes\" \/>\n<script type=\"application\/ld+json\" class=\"yoast-schema-graph\">{\"@context\":\"https:\\\/\\\/schema.org\",\"@graph\":[{\"@type\":\"WebPage\",\"@id\":\"https:\\\/\\\/www.dernier-rempart.fr\\\/wiki\\\/les-bases\\\/\",\"url\":\"https:\\\/\\\/www.dernier-rempart.fr\\\/wiki\\\/les-bases\\\/\",\"name\":\"Les bases - Dernier Rempart, wiki\",\"isPartOf\":{\"@id\":\"https:\\\/\\\/www.dernier-rempart.fr\\\/wiki\\\/#website\"},\"datePublished\":\"2020-07-28T19:37:07+00:00\",\"dateModified\":\"2023-06-30T16:47:22+00:00\",\"breadcrumb\":{\"@id\":\"https:\\\/\\\/www.dernier-rempart.fr\\\/wiki\\\/les-bases\\\/#breadcrumb\"},\"inLanguage\":\"fr-FR\",\"potentialAction\":[{\"@type\":\"ReadAction\",\"target\":[\"https:\\\/\\\/www.dernier-rempart.fr\\\/wiki\\\/les-bases\\\/\"]}]},{\"@type\":\"BreadcrumbList\",\"@id\":\"https:\\\/\\\/www.dernier-rempart.fr\\\/wiki\\\/les-bases\\\/#breadcrumb\",\"itemListElement\":[{\"@type\":\"ListItem\",\"position\":1,\"name\":\"Accueil\",\"item\":\"https:\\\/\\\/www.dernier-rempart.fr\\\/wiki\\\/\"},{\"@type\":\"ListItem\",\"position\":2,\"name\":\"Les bases\"}]},{\"@type\":\"WebSite\",\"@id\":\"https:\\\/\\\/www.dernier-rempart.fr\\\/wiki\\\/#website\",\"url\":\"https:\\\/\\\/www.dernier-rempart.fr\\\/wiki\\\/\",\"name\":\"Dernier Rempart, wiki\",\"description\":\"\",\"publisher\":{\"@id\":\"https:\\\/\\\/www.dernier-rempart.fr\\\/wiki\\\/#organization\"},\"potentialAction\":[{\"@type\":\"SearchAction\",\"target\":{\"@type\":\"EntryPoint\",\"urlTemplate\":\"https:\\\/\\\/www.dernier-rempart.fr\\\/wiki\\\/?s={search_term_string}\"},\"query-input\":{\"@type\":\"PropertyValueSpecification\",\"valueRequired\":true,\"valueName\":\"search_term_string\"}}],\"inLanguage\":\"fr-FR\"},{\"@type\":\"Organization\",\"@id\":\"https:\\\/\\\/www.dernier-rempart.fr\\\/wiki\\\/#organization\",\"name\":\"Dernier Rempart\",\"url\":\"https:\\\/\\\/www.dernier-rempart.fr\\\/wiki\\\/\",\"logo\":{\"@type\":\"ImageObject\",\"inLanguage\":\"fr-FR\",\"@id\":\"https:\\\/\\\/www.dernier-rempart.fr\\\/wiki\\\/#\\\/schema\\\/logo\\\/image\\\/\",\"url\":\"https:\\\/\\\/www.dernier-rempart.fr\\\/wiki\\\/wp-content\\\/uploads\\\/2020\\\/10\\\/banner_DR.png\",\"contentUrl\":\"https:\\\/\\\/www.dernier-rempart.fr\\\/wiki\\\/wp-content\\\/uploads\\\/2020\\\/10\\\/banner_DR.png\",\"width\":430,\"height\":160,\"caption\":\"Dernier Rempart\"},\"image\":{\"@id\":\"https:\\\/\\\/www.dernier-rempart.fr\\\/wiki\\\/#\\\/schema\\\/logo\\\/image\\\/\"}}]}<\/script>\n<!-- \/ Yoast SEO plugin. -->","yoast_head_json":{"title":"Les bases - Dernier Rempart, wiki","robots":{"index":"index","follow":"follow","max-snippet":"max-snippet:-1","max-image-preview":"max-image-preview:large","max-video-preview":"max-video-preview:-1"},"canonical":"https:\/\/www.dernier-rempart.fr\/wiki\/les-bases\/","og_locale":"fr_FR","og_type":"article","og_title":"Les bases - Dernier Rempart, wiki","og_description":"La liste des choses \u00e0 conna\u00eetre pour bien d\u00e9buter dans le jeu&nbsp;","og_url":"https:\/\/www.dernier-rempart.fr\/wiki\/les-bases\/","og_site_name":"Dernier Rempart, wiki","article_modified_time":"2023-06-30T16:47:22+00:00","twitter_card":"summary_large_image","twitter_misc":{"Dur\u00e9e de lecture estim\u00e9e":"3 minutes"},"schema":{"@context":"https:\/\/schema.org","@graph":[{"@type":"WebPage","@id":"https:\/\/www.dernier-rempart.fr\/wiki\/les-bases\/","url":"https:\/\/www.dernier-rempart.fr\/wiki\/les-bases\/","name":"Les bases - Dernier Rempart, wiki","isPartOf":{"@id":"https:\/\/www.dernier-rempart.fr\/wiki\/#website"},"datePublished":"2020-07-28T19:37:07+00:00","dateModified":"2023-06-30T16:47:22+00:00","breadcrumb":{"@id":"https:\/\/www.dernier-rempart.fr\/wiki\/les-bases\/#breadcrumb"},"inLanguage":"fr-FR","potentialAction":[{"@type":"ReadAction","target":["https:\/\/www.dernier-rempart.fr\/wiki\/les-bases\/"]}]},{"@type":"BreadcrumbList","@id":"https:\/\/www.dernier-rempart.fr\/wiki\/les-bases\/#breadcrumb","itemListElement":[{"@type":"ListItem","position":1,"name":"Accueil","item":"https:\/\/www.dernier-rempart.fr\/wiki\/"},{"@type":"ListItem","position":2,"name":"Les bases"}]},{"@type":"WebSite","@id":"https:\/\/www.dernier-rempart.fr\/wiki\/#website","url":"https:\/\/www.dernier-rempart.fr\/wiki\/","name":"Dernier Rempart, wiki","description":"","publisher":{"@id":"https:\/\/www.dernier-rempart.fr\/wiki\/#organization"},"potentialAction":[{"@type":"SearchAction","target":{"@type":"EntryPoint","urlTemplate":"https:\/\/www.dernier-rempart.fr\/wiki\/?s={search_term_string}"},"query-input":{"@type":"PropertyValueSpecification","valueRequired":true,"valueName":"search_term_string"}}],"inLanguage":"fr-FR"},{"@type":"Organization","@id":"https:\/\/www.dernier-rempart.fr\/wiki\/#organization","name":"Dernier Rempart","url":"https:\/\/www.dernier-rempart.fr\/wiki\/","logo":{"@type":"ImageObject","inLanguage":"fr-FR","@id":"https:\/\/www.dernier-rempart.fr\/wiki\/#\/schema\/logo\/image\/","url":"https:\/\/www.dernier-rempart.fr\/wiki\/wp-content\/uploads\/2020\/10\/banner_DR.png","contentUrl":"https:\/\/www.dernier-rempart.fr\/wiki\/wp-content\/uploads\/2020\/10\/banner_DR.png","width":430,"height":160,"caption":"Dernier Rempart"},"image":{"@id":"https:\/\/www.dernier-rempart.fr\/wiki\/#\/schema\/logo\/image\/"}}]}},"jetpack_sharing_enabled":true,"_links":{"self":[{"href":"https:\/\/www.dernier-rempart.fr\/wiki\/wp-json\/wp\/v2\/pages\/33","targetHints":{"allow":["GET"]}}],"collection":[{"href":"https:\/\/www.dernier-rempart.fr\/wiki\/wp-json\/wp\/v2\/pages"}],"about":[{"href":"https:\/\/www.dernier-rempart.fr\/wiki\/wp-json\/wp\/v2\/types\/page"}],"author":[{"embeddable":true,"href":"https:\/\/www.dernier-rempart.fr\/wiki\/wp-json\/wp\/v2\/users\/2"}],"replies":[{"embeddable":true,"href":"https:\/\/www.dernier-rempart.fr\/wiki\/wp-json\/wp\/v2\/comments?post=33"}],"version-history":[{"count":35,"href":"https:\/\/www.dernier-rempart.fr\/wiki\/wp-json\/wp\/v2\/pages\/33\/revisions"}],"predecessor-version":[{"id":1734,"href":"https:\/\/www.dernier-rempart.fr\/wiki\/wp-json\/wp\/v2\/pages\/33\/revisions\/1734"}],"wp:attachment":[{"href":"https:\/\/www.dernier-rempart.fr\/wiki\/wp-json\/wp\/v2\/media?parent=33"}],"wp:term":[{"taxonomy":"category","embeddable":true,"href":"https:\/\/www.dernier-rempart.fr\/wiki\/wp-json\/wp\/v2\/categories?post=33"},{"taxonomy":"post_tag","embeddable":true,"href":"https:\/\/www.dernier-rempart.fr\/wiki\/wp-json\/wp\/v2\/tags?post=33"}],"curies":[{"name":"wp","href":"https:\/\/api.w.org\/{rel}","templated":true}]}}