{"id":2121,"date":"2024-08-14T21:31:04","date_gmt":"2024-08-14T19:31:04","guid":{"rendered":"https:\/\/www.dernier-rempart.fr\/wiki\/?page_id=2121"},"modified":"2024-08-14T22:02:07","modified_gmt":"2024-08-14T20:02:07","slug":"psr","status":"publish","type":"page","link":"https:\/\/www.dernier-rempart.fr\/wiki\/psr\/","title":{"rendered":"PSR"},"content":{"rendered":"\n<p><strong>Ponape Secret Realm :<\/strong><\/p>\n\n\n\n<p>Rewards : cette instance permet d&rsquo;obtenir les mat\u00e9riaux suivants :<\/p>\n\n\n\n<figure class=\"wp-block-image size-full\"><img loading=\"lazy\" decoding=\"async\" width=\"285\" height=\"141\" data-attachment-id=\"2148\" data-permalink=\"https:\/\/www.dernier-rempart.fr\/wiki\/psr\/cristalpsr-2\/\" data-orig-file=\"https:\/\/www.dernier-rempart.fr\/wiki\/wp-content\/uploads\/2024\/08\/cristalPSR-1.png\" data-orig-size=\"285,141\" data-comments-opened=\"1\" data-image-meta=\"{&quot;aperture&quot;:&quot;0&quot;,&quot;credit&quot;:&quot;&quot;,&quot;camera&quot;:&quot;&quot;,&quot;caption&quot;:&quot;&quot;,&quot;created_timestamp&quot;:&quot;0&quot;,&quot;copyright&quot;:&quot;&quot;,&quot;focal_length&quot;:&quot;0&quot;,&quot;iso&quot;:&quot;0&quot;,&quot;shutter_speed&quot;:&quot;0&quot;,&quot;title&quot;:&quot;&quot;,&quot;orientation&quot;:&quot;0&quot;}\" data-image-title=\"cristalPSR\" data-image-description=\"\" data-image-caption=\"\" data-large-file=\"https:\/\/www.dernier-rempart.fr\/wiki\/wp-content\/uploads\/2024\/08\/cristalPSR-1.png\" src=\"https:\/\/www.dernier-rempart.fr\/wiki\/wp-content\/uploads\/2024\/08\/cristalPSR-1.png\" alt=\"\" class=\"wp-image-2148\"\/><\/figure>\n\n\n\n<p>Celui de gauche sert \u00e0 upgrader le tiers de certains equipements.<\/p>\n\n\n\n<p>Celui de droite permet d&rsquo;upgrader le random attribute de vos \u00e9quipements ancients (equipements brave et elite), ou l&rsquo;attribut pvp (equipements elite).<\/p>\n\n\n\n<figure class=\"wp-block-image size-large\"><img loading=\"lazy\" decoding=\"async\" width=\"1024\" height=\"647\" data-attachment-id=\"2124\" data-permalink=\"https:\/\/www.dernier-rempart.fr\/wiki\/psr\/tidalarmor\/\" data-orig-file=\"https:\/\/www.dernier-rempart.fr\/wiki\/wp-content\/uploads\/2024\/08\/tidalArmor.jpg\" data-orig-size=\"1152,728\" data-comments-opened=\"1\" data-image-meta=\"{&quot;aperture&quot;:&quot;0&quot;,&quot;credit&quot;:&quot;&quot;,&quot;camera&quot;:&quot;&quot;,&quot;caption&quot;:&quot;&quot;,&quot;created_timestamp&quot;:&quot;0&quot;,&quot;copyright&quot;:&quot;&quot;,&quot;focal_length&quot;:&quot;0&quot;,&quot;iso&quot;:&quot;0&quot;,&quot;shutter_speed&quot;:&quot;0&quot;,&quot;title&quot;:&quot;&quot;,&quot;orientation&quot;:&quot;1&quot;}\" data-image-title=\"tidalArmor\" data-image-description=\"\" data-image-caption=\"\" data-large-file=\"https:\/\/www.dernier-rempart.fr\/wiki\/wp-content\/uploads\/2024\/08\/tidalArmor-1024x647.jpg\" src=\"https:\/\/www.dernier-rempart.fr\/wiki\/wp-content\/uploads\/2024\/08\/tidalArmor-1024x647.jpg\" alt=\"\" class=\"wp-image-2124\" srcset=\"https:\/\/www.dernier-rempart.fr\/wiki\/wp-content\/uploads\/2024\/08\/tidalArmor-1024x647.jpg 1024w, https:\/\/www.dernier-rempart.fr\/wiki\/wp-content\/uploads\/2024\/08\/tidalArmor-300x190.jpg 300w, https:\/\/www.dernier-rempart.fr\/wiki\/wp-content\/uploads\/2024\/08\/tidalArmor-768x485.jpg 768w, https:\/\/www.dernier-rempart.fr\/wiki\/wp-content\/uploads\/2024\/08\/tidalArmor.jpg 1152w\" sizes=\"auto, (max-width: 767px) 89vw, (max-width: 1000px) 54vw, (max-width: 1071px) 543px, 580px\" \/><\/figure>\n\n\n\n<p><\/p>\n\n\n\n<p><strong>Boss <\/strong>: Element Undead Race Dragon<\/p>\n\n\n\n<p><strong>Patterns <\/strong>: Le boss poss\u00e8de quelques pattern d&rsquo;attaques physiques (un soufle, un tourniquet) qui sont facilement \u00e9vitables car la zone rouge apparait.<\/p>\n\n\n\n<p>Les attaques les plus dangereuses sont des attaques magiques feu et poison.<\/p>\n\n\n\n<p>Le boss inflige un debuff affich\u00e9 \u00e0 droite d l&rsquo;\u00e9cran qui peut \u00eatre feu ou poison.<\/p>\n\n\n\n<figure class=\"wp-block-image size-full\"><img loading=\"lazy\" decoding=\"async\" width=\"396\" height=\"152\" data-attachment-id=\"2151\" data-permalink=\"https:\/\/www.dernier-rempart.fr\/wiki\/psr\/debuffpsr\/\" data-orig-file=\"https:\/\/www.dernier-rempart.fr\/wiki\/wp-content\/uploads\/2024\/08\/debuffPSR.jpg\" data-orig-size=\"396,152\" data-comments-opened=\"1\" data-image-meta=\"{&quot;aperture&quot;:&quot;0&quot;,&quot;credit&quot;:&quot;&quot;,&quot;camera&quot;:&quot;&quot;,&quot;caption&quot;:&quot;&quot;,&quot;created_timestamp&quot;:&quot;0&quot;,&quot;copyright&quot;:&quot;&quot;,&quot;focal_length&quot;:&quot;0&quot;,&quot;iso&quot;:&quot;0&quot;,&quot;shutter_speed&quot;:&quot;0&quot;,&quot;title&quot;:&quot;&quot;,&quot;orientation&quot;:&quot;0&quot;}\" data-image-title=\"debuffPSR\" data-image-description=\"\" data-image-caption=\"\" data-large-file=\"https:\/\/www.dernier-rempart.fr\/wiki\/wp-content\/uploads\/2024\/08\/debuffPSR.jpg\" src=\"https:\/\/www.dernier-rempart.fr\/wiki\/wp-content\/uploads\/2024\/08\/debuffPSR.jpg\" alt=\"\" class=\"wp-image-2151\" srcset=\"https:\/\/www.dernier-rempart.fr\/wiki\/wp-content\/uploads\/2024\/08\/debuffPSR.jpg 396w, https:\/\/www.dernier-rempart.fr\/wiki\/wp-content\/uploads\/2024\/08\/debuffPSR-300x115.jpg 300w\" sizes=\"auto, (max-width: 396px) 100vw, 396px\" \/><\/figure>\n\n\n\n<p>Lorsque le debuff feu est actif, le joueur est immunis\u00e9 aux boules feu. Lorsque le debuff poison est actif, le joueur est immunis\u00e9 aux boules poison.<\/p>\n\n\n\n<p>A intervalle r\u00e9gulier, le boss lance une AOE magique in\u00e9vitable et des zones vertes et rouges apparaissent.<\/p>\n\n\n\n<p>En plus des boules, des zones appraissent peu avant l&rsquo;AOE magique destructrice. Ces zones permettent de fortement diminuer l&rsquo;impact de l&rsquo;AOE magique inv\u00e9vitable, en se pla\u00e7ant dedans.<\/p>\n\n\n\n<p>Image ci dessous : en haut \u00e0 gauche les boules feu et poison, \u00e0 droite la safe zone feu, en bas la safe zone poison<\/p>\n\n\n\n<figure class=\"wp-block-image size-large is-resized\"><img loading=\"lazy\" decoding=\"async\" width=\"1024\" height=\"576\" data-attachment-id=\"2141\" data-permalink=\"https:\/\/www.dernier-rempart.fr\/wiki\/psr\/imagepsr-2\/\" data-orig-file=\"https:\/\/www.dernier-rempart.fr\/wiki\/wp-content\/uploads\/2024\/08\/imagePSR-1.jpg\" data-orig-size=\"1152,648\" data-comments-opened=\"1\" data-image-meta=\"{&quot;aperture&quot;:&quot;0&quot;,&quot;credit&quot;:&quot;&quot;,&quot;camera&quot;:&quot;&quot;,&quot;caption&quot;:&quot;&quot;,&quot;created_timestamp&quot;:&quot;0&quot;,&quot;copyright&quot;:&quot;&quot;,&quot;focal_length&quot;:&quot;0&quot;,&quot;iso&quot;:&quot;0&quot;,&quot;shutter_speed&quot;:&quot;0&quot;,&quot;title&quot;:&quot;&quot;,&quot;orientation&quot;:&quot;0&quot;}\" data-image-title=\"imagePSR\" data-image-description=\"\" data-image-caption=\"\" data-large-file=\"https:\/\/www.dernier-rempart.fr\/wiki\/wp-content\/uploads\/2024\/08\/imagePSR-1-1024x576.jpg\" src=\"https:\/\/www.dernier-rempart.fr\/wiki\/wp-content\/uploads\/2024\/08\/imagePSR-1-1024x576.jpg\" alt=\"\" class=\"wp-image-2141\" style=\"width:898px;height:auto\" srcset=\"https:\/\/www.dernier-rempart.fr\/wiki\/wp-content\/uploads\/2024\/08\/imagePSR-1-1024x576.jpg 1024w, https:\/\/www.dernier-rempart.fr\/wiki\/wp-content\/uploads\/2024\/08\/imagePSR-1-300x169.jpg 300w, https:\/\/www.dernier-rempart.fr\/wiki\/wp-content\/uploads\/2024\/08\/imagePSR-1-768x432.jpg 768w, https:\/\/www.dernier-rempart.fr\/wiki\/wp-content\/uploads\/2024\/08\/imagePSR-1.jpg 1152w\" sizes=\"auto, (max-width: 767px) 89vw, (max-width: 1000px) 54vw, (max-width: 1071px) 543px, 580px\" \/><\/figure>\n\n\n\n<p>A certains intervalles, le boss fait apparaitre des cristaux sur la carte. Il devient alors immunis\u00e9 aux d\u00e9gats jusqu&rsquo;\u00e0 ce que les cristaux soient d\u00e9truits.<\/p>\n\n\n\n<p>Vers la moiti\u00e9 de se barre de vie, il fait apparaitre un petit dragon et devient immune aux d\u00e9gats. Il faut alors se concentrer sur ce dragon (qui a une icone de mini monstre), et le tuer, avant de pouvoir r\u00e9attaquer le dragon principal.<\/p>\n\n\n\n<p><\/p>\n\n\n\n<p>DPS : Ce boss poss\u00e8de de nombreuses reductions de dommages et des seuils maximum de degats. Il est possible de lui infliger des degats magiques ou physiques mais il faut privil\u00e9gier des classes qui infligent des degats \u00e0 haute fr\u00e9quence \u00e0 cause du seuil max. Les d\u00e9gats feu ont un avantage compte tenu de son element undead. Les classes poss\u00e9dant un anti death sont \u00e0 privil\u00e9gier car le boss g\u00e9n\u00e8re des attaques in\u00e9vitables qui tapent tr\u00e8s fort.<\/p>\n\n\n\n<p>Classes DPS avec un avantage : Rathgricy, Khalitzburg, Genos<\/p>\n\n\n\n<p>Support : Se blinder de stuff reduction d\u00e9gats magiques, de r\u00e9sistance poison et de r\u00e9sistance feu. Si le support poss\u00e8de un sort anti mort (aria pour priest, savior&rsquo;s flower pour nidhogg) il faut le lancer quelques secondes avant l&rsquo;explosion de l&rsquo;aoe magique (regarder la barre de chargement ou bien le moment ou les deux cercles se rejoignent)<\/p>\n\n\n\n<p class=\"has-text-align-center\">Voici un exemple de stuff utile<\/p>\n\n\n\n<figure class=\"wp-block-image size-large\"><img loading=\"lazy\" decoding=\"async\" width=\"1024\" height=\"576\" data-attachment-id=\"2128\" data-permalink=\"https:\/\/www.dernier-rempart.fr\/wiki\/psr\/stuff-2\/\" data-orig-file=\"https:\/\/www.dernier-rempart.fr\/wiki\/wp-content\/uploads\/2024\/08\/stuff-1.jpg\" data-orig-size=\"1152,648\" data-comments-opened=\"1\" data-image-meta=\"{&quot;aperture&quot;:&quot;0&quot;,&quot;credit&quot;:&quot;&quot;,&quot;camera&quot;:&quot;&quot;,&quot;caption&quot;:&quot;&quot;,&quot;created_timestamp&quot;:&quot;0&quot;,&quot;copyright&quot;:&quot;&quot;,&quot;focal_length&quot;:&quot;0&quot;,&quot;iso&quot;:&quot;0&quot;,&quot;shutter_speed&quot;:&quot;0&quot;,&quot;title&quot;:&quot;&quot;,&quot;orientation&quot;:&quot;0&quot;}\" data-image-title=\"stuff\" data-image-description=\"\" data-image-caption=\"\" data-large-file=\"https:\/\/www.dernier-rempart.fr\/wiki\/wp-content\/uploads\/2024\/08\/stuff-1-1024x576.jpg\" src=\"https:\/\/www.dernier-rempart.fr\/wiki\/wp-content\/uploads\/2024\/08\/stuff-1-1024x576.jpg\" alt=\"\" class=\"wp-image-2128\" srcset=\"https:\/\/www.dernier-rempart.fr\/wiki\/wp-content\/uploads\/2024\/08\/stuff-1-1024x576.jpg 1024w, https:\/\/www.dernier-rempart.fr\/wiki\/wp-content\/uploads\/2024\/08\/stuff-1-300x169.jpg 300w, https:\/\/www.dernier-rempart.fr\/wiki\/wp-content\/uploads\/2024\/08\/stuff-1-768x432.jpg 768w, https:\/\/www.dernier-rempart.fr\/wiki\/wp-content\/uploads\/2024\/08\/stuff-1.jpg 1152w\" sizes=\"auto, (max-width: 767px) 89vw, (max-width: 1000px) 54vw, (max-width: 1071px) 543px, 580px\" \/><\/figure>\n\n\n\n<ul class=\"wp-block-list\">\n<li>Offhand : marinesoul bulwark<\/li>\n\n\n\n<li>Armor : tidal armor<\/li>\n\n\n\n<li>Garment : Mink Trench coat<\/li>\n\n\n\n<li>Head : spore hat<\/li>\n\n\n\n<li>Face : gas mask<\/li>\n<\/ul>\n\n\n\n<p>Il est possible de switch armor si besoin, en pr\u00e9voyant une armure element feu (pasana card) et une armure element poison (argiope card) en barre de raccourci. Lorsque le debuff poison est actif, il faut \u00e9quiper l&rsquo;amure feu, et inversement. On devient ainsi quasi immunis\u00e9 aux deux \u00e9l\u00e9ments.<\/p>\n","protected":false},"excerpt":{"rendered":"<p>Ponape Secret Realm : Rewards : cette instance permet d&rsquo;obtenir les mat\u00e9riaux suivants : Celui de gauche sert \u00e0 upgrader le tiers de certains equipements. Celui de droite permet d&rsquo;upgrader le random attribute de vos \u00e9quipements ancients (equipements brave et elite), ou l&rsquo;attribut pvp (equipements elite). Boss : Element Undead Race Dragon Patterns : Le &hellip; <\/p>\n<p class=\"link-more\"><a href=\"https:\/\/www.dernier-rempart.fr\/wiki\/psr\/\" class=\"more-link\">Continuer la lecture<span class=\"screen-reader-text\"> de &laquo;&nbsp;PSR&nbsp;&raquo;<\/span><\/a><\/p>\n","protected":false},"author":16,"featured_media":0,"parent":0,"menu_order":0,"comment_status":"closed","ping_status":"closed","template":"","meta":{"_acf_changed":false,"footnotes":""},"categories":[],"tags":[],"class_list":["post-2121","page","type-page","status-publish","hentry"],"acf":[],"yoast_head":"<!-- This site is optimized with the Yoast SEO plugin v27.4 - https:\/\/yoast.com\/product\/yoast-seo-wordpress\/ -->\n<title>PSR - Dernier Rempart, wiki<\/title>\n<meta name=\"robots\" content=\"index, follow, max-snippet:-1, max-image-preview:large, max-video-preview:-1\" \/>\n<link rel=\"canonical\" href=\"https:\/\/www.dernier-rempart.fr\/wiki\/psr\/\" \/>\n<meta property=\"og:locale\" content=\"fr_FR\" \/>\n<meta property=\"og:type\" content=\"article\" \/>\n<meta property=\"og:title\" content=\"PSR - Dernier Rempart, wiki\" \/>\n<meta property=\"og:description\" content=\"Ponape Secret Realm : Rewards : cette instance permet d&rsquo;obtenir les mat\u00e9riaux suivants : Celui de gauche sert \u00e0 upgrader le tiers de certains equipements. Celui de droite permet d&rsquo;upgrader le random attribute de vos \u00e9quipements ancients (equipements brave et elite), ou l&rsquo;attribut pvp (equipements elite). Boss : Element Undead Race Dragon Patterns : Le &hellip; Continuer la lecture de &laquo;&nbsp;PSR&nbsp;&raquo;\" \/>\n<meta property=\"og:url\" content=\"https:\/\/www.dernier-rempart.fr\/wiki\/psr\/\" \/>\n<meta property=\"og:site_name\" content=\"Dernier Rempart, wiki\" \/>\n<meta property=\"article:modified_time\" content=\"2024-08-14T20:02:07+00:00\" \/>\n<meta property=\"og:image\" content=\"https:\/\/www.dernier-rempart.fr\/wiki\/wp-content\/uploads\/2024\/08\/cristalPSR-1.png\" \/>\n<meta name=\"twitter:card\" content=\"summary_large_image\" \/>\n<meta name=\"twitter:label1\" content=\"Dur\u00e9e de lecture estim\u00e9e\" \/>\n\t<meta name=\"twitter:data1\" content=\"4 minutes\" \/>\n<script type=\"application\/ld+json\" class=\"yoast-schema-graph\">{\"@context\":\"https:\\\/\\\/schema.org\",\"@graph\":[{\"@type\":\"WebPage\",\"@id\":\"https:\\\/\\\/www.dernier-rempart.fr\\\/wiki\\\/psr\\\/\",\"url\":\"https:\\\/\\\/www.dernier-rempart.fr\\\/wiki\\\/psr\\\/\",\"name\":\"PSR - Dernier Rempart, wiki\",\"isPartOf\":{\"@id\":\"https:\\\/\\\/www.dernier-rempart.fr\\\/wiki\\\/#website\"},\"primaryImageOfPage\":{\"@id\":\"https:\\\/\\\/www.dernier-rempart.fr\\\/wiki\\\/psr\\\/#primaryimage\"},\"image\":{\"@id\":\"https:\\\/\\\/www.dernier-rempart.fr\\\/wiki\\\/psr\\\/#primaryimage\"},\"thumbnailUrl\":\"https:\\\/\\\/www.dernier-rempart.fr\\\/wiki\\\/wp-content\\\/uploads\\\/2024\\\/08\\\/cristalPSR-1.png\",\"datePublished\":\"2024-08-14T19:31:04+00:00\",\"dateModified\":\"2024-08-14T20:02:07+00:00\",\"breadcrumb\":{\"@id\":\"https:\\\/\\\/www.dernier-rempart.fr\\\/wiki\\\/psr\\\/#breadcrumb\"},\"inLanguage\":\"fr-FR\",\"potentialAction\":[{\"@type\":\"ReadAction\",\"target\":[\"https:\\\/\\\/www.dernier-rempart.fr\\\/wiki\\\/psr\\\/\"]}]},{\"@type\":\"ImageObject\",\"inLanguage\":\"fr-FR\",\"@id\":\"https:\\\/\\\/www.dernier-rempart.fr\\\/wiki\\\/psr\\\/#primaryimage\",\"url\":\"https:\\\/\\\/www.dernier-rempart.fr\\\/wiki\\\/wp-content\\\/uploads\\\/2024\\\/08\\\/cristalPSR-1.png\",\"contentUrl\":\"https:\\\/\\\/www.dernier-rempart.fr\\\/wiki\\\/wp-content\\\/uploads\\\/2024\\\/08\\\/cristalPSR-1.png\",\"width\":285,\"height\":141},{\"@type\":\"BreadcrumbList\",\"@id\":\"https:\\\/\\\/www.dernier-rempart.fr\\\/wiki\\\/psr\\\/#breadcrumb\",\"itemListElement\":[{\"@type\":\"ListItem\",\"position\":1,\"name\":\"Accueil\",\"item\":\"https:\\\/\\\/www.dernier-rempart.fr\\\/wiki\\\/\"},{\"@type\":\"ListItem\",\"position\":2,\"name\":\"PSR\"}]},{\"@type\":\"WebSite\",\"@id\":\"https:\\\/\\\/www.dernier-rempart.fr\\\/wiki\\\/#website\",\"url\":\"https:\\\/\\\/www.dernier-rempart.fr\\\/wiki\\\/\",\"name\":\"Dernier Rempart, wiki\",\"description\":\"\",\"publisher\":{\"@id\":\"https:\\\/\\\/www.dernier-rempart.fr\\\/wiki\\\/#organization\"},\"potentialAction\":[{\"@type\":\"SearchAction\",\"target\":{\"@type\":\"EntryPoint\",\"urlTemplate\":\"https:\\\/\\\/www.dernier-rempart.fr\\\/wiki\\\/?s={search_term_string}\"},\"query-input\":{\"@type\":\"PropertyValueSpecification\",\"valueRequired\":true,\"valueName\":\"search_term_string\"}}],\"inLanguage\":\"fr-FR\"},{\"@type\":\"Organization\",\"@id\":\"https:\\\/\\\/www.dernier-rempart.fr\\\/wiki\\\/#organization\",\"name\":\"Dernier Rempart\",\"url\":\"https:\\\/\\\/www.dernier-rempart.fr\\\/wiki\\\/\",\"logo\":{\"@type\":\"ImageObject\",\"inLanguage\":\"fr-FR\",\"@id\":\"https:\\\/\\\/www.dernier-rempart.fr\\\/wiki\\\/#\\\/schema\\\/logo\\\/image\\\/\",\"url\":\"https:\\\/\\\/www.dernier-rempart.fr\\\/wiki\\\/wp-content\\\/uploads\\\/2020\\\/10\\\/banner_DR.png\",\"contentUrl\":\"https:\\\/\\\/www.dernier-rempart.fr\\\/wiki\\\/wp-content\\\/uploads\\\/2020\\\/10\\\/banner_DR.png\",\"width\":430,\"height\":160,\"caption\":\"Dernier Rempart\"},\"image\":{\"@id\":\"https:\\\/\\\/www.dernier-rempart.fr\\\/wiki\\\/#\\\/schema\\\/logo\\\/image\\\/\"}}]}<\/script>\n<!-- \/ Yoast SEO plugin. -->","yoast_head_json":{"title":"PSR - Dernier Rempart, wiki","robots":{"index":"index","follow":"follow","max-snippet":"max-snippet:-1","max-image-preview":"max-image-preview:large","max-video-preview":"max-video-preview:-1"},"canonical":"https:\/\/www.dernier-rempart.fr\/wiki\/psr\/","og_locale":"fr_FR","og_type":"article","og_title":"PSR - Dernier Rempart, wiki","og_description":"Ponape Secret Realm : Rewards : cette instance permet d&rsquo;obtenir les mat\u00e9riaux suivants : Celui de gauche sert \u00e0 upgrader le tiers de certains equipements. Celui de droite permet d&rsquo;upgrader le random attribute de vos \u00e9quipements ancients (equipements brave et elite), ou l&rsquo;attribut pvp (equipements elite). Boss : Element Undead Race Dragon Patterns : Le &hellip; Continuer la lecture de &laquo;&nbsp;PSR&nbsp;&raquo;","og_url":"https:\/\/www.dernier-rempart.fr\/wiki\/psr\/","og_site_name":"Dernier Rempart, wiki","article_modified_time":"2024-08-14T20:02:07+00:00","og_image":[{"url":"https:\/\/www.dernier-rempart.fr\/wiki\/wp-content\/uploads\/2024\/08\/cristalPSR-1.png","type":"","width":"","height":""}],"twitter_card":"summary_large_image","twitter_misc":{"Dur\u00e9e de lecture estim\u00e9e":"4 minutes"},"schema":{"@context":"https:\/\/schema.org","@graph":[{"@type":"WebPage","@id":"https:\/\/www.dernier-rempart.fr\/wiki\/psr\/","url":"https:\/\/www.dernier-rempart.fr\/wiki\/psr\/","name":"PSR - Dernier Rempart, wiki","isPartOf":{"@id":"https:\/\/www.dernier-rempart.fr\/wiki\/#website"},"primaryImageOfPage":{"@id":"https:\/\/www.dernier-rempart.fr\/wiki\/psr\/#primaryimage"},"image":{"@id":"https:\/\/www.dernier-rempart.fr\/wiki\/psr\/#primaryimage"},"thumbnailUrl":"https:\/\/www.dernier-rempart.fr\/wiki\/wp-content\/uploads\/2024\/08\/cristalPSR-1.png","datePublished":"2024-08-14T19:31:04+00:00","dateModified":"2024-08-14T20:02:07+00:00","breadcrumb":{"@id":"https:\/\/www.dernier-rempart.fr\/wiki\/psr\/#breadcrumb"},"inLanguage":"fr-FR","potentialAction":[{"@type":"ReadAction","target":["https:\/\/www.dernier-rempart.fr\/wiki\/psr\/"]}]},{"@type":"ImageObject","inLanguage":"fr-FR","@id":"https:\/\/www.dernier-rempart.fr\/wiki\/psr\/#primaryimage","url":"https:\/\/www.dernier-rempart.fr\/wiki\/wp-content\/uploads\/2024\/08\/cristalPSR-1.png","contentUrl":"https:\/\/www.dernier-rempart.fr\/wiki\/wp-content\/uploads\/2024\/08\/cristalPSR-1.png","width":285,"height":141},{"@type":"BreadcrumbList","@id":"https:\/\/www.dernier-rempart.fr\/wiki\/psr\/#breadcrumb","itemListElement":[{"@type":"ListItem","position":1,"name":"Accueil","item":"https:\/\/www.dernier-rempart.fr\/wiki\/"},{"@type":"ListItem","position":2,"name":"PSR"}]},{"@type":"WebSite","@id":"https:\/\/www.dernier-rempart.fr\/wiki\/#website","url":"https:\/\/www.dernier-rempart.fr\/wiki\/","name":"Dernier Rempart, wiki","description":"","publisher":{"@id":"https:\/\/www.dernier-rempart.fr\/wiki\/#organization"},"potentialAction":[{"@type":"SearchAction","target":{"@type":"EntryPoint","urlTemplate":"https:\/\/www.dernier-rempart.fr\/wiki\/?s={search_term_string}"},"query-input":{"@type":"PropertyValueSpecification","valueRequired":true,"valueName":"search_term_string"}}],"inLanguage":"fr-FR"},{"@type":"Organization","@id":"https:\/\/www.dernier-rempart.fr\/wiki\/#organization","name":"Dernier Rempart","url":"https:\/\/www.dernier-rempart.fr\/wiki\/","logo":{"@type":"ImageObject","inLanguage":"fr-FR","@id":"https:\/\/www.dernier-rempart.fr\/wiki\/#\/schema\/logo\/image\/","url":"https:\/\/www.dernier-rempart.fr\/wiki\/wp-content\/uploads\/2020\/10\/banner_DR.png","contentUrl":"https:\/\/www.dernier-rempart.fr\/wiki\/wp-content\/uploads\/2020\/10\/banner_DR.png","width":430,"height":160,"caption":"Dernier Rempart"},"image":{"@id":"https:\/\/www.dernier-rempart.fr\/wiki\/#\/schema\/logo\/image\/"}}]}},"jetpack_sharing_enabled":true,"_links":{"self":[{"href":"https:\/\/www.dernier-rempart.fr\/wiki\/wp-json\/wp\/v2\/pages\/2121","targetHints":{"allow":["GET"]}}],"collection":[{"href":"https:\/\/www.dernier-rempart.fr\/wiki\/wp-json\/wp\/v2\/pages"}],"about":[{"href":"https:\/\/www.dernier-rempart.fr\/wiki\/wp-json\/wp\/v2\/types\/page"}],"author":[{"embeddable":true,"href":"https:\/\/www.dernier-rempart.fr\/wiki\/wp-json\/wp\/v2\/users\/16"}],"replies":[{"embeddable":true,"href":"https:\/\/www.dernier-rempart.fr\/wiki\/wp-json\/wp\/v2\/comments?post=2121"}],"version-history":[{"count":17,"href":"https:\/\/www.dernier-rempart.fr\/wiki\/wp-json\/wp\/v2\/pages\/2121\/revisions"}],"predecessor-version":[{"id":2152,"href":"https:\/\/www.dernier-rempart.fr\/wiki\/wp-json\/wp\/v2\/pages\/2121\/revisions\/2152"}],"wp:attachment":[{"href":"https:\/\/www.dernier-rempart.fr\/wiki\/wp-json\/wp\/v2\/media?parent=2121"}],"wp:term":[{"taxonomy":"category","embeddable":true,"href":"https:\/\/www.dernier-rempart.fr\/wiki\/wp-json\/wp\/v2\/categories?post=2121"},{"taxonomy":"post_tag","embeddable":true,"href":"https:\/\/www.dernier-rempart.fr\/wiki\/wp-json\/wp\/v2\/tags?post=2121"}],"curies":[{"name":"wp","href":"https:\/\/api.w.org\/{rel}","templated":true}]}}