{"id":1466,"date":"2022-05-26T18:01:03","date_gmt":"2022-05-26T16:01:03","guid":{"rendered":"https:\/\/www.dernier-rempart.fr\/wiki\/?page_id=1466"},"modified":"2023-08-30T13:39:02","modified_gmt":"2023-08-30T11:39:02","slug":"woe-2-0","status":"publish","type":"page","link":"https:\/\/www.dernier-rempart.fr\/wiki\/woe-2-0\/","title":{"rendered":"War of Emperium (WOE) (V2)"},"content":{"rendered":"\n<p>Listes des updates des WoE<\/p>\n\n\n\n<p>WoE2.1<\/p>\n\n\n\n<p><a href=\"https:\/\/forum.ragnaroketernallove.com\/forum\/ragnarok-m-eternal-love-eu\/english-aa\/news-aa\/update-aa\/17100-nov-17th-2022-patch-notes\">https:\/\/forum.ragnaroketernallove.com\/forum\/ragnarok-m-eternal-love-eu\/english-aa\/news-aa\/update-aa\/17100-nov-17th-2022-patch-notes<\/a><\/p>\n\n\n\n<p>Great Guild Stew<\/p>\n\n\n\n<p><a href=\"https:\/\/forum.ragnaroketernallove.com\/forum\/ragnarok-m-eternal-love-eu\/french\/news-fr\/update-ab\/15169-22nd-sept-2022-patch-notes\">https:\/\/forum.ragnaroketernallove.com\/forum\/ragnarok-m-eternal-love-eu\/french\/news-fr\/update-ab\/15169-22nd-sept-2022-patch-notes<\/a><\/p>\n\n\n\n<h2 class=\"wp-block-heading\" id=\"Saison\">Saison<\/h2>\n\n\n\n<p>Les WoE sont d\u00e9coup\u00e9s en saison, chaque saison dure 6 semaines et sont suivi de 4 semaines de match hors comp\u00e9tition. Les matches hors comp\u00e9titions n&rsquo;auront pas d&rsquo;impact sur le classement.<\/p>\n\n\n\n<p>Au d\u00e9marrage de chaque saison les channels du serveur sont regroup\u00e9 par \u00ab\u00a0front\u00a0\u00bb et les joueurs de chaque \u00ab\u00a0front\u00a0\u00bb se battes pour les m\u00eames zones pendant la WoE. <\/p>\n\n\n\n<h2 class=\"wp-block-heading\" id=\"Battle-zone\">Battle zone<\/h2>\n\n\n\n<p>Il y a 3 ch\u00e2teau par front pour chaque ville participant \u00e0 la WoE. (Prontera, Geffen, Al De Baran, Payon). Ce qui nous fait actuellement un total de 60 agit sur le serveur europ\u00e9en. ( 12 par front). Il existe trois type de ch\u00e2teaux diff\u00e9rent les larges, les mediums et les small.<\/p>\n\n\n\n<p>Pour entrer dans chaque ch\u00e2teau on passe par une map appel\u00e9 \u00ab\u00a0Preparation Camp\u00a0\u00bb.  Cette zone contient des structure de base, un black cat caf\u00e9, Hollgrehenn, le chat pour les enchants, un spot de musique et le Great Guild Stew (prochainement d\u00e9plac\u00e9 en guilde). <\/p>\n\n\n\n<p><\/p>\n\n\n\n<p>Le pr\u00e9paration camp de plus poss\u00e8de les 3 entr\u00e9es pour le ch\u00e2teau. 2 pour les attaquants et une pour les d\u00e9fenseurs (en rouge).<\/p>\n\n\n<div class=\"wp-block-image\">\n<figure class=\"aligncenter size-full is-resized\"><img loading=\"lazy\" decoding=\"async\" data-attachment-id=\"1473\" data-permalink=\"https:\/\/www.dernier-rempart.fr\/wiki\/woe-2-0\/image-47\/\" data-orig-file=\"https:\/\/www.dernier-rempart.fr\/wiki\/wp-content\/uploads\/2022\/05\/image.png\" data-orig-size=\"353,426\" data-comments-opened=\"1\" data-image-meta=\"{&quot;aperture&quot;:&quot;0&quot;,&quot;credit&quot;:&quot;&quot;,&quot;camera&quot;:&quot;&quot;,&quot;caption&quot;:&quot;&quot;,&quot;created_timestamp&quot;:&quot;0&quot;,&quot;copyright&quot;:&quot;&quot;,&quot;focal_length&quot;:&quot;0&quot;,&quot;iso&quot;:&quot;0&quot;,&quot;shutter_speed&quot;:&quot;0&quot;,&quot;title&quot;:&quot;&quot;,&quot;orientation&quot;:&quot;0&quot;}\" data-image-title=\"image\" data-image-description=\"\" data-image-caption=\"\" data-large-file=\"https:\/\/www.dernier-rempart.fr\/wiki\/wp-content\/uploads\/2022\/05\/image.png\" src=\"https:\/\/www.dernier-rempart.fr\/wiki\/wp-content\/uploads\/2022\/05\/image.png\" alt=\"\" class=\"wp-image-1473\" style=\"width:314px;height:379px\" width=\"314\" height=\"379\" srcset=\"https:\/\/www.dernier-rempart.fr\/wiki\/wp-content\/uploads\/2022\/05\/image.png 353w, https:\/\/www.dernier-rempart.fr\/wiki\/wp-content\/uploads\/2022\/05\/image-249x300.png 249w\" sizes=\"auto, (max-width: 314px) 100vw, 314px\" \/><figcaption class=\"wp-element-caption\">Pr\u00e9paration Camp<\/figcaption><\/figure>\n<\/div>\n\n\n<h2 class=\"wp-block-heading\" id=\"Great-Guild-Stew\">Great Guild Stew<\/h2>\n\n\n\n<p>Great Guild Stew peux \u00eatre rempli d&rsquo;ingr\u00e9dient par les membres de la guilde. Chaque ingr\u00e9dient rajout\u00e9 augmente sa qualit\u00e9, quand il atteins certain seuil de qualit\u00e9 il gagne des \u00e9toiles. Plus il a d&rsquo;\u00e9toile plus il donne de boost.<\/p>\n\n\n\n<p>La nourriture du Great Guild Stew peut \u00eatre consomm\u00e9 30 minutes avant le GVG et l&rsquo;effet dure une heure et ne fonctionne que dans les maps GVG.<\/p>\n\n\n\n<p>Le nombre de tentative de cuisine par personnage et l\u2019ingr\u00e9dient demand\u00e9 est reset \u00e0 5h du matin (heure d&rsquo;\u00e9t\u00e9) tout les lundi. <\/p>\n\n\n\n<p>Toutes les 2 WoE le nombre d&rsquo;\u00e9toile max du Great Guild Stew est augment\u00e9.<\/p>\n\n\n\n<p>Les Great Guild Stew sont reset avant chaque nouvelle saison. <\/p>\n\n\n\n<p>Avant la War chaque joueur peut consommer de la nourriture au Great Guild Stew. Les bonus de celui-ci  ne fonctionne que dans les ch\u00e2teaux et pendant une heure. <br>Les bonus accord\u00e9 varie en fonction du nombre d&rsquo;\u00e9toile mais voici ce qu&rsquo;il apporte au maximum : <br>+12500 HP<br>+500 SP<br>+12500 True DMG<br>-10% de Dmg taken from players<\/p>\n\n\n\n<h2 class=\"wp-block-heading\" id=\"Les-chateaux\">Les chateaux<\/h2>\n\n\n\n<p>Il existe trois type de ch\u00e2teau par ville. Les Larges, les medium et les smalls. <\/p>\n\n\n\n<p>Ce qui change pour chacun de ces ch\u00e2teaux c&rsquo;est leurs nombres de \u00ab\u00a0Stronghold\u00a0\u00bb qui sont l&rsquo;\u00e9quivalent de spot \u00e0 conqu\u00e9rir ou d\u00e9fendre et leur position.<\/p>\n\n\n\n<p>Les ch\u00e2teaux larges poss\u00e8de 8 strongholds (2 inner, 3 center et 3 outer).<br>Les ch\u00e2teaux medium poss\u00e8de 5 strongholds (2 inner, 3 center)<br>Les chateaux small poss\u00e8de 3 strongholds (2 inner, 1 center)<\/p>\n\n\n\n<p>Une safezone est accessible \u00e0 l&rsquo;entr\u00e9 de chaque ch\u00e2teaux pour les attaquants. Ainsi que au warp au nord pour les d\u00e9fenseurs.<\/p>\n\n\n\n<figure class=\"wp-block-image size-large\"><img loading=\"lazy\" decoding=\"async\" width=\"1024\" height=\"403\" data-attachment-id=\"1474\" data-permalink=\"https:\/\/www.dernier-rempart.fr\/wiki\/woe-2-0\/castle\/\" data-orig-file=\"https:\/\/www.dernier-rempart.fr\/wiki\/wp-content\/uploads\/2022\/05\/castle.png\" data-orig-size=\"1065,419\" data-comments-opened=\"1\" data-image-meta=\"{&quot;aperture&quot;:&quot;0&quot;,&quot;credit&quot;:&quot;&quot;,&quot;camera&quot;:&quot;&quot;,&quot;caption&quot;:&quot;&quot;,&quot;created_timestamp&quot;:&quot;0&quot;,&quot;copyright&quot;:&quot;&quot;,&quot;focal_length&quot;:&quot;0&quot;,&quot;iso&quot;:&quot;0&quot;,&quot;shutter_speed&quot;:&quot;0&quot;,&quot;title&quot;:&quot;&quot;,&quot;orientation&quot;:&quot;0&quot;}\" data-image-title=\"castle\" data-image-description=\"\" data-image-caption=\"\" data-large-file=\"https:\/\/www.dernier-rempart.fr\/wiki\/wp-content\/uploads\/2022\/05\/castle-1024x403.png\" src=\"https:\/\/www.dernier-rempart.fr\/wiki\/wp-content\/uploads\/2022\/05\/castle-1024x403.png\" alt=\"\" class=\"wp-image-1474\" srcset=\"https:\/\/www.dernier-rempart.fr\/wiki\/wp-content\/uploads\/2022\/05\/castle-1024x403.png 1024w, https:\/\/www.dernier-rempart.fr\/wiki\/wp-content\/uploads\/2022\/05\/castle-300x118.png 300w, https:\/\/www.dernier-rempart.fr\/wiki\/wp-content\/uploads\/2022\/05\/castle-768x302.png 768w, https:\/\/www.dernier-rempart.fr\/wiki\/wp-content\/uploads\/2022\/05\/castle.png 1065w\" sizes=\"auto, (max-width: 767px) 89vw, (max-width: 1000px) 54vw, (max-width: 1071px) 543px, 580px\" \/><\/figure>\n\n\n\n<h2 class=\"wp-block-heading\" id=\"Objectifs\">Objectifs<\/h2>\n\n\n\n<p>Il existe plusieurs objectifs dans les WoE2.<\/p>\n\n\n\n<div class=\"wp-block-group\"><div class=\"wp-block-group__inner-container is-layout-flow wp-block-group-is-layout-flow\">\n<ul class=\"wp-block-list\">\n<li>Acc\u00e9der aux WoC<\/li>\n<\/ul>\n\n\n\n<p>Pour acc\u00e9der aux WoCs il faut avoir un ch\u00e2teau et cela peut importe sa taille.  <\/p>\n\n\n\n<ul class=\"wp-block-list\">\n<li>Obtenir des points pour le ranking<\/li>\n<\/ul>\n\n\n\n<p>Pour obtenir des points pour le ranking il existe 5 solutions. <\/p>\n\n\n\n<p>Les d\u00e9tails sont dans le chapitre : <a href=\"#Ranking\">Ranking<\/a><\/p>\n\n\n\n<ul class=\"wp-block-list\">\n<li>Obtenir des r\u00e9compenses pour fabriqu\u00e9s des godlys.<\/li>\n<\/ul>\n\n\n\n<p>Les composants pour fabriqu\u00e9 des godly s&rsquo;obtiennent de 2 mani\u00e8res. <br>Ils peuvent s&rsquo;obtenir \u00e0 la fin de la War en ouvrant le coffre d\u00e9pendant du ch\u00e2teau ou gr\u00e2ce \u00e0 une monnaie qui s&rsquo;obtient en capturant des Stronghold pendant la WoE.<\/p>\n\n\n\n<p><\/p>\n\n\n\n<h2 class=\"wp-block-heading\" id=\"Pendant-la-War\">Pendant la War<\/h2>\n\n\n\n<p>L&#8217;emperium du ch\u00e2teau est incassable tant que les inner et center stronholds n&rsquo;ont pas \u00e9t\u00e9 captur\u00e9.  <br>Donc pour pouvoir break un emperium il faut d&rsquo;abord que une guilde ait capturer le stronghold inner ou center, cela marche m\u00eame si c&rsquo;est une autre guilde qui le fait. <\/p>\n\n\n\n<p>Pour capturer un stronghold il faut \u00eatre plus nombreux sur celui-ci que les guildes adverses. Pour chaque seconde ou on est les plus nombreux on r\u00e9duit de 10% la capture du propri\u00e9taire pr\u00e9c\u00e9dent et si il n&rsquo;y a pas de propri\u00e9taire on gagne 10% de capture. Quand on arrive \u00e0 100% on devient propri\u00e9taire. Si entre temps quelqu&rsquo;un d&rsquo;autre devient plus nombreux que nous il r\u00e9duit notre capture de 10% par seconde.<\/p>\n\n\n\n<p>Un fois que l&rsquo;on est propri\u00e9taire d&rsquo;un stronghold celui-ci nous sert de point de respawn. Quand on meurt au bout de 15s on peut respawn au stronghold le plus proche que l&rsquo;on poss\u00e8de sauf si on est \u00e9ject\u00e9. <\/p>\n<\/div><\/div>\n\n\n\n<p>Si un ch\u00e2teau est capturer, le PvP est d\u00e9sactiv\u00e9 pendant 60secondes, les ennemis sont ensuite \u00e9ject\u00e9 et le ch\u00e2teau devient innaccessible aux attaquants pour 60 secondes.<\/p>\n\n\n\n<p>Une guilde peut \u00eatre propri\u00e9taire de plusieurs ch\u00e2teau \u00e0 la fois pendant une m\u00eame War mais elle ne devra en garder que un seul \u00e0 la fin de la War.<\/p>\n\n\n\n<h2 class=\"wp-block-heading\" id=\"Ranking\">Ranking<\/h2>\n\n\n\n<p><br>La WoE durent 6 semaines. Seul les 3 meilleurs semaines comptent. <br>On a 5 fa\u00e7on de gagner des points.<\/p>\n\n\n\n<ul class=\"wp-block-list\">\n<li>Finir avec un ch\u00e2teau <br>Small &#8211; 3pt<br>Medium &#8211; 5 pt<br>Large &#8211; 8pt<\/li>\n\n\n\n<li>Avoir r\u00e9ussi a d\u00e9fendre un ch\u00e2teau du d\u00e9but \u00e0 la fin de la WoE &#8211; 1pt<\/li>\n\n\n\n<li>Cass\u00e9 un ch\u00e2teau <\/li>\n<\/ul>\n\n\n\n<figure class=\"wp-block-image size-full\"><img loading=\"lazy\" decoding=\"async\" width=\"259\" height=\"143\" data-attachment-id=\"1791\" data-permalink=\"https:\/\/www.dernier-rempart.fr\/wiki\/woe-2-0\/image-1-13\/\" data-orig-file=\"https:\/\/www.dernier-rempart.fr\/wiki\/wp-content\/uploads\/2023\/08\/image-1.png\" data-orig-size=\"259,143\" data-comments-opened=\"1\" data-image-meta=\"{&quot;aperture&quot;:&quot;0&quot;,&quot;credit&quot;:&quot;&quot;,&quot;camera&quot;:&quot;&quot;,&quot;caption&quot;:&quot;&quot;,&quot;created_timestamp&quot;:&quot;0&quot;,&quot;copyright&quot;:&quot;&quot;,&quot;focal_length&quot;:&quot;0&quot;,&quot;iso&quot;:&quot;0&quot;,&quot;shutter_speed&quot;:&quot;0&quot;,&quot;title&quot;:&quot;&quot;,&quot;orientation&quot;:&quot;0&quot;}\" data-image-title=\"image-1\" data-image-description=\"\" data-image-caption=\"\" data-large-file=\"https:\/\/www.dernier-rempart.fr\/wiki\/wp-content\/uploads\/2023\/08\/image-1.png\" src=\"https:\/\/www.dernier-rempart.fr\/wiki\/wp-content\/uploads\/2023\/08\/image-1.png\" alt=\"\" class=\"wp-image-1791\"\/><\/figure>\n\n\n\n<ul class=\"wp-block-list\">\n<li>Avoir une perfect def &#8211; 2pt<\/li>\n\n\n\n<li>Commencer avec un ch\u00e2teau et finir avec un ch\u00e2teau &#8211; 2pt<\/li>\n<\/ul>\n\n\n\n<p>Le maximum de point que l&rsquo;on peut obtenir une semaine est de 17.<br>Le maximum de point que une guilde peut obtenir sur une saison est de 51.<\/p>\n\n\n\n<h2 class=\"wp-block-heading\" id=\"R\u00e9compense-de-guilde\">R\u00e9compense de guilde<\/h2>\n\n\n\n<p>Les joueurs re\u00e7oivent de multiple r\u00e9compense pendant la WoE. <\/p>\n\n\n\n<div class=\"wp-block-group\"><div class=\"wp-block-group__inner-container is-layout-flow wp-block-group-is-layout-flow\">\n<ul class=\"wp-block-list\">\n<li>2 coffres si la guilde poss\u00e8de un ch\u00e2teau \u00e0 la fin de la WoE<\/li>\n\n\n\n<li>2 coffres si le joueur \u00e0 participer plus de 5 minutes \u00e0 la WoE<\/li>\n\n\n\n<li>Des Rainbow Crystal Chip si la guilde r\u00e9ussi \u00e0 prendre un autre ch\u00e2teau.<\/li>\n\n\n\n<li>Une ou deux Praying Card si le joueur participe \u00e0 la capture d&rsquo;un stronghold<\/li>\n\n\n\n<li>Et Jusqu\u2019\u00e0 3200 Honor proof et 320 Through-war Gold Coin en remplissant des objectifs personnels. <\/li>\n<\/ul>\n<\/div><\/div>\n\n\n\n<p><br><\/p>\n\n\n\n<h2 class=\"wp-block-heading\" id=\"R\u00e9compense-pour-les-joueurs\">R\u00e9compense pour les joueurs<\/h2>\n\n\n\n<h2 class=\"wp-block-heading\" id=\"Fin-de-saison\">Fin de saison<\/h2>\n","protected":false},"excerpt":{"rendered":"<p>Listes des updates des WoE WoE2.1 https:\/\/forum.ragnaroketernallove.com\/forum\/ragnarok-m-eternal-love-eu\/english-aa\/news-aa\/update-aa\/17100-nov-17th-2022-patch-notes Great Guild Stew https:\/\/forum.ragnaroketernallove.com\/forum\/ragnarok-m-eternal-love-eu\/french\/news-fr\/update-ab\/15169-22nd-sept-2022-patch-notes Saison Les WoE sont d\u00e9coup\u00e9s en saison, chaque saison dure 6 semaines et sont suivi de 4 semaines de match hors comp\u00e9tition. Les matches hors comp\u00e9titions n&rsquo;auront pas d&rsquo;impact sur le classement. Au d\u00e9marrage de chaque saison les channels du serveur sont regroup\u00e9 par &hellip; <\/p>\n<p class=\"link-more\"><a href=\"https:\/\/www.dernier-rempart.fr\/wiki\/woe-2-0\/\" class=\"more-link\">Continuer la lecture<span class=\"screen-reader-text\"> de &laquo;&nbsp;War of Emperium (WOE) (V2)&nbsp;&raquo;<\/span><\/a><\/p>\n","protected":false},"author":4,"featured_media":0,"parent":0,"menu_order":0,"comment_status":"closed","ping_status":"closed","template":"","meta":{"_acf_changed":false,"footnotes":""},"categories":[],"tags":[],"class_list":["post-1466","page","type-page","status-publish","hentry"],"acf":[],"yoast_head":"<!-- This site is optimized with the Yoast SEO plugin v27.4 - https:\/\/yoast.com\/product\/yoast-seo-wordpress\/ -->\n<title>War of Emperium (WOE) (V2) - Dernier Rempart, wiki<\/title>\n<meta name=\"robots\" content=\"index, follow, max-snippet:-1, max-image-preview:large, max-video-preview:-1\" \/>\n<link rel=\"canonical\" href=\"https:\/\/www.dernier-rempart.fr\/wiki\/woe-2-0\/\" \/>\n<meta property=\"og:locale\" content=\"fr_FR\" \/>\n<meta property=\"og:type\" content=\"article\" \/>\n<meta property=\"og:title\" content=\"War of Emperium (WOE) (V2) - Dernier Rempart, wiki\" \/>\n<meta property=\"og:description\" content=\"Listes des updates des WoE WoE2.1 https:\/\/forum.ragnaroketernallove.com\/forum\/ragnarok-m-eternal-love-eu\/english-aa\/news-aa\/update-aa\/17100-nov-17th-2022-patch-notes Great Guild Stew https:\/\/forum.ragnaroketernallove.com\/forum\/ragnarok-m-eternal-love-eu\/french\/news-fr\/update-ab\/15169-22nd-sept-2022-patch-notes Saison Les WoE sont d\u00e9coup\u00e9s en saison, chaque saison dure 6 semaines et sont suivi de 4 semaines de match hors comp\u00e9tition. Les matches hors comp\u00e9titions n&rsquo;auront pas d&rsquo;impact sur le classement. Au d\u00e9marrage de chaque saison les channels du serveur sont regroup\u00e9 par &hellip; Continuer la lecture de &laquo;&nbsp;War of Emperium (WOE) (V2)&nbsp;&raquo;\" \/>\n<meta property=\"og:url\" content=\"https:\/\/www.dernier-rempart.fr\/wiki\/woe-2-0\/\" \/>\n<meta property=\"og:site_name\" content=\"Dernier Rempart, wiki\" \/>\n<meta property=\"article:modified_time\" content=\"2023-08-30T11:39:02+00:00\" \/>\n<meta property=\"og:image\" content=\"https:\/\/www.dernier-rempart.fr\/wiki\/wp-content\/uploads\/2022\/05\/image.png\" \/>\n<meta name=\"twitter:card\" content=\"summary_large_image\" \/>\n<meta name=\"twitter:label1\" content=\"Dur\u00e9e de lecture estim\u00e9e\" \/>\n\t<meta name=\"twitter:data1\" content=\"6 minutes\" \/>\n<script type=\"application\/ld+json\" class=\"yoast-schema-graph\">{\"@context\":\"https:\\\/\\\/schema.org\",\"@graph\":[{\"@type\":\"WebPage\",\"@id\":\"https:\\\/\\\/www.dernier-rempart.fr\\\/wiki\\\/woe-2-0\\\/\",\"url\":\"https:\\\/\\\/www.dernier-rempart.fr\\\/wiki\\\/woe-2-0\\\/\",\"name\":\"War of Emperium (WOE) (V2) - Dernier Rempart, wiki\",\"isPartOf\":{\"@id\":\"https:\\\/\\\/www.dernier-rempart.fr\\\/wiki\\\/#website\"},\"primaryImageOfPage\":{\"@id\":\"https:\\\/\\\/www.dernier-rempart.fr\\\/wiki\\\/woe-2-0\\\/#primaryimage\"},\"image\":{\"@id\":\"https:\\\/\\\/www.dernier-rempart.fr\\\/wiki\\\/woe-2-0\\\/#primaryimage\"},\"thumbnailUrl\":\"https:\\\/\\\/www.dernier-rempart.fr\\\/wiki\\\/wp-content\\\/uploads\\\/2022\\\/05\\\/image.png\",\"datePublished\":\"2022-05-26T16:01:03+00:00\",\"dateModified\":\"2023-08-30T11:39:02+00:00\",\"breadcrumb\":{\"@id\":\"https:\\\/\\\/www.dernier-rempart.fr\\\/wiki\\\/woe-2-0\\\/#breadcrumb\"},\"inLanguage\":\"fr-FR\",\"potentialAction\":[{\"@type\":\"ReadAction\",\"target\":[\"https:\\\/\\\/www.dernier-rempart.fr\\\/wiki\\\/woe-2-0\\\/\"]}]},{\"@type\":\"ImageObject\",\"inLanguage\":\"fr-FR\",\"@id\":\"https:\\\/\\\/www.dernier-rempart.fr\\\/wiki\\\/woe-2-0\\\/#primaryimage\",\"url\":\"https:\\\/\\\/www.dernier-rempart.fr\\\/wiki\\\/wp-content\\\/uploads\\\/2022\\\/05\\\/image.png\",\"contentUrl\":\"https:\\\/\\\/www.dernier-rempart.fr\\\/wiki\\\/wp-content\\\/uploads\\\/2022\\\/05\\\/image.png\",\"width\":353,\"height\":426},{\"@type\":\"BreadcrumbList\",\"@id\":\"https:\\\/\\\/www.dernier-rempart.fr\\\/wiki\\\/woe-2-0\\\/#breadcrumb\",\"itemListElement\":[{\"@type\":\"ListItem\",\"position\":1,\"name\":\"Accueil\",\"item\":\"https:\\\/\\\/www.dernier-rempart.fr\\\/wiki\\\/\"},{\"@type\":\"ListItem\",\"position\":2,\"name\":\"War of Emperium (WOE) (V2)\"}]},{\"@type\":\"WebSite\",\"@id\":\"https:\\\/\\\/www.dernier-rempart.fr\\\/wiki\\\/#website\",\"url\":\"https:\\\/\\\/www.dernier-rempart.fr\\\/wiki\\\/\",\"name\":\"Dernier Rempart, wiki\",\"description\":\"\",\"publisher\":{\"@id\":\"https:\\\/\\\/www.dernier-rempart.fr\\\/wiki\\\/#organization\"},\"potentialAction\":[{\"@type\":\"SearchAction\",\"target\":{\"@type\":\"EntryPoint\",\"urlTemplate\":\"https:\\\/\\\/www.dernier-rempart.fr\\\/wiki\\\/?s={search_term_string}\"},\"query-input\":{\"@type\":\"PropertyValueSpecification\",\"valueRequired\":true,\"valueName\":\"search_term_string\"}}],\"inLanguage\":\"fr-FR\"},{\"@type\":\"Organization\",\"@id\":\"https:\\\/\\\/www.dernier-rempart.fr\\\/wiki\\\/#organization\",\"name\":\"Dernier Rempart\",\"url\":\"https:\\\/\\\/www.dernier-rempart.fr\\\/wiki\\\/\",\"logo\":{\"@type\":\"ImageObject\",\"inLanguage\":\"fr-FR\",\"@id\":\"https:\\\/\\\/www.dernier-rempart.fr\\\/wiki\\\/#\\\/schema\\\/logo\\\/image\\\/\",\"url\":\"https:\\\/\\\/www.dernier-rempart.fr\\\/wiki\\\/wp-content\\\/uploads\\\/2020\\\/10\\\/banner_DR.png\",\"contentUrl\":\"https:\\\/\\\/www.dernier-rempart.fr\\\/wiki\\\/wp-content\\\/uploads\\\/2020\\\/10\\\/banner_DR.png\",\"width\":430,\"height\":160,\"caption\":\"Dernier Rempart\"},\"image\":{\"@id\":\"https:\\\/\\\/www.dernier-rempart.fr\\\/wiki\\\/#\\\/schema\\\/logo\\\/image\\\/\"}}]}<\/script>\n<!-- \/ Yoast SEO plugin. -->","yoast_head_json":{"title":"War of Emperium (WOE) (V2) - Dernier Rempart, wiki","robots":{"index":"index","follow":"follow","max-snippet":"max-snippet:-1","max-image-preview":"max-image-preview:large","max-video-preview":"max-video-preview:-1"},"canonical":"https:\/\/www.dernier-rempart.fr\/wiki\/woe-2-0\/","og_locale":"fr_FR","og_type":"article","og_title":"War of Emperium (WOE) (V2) - Dernier Rempart, wiki","og_description":"Listes des updates des WoE WoE2.1 https:\/\/forum.ragnaroketernallove.com\/forum\/ragnarok-m-eternal-love-eu\/english-aa\/news-aa\/update-aa\/17100-nov-17th-2022-patch-notes Great Guild Stew https:\/\/forum.ragnaroketernallove.com\/forum\/ragnarok-m-eternal-love-eu\/french\/news-fr\/update-ab\/15169-22nd-sept-2022-patch-notes Saison Les WoE sont d\u00e9coup\u00e9s en saison, chaque saison dure 6 semaines et sont suivi de 4 semaines de match hors comp\u00e9tition. Les matches hors comp\u00e9titions n&rsquo;auront pas d&rsquo;impact sur le classement. Au d\u00e9marrage de chaque saison les channels du serveur sont regroup\u00e9 par &hellip; Continuer la lecture de &laquo;&nbsp;War of Emperium (WOE) (V2)&nbsp;&raquo;","og_url":"https:\/\/www.dernier-rempart.fr\/wiki\/woe-2-0\/","og_site_name":"Dernier Rempart, wiki","article_modified_time":"2023-08-30T11:39:02+00:00","og_image":[{"url":"https:\/\/www.dernier-rempart.fr\/wiki\/wp-content\/uploads\/2022\/05\/image.png","type":"","width":"","height":""}],"twitter_card":"summary_large_image","twitter_misc":{"Dur\u00e9e de lecture estim\u00e9e":"6 minutes"},"schema":{"@context":"https:\/\/schema.org","@graph":[{"@type":"WebPage","@id":"https:\/\/www.dernier-rempart.fr\/wiki\/woe-2-0\/","url":"https:\/\/www.dernier-rempart.fr\/wiki\/woe-2-0\/","name":"War of Emperium (WOE) (V2) - Dernier Rempart, wiki","isPartOf":{"@id":"https:\/\/www.dernier-rempart.fr\/wiki\/#website"},"primaryImageOfPage":{"@id":"https:\/\/www.dernier-rempart.fr\/wiki\/woe-2-0\/#primaryimage"},"image":{"@id":"https:\/\/www.dernier-rempart.fr\/wiki\/woe-2-0\/#primaryimage"},"thumbnailUrl":"https:\/\/www.dernier-rempart.fr\/wiki\/wp-content\/uploads\/2022\/05\/image.png","datePublished":"2022-05-26T16:01:03+00:00","dateModified":"2023-08-30T11:39:02+00:00","breadcrumb":{"@id":"https:\/\/www.dernier-rempart.fr\/wiki\/woe-2-0\/#breadcrumb"},"inLanguage":"fr-FR","potentialAction":[{"@type":"ReadAction","target":["https:\/\/www.dernier-rempart.fr\/wiki\/woe-2-0\/"]}]},{"@type":"ImageObject","inLanguage":"fr-FR","@id":"https:\/\/www.dernier-rempart.fr\/wiki\/woe-2-0\/#primaryimage","url":"https:\/\/www.dernier-rempart.fr\/wiki\/wp-content\/uploads\/2022\/05\/image.png","contentUrl":"https:\/\/www.dernier-rempart.fr\/wiki\/wp-content\/uploads\/2022\/05\/image.png","width":353,"height":426},{"@type":"BreadcrumbList","@id":"https:\/\/www.dernier-rempart.fr\/wiki\/woe-2-0\/#breadcrumb","itemListElement":[{"@type":"ListItem","position":1,"name":"Accueil","item":"https:\/\/www.dernier-rempart.fr\/wiki\/"},{"@type":"ListItem","position":2,"name":"War of Emperium (WOE) (V2)"}]},{"@type":"WebSite","@id":"https:\/\/www.dernier-rempart.fr\/wiki\/#website","url":"https:\/\/www.dernier-rempart.fr\/wiki\/","name":"Dernier Rempart, wiki","description":"","publisher":{"@id":"https:\/\/www.dernier-rempart.fr\/wiki\/#organization"},"potentialAction":[{"@type":"SearchAction","target":{"@type":"EntryPoint","urlTemplate":"https:\/\/www.dernier-rempart.fr\/wiki\/?s={search_term_string}"},"query-input":{"@type":"PropertyValueSpecification","valueRequired":true,"valueName":"search_term_string"}}],"inLanguage":"fr-FR"},{"@type":"Organization","@id":"https:\/\/www.dernier-rempart.fr\/wiki\/#organization","name":"Dernier Rempart","url":"https:\/\/www.dernier-rempart.fr\/wiki\/","logo":{"@type":"ImageObject","inLanguage":"fr-FR","@id":"https:\/\/www.dernier-rempart.fr\/wiki\/#\/schema\/logo\/image\/","url":"https:\/\/www.dernier-rempart.fr\/wiki\/wp-content\/uploads\/2020\/10\/banner_DR.png","contentUrl":"https:\/\/www.dernier-rempart.fr\/wiki\/wp-content\/uploads\/2020\/10\/banner_DR.png","width":430,"height":160,"caption":"Dernier Rempart"},"image":{"@id":"https:\/\/www.dernier-rempart.fr\/wiki\/#\/schema\/logo\/image\/"}}]}},"jetpack_sharing_enabled":true,"_links":{"self":[{"href":"https:\/\/www.dernier-rempart.fr\/wiki\/wp-json\/wp\/v2\/pages\/1466","targetHints":{"allow":["GET"]}}],"collection":[{"href":"https:\/\/www.dernier-rempart.fr\/wiki\/wp-json\/wp\/v2\/pages"}],"about":[{"href":"https:\/\/www.dernier-rempart.fr\/wiki\/wp-json\/wp\/v2\/types\/page"}],"author":[{"embeddable":true,"href":"https:\/\/www.dernier-rempart.fr\/wiki\/wp-json\/wp\/v2\/users\/4"}],"replies":[{"embeddable":true,"href":"https:\/\/www.dernier-rempart.fr\/wiki\/wp-json\/wp\/v2\/comments?post=1466"}],"version-history":[{"count":16,"href":"https:\/\/www.dernier-rempart.fr\/wiki\/wp-json\/wp\/v2\/pages\/1466\/revisions"}],"predecessor-version":[{"id":1792,"href":"https:\/\/www.dernier-rempart.fr\/wiki\/wp-json\/wp\/v2\/pages\/1466\/revisions\/1792"}],"wp:attachment":[{"href":"https:\/\/www.dernier-rempart.fr\/wiki\/wp-json\/wp\/v2\/media?parent=1466"}],"wp:term":[{"taxonomy":"category","embeddable":true,"href":"https:\/\/www.dernier-rempart.fr\/wiki\/wp-json\/wp\/v2\/categories?post=1466"},{"taxonomy":"post_tag","embeddable":true,"href":"https:\/\/www.dernier-rempart.fr\/wiki\/wp-json\/wp\/v2\/tags?post=1466"}],"curies":[{"name":"wp","href":"https:\/\/api.w.org\/{rel}","templated":true}]}}