{"id":1397,"date":"2022-03-27T18:28:46","date_gmt":"2022-03-27T16:28:46","guid":{"rendered":"https:\/\/www.dernier-rempart.fr\/wiki\/?page_id=1397"},"modified":"2022-03-28T07:42:43","modified_gmt":"2022-03-28T05:42:43","slug":"lost-isle-lost-isle","status":"publish","type":"page","link":"https:\/\/www.dernier-rempart.fr\/wiki\/lost-isle-lost-isle\/","title":{"rendered":"Lost Isle (Lost Isle)"},"content":{"rendered":"\n<figure class=\"wp-block-image\"><img decoding=\"async\" src=\"https:\/\/1gamerdash.com\/wp-content\/uploads\/2022\/03\/ragnarok-mobile-lost-isle-guide.jpg?x54560\" alt=\"\"\/><\/figure>\n\n\n\n<h1 class=\"wp-block-heading\"><strong>Principe<\/strong><\/h1>\n\n\n\n<p>Il s\u2019agit d\u2019un donjon avec 3 salles, si vous \u00e9chouez dans une salle, vous pourrez la recommencer autant de fois que vous le voulez.<\/p>\n\n\n\n<h1 class=\"wp-block-heading\"><strong>R\u00e9compenses<\/strong><\/h1>\n\n\n\n<p>Ce donjon permet de r\u00e9cup\u00e9rer des coffres qui contiennent des \u00ab&nbsp;Ancients Equipements&nbsp;\u00bb chaque fois que vous terminer une salle. Chaque coffre contient un \u00e9quipement qui peut \u00eatre soit pr\u00e9vu pour la classe, soit pour une autre. Si c\u2019est pour une autre classe, vous pouvez le convertir en pi\u00e8ce. Quand vous aurez assez de pi\u00e8ce vous pourrez r\u00e9cup\u00e9rer ceux qui vous int\u00e9ressent<\/p>\n\n\n\n<figure class=\"wp-block-image\"><img decoding=\"async\" src=\"https:\/\/romhandbook.com\/assets\/items\/item_6817-923c9a1b7a83fe0a89240a912eba4f979c0081e94ab9a6a980affde112ed353c.png\" alt=\"\"\/><\/figure>\n\n\n\n<h1 class=\"wp-block-heading\"><strong>Niveau requis:<\/strong><\/h1>\n\n\n\n<p>Il y a 2 niveau, le plus int\u00e9ressant est le niveau brave. En \u00e9quipe il est assez facile, si on suit bien la strat\u00e9gie<\/p>\n\n\n\n<h1 class=\"wp-block-heading\"><strong>Comment d\u00e9bloquer ce donjon ?<\/strong><\/h1>\n\n\n\n<p>A partir du niveau 120, vous pourrez entrer dans ce donjon.<\/p>\n\n\n\n<figure class=\"wp-block-image\"><img decoding=\"async\" src=\"https:\/\/1gamerdash.com\/wp-content\/uploads\/2022\/03\/ragnarok-mobile-lost-isle-npc-800x450.jpg?x54560\" alt=\"\" class=\"wp-image-14493\"\/><\/figure>\n\n\n\n<h1 class=\"wp-block-heading\"><strong>Astuces et m\u00e9canique ( niveau brave )<\/strong><\/h1>\n\n\n\n<h2 class=\"wp-block-heading\">Salle 1: <strong>Magma Golem<\/strong><\/h2>\n\n\n\n<figure class=\"wp-block-image\"><img decoding=\"async\" src=\"https:\/\/1gamerdash.com\/wp-content\/uploads\/2022\/03\/ragnarok-mobile-magma-golem-800x450.jpg?x54560\" alt=\"\" class=\"wp-image-14506\"\/><\/figure>\n\n\n\n<p>Le Golem de Magma est de type <strong>Feu<\/strong>, <strong>Large<\/strong> et <strong>Sans forme<\/strong>. L&rsquo;utilisation des attaques de l&rsquo;\u00e9l\u00e9ment Eau vous aidera \u00e0 infliger plus de d\u00e9g\u00e2ts.<\/p>\n\n\n\n<p>Quelques cartes \u00e0 consid\u00e9rer :<\/p>\n\n\n\n<figure class=\"wp-block-table is-style-regular\"><table><tbody><tr><td>Carte<\/td><td>Position<\/td><td>D\u00e9gats<\/td><\/tr><tr><td>Minorous<\/td><td><meta charset=\"utf-8\">Arme<\/td><td>monstres de grande taille +25%, Atk +15<\/td><\/tr><tr><td>\u0152uf Peco Peco <\/td><td><meta charset=\"utf-8\">Arme<\/td><td>aux races sans forme +15%.<\/td><\/tr><tr><td>Meryl Rowlands<\/td><td><meta charset=\"utf-8\">Off-hand<\/td><td>monstres de taille moyenne et aux mini-monstres +5%.<\/td><\/tr><tr><td>Hart <\/td><td><meta charset=\"utf-8\">Armure<\/td><td>MVP et aux Mini-monstres +10%.<\/td><\/tr><\/tbody><\/table><\/figure>\n\n\n\n<h2 class=\"wp-block-heading\"><strong>M\u00e9chanique<\/strong><\/h2>\n\n\n\n<p><strong>Skyfall<\/strong> &#8211; 2 Cercles rouges appara\u00eetront avant l&rsquo;arriv\u00e9e des m\u00e9t\u00e9ores. Il suffit de s&rsquo;\u00e9loigner des cercles rouges.<br><meta charset=\"utf-8\"><br><meta charset=\"utf-8\"><strong>Lien br\u00fblant<\/strong> &#8211; Relie 2 joueurs en leur infligeant des DoT. Si les joueurs s&rsquo;\u00e9loignent l&rsquo;un de l&rsquo;autre, les deux recevront des d\u00e9g\u00e2ts massifs.<br><br><meta charset=\"utf-8\"><meta charset=\"utf-8\"><strong>Enterrement<\/strong> dans une prison de pierre &#8211; 1 joueur sera pi\u00e9g\u00e9. Une prison de pierre est invoqu\u00e9e. D\u00e9truisez-la dans les 10 secondes ou le joueur pi\u00e9g\u00e9 mourra.<br><br><meta charset=\"utf-8\">L<strong>e Dieu de pierre descend <\/strong>&#8211; Les joueurs marqu\u00e9s se transforment en un avatar de pierre. Si cela vous arrive, utilisez la comp\u00e9tence Placer une pierre (sur un espace sans d\u00e9bris de m\u00e9t\u00e9ores) pour faire demi-tour.<br><br><strong>Boule de sable mouvant <\/strong>&#8211; DoT AoE. Si possible, tenez-vous \u00e0 l&rsquo;\u00e9cart de son effet AoE<\/p>\n\n\n\n<h2 class=\"wp-block-heading\">Salle 2: <strong>Sea Spirit Totem<\/strong><\/h2>\n\n\n\n<figure class=\"wp-block-image\"><img decoding=\"async\" src=\"https:\/\/1gamerdash.com\/wp-content\/uploads\/2022\/03\/ragnarok-mobile-sea-spirit-totem-800x450.jpg?x54560\" alt=\"\" class=\"wp-image-14509\"\/><\/figure>\n\n\n\n<p>Le Totem Esprit de la mer est de type <strong>Ghost<\/strong>, <strong>Large<\/strong>  et <strong>Sans forme<\/strong>. L&rsquo;utilisation d&rsquo;attaques de type Fant\u00f4me vous aidera \u00e0 infliger plus de d\u00e9g\u00e2ts. Sinon, utilisez n&rsquo;importe quel d\u00e9g\u00e2t \u00e9l\u00e9mentaire (\u00e9vitez les d\u00e9g\u00e2ts de type Neutre et Poison).<\/p>\n\n\n\n<p>Vous pouvez conserver les m\u00eames cartes que lors de l&rsquo;\u00e9tape pr\u00e9c\u00e9dente :<\/p>\n\n\n\n<figure class=\"wp-block-table is-style-regular\"><table><tbody><tr><td>Carte<\/td><td>Position<\/td><td>D\u00e9gats<\/td><\/tr><tr><td>Minorous<\/td><td><meta charset=\"utf-8\">Arme<\/td><td>monstres de grande taille +25%, Atk +15<\/td><\/tr><tr><td>\u0152uf Peco Peco <\/td><td><meta charset=\"utf-8\">Arme<\/td><td>aux races sans forme +15%.<\/td><\/tr><tr><td>Meryl Rowlands<\/td><td><meta charset=\"utf-8\">Off-hand<\/td><td>monstres de taille moyenne et aux mini-monstres +5%.<\/td><\/tr><tr><td>Hart <\/td><td><meta charset=\"utf-8\">Armure<\/td><td>MVP et aux Mini-monstres +10%.<\/td><\/tr><\/tbody><\/table><\/figure>\n\n\n\n<h3 class=\"wp-block-heading\"><meta charset=\"utf-8\"><strong>M\u00e9chanique<\/strong><\/h3>\n\n\n\n<ol class=\"wp-block-list\"><li><strong><strong>Imprint<\/strong><\/strong> &#8211; Faites attention aux ic\u00f4nes qui apparaissent au-dessus de la t\u00eate du MVP. Il en existe 3 types :<br><ul><li>Oeil (\u00e0 la fin de l&rsquo;incantation, tout joueur faisant face au Totem Esprit de la Mer mourra) &#8211; pr\u00e9parez-vous \u00e0 faire face.<\/li><li>Eau (le joueur marqu\u00e9 recevra des d\u00e9g\u00e2ts AoE) &#8211; plus il y a de joueurs dans la zone, moins il y a de d\u00e9g\u00e2ts, alors rassemblez-vous autour du joueur marqu\u00e9.<\/li><li>Bois (AoE dmg \u00e0 chaque joueur) &#8211; dispersez-vous.<br><br><\/li><\/ul><\/li><li><strong><strong>Component Analysis<\/strong>\u00a0<\/strong>&#8211; Les joueurs se transformeront en Petit Sigil et recevront une marque al\u00e9atoire. Utilisez la comp\u00e9tence d&rsquo;action correcte correspondant \u00e0 votre marque pour briser la mal\u00e9diction de mort. Observez ce que fait le totem de l&rsquo;esprit de la mer pour d\u00e9terminer l&rsquo;action correcte (vous pouvez aussi regarder votre ic\u00f4ne d&rsquo;affaiblissement). Il existe 3 options :<br><ul><li>Tourner dans le sens des aiguilles d&rsquo;une montre<\/li><li>Tourner dans le sens inverse des aiguilles d&rsquo;une montre<\/li><li>Rotation de la t\u00eate<br><br><\/li><\/ul><\/li><li><strong><strong>Sigil Summon<\/strong> <\/strong>&#8211; Des ennemis totems seront invoqu\u00e9s. Ils deviennent plus forts avec le temps, alors \u00e9liminez-les rapidement. <br><br><\/li><li><strong><strong>Destruction Wave<\/strong><\/strong>&#8211; Utilis\u00e9e lorsque le Totem de l&rsquo;esprit de la mer n&rsquo;a aucun joueur dans un rayon de 10 m pour l&rsquo;attaquer automatiquement. Gardez vos tanks pr\u00e8s du MVP \u00e0 tout moment pour \u00e9viter cette capacit\u00e9.<\/li><\/ol>\n\n\n\n<h2 class=\"wp-block-heading\">Salle 3: \u00a0<strong>Demonic Overseer<\/strong><\/h2>\n\n\n\n<figure class=\"wp-block-image\"><img decoding=\"async\" src=\"https:\/\/1gamerdash.com\/wp-content\/uploads\/2022\/03\/ragnarok-mobile-demonic-overseer-800x450.jpg?x54560\" alt=\"\"\/><\/figure>\n\n\n\n<p>Le <meta charset=\"utf-8\">Demonic Overseer est de type <strong>Large<\/strong> et <strong>D\u00e9mon<\/strong>. L&rsquo;utilisation des attaques de l&rsquo;\u00e9l\u00e9ment <strong>Holy<\/strong> vous aidera \u00e0 infliger plus de d\u00e9g\u00e2ts:<\/p>\n\n\n\n<figure class=\"wp-block-table is-style-regular\"><table><tbody><tr><td>Carte<\/td><td>Position<\/td><td>D\u00e9gats<\/td><\/tr><tr><td>Minorous<\/td><td><meta charset=\"utf-8\">Arme<\/td><td>aux monstres de grande taille +25%, Atk +15<\/td><\/tr><tr><td><meta charset=\"utf-8\">Horloge<\/td><td><meta charset=\"utf-8\"><strong><meta charset=\"utf-8\"><meta charset=\"utf-8\"><\/strong>Arme<\/td><td>aux races d\u00e9moniaques +10%.<\/td><\/tr><tr><td>Strouf<\/td><td><meta charset=\"utf-8\">Arme<\/td><td><meta charset=\"utf-8\">aux monstres d\u00e9moniaques +25%.<\/td><\/tr><tr><td><meta charset=\"utf-8\"><strong> <\/strong>Chevalier abyssal<\/td><td><meta charset=\"utf-8\">Arme<\/td><td><meta charset=\"utf-8\">aux monstres de type Boss +10%<\/td><\/tr><tr><td>Meryl Rowlands<\/td><td><meta charset=\"utf-8\">Off-hand<\/td><td> aux monstres de taille moyenne et MVP +5%.<\/td><\/tr><tr><td>Hart <\/td><td><meta charset=\"utf-8\">Armure<\/td><td>aux MVP et aux Mini-MVP +10%.<\/td><\/tr><\/tbody><\/table><\/figure>\n\n\n\n<p><\/p>\n\n\n\n<h2 class=\"wp-block-heading\"><meta charset=\"utf-8\"><strong>M\u00e9canique<\/strong><\/h2>\n\n\n\n<p>C&rsquo;est probablement l\u00e0 que la plupart des joueurs sont bloqu\u00e9s. Comment tuer le coeur corrompu. C&rsquo;est assez simple une fois que vous savez comment faire :<\/p>\n\n\n\n<p>Quand les HP de Demonic Overseer tombent \u00e0 70%, il devient invincible. Un c\u0153ur sera invoqu\u00e9 pour que vous puissiez l&rsquo;attaquer, mais il sera prot\u00e9g\u00e9 par de l&rsquo;\u00e9nergie corrompue. Pour endommager le c\u0153ur, vous devrez vaincre les minions qui laissent tomber des orbes d&rsquo;\u00e9nergie corrompue. D\u00e9truisez ces orbes d&rsquo;\u00e9nergie (boules rouges) pour obtenir une am\u00e9lioration temporaire qui vous permettra d&rsquo;infliger des d\u00e9g\u00e2ts au c\u0153ur. Une fois le c\u0153ur d\u00e9truit, vous pouvez continuer \u00e0 vaincre le <meta charset=\"utf-8\">Demonic Overseer.<br><br>Voici quelques autres capacit\u00e9s dont il faut se m\u00e9fier :<\/p>\n\n\n\n<ol class=\"wp-block-list\"><li><strong><strong><strong>Asphyxiating Tentacle<\/strong><\/strong><\/strong>&#8211; Invoque 3 tentacules qui infligent des d\u00e9g\u00e2ts en AoE et lient les joueurs endommag\u00e9s. Les joueurs non li\u00e9s peuvent tuer les tentacules pour lib\u00e9rer les joueurs li\u00e9s.<\/li><li><strong><strong>Corrupted Whilpool<\/strong><\/strong> &#8211; Demonic Oversee peut produire du poison vert AoE de plusieurs fa\u00e7ons :<ul><li><strong>Invocation de Phen <\/strong>&#8211; Phen suivra le joueur en infligeant des d\u00e9g\u00e2ts aux joueurs adjacents. Les joueurs endommag\u00e9s donneront naissance \u00e0 un tourbillon corrompu.<br><strong>Torrent <\/strong>&#8211; Cible 2 joueurs en leur infligeant des d\u00e9g\u00e2ts et en les \u00e9tourdissant, puis en cr\u00e9ant un tourbillon corrompu.<\/li><li><strong>Corrumpted Summon<\/strong> : g\u00e9n\u00e8re plusieurs sph\u00e8res marines corrompues qui explosent au fil du temps, infligeant des d\u00e9g\u00e2ts en plein \u00e9cran et cr\u00e9ant des tourbillons corrompus. Tuez-les avant qu&rsquo;elles n&rsquo;explosent.<br><\/li><\/ul><\/li><\/ol>\n\n\n\n<figure class=\"wp-block-embed is-type-video is-provider-youtube wp-block-embed-youtube wp-embed-aspect-16-9 wp-has-aspect-ratio\"><div class=\"wp-block-embed__wrapper\">\n<iframe loading=\"lazy\" title=\"GUIDE TO LOST ISLE DUNGEON 2F &amp; 3F ~ Must-Clear PVE Instance!!\" width=\"525\" height=\"295\" src=\"https:\/\/www.youtube.com\/embed\/FuWtFz9H5JY?feature=oembed\" frameborder=\"0\" allow=\"accelerometer; autoplay; clipboard-write; encrypted-media; gyroscope; picture-in-picture; web-share\" referrerpolicy=\"strict-origin-when-cross-origin\" allowfullscreen><\/iframe>\n<\/div><\/figure>\n\n\n\n<p>Source: https:\/\/1gamerdash.com\/ragnarok-mobile-ponape-museum-guide-farm-ancient-equip\/<\/p>\n","protected":false},"excerpt":{"rendered":"<p>Principe Il s\u2019agit d\u2019un donjon avec 3 salles, si vous \u00e9chouez dans une salle, vous pourrez la recommencer autant de fois que vous le voulez. R\u00e9compenses Ce donjon permet de r\u00e9cup\u00e9rer des coffres qui contiennent des \u00ab&nbsp;Ancients Equipements&nbsp;\u00bb chaque fois que vous terminer une salle. Chaque coffre contient un \u00e9quipement qui peut \u00eatre soit pr\u00e9vu &hellip; <\/p>\n<p class=\"link-more\"><a href=\"https:\/\/www.dernier-rempart.fr\/wiki\/lost-isle-lost-isle\/\" class=\"more-link\">Continuer la lecture<span class=\"screen-reader-text\"> de &laquo;&nbsp;Lost Isle (Lost Isle)&nbsp;&raquo;<\/span><\/a><\/p>\n","protected":false},"author":8,"featured_media":0,"parent":0,"menu_order":0,"comment_status":"closed","ping_status":"closed","template":"","meta":{"_acf_changed":false,"footnotes":""},"categories":[],"tags":[],"class_list":["post-1397","page","type-page","status-publish","hentry"],"acf":[],"yoast_head":"<!-- This site is optimized with the Yoast SEO plugin v27.4 - https:\/\/yoast.com\/product\/yoast-seo-wordpress\/ -->\n<title>Lost Isle (Lost Isle) - Dernier Rempart, wiki<\/title>\n<meta name=\"robots\" content=\"index, follow, max-snippet:-1, max-image-preview:large, max-video-preview:-1\" \/>\n<link rel=\"canonical\" href=\"https:\/\/www.dernier-rempart.fr\/wiki\/lost-isle-lost-isle\/\" \/>\n<meta property=\"og:locale\" content=\"fr_FR\" \/>\n<meta property=\"og:type\" content=\"article\" \/>\n<meta property=\"og:title\" content=\"Lost Isle (Lost Isle) - Dernier Rempart, wiki\" \/>\n<meta property=\"og:description\" content=\"Principe Il s\u2019agit d\u2019un donjon avec 3 salles, si vous \u00e9chouez dans une salle, vous pourrez la recommencer autant de fois que vous le voulez. R\u00e9compenses Ce donjon permet de r\u00e9cup\u00e9rer des coffres qui contiennent des \u00ab&nbsp;Ancients Equipements&nbsp;\u00bb chaque fois que vous terminer une salle. Chaque coffre contient un \u00e9quipement qui peut \u00eatre soit pr\u00e9vu &hellip; Continuer la lecture de &laquo;&nbsp;Lost Isle (Lost Isle)&nbsp;&raquo;\" \/>\n<meta property=\"og:url\" content=\"https:\/\/www.dernier-rempart.fr\/wiki\/lost-isle-lost-isle\/\" \/>\n<meta property=\"og:site_name\" content=\"Dernier Rempart, wiki\" \/>\n<meta property=\"article:modified_time\" content=\"2022-03-28T05:42:43+00:00\" \/>\n<meta property=\"og:image\" content=\"https:\/\/1gamerdash.com\/wp-content\/uploads\/2022\/03\/ragnarok-mobile-lost-isle-guide.jpg?x54560\" \/>\n<meta name=\"twitter:card\" content=\"summary_large_image\" \/>\n<meta name=\"twitter:label1\" content=\"Dur\u00e9e de lecture estim\u00e9e\" \/>\n\t<meta name=\"twitter:data1\" content=\"6 minutes\" \/>\n<script type=\"application\/ld+json\" class=\"yoast-schema-graph\">{\"@context\":\"https:\\\/\\\/schema.org\",\"@graph\":[{\"@type\":\"WebPage\",\"@id\":\"https:\\\/\\\/www.dernier-rempart.fr\\\/wiki\\\/lost-isle-lost-isle\\\/\",\"url\":\"https:\\\/\\\/www.dernier-rempart.fr\\\/wiki\\\/lost-isle-lost-isle\\\/\",\"name\":\"Lost Isle (Lost Isle) - Dernier Rempart, wiki\",\"isPartOf\":{\"@id\":\"https:\\\/\\\/www.dernier-rempart.fr\\\/wiki\\\/#website\"},\"primaryImageOfPage\":{\"@id\":\"https:\\\/\\\/www.dernier-rempart.fr\\\/wiki\\\/lost-isle-lost-isle\\\/#primaryimage\"},\"image\":{\"@id\":\"https:\\\/\\\/www.dernier-rempart.fr\\\/wiki\\\/lost-isle-lost-isle\\\/#primaryimage\"},\"thumbnailUrl\":\"https:\\\/\\\/1gamerdash.com\\\/wp-content\\\/uploads\\\/2022\\\/03\\\/ragnarok-mobile-lost-isle-guide.jpg?x54560\",\"datePublished\":\"2022-03-27T16:28:46+00:00\",\"dateModified\":\"2022-03-28T05:42:43+00:00\",\"breadcrumb\":{\"@id\":\"https:\\\/\\\/www.dernier-rempart.fr\\\/wiki\\\/lost-isle-lost-isle\\\/#breadcrumb\"},\"inLanguage\":\"fr-FR\",\"potentialAction\":[{\"@type\":\"ReadAction\",\"target\":[\"https:\\\/\\\/www.dernier-rempart.fr\\\/wiki\\\/lost-isle-lost-isle\\\/\"]}]},{\"@type\":\"ImageObject\",\"inLanguage\":\"fr-FR\",\"@id\":\"https:\\\/\\\/www.dernier-rempart.fr\\\/wiki\\\/lost-isle-lost-isle\\\/#primaryimage\",\"url\":\"https:\\\/\\\/1gamerdash.com\\\/wp-content\\\/uploads\\\/2022\\\/03\\\/ragnarok-mobile-lost-isle-guide.jpg?x54560\",\"contentUrl\":\"https:\\\/\\\/1gamerdash.com\\\/wp-content\\\/uploads\\\/2022\\\/03\\\/ragnarok-mobile-lost-isle-guide.jpg?x54560\"},{\"@type\":\"BreadcrumbList\",\"@id\":\"https:\\\/\\\/www.dernier-rempart.fr\\\/wiki\\\/lost-isle-lost-isle\\\/#breadcrumb\",\"itemListElement\":[{\"@type\":\"ListItem\",\"position\":1,\"name\":\"Accueil\",\"item\":\"https:\\\/\\\/www.dernier-rempart.fr\\\/wiki\\\/\"},{\"@type\":\"ListItem\",\"position\":2,\"name\":\"Lost Isle (Lost Isle)\"}]},{\"@type\":\"WebSite\",\"@id\":\"https:\\\/\\\/www.dernier-rempart.fr\\\/wiki\\\/#website\",\"url\":\"https:\\\/\\\/www.dernier-rempart.fr\\\/wiki\\\/\",\"name\":\"Dernier Rempart, wiki\",\"description\":\"\",\"publisher\":{\"@id\":\"https:\\\/\\\/www.dernier-rempart.fr\\\/wiki\\\/#organization\"},\"potentialAction\":[{\"@type\":\"SearchAction\",\"target\":{\"@type\":\"EntryPoint\",\"urlTemplate\":\"https:\\\/\\\/www.dernier-rempart.fr\\\/wiki\\\/?s={search_term_string}\"},\"query-input\":{\"@type\":\"PropertyValueSpecification\",\"valueRequired\":true,\"valueName\":\"search_term_string\"}}],\"inLanguage\":\"fr-FR\"},{\"@type\":\"Organization\",\"@id\":\"https:\\\/\\\/www.dernier-rempart.fr\\\/wiki\\\/#organization\",\"name\":\"Dernier Rempart\",\"url\":\"https:\\\/\\\/www.dernier-rempart.fr\\\/wiki\\\/\",\"logo\":{\"@type\":\"ImageObject\",\"inLanguage\":\"fr-FR\",\"@id\":\"https:\\\/\\\/www.dernier-rempart.fr\\\/wiki\\\/#\\\/schema\\\/logo\\\/image\\\/\",\"url\":\"https:\\\/\\\/www.dernier-rempart.fr\\\/wiki\\\/wp-content\\\/uploads\\\/2020\\\/10\\\/banner_DR.png\",\"contentUrl\":\"https:\\\/\\\/www.dernier-rempart.fr\\\/wiki\\\/wp-content\\\/uploads\\\/2020\\\/10\\\/banner_DR.png\",\"width\":430,\"height\":160,\"caption\":\"Dernier Rempart\"},\"image\":{\"@id\":\"https:\\\/\\\/www.dernier-rempart.fr\\\/wiki\\\/#\\\/schema\\\/logo\\\/image\\\/\"}}]}<\/script>\n<!-- \/ Yoast SEO plugin. -->","yoast_head_json":{"title":"Lost Isle (Lost Isle) - Dernier Rempart, wiki","robots":{"index":"index","follow":"follow","max-snippet":"max-snippet:-1","max-image-preview":"max-image-preview:large","max-video-preview":"max-video-preview:-1"},"canonical":"https:\/\/www.dernier-rempart.fr\/wiki\/lost-isle-lost-isle\/","og_locale":"fr_FR","og_type":"article","og_title":"Lost Isle (Lost Isle) - Dernier Rempart, wiki","og_description":"Principe Il s\u2019agit d\u2019un donjon avec 3 salles, si vous \u00e9chouez dans une salle, vous pourrez la recommencer autant de fois que vous le voulez. R\u00e9compenses Ce donjon permet de r\u00e9cup\u00e9rer des coffres qui contiennent des \u00ab&nbsp;Ancients Equipements&nbsp;\u00bb chaque fois que vous terminer une salle. Chaque coffre contient un \u00e9quipement qui peut \u00eatre soit pr\u00e9vu &hellip; Continuer la lecture de &laquo;&nbsp;Lost Isle (Lost Isle)&nbsp;&raquo;","og_url":"https:\/\/www.dernier-rempart.fr\/wiki\/lost-isle-lost-isle\/","og_site_name":"Dernier Rempart, wiki","article_modified_time":"2022-03-28T05:42:43+00:00","og_image":[{"url":"https:\/\/1gamerdash.com\/wp-content\/uploads\/2022\/03\/ragnarok-mobile-lost-isle-guide.jpg?x54560","type":"","width":"","height":""}],"twitter_card":"summary_large_image","twitter_misc":{"Dur\u00e9e de lecture estim\u00e9e":"6 minutes"},"schema":{"@context":"https:\/\/schema.org","@graph":[{"@type":"WebPage","@id":"https:\/\/www.dernier-rempart.fr\/wiki\/lost-isle-lost-isle\/","url":"https:\/\/www.dernier-rempart.fr\/wiki\/lost-isle-lost-isle\/","name":"Lost Isle (Lost Isle) - Dernier Rempart, wiki","isPartOf":{"@id":"https:\/\/www.dernier-rempart.fr\/wiki\/#website"},"primaryImageOfPage":{"@id":"https:\/\/www.dernier-rempart.fr\/wiki\/lost-isle-lost-isle\/#primaryimage"},"image":{"@id":"https:\/\/www.dernier-rempart.fr\/wiki\/lost-isle-lost-isle\/#primaryimage"},"thumbnailUrl":"https:\/\/1gamerdash.com\/wp-content\/uploads\/2022\/03\/ragnarok-mobile-lost-isle-guide.jpg?x54560","datePublished":"2022-03-27T16:28:46+00:00","dateModified":"2022-03-28T05:42:43+00:00","breadcrumb":{"@id":"https:\/\/www.dernier-rempart.fr\/wiki\/lost-isle-lost-isle\/#breadcrumb"},"inLanguage":"fr-FR","potentialAction":[{"@type":"ReadAction","target":["https:\/\/www.dernier-rempart.fr\/wiki\/lost-isle-lost-isle\/"]}]},{"@type":"ImageObject","inLanguage":"fr-FR","@id":"https:\/\/www.dernier-rempart.fr\/wiki\/lost-isle-lost-isle\/#primaryimage","url":"https:\/\/1gamerdash.com\/wp-content\/uploads\/2022\/03\/ragnarok-mobile-lost-isle-guide.jpg?x54560","contentUrl":"https:\/\/1gamerdash.com\/wp-content\/uploads\/2022\/03\/ragnarok-mobile-lost-isle-guide.jpg?x54560"},{"@type":"BreadcrumbList","@id":"https:\/\/www.dernier-rempart.fr\/wiki\/lost-isle-lost-isle\/#breadcrumb","itemListElement":[{"@type":"ListItem","position":1,"name":"Accueil","item":"https:\/\/www.dernier-rempart.fr\/wiki\/"},{"@type":"ListItem","position":2,"name":"Lost Isle (Lost Isle)"}]},{"@type":"WebSite","@id":"https:\/\/www.dernier-rempart.fr\/wiki\/#website","url":"https:\/\/www.dernier-rempart.fr\/wiki\/","name":"Dernier Rempart, wiki","description":"","publisher":{"@id":"https:\/\/www.dernier-rempart.fr\/wiki\/#organization"},"potentialAction":[{"@type":"SearchAction","target":{"@type":"EntryPoint","urlTemplate":"https:\/\/www.dernier-rempart.fr\/wiki\/?s={search_term_string}"},"query-input":{"@type":"PropertyValueSpecification","valueRequired":true,"valueName":"search_term_string"}}],"inLanguage":"fr-FR"},{"@type":"Organization","@id":"https:\/\/www.dernier-rempart.fr\/wiki\/#organization","name":"Dernier Rempart","url":"https:\/\/www.dernier-rempart.fr\/wiki\/","logo":{"@type":"ImageObject","inLanguage":"fr-FR","@id":"https:\/\/www.dernier-rempart.fr\/wiki\/#\/schema\/logo\/image\/","url":"https:\/\/www.dernier-rempart.fr\/wiki\/wp-content\/uploads\/2020\/10\/banner_DR.png","contentUrl":"https:\/\/www.dernier-rempart.fr\/wiki\/wp-content\/uploads\/2020\/10\/banner_DR.png","width":430,"height":160,"caption":"Dernier Rempart"},"image":{"@id":"https:\/\/www.dernier-rempart.fr\/wiki\/#\/schema\/logo\/image\/"}}]}},"jetpack_sharing_enabled":true,"_links":{"self":[{"href":"https:\/\/www.dernier-rempart.fr\/wiki\/wp-json\/wp\/v2\/pages\/1397","targetHints":{"allow":["GET"]}}],"collection":[{"href":"https:\/\/www.dernier-rempart.fr\/wiki\/wp-json\/wp\/v2\/pages"}],"about":[{"href":"https:\/\/www.dernier-rempart.fr\/wiki\/wp-json\/wp\/v2\/types\/page"}],"author":[{"embeddable":true,"href":"https:\/\/www.dernier-rempart.fr\/wiki\/wp-json\/wp\/v2\/users\/8"}],"replies":[{"embeddable":true,"href":"https:\/\/www.dernier-rempart.fr\/wiki\/wp-json\/wp\/v2\/comments?post=1397"}],"version-history":[{"count":32,"href":"https:\/\/www.dernier-rempart.fr\/wiki\/wp-json\/wp\/v2\/pages\/1397\/revisions"}],"predecessor-version":[{"id":1464,"href":"https:\/\/www.dernier-rempart.fr\/wiki\/wp-json\/wp\/v2\/pages\/1397\/revisions\/1464"}],"wp:attachment":[{"href":"https:\/\/www.dernier-rempart.fr\/wiki\/wp-json\/wp\/v2\/media?parent=1397"}],"wp:term":[{"taxonomy":"category","embeddable":true,"href":"https:\/\/www.dernier-rempart.fr\/wiki\/wp-json\/wp\/v2\/categories?post=1397"},{"taxonomy":"post_tag","embeddable":true,"href":"https:\/\/www.dernier-rempart.fr\/wiki\/wp-json\/wp\/v2\/tags?post=1397"}],"curies":[{"name":"wp","href":"https:\/\/api.w.org\/{rel}","templated":true}]}}