{"id":1395,"date":"2022-03-27T18:26:45","date_gmt":"2022-03-27T16:26:45","guid":{"rendered":"https:\/\/www.dernier-rempart.fr\/wiki\/?page_id=1395"},"modified":"2022-03-27T18:44:55","modified_gmt":"2022-03-27T16:44:55","slug":"ponape-museum-museum","status":"publish","type":"page","link":"https:\/\/www.dernier-rempart.fr\/wiki\/ponape-museum-museum\/","title":{"rendered":"Ponape Museum (Museum)"},"content":{"rendered":"\n<figure class=\"wp-block-image\"><img decoding=\"async\" src=\"https:\/\/1gamerdash.com\/wp-content\/uploads\/2021\/08\/ragnarok-mobile-Ponape-Museum-Island-stage-1-800x450.jpg?x54560\" alt=\"\"\/><\/figure>\n\n\n\n<h1 class=\"wp-block-heading\">Principe<\/h1>\n\n\n\n<p>Il s\u2019agit d\u2019un donjon avec 3 salles, si vous \u00e9chouez dans une salle, vous pourrez la recommencer autant de fois que vous le voulez.<\/p>\n\n\n\n<h1 class=\"wp-block-heading\">R\u00e9compenses<\/h1>\n\n\n\n<p>Ce donjon permet de r\u00e9cup\u00e9rer des coffres qui contiennent des \u00ab\u00a0Ancients Equipements\u00a0\u00bb chaque fois que vous terminer une salle. Chaque coffre contient un \u00e9quipement qui peut \u00eatre soit pr\u00e9vu pour la classe, soit pour une autre. Si c&rsquo;est pour une autre classe, vous pouvez le convertir en pi\u00e8ce. Quand vous aurez assez de pi\u00e8ce vous pourrez r\u00e9cup\u00e9rer ceux qui vous int\u00e9ressent<\/p>\n\n\n\n<figure class=\"wp-block-image\"><img decoding=\"async\" src=\"https:\/\/romhandbook.com\/assets\/items\/item_6817-923c9a1b7a83fe0a89240a912eba4f979c0081e94ab9a6a980affde112ed353c.png\" alt=\"\"\/><\/figure>\n\n\n\n<h1 class=\"wp-block-heading\">Niveau requis:<\/h1>\n\n\n\n<p>Il y a 3 niveau, le plus int\u00e9ressant est le niveau brave. En \u00e9quipe il est assez facile.<\/p>\n\n\n\n<h1 class=\"wp-block-heading\">Comment d\u00e9bloquer ce donjon ?<\/h1>\n\n\n\n<p>A partir du niveau 120, vous pourrez entrer dans ce donjon.<\/p>\n\n\n\n<figure class=\"wp-block-image\"><img decoding=\"async\" src=\"https:\/\/1gamerdash.com\/wp-content\/uploads\/2021\/08\/ragnarok-mobile-ponape-museum-800x450.jpg?x54560\" alt=\"\"\/><\/figure>\n\n\n\n<h1 class=\"wp-block-heading\">Astuces et strat\u00e9gie ( niveau brave )<\/h1>\n\n\n\n<p><strong>Salle 1<br><\/strong>Evitez les cercles rouges<\/p>\n\n\n\n<p><strong>Salle 2<\/strong><br><meta charset=\"utf-8\">Evitez les carr\u00e9s rouges<\/p>\n\n\n\n<p><strong>Salle 3<\/strong><\/p>\n\n\n\n<p>Utilisez des cartes contre MVP Larges et demi humaine<br>Focus sur un MVP \u00e0 la fois<br>Focus en premier sur Nooka<\/p>\n\n\n\n<blockquote class=\"wp-block-quote is-layout-flow wp-block-quote-is-layout-flow\"><p><\/p><\/blockquote>\n","protected":false},"excerpt":{"rendered":"<p>Principe Il s\u2019agit d\u2019un donjon avec 3 salles, si vous \u00e9chouez dans une salle, vous pourrez la recommencer autant de fois que vous le voulez. R\u00e9compenses Ce donjon permet de r\u00e9cup\u00e9rer des coffres qui contiennent des \u00ab\u00a0Ancients Equipements\u00a0\u00bb chaque fois que vous terminer une salle. Chaque coffre contient un \u00e9quipement qui peut \u00eatre soit pr\u00e9vu &hellip; <\/p>\n<p class=\"link-more\"><a href=\"https:\/\/www.dernier-rempart.fr\/wiki\/ponape-museum-museum\/\" class=\"more-link\">Continuer la lecture<span class=\"screen-reader-text\"> de &laquo;&nbsp;Ponape Museum (Museum)&nbsp;&raquo;<\/span><\/a><\/p>\n","protected":false},"author":8,"featured_media":0,"parent":0,"menu_order":0,"comment_status":"closed","ping_status":"closed","template":"","meta":{"_acf_changed":false,"footnotes":""},"categories":[],"tags":[],"class_list":["post-1395","page","type-page","status-publish","hentry"],"acf":[],"yoast_head":"<!-- This site is optimized with the Yoast SEO plugin v27.4 - https:\/\/yoast.com\/product\/yoast-seo-wordpress\/ -->\n<title>Ponape Museum (Museum) - Dernier Rempart, wiki<\/title>\n<meta name=\"robots\" content=\"index, follow, max-snippet:-1, max-image-preview:large, max-video-preview:-1\" \/>\n<link rel=\"canonical\" href=\"https:\/\/www.dernier-rempart.fr\/wiki\/ponape-museum-museum\/\" \/>\n<meta property=\"og:locale\" content=\"fr_FR\" \/>\n<meta property=\"og:type\" content=\"article\" \/>\n<meta property=\"og:title\" content=\"Ponape Museum (Museum) - Dernier Rempart, wiki\" \/>\n<meta property=\"og:description\" content=\"Principe Il s\u2019agit d\u2019un donjon avec 3 salles, si vous \u00e9chouez dans une salle, vous pourrez la recommencer autant de fois que vous le voulez. R\u00e9compenses Ce donjon permet de r\u00e9cup\u00e9rer des coffres qui contiennent des \u00ab\u00a0Ancients Equipements\u00a0\u00bb chaque fois que vous terminer une salle. Chaque coffre contient un \u00e9quipement qui peut \u00eatre soit pr\u00e9vu &hellip; Continuer la lecture de &laquo;&nbsp;Ponape Museum (Museum)&nbsp;&raquo;\" \/>\n<meta property=\"og:url\" content=\"https:\/\/www.dernier-rempart.fr\/wiki\/ponape-museum-museum\/\" \/>\n<meta property=\"og:site_name\" content=\"Dernier Rempart, wiki\" \/>\n<meta property=\"article:modified_time\" content=\"2022-03-27T16:44:55+00:00\" \/>\n<meta property=\"og:image\" content=\"https:\/\/1gamerdash.com\/wp-content\/uploads\/2021\/08\/ragnarok-mobile-Ponape-Museum-Island-stage-1-800x450.jpg?x54560\" \/>\n<meta name=\"twitter:card\" content=\"summary_large_image\" \/>\n<meta name=\"twitter:label1\" content=\"Dur\u00e9e de lecture estim\u00e9e\" \/>\n\t<meta name=\"twitter:data1\" content=\"2 minutes\" \/>\n<script type=\"application\/ld+json\" class=\"yoast-schema-graph\">{\"@context\":\"https:\\\/\\\/schema.org\",\"@graph\":[{\"@type\":\"WebPage\",\"@id\":\"https:\\\/\\\/www.dernier-rempart.fr\\\/wiki\\\/ponape-museum-museum\\\/\",\"url\":\"https:\\\/\\\/www.dernier-rempart.fr\\\/wiki\\\/ponape-museum-museum\\\/\",\"name\":\"Ponape Museum (Museum) - Dernier Rempart, wiki\",\"isPartOf\":{\"@id\":\"https:\\\/\\\/www.dernier-rempart.fr\\\/wiki\\\/#website\"},\"primaryImageOfPage\":{\"@id\":\"https:\\\/\\\/www.dernier-rempart.fr\\\/wiki\\\/ponape-museum-museum\\\/#primaryimage\"},\"image\":{\"@id\":\"https:\\\/\\\/www.dernier-rempart.fr\\\/wiki\\\/ponape-museum-museum\\\/#primaryimage\"},\"thumbnailUrl\":\"https:\\\/\\\/1gamerdash.com\\\/wp-content\\\/uploads\\\/2021\\\/08\\\/ragnarok-mobile-Ponape-Museum-Island-stage-1-800x450.jpg?x54560\",\"datePublished\":\"2022-03-27T16:26:45+00:00\",\"dateModified\":\"2022-03-27T16:44:55+00:00\",\"breadcrumb\":{\"@id\":\"https:\\\/\\\/www.dernier-rempart.fr\\\/wiki\\\/ponape-museum-museum\\\/#breadcrumb\"},\"inLanguage\":\"fr-FR\",\"potentialAction\":[{\"@type\":\"ReadAction\",\"target\":[\"https:\\\/\\\/www.dernier-rempart.fr\\\/wiki\\\/ponape-museum-museum\\\/\"]}]},{\"@type\":\"ImageObject\",\"inLanguage\":\"fr-FR\",\"@id\":\"https:\\\/\\\/www.dernier-rempart.fr\\\/wiki\\\/ponape-museum-museum\\\/#primaryimage\",\"url\":\"https:\\\/\\\/1gamerdash.com\\\/wp-content\\\/uploads\\\/2021\\\/08\\\/ragnarok-mobile-Ponape-Museum-Island-stage-1-800x450.jpg?x54560\",\"contentUrl\":\"https:\\\/\\\/1gamerdash.com\\\/wp-content\\\/uploads\\\/2021\\\/08\\\/ragnarok-mobile-Ponape-Museum-Island-stage-1-800x450.jpg?x54560\"},{\"@type\":\"BreadcrumbList\",\"@id\":\"https:\\\/\\\/www.dernier-rempart.fr\\\/wiki\\\/ponape-museum-museum\\\/#breadcrumb\",\"itemListElement\":[{\"@type\":\"ListItem\",\"position\":1,\"name\":\"Accueil\",\"item\":\"https:\\\/\\\/www.dernier-rempart.fr\\\/wiki\\\/\"},{\"@type\":\"ListItem\",\"position\":2,\"name\":\"Ponape Museum (Museum)\"}]},{\"@type\":\"WebSite\",\"@id\":\"https:\\\/\\\/www.dernier-rempart.fr\\\/wiki\\\/#website\",\"url\":\"https:\\\/\\\/www.dernier-rempart.fr\\\/wiki\\\/\",\"name\":\"Dernier Rempart, wiki\",\"description\":\"\",\"publisher\":{\"@id\":\"https:\\\/\\\/www.dernier-rempart.fr\\\/wiki\\\/#organization\"},\"potentialAction\":[{\"@type\":\"SearchAction\",\"target\":{\"@type\":\"EntryPoint\",\"urlTemplate\":\"https:\\\/\\\/www.dernier-rempart.fr\\\/wiki\\\/?s={search_term_string}\"},\"query-input\":{\"@type\":\"PropertyValueSpecification\",\"valueRequired\":true,\"valueName\":\"search_term_string\"}}],\"inLanguage\":\"fr-FR\"},{\"@type\":\"Organization\",\"@id\":\"https:\\\/\\\/www.dernier-rempart.fr\\\/wiki\\\/#organization\",\"name\":\"Dernier Rempart\",\"url\":\"https:\\\/\\\/www.dernier-rempart.fr\\\/wiki\\\/\",\"logo\":{\"@type\":\"ImageObject\",\"inLanguage\":\"fr-FR\",\"@id\":\"https:\\\/\\\/www.dernier-rempart.fr\\\/wiki\\\/#\\\/schema\\\/logo\\\/image\\\/\",\"url\":\"https:\\\/\\\/www.dernier-rempart.fr\\\/wiki\\\/wp-content\\\/uploads\\\/2020\\\/10\\\/banner_DR.png\",\"contentUrl\":\"https:\\\/\\\/www.dernier-rempart.fr\\\/wiki\\\/wp-content\\\/uploads\\\/2020\\\/10\\\/banner_DR.png\",\"width\":430,\"height\":160,\"caption\":\"Dernier Rempart\"},\"image\":{\"@id\":\"https:\\\/\\\/www.dernier-rempart.fr\\\/wiki\\\/#\\\/schema\\\/logo\\\/image\\\/\"}}]}<\/script>\n<!-- \/ Yoast SEO plugin. -->","yoast_head_json":{"title":"Ponape Museum (Museum) - Dernier Rempart, wiki","robots":{"index":"index","follow":"follow","max-snippet":"max-snippet:-1","max-image-preview":"max-image-preview:large","max-video-preview":"max-video-preview:-1"},"canonical":"https:\/\/www.dernier-rempart.fr\/wiki\/ponape-museum-museum\/","og_locale":"fr_FR","og_type":"article","og_title":"Ponape Museum (Museum) - Dernier Rempart, wiki","og_description":"Principe Il s\u2019agit d\u2019un donjon avec 3 salles, si vous \u00e9chouez dans une salle, vous pourrez la recommencer autant de fois que vous le voulez. R\u00e9compenses Ce donjon permet de r\u00e9cup\u00e9rer des coffres qui contiennent des \u00ab\u00a0Ancients Equipements\u00a0\u00bb chaque fois que vous terminer une salle. Chaque coffre contient un \u00e9quipement qui peut \u00eatre soit pr\u00e9vu &hellip; Continuer la lecture de &laquo;&nbsp;Ponape Museum (Museum)&nbsp;&raquo;","og_url":"https:\/\/www.dernier-rempart.fr\/wiki\/ponape-museum-museum\/","og_site_name":"Dernier Rempart, wiki","article_modified_time":"2022-03-27T16:44:55+00:00","og_image":[{"url":"https:\/\/1gamerdash.com\/wp-content\/uploads\/2021\/08\/ragnarok-mobile-Ponape-Museum-Island-stage-1-800x450.jpg?x54560","type":"","width":"","height":""}],"twitter_card":"summary_large_image","twitter_misc":{"Dur\u00e9e de lecture estim\u00e9e":"2 minutes"},"schema":{"@context":"https:\/\/schema.org","@graph":[{"@type":"WebPage","@id":"https:\/\/www.dernier-rempart.fr\/wiki\/ponape-museum-museum\/","url":"https:\/\/www.dernier-rempart.fr\/wiki\/ponape-museum-museum\/","name":"Ponape Museum (Museum) - Dernier Rempart, wiki","isPartOf":{"@id":"https:\/\/www.dernier-rempart.fr\/wiki\/#website"},"primaryImageOfPage":{"@id":"https:\/\/www.dernier-rempart.fr\/wiki\/ponape-museum-museum\/#primaryimage"},"image":{"@id":"https:\/\/www.dernier-rempart.fr\/wiki\/ponape-museum-museum\/#primaryimage"},"thumbnailUrl":"https:\/\/1gamerdash.com\/wp-content\/uploads\/2021\/08\/ragnarok-mobile-Ponape-Museum-Island-stage-1-800x450.jpg?x54560","datePublished":"2022-03-27T16:26:45+00:00","dateModified":"2022-03-27T16:44:55+00:00","breadcrumb":{"@id":"https:\/\/www.dernier-rempart.fr\/wiki\/ponape-museum-museum\/#breadcrumb"},"inLanguage":"fr-FR","potentialAction":[{"@type":"ReadAction","target":["https:\/\/www.dernier-rempart.fr\/wiki\/ponape-museum-museum\/"]}]},{"@type":"ImageObject","inLanguage":"fr-FR","@id":"https:\/\/www.dernier-rempart.fr\/wiki\/ponape-museum-museum\/#primaryimage","url":"https:\/\/1gamerdash.com\/wp-content\/uploads\/2021\/08\/ragnarok-mobile-Ponape-Museum-Island-stage-1-800x450.jpg?x54560","contentUrl":"https:\/\/1gamerdash.com\/wp-content\/uploads\/2021\/08\/ragnarok-mobile-Ponape-Museum-Island-stage-1-800x450.jpg?x54560"},{"@type":"BreadcrumbList","@id":"https:\/\/www.dernier-rempart.fr\/wiki\/ponape-museum-museum\/#breadcrumb","itemListElement":[{"@type":"ListItem","position":1,"name":"Accueil","item":"https:\/\/www.dernier-rempart.fr\/wiki\/"},{"@type":"ListItem","position":2,"name":"Ponape Museum (Museum)"}]},{"@type":"WebSite","@id":"https:\/\/www.dernier-rempart.fr\/wiki\/#website","url":"https:\/\/www.dernier-rempart.fr\/wiki\/","name":"Dernier Rempart, wiki","description":"","publisher":{"@id":"https:\/\/www.dernier-rempart.fr\/wiki\/#organization"},"potentialAction":[{"@type":"SearchAction","target":{"@type":"EntryPoint","urlTemplate":"https:\/\/www.dernier-rempart.fr\/wiki\/?s={search_term_string}"},"query-input":{"@type":"PropertyValueSpecification","valueRequired":true,"valueName":"search_term_string"}}],"inLanguage":"fr-FR"},{"@type":"Organization","@id":"https:\/\/www.dernier-rempart.fr\/wiki\/#organization","name":"Dernier Rempart","url":"https:\/\/www.dernier-rempart.fr\/wiki\/","logo":{"@type":"ImageObject","inLanguage":"fr-FR","@id":"https:\/\/www.dernier-rempart.fr\/wiki\/#\/schema\/logo\/image\/","url":"https:\/\/www.dernier-rempart.fr\/wiki\/wp-content\/uploads\/2020\/10\/banner_DR.png","contentUrl":"https:\/\/www.dernier-rempart.fr\/wiki\/wp-content\/uploads\/2020\/10\/banner_DR.png","width":430,"height":160,"caption":"Dernier Rempart"},"image":{"@id":"https:\/\/www.dernier-rempart.fr\/wiki\/#\/schema\/logo\/image\/"}}]}},"jetpack_sharing_enabled":true,"_links":{"self":[{"href":"https:\/\/www.dernier-rempart.fr\/wiki\/wp-json\/wp\/v2\/pages\/1395","targetHints":{"allow":["GET"]}}],"collection":[{"href":"https:\/\/www.dernier-rempart.fr\/wiki\/wp-json\/wp\/v2\/pages"}],"about":[{"href":"https:\/\/www.dernier-rempart.fr\/wiki\/wp-json\/wp\/v2\/types\/page"}],"author":[{"embeddable":true,"href":"https:\/\/www.dernier-rempart.fr\/wiki\/wp-json\/wp\/v2\/users\/8"}],"replies":[{"embeddable":true,"href":"https:\/\/www.dernier-rempart.fr\/wiki\/wp-json\/wp\/v2\/comments?post=1395"}],"version-history":[{"count":5,"href":"https:\/\/www.dernier-rempart.fr\/wiki\/wp-json\/wp\/v2\/pages\/1395\/revisions"}],"predecessor-version":[{"id":1409,"href":"https:\/\/www.dernier-rempart.fr\/wiki\/wp-json\/wp\/v2\/pages\/1395\/revisions\/1409"}],"wp:attachment":[{"href":"https:\/\/www.dernier-rempart.fr\/wiki\/wp-json\/wp\/v2\/media?parent=1395"}],"wp:term":[{"taxonomy":"category","embeddable":true,"href":"https:\/\/www.dernier-rempart.fr\/wiki\/wp-json\/wp\/v2\/categories?post=1395"},{"taxonomy":"post_tag","embeddable":true,"href":"https:\/\/www.dernier-rempart.fr\/wiki\/wp-json\/wp\/v2\/tags?post=1395"}],"curies":[{"name":"wp","href":"https:\/\/api.w.org\/{rel}","templated":true}]}}