{"id":1153,"date":"2021-08-23T06:55:13","date_gmt":"2021-08-23T04:55:13","guid":{"rendered":"https:\/\/www.dernier-rempart.fr\/wiki\/?page_id=1153"},"modified":"2023-08-13T20:02:54","modified_gmt":"2023-08-13T18:02:54","slug":"abreviations","status":"publish","type":"page","link":"https:\/\/www.dernier-rempart.fr\/wiki\/abreviations\/","title":{"rendered":"Abr\u00e9viations"},"content":{"rendered":"\n<h1 class=\"wp-block-heading\">Donjons<\/h1>\n\n\n\n<p><strong>ET<\/strong> &#8211; Endless Tower (Dispo depuis Izlude, parler au marin, choisir \u00ab\u00a0Go To Endless Tower\u00a0\u00bb puis int\u00e9ragir avec l&rsquo;ob\u00e9lisque au nord-est de la carte )<br><strong>VR<\/strong> &#8211; Valhalla Ruins (Dispo depuis la guilde, aller dans la seconde salle \u00e0 gauche, int\u00e9ragir avec la porte)<br><strong>Ora<\/strong> &#8211; Oracle (Dispo depuis prontera, \u00e0 gauche du haut de l&rsquo;escalier central)<br><strong>Rev<\/strong> &#8211; Revenant (Purgatory) (Dispo depuis Niflheim, parler \u00e0 \u00ab\u00a0Mors\u00a0\u00bb au sud-est de la place principale, sous le PNJ \u00ab\u00a0Amazing Toys\u00a0\u00bb)<br><strong>TT<\/strong> &#8211; Thanatos Tower (Dispo depuis Yuno, parler \u00e0 l&rsquo;homme dans le dirigeable \u00e0 l&rsquo;est de la ville, apr\u00e8s \u00eatre arriv\u00e9 sur la nouvelle carte, parler au PNJ tout au nord de la map)<br><strong>TTL<\/strong> &#8211; Thanatos Tower Legend. Le dernier niveau de difficult\u00e9 de Thanatos qui s&rsquo;appel maintenant Epic Spirit. Peut aussi \u00eatre utilis\u00e9 pour les autres instances, comme MuseumL et IsleL.<br><strong>BoC<\/strong> &#8211; Battle of Cake (Dispo depuis Izlude, parler au doram sous la place centrale)<br><strong>EC<\/strong> &#8211; Echoing Corridor (Dispo depuis prontera, \u00e0 doite du haut de l&rsquo;escalier central)<br><\/p>\n\n\n\n<h1 class=\"wp-block-heading\">Classes<\/h1>\n\n\n\n<p>RM (RK) &#8211; Runemaster (Knight)<br>DA (RG) &#8211; Divine Avenger (Crusader)<br>AM (WL) &#8211; Arcane Master (Mage)<br>CM &#8211; Chronomancer (Sage)<br>SH &#8211; Stellar Hunter (Hunter)<br>AB &#8211; Archbishop (Priest)<br>DF &#8211; Dragon Fist (Monk)<br>LB &#8211; Lightbringer (Blacksmith)<br>NoGu (SuNo) &#8211; Novice Guardian (Advanced Novice)<\/p>\n\n\n\n<h2 class=\"wp-block-heading\">Skills<\/h2>\n\n\n\n<p>EF &#8211; Earth Field (Skill de Sage, retire les AoE et les pi\u00e8ges et emp\u00eache d&rsquo;en poser de nouveaux) <br>LA &#8211; Lord&rsquo;s Aura (Skill de Lord Knight, augmente les DMG de toute la team<\/p>\n\n\n\n<h2 class=\"wp-block-heading\">G\u00e9n\u00e9ral :<\/h2>\n\n\n\n<p>CT &#8211; Cast Time <br>FCT &#8211;  Cast Time <br>CD &#8211; Cast Delay(edited)<\/p>\n\n\n\n<h2 class=\"wp-block-heading\">Joueur Contre Joueur:<\/h2>\n\n\n\n<p>6v6 &#8211; \u00c9v\u00e8nement joueur contre joueur ayant lieux r\u00e9guli\u00e8rement le Samedi Soir<br>12v12 &#8211; Un autre \u00e9v\u00e8nement PvP qui existe en deux modes, entrainement et tournoi. Le tournoi n&rsquo;est ouvert que aux champions du 6v6.<br>WoE &#8211; <a href=\"https:\/\/www.dernier-rempart.fr\/wiki\/war-of-emperium-woe\/\">War of Emperium<\/a><br>WoC &#8211; <a href=\"https:\/\/www.dernier-rempart.fr\/wiki\/la-woc\/\">War Of Crystal<\/a><\/p>\n\n\n\n<p><\/p>\n\n\n\n<p><\/p>\n\n\n\n<p><\/p>\n","protected":false},"excerpt":{"rendered":"<p>Donjons ET &#8211; Endless Tower (Dispo depuis Izlude, parler au marin, choisir \u00ab\u00a0Go To Endless Tower\u00a0\u00bb puis int\u00e9ragir avec l&rsquo;ob\u00e9lisque au nord-est de la carte )VR &#8211; Valhalla Ruins (Dispo depuis la guilde, aller dans la seconde salle \u00e0 gauche, int\u00e9ragir avec la porte)Ora &#8211; Oracle (Dispo depuis prontera, \u00e0 gauche du haut de l&rsquo;escalier &hellip; <\/p>\n<p class=\"link-more\"><a href=\"https:\/\/www.dernier-rempart.fr\/wiki\/abreviations\/\" class=\"more-link\">Continuer la lecture<span class=\"screen-reader-text\"> de &laquo;&nbsp;Abr\u00e9viations&nbsp;&raquo;<\/span><\/a><\/p>\n","protected":false},"author":8,"featured_media":0,"parent":0,"menu_order":0,"comment_status":"closed","ping_status":"closed","template":"","meta":{"_acf_changed":false,"footnotes":""},"categories":[],"tags":[],"class_list":["post-1153","page","type-page","status-publish","hentry"],"acf":[],"yoast_head":"<!-- This site is optimized with the Yoast SEO plugin v27.4 - https:\/\/yoast.com\/product\/yoast-seo-wordpress\/ -->\n<title>Abr\u00e9viations - Dernier Rempart, wiki<\/title>\n<meta name=\"robots\" content=\"index, follow, max-snippet:-1, max-image-preview:large, max-video-preview:-1\" \/>\n<link rel=\"canonical\" href=\"https:\/\/www.dernier-rempart.fr\/wiki\/abreviations\/\" \/>\n<meta property=\"og:locale\" content=\"fr_FR\" \/>\n<meta property=\"og:type\" content=\"article\" \/>\n<meta property=\"og:title\" content=\"Abr\u00e9viations - Dernier Rempart, wiki\" \/>\n<meta property=\"og:description\" content=\"Donjons ET &#8211; Endless Tower (Dispo depuis Izlude, parler au marin, choisir \u00ab\u00a0Go To Endless Tower\u00a0\u00bb puis int\u00e9ragir avec l&rsquo;ob\u00e9lisque au nord-est de la carte )VR &#8211; Valhalla Ruins (Dispo depuis la guilde, aller dans la seconde salle \u00e0 gauche, int\u00e9ragir avec la porte)Ora &#8211; Oracle (Dispo depuis prontera, \u00e0 gauche du haut de l&rsquo;escalier &hellip; Continuer la lecture de &laquo;&nbsp;Abr\u00e9viations&nbsp;&raquo;\" \/>\n<meta property=\"og:url\" content=\"https:\/\/www.dernier-rempart.fr\/wiki\/abreviations\/\" \/>\n<meta property=\"og:site_name\" content=\"Dernier Rempart, wiki\" \/>\n<meta property=\"article:modified_time\" content=\"2023-08-13T18:02:54+00:00\" \/>\n<meta name=\"twitter:card\" content=\"summary_large_image\" \/>\n<meta name=\"twitter:label1\" content=\"Dur\u00e9e de lecture estim\u00e9e\" \/>\n\t<meta name=\"twitter:data1\" content=\"2 minutes\" \/>\n<script type=\"application\/ld+json\" class=\"yoast-schema-graph\">{\"@context\":\"https:\\\/\\\/schema.org\",\"@graph\":[{\"@type\":\"WebPage\",\"@id\":\"https:\\\/\\\/www.dernier-rempart.fr\\\/wiki\\\/abreviations\\\/\",\"url\":\"https:\\\/\\\/www.dernier-rempart.fr\\\/wiki\\\/abreviations\\\/\",\"name\":\"Abr\u00e9viations - Dernier Rempart, wiki\",\"isPartOf\":{\"@id\":\"https:\\\/\\\/www.dernier-rempart.fr\\\/wiki\\\/#website\"},\"datePublished\":\"2021-08-23T04:55:13+00:00\",\"dateModified\":\"2023-08-13T18:02:54+00:00\",\"breadcrumb\":{\"@id\":\"https:\\\/\\\/www.dernier-rempart.fr\\\/wiki\\\/abreviations\\\/#breadcrumb\"},\"inLanguage\":\"fr-FR\",\"potentialAction\":[{\"@type\":\"ReadAction\",\"target\":[\"https:\\\/\\\/www.dernier-rempart.fr\\\/wiki\\\/abreviations\\\/\"]}]},{\"@type\":\"BreadcrumbList\",\"@id\":\"https:\\\/\\\/www.dernier-rempart.fr\\\/wiki\\\/abreviations\\\/#breadcrumb\",\"itemListElement\":[{\"@type\":\"ListItem\",\"position\":1,\"name\":\"Accueil\",\"item\":\"https:\\\/\\\/www.dernier-rempart.fr\\\/wiki\\\/\"},{\"@type\":\"ListItem\",\"position\":2,\"name\":\"Abr\u00e9viations\"}]},{\"@type\":\"WebSite\",\"@id\":\"https:\\\/\\\/www.dernier-rempart.fr\\\/wiki\\\/#website\",\"url\":\"https:\\\/\\\/www.dernier-rempart.fr\\\/wiki\\\/\",\"name\":\"Dernier Rempart, wiki\",\"description\":\"\",\"publisher\":{\"@id\":\"https:\\\/\\\/www.dernier-rempart.fr\\\/wiki\\\/#organization\"},\"potentialAction\":[{\"@type\":\"SearchAction\",\"target\":{\"@type\":\"EntryPoint\",\"urlTemplate\":\"https:\\\/\\\/www.dernier-rempart.fr\\\/wiki\\\/?s={search_term_string}\"},\"query-input\":{\"@type\":\"PropertyValueSpecification\",\"valueRequired\":true,\"valueName\":\"search_term_string\"}}],\"inLanguage\":\"fr-FR\"},{\"@type\":\"Organization\",\"@id\":\"https:\\\/\\\/www.dernier-rempart.fr\\\/wiki\\\/#organization\",\"name\":\"Dernier Rempart\",\"url\":\"https:\\\/\\\/www.dernier-rempart.fr\\\/wiki\\\/\",\"logo\":{\"@type\":\"ImageObject\",\"inLanguage\":\"fr-FR\",\"@id\":\"https:\\\/\\\/www.dernier-rempart.fr\\\/wiki\\\/#\\\/schema\\\/logo\\\/image\\\/\",\"url\":\"https:\\\/\\\/www.dernier-rempart.fr\\\/wiki\\\/wp-content\\\/uploads\\\/2020\\\/10\\\/banner_DR.png\",\"contentUrl\":\"https:\\\/\\\/www.dernier-rempart.fr\\\/wiki\\\/wp-content\\\/uploads\\\/2020\\\/10\\\/banner_DR.png\",\"width\":430,\"height\":160,\"caption\":\"Dernier Rempart\"},\"image\":{\"@id\":\"https:\\\/\\\/www.dernier-rempart.fr\\\/wiki\\\/#\\\/schema\\\/logo\\\/image\\\/\"}}]}<\/script>\n<!-- \/ Yoast SEO plugin. -->","yoast_head_json":{"title":"Abr\u00e9viations - Dernier Rempart, wiki","robots":{"index":"index","follow":"follow","max-snippet":"max-snippet:-1","max-image-preview":"max-image-preview:large","max-video-preview":"max-video-preview:-1"},"canonical":"https:\/\/www.dernier-rempart.fr\/wiki\/abreviations\/","og_locale":"fr_FR","og_type":"article","og_title":"Abr\u00e9viations - Dernier Rempart, wiki","og_description":"Donjons ET &#8211; Endless Tower (Dispo depuis Izlude, parler au marin, choisir \u00ab\u00a0Go To Endless Tower\u00a0\u00bb puis int\u00e9ragir avec l&rsquo;ob\u00e9lisque au nord-est de la carte )VR &#8211; Valhalla Ruins (Dispo depuis la guilde, aller dans la seconde salle \u00e0 gauche, int\u00e9ragir avec la porte)Ora &#8211; Oracle (Dispo depuis prontera, \u00e0 gauche du haut de l&rsquo;escalier &hellip; Continuer la lecture de &laquo;&nbsp;Abr\u00e9viations&nbsp;&raquo;","og_url":"https:\/\/www.dernier-rempart.fr\/wiki\/abreviations\/","og_site_name":"Dernier Rempart, wiki","article_modified_time":"2023-08-13T18:02:54+00:00","twitter_card":"summary_large_image","twitter_misc":{"Dur\u00e9e de lecture estim\u00e9e":"2 minutes"},"schema":{"@context":"https:\/\/schema.org","@graph":[{"@type":"WebPage","@id":"https:\/\/www.dernier-rempart.fr\/wiki\/abreviations\/","url":"https:\/\/www.dernier-rempart.fr\/wiki\/abreviations\/","name":"Abr\u00e9viations - Dernier Rempart, wiki","isPartOf":{"@id":"https:\/\/www.dernier-rempart.fr\/wiki\/#website"},"datePublished":"2021-08-23T04:55:13+00:00","dateModified":"2023-08-13T18:02:54+00:00","breadcrumb":{"@id":"https:\/\/www.dernier-rempart.fr\/wiki\/abreviations\/#breadcrumb"},"inLanguage":"fr-FR","potentialAction":[{"@type":"ReadAction","target":["https:\/\/www.dernier-rempart.fr\/wiki\/abreviations\/"]}]},{"@type":"BreadcrumbList","@id":"https:\/\/www.dernier-rempart.fr\/wiki\/abreviations\/#breadcrumb","itemListElement":[{"@type":"ListItem","position":1,"name":"Accueil","item":"https:\/\/www.dernier-rempart.fr\/wiki\/"},{"@type":"ListItem","position":2,"name":"Abr\u00e9viations"}]},{"@type":"WebSite","@id":"https:\/\/www.dernier-rempart.fr\/wiki\/#website","url":"https:\/\/www.dernier-rempart.fr\/wiki\/","name":"Dernier Rempart, wiki","description":"","publisher":{"@id":"https:\/\/www.dernier-rempart.fr\/wiki\/#organization"},"potentialAction":[{"@type":"SearchAction","target":{"@type":"EntryPoint","urlTemplate":"https:\/\/www.dernier-rempart.fr\/wiki\/?s={search_term_string}"},"query-input":{"@type":"PropertyValueSpecification","valueRequired":true,"valueName":"search_term_string"}}],"inLanguage":"fr-FR"},{"@type":"Organization","@id":"https:\/\/www.dernier-rempart.fr\/wiki\/#organization","name":"Dernier Rempart","url":"https:\/\/www.dernier-rempart.fr\/wiki\/","logo":{"@type":"ImageObject","inLanguage":"fr-FR","@id":"https:\/\/www.dernier-rempart.fr\/wiki\/#\/schema\/logo\/image\/","url":"https:\/\/www.dernier-rempart.fr\/wiki\/wp-content\/uploads\/2020\/10\/banner_DR.png","contentUrl":"https:\/\/www.dernier-rempart.fr\/wiki\/wp-content\/uploads\/2020\/10\/banner_DR.png","width":430,"height":160,"caption":"Dernier Rempart"},"image":{"@id":"https:\/\/www.dernier-rempart.fr\/wiki\/#\/schema\/logo\/image\/"}}]}},"jetpack_sharing_enabled":true,"_links":{"self":[{"href":"https:\/\/www.dernier-rempart.fr\/wiki\/wp-json\/wp\/v2\/pages\/1153","targetHints":{"allow":["GET"]}}],"collection":[{"href":"https:\/\/www.dernier-rempart.fr\/wiki\/wp-json\/wp\/v2\/pages"}],"about":[{"href":"https:\/\/www.dernier-rempart.fr\/wiki\/wp-json\/wp\/v2\/types\/page"}],"author":[{"embeddable":true,"href":"https:\/\/www.dernier-rempart.fr\/wiki\/wp-json\/wp\/v2\/users\/8"}],"replies":[{"embeddable":true,"href":"https:\/\/www.dernier-rempart.fr\/wiki\/wp-json\/wp\/v2\/comments?post=1153"}],"version-history":[{"count":6,"href":"https:\/\/www.dernier-rempart.fr\/wiki\/wp-json\/wp\/v2\/pages\/1153\/revisions"}],"predecessor-version":[{"id":1786,"href":"https:\/\/www.dernier-rempart.fr\/wiki\/wp-json\/wp\/v2\/pages\/1153\/revisions\/1786"}],"wp:attachment":[{"href":"https:\/\/www.dernier-rempart.fr\/wiki\/wp-json\/wp\/v2\/media?parent=1153"}],"wp:term":[{"taxonomy":"category","embeddable":true,"href":"https:\/\/www.dernier-rempart.fr\/wiki\/wp-json\/wp\/v2\/categories?post=1153"},{"taxonomy":"post_tag","embeddable":true,"href":"https:\/\/www.dernier-rempart.fr\/wiki\/wp-json\/wp\/v2\/tags?post=1153"}],"curies":[{"name":"wp","href":"https:\/\/api.w.org\/{rel}","templated":true}]}}