{"id":1065,"date":"2021-04-23T07:01:53","date_gmt":"2021-04-23T05:01:53","guid":{"rendered":"https:\/\/www.dernier-rempart.fr\/wiki\/?page_id=1065"},"modified":"2023-04-26T17:30:36","modified_gmt":"2023-04-26T15:30:36","slug":"echoing-corridor-ec","status":"publish","type":"page","link":"https:\/\/www.dernier-rempart.fr\/wiki\/echoing-corridor-ec\/","title":{"rendered":"Echoing Corridor (EC)"},"content":{"rendered":"\n<p><img loading=\"lazy\" decoding=\"async\" src=\"https:\/\/lh5.googleusercontent.com\/i1fIxIXCY524B22FMU-N6DNPgPT0R1aExMQ4n5__-xe01f0Jrlr9Sr5lbYlAHRisv4I9pfpSIpCdOxe7PEm5KC0LvtKGfQXTpnnoiSW16sJZedE6FjDmoIPmHDseGIcOkYLRNqNl\" width=\"602\" height=\"339\"><\/p>\n\n\n\n<h1 class=\"wp-block-heading\">Principe<\/h1>\n\n\n\n<p>Vous avez 2 objectifs:<\/p>\n\n\n\n<ol class=\"wp-block-list\">\n<li>Nettoyer au moins une fois dans votre vie (par compte) tous les \u00e9tages (60 compris)<\/li>\n\n\n\n<li>Nettoyer de mani\u00e8re hebdomadaire (en cochant weekly rewards) les 10 \u00e9tages les plus hauts que vous pensez pouvoir clear. (NB: Vous devez refaire les 10 \u00e9tages compl\u00e8tement et la reward weekly n\u2019est pas dispo sur les \u00e9tages que vous venez de clear pour la premi\u00e8re fois de votre vie sur la semaine en cours)<\/li>\n<\/ol>\n\n\n\n<p>Vous avez la possibilit\u00e9 de jouer en solo ou en \u00e9quipe de 6 et de conserver des sauvegardes de votre progression hebdomadaires pour ces deux modes de jeu.\u00a0<\/p>\n\n\n\n<p>Les sauvegardes sont supprim\u00e9es lors du reset du lundi matin.<\/p>\n\n\n\n<h1 class=\"wp-block-heading\">R\u00e9compenses<\/h1>\n\n\n\n<p>Les r\u00e9compenses de premi\u00e8res fois ainsi que les r\u00e9compenses hebdomadaires (2e onglet) sont list\u00e9es ici : <\/p>\n\n\n\n<p><a href=\"https:\/\/docs.google.com\/spreadsheets\/u\/0\/d\/1JFcM5LT3W70qh0g91O9d_3J27dvaShHH5xbNN0KsSCc\/htmlview#\">https:\/\/docs.google.com\/spreadsheets\/u\/0\/d\/1JFcM5LT3W70qh0g91O9d_3J27dvaShHH5xbNN0KsSCc\/htmlview#<\/a><\/p>\n\n\n\n<p>En hebdomadaire ou en premi\u00e8re fois, vous obtenez des Brave&rsquo;s Holy Emblem<\/p>\n\n\n\n<p class=\"has-text-align-center\"><img loading=\"lazy\" decoding=\"async\" src=\"https:\/\/lh6.googleusercontent.com\/IorAwTPJ7mE9aJKppLJo8T4UyC3-3ISYDIbay37UR_Gr_3Hvcbt_B3aFN0dqzmDX2wLm_klpNDeJwQe-s2fPgR5-J1mMxzSTm87aTOfGs3cvgFvWDEB_6jiO-3mcWiOihpEkIAPY\" width=\"59\" height=\"59\"><\/p>\n\n\n\n<p>Vous pouvez acheter des items int\u00e9ressants:<\/p>\n\n\n\n<p><img loading=\"lazy\" decoding=\"async\" src=\"https:\/\/lh3.googleusercontent.com\/WPDAmdL5c-qrPT4m2zJH92FE2WbxzSIpp8cXPNHdbw9XhKedSaad40Qf1lWDnYmg3zBb3FFlUzD1YG0qsH1rTWj3EoQyzWcFojim2gs3uugMpGkv3kUCRakJq6GjiCijPl8wA6JO\" width=\"602\" height=\"339\"><\/p>\n\n\n\n<p>Et surtout : les Origin Book a 280 embl\u00e8mes qui permettent de d\u00e9bloquer le dernier niveau des skills job 4.<\/p>\n\n\n\n<h1 class=\"wp-block-heading\">Niveau requis:<\/h1>\n\n\n\n<p>Il est tr\u00e8s difficile, ayez une \u00e9quipe solide et beaucoup de temps. Il est possible de le solo avec une technique d\u00e9crite en astuce.<\/p>\n\n\n\n<h1 class=\"wp-block-heading\">Description des niveaux:<\/h1>\n\n\n\n<p><img loading=\"lazy\" decoding=\"async\" src=\"https:\/\/lh6.googleusercontent.com\/_ZNjbs9E-Q71kF03MXFvaV2UJ2JvoWVlFs5FA9mcfXjQCRXvUgMoWGME6cIesPxggEWObIWZsk1Tr3An5s_Vk86HymyvgPQd1RjxbBHM90S1bmolxwSB8hOa5fKc69vwwJ8dLIhz\" width=\"602\" height=\"339\"><\/p>\n\n\n\n<p>Chaque \u00e9tage du corridor contient 9 salles :<\/p>\n\n\n\n<ol class=\"wp-block-list\">\n<li>La salle de d\u00e9part &#8211; l\u00e0 il est conseill\u00e9 de faire une sauvegarde \u00e0 chaque \u00e9tage<\/li>\n\n\n\n<li>Deux salles MVP<\/li>\n\n\n\n<li>Deux salles de monstres<\/li>\n\n\n\n<li>Une salle boutique, qui consomme des pi\u00e8ces de corridor (diff\u00e9rentes de celles avec lesquelles vous achetez vos rewards)<\/li>\n\n\n\n<li>Une salle de repos o\u00f9 vous pouvez changer de job&nbsp;(pour les multi-classes)<\/li>\n\n\n\n<li>Un salle de tarot avec drop al\u00e9atoire<\/li>\n\n\n\n<li>La salle \u201cescalier\u201d qui vous emm\u00e8ne \u00e0 l\u2019\u00e9tage suivant<\/li>\n<\/ol>\n\n\n\n<p>La position des salles est al\u00e9atoire et red\u00e9finie \u00e0 chaque fois que vous rentrez dans l&rsquo;instance; y compris si vous chargez une sauvegarde.<\/p>\n\n\n\n<h1 class=\"wp-block-heading\">Le Shop<\/h1>\n\n\n\n<p>Lors de votre progression, vous pourrez acheter des objets dans le shop du corridor. Les objets int\u00e9ressants sont:<\/p>\n\n\n\n<p>(a compl\u00e9ter)<\/p>\n\n\n\n<h1 class=\"wp-block-heading\">Progression<\/h1>\n\n\n\n<p>L\u2019id\u00e9e est de passer tous les \u00e9tages ; et pour cela il vous faudra 2 cl\u00e9s pour les \u201cbas\u201d \u00e9tages et puis 3 cl\u00e9s par \u00e9tage \u00e0 partir du 31e.<br>Les cl\u00e9s s\u2019obtiennent en terminant avec succ\u00e8s une salle de tarot, mob ou MVP.<br>Si vous avez un pr\u00eatre avec vous, il sera limit\u00e9 \u00e0 10 r\u00e9surrections par \u00e9tage.<br>Les \u00e9tages 1 \u00e0 30 sont \u201cfaisables\u201d avec un bon stuff (en job 4), que ce soit les chambres de monstres ou de MVP.<\/p>\n\n\n\n<p><strong><img loading=\"lazy\" decoding=\"async\" src=\"https:\/\/lh4.googleusercontent.com\/XMqWsre0wT_Ll6bACHEvwogq_Bcms1i2w5LO3B-6TSt30v7smyxuxOLU9UktbuoU85mr13tJuhvvceXZJFHCIBsMxGbirN6rpt4E80gcqkfOeO4S4Iwel6FyKQum04jJ-4cAeSAs\" width=\"602\" height=\"339\"><\/strong><\/p>\n\n\n\n<h1 class=\"wp-block-heading\">Comment entrer ce donjon ?<\/h1>\n\n\n\n<p>Le PNJ pour lancer le corridor se trouve \u00e0 prontera :<\/p>\n\n\n\n<p><img loading=\"lazy\" decoding=\"async\" src=\"https:\/\/lh5.googleusercontent.com\/i1fIxIXCY524B22FMU-N6DNPgPT0R1aExMQ4n5__-xe01f0Jrlr9Sr5lbYlAHRisv4I9pfpSIpCdOxe7PEm5KC0LvtKGfQXTpnnoiSW16sJZedE6FjDmoIPmHDseGIcOkYLRNqNl\" width=\"602\" height=\"339\"><\/p>\n\n\n\n<h1 class=\"wp-block-heading\">Vid\u00e9os<\/h1>\n\n\n\n<p>A compl\u00e9ter ici<\/p>\n\n\n\n<p><\/p>\n\n\n\n<p>Liste des effets<\/p>\n\n\n\n<figure class=\"wp-block-table\"><table><tbody><tr><td><strong>Arcane:<\/strong>&nbsp;Drop some explosive spheres that drop around 160k HP, but can be destroyed.<br><strong>Cobweb:<\/strong>&nbsp;They put cobwebs on the floor and slow movement speed.<br><strong>Corrupted:<\/strong>&nbsp;Poison and debuff the heal.<br><strong>Cursed:<\/strong>&nbsp;They are very fast.<br><strong>Dead Word:<\/strong>&nbsp;high auto attack damage.<br><strong>Dark Wall:<\/strong>&nbsp;The first hit drops half the maximum hp, then its damage drops considerably (if you hit two quickly it would be a problem<br><strong>Enslave:<\/strong>&nbsp;There is an invisible fire that must be killed. You can look at the mini map or with the camera<br><strong>Explosion:<\/strong>&nbsp;the mob will explode on death. Avoid the yellow circle.<br><strong>Hiding:<\/strong>&nbsp;similar to the previous one, you have to reveal a hidden mob and kill it to be able to eliminate them, in addition, they summon many monsters.<br><strong>Light Wall:<\/strong>&nbsp;when approaching they are united with a laser that does damage.<br><strong>Seal:<\/strong>&nbsp;They make a kind of clear to the place where an ability is thrown, including physical ones.<br><strong>Split:<\/strong>&nbsp;they divide at death but are weak.<br><strong>Stare:<\/strong>&nbsp;if you look them straight they kill you with 1 hit. You have to turn your back, it is best to kill them with rank. They have a 10 HP shield, to remove it you need to give them 10 constant hits and be able to kill it. They don&rsquo;t see characters in Hiding.<br><strong>Stick to:<\/strong>&nbsp;do not change the aggro.<br><strong>Symbiosis:<\/strong>&nbsp;they must all be killed at once since if one is alive, another revives after 5 seconds.<\/td><\/tr><\/tbody><\/table><\/figure>\n\n\n\n<h1 class=\"wp-block-heading\">Astuces et strat\u00e9gie<\/h1>\n\n\n\n<p>Un des buts est de tirer les bonnes cartes au tarot. Il existe une mani\u00e8re de reroll le tirage : en arrivant \u00e0 l&rsquo;\u00e9tage, faites 2 sauvegardes d&rsquo;affil\u00e9e sur le PNJ (3 si vous \u00eates en groupe). Le tirage du tarot sera sauvegard\u00e9 sur la sauvegarde courante, donc vous pourrez revenir sur la 1ere si vous voulez reroll. N&rsquo;oubliez pas de refaire 2 nouvelles sauvegardes si vous revenez dessus.<\/p>\n\n\n\n<p>Les salles MVP \u00e9tant tr\u00e8s difficiles \u00e0 partir du niveau 4, l&rsquo;id\u00e9e est de r\u00e9cup\u00e9rer une cl\u00e9 sur la salle de tarot et de gagner les 2 autres clefs en tuant les salles de mob. Pour les mobs une technique est d\u2019avoir un Shadow Chaser et d\u2019utiliser principalement Bloodthirst Skill et quelques Magic Trap tout en restant cach\u00e9 tout le temps.<\/p>\n\n\n\n<figure class=\"wp-block-table\"><table><tbody><tr><td class=\"has-text-align-center\" data-align=\"center\"><img loading=\"lazy\" decoding=\"async\" src=\"https:\/\/lh3.googleusercontent.com\/2Si1XgKTnpU5Sv-sQARbSzXjGlZDgUzif7EB0X3Fm-dg-XwkDPKDNaMKJ60_mXkwljo2vEKsTiaUbAwjfcBp9K7D8PJTT0EqX-I86SJTOh9XAb5hp19B1TtZmo-Xi-4DuK4ycPvj\" width=\"88\" height=\"88\"><\/td><td class=\"has-text-align-center\" data-align=\"center\"><img loading=\"lazy\" decoding=\"async\" src=\"https:\/\/lh3.googleusercontent.com\/jAt7kCYJMCzuvjoCK3g4NjPoWzy7nF4QLl1PQVe1ocstdpocyCyrmvGBT1RT7N-3STVcXY-WiTK9McFs2s4zuPE4Gu_IRYyd1j1C3JEGP1qaeuzpWMwQaRYc4rtkeb9qZ7a7cCTT\" width=\"88\" height=\"88\"><\/td><td class=\"has-text-align-center\" data-align=\"center\"><img loading=\"lazy\" decoding=\"async\" src=\"https:\/\/lh6.googleusercontent.com\/nKUGxU9GV1JKEC2DSRKvgzDyZOS9o-mYQiI1LQYxPWk2rrxS_zdQb8EJST5b2ryF5ab49prhBkt4cMxlrYhDwCARFuLmkXCWUorAsBWDE3MFM8wwoN1TFOXBZvSR9Aoi2A7ab3DX\" width=\"88\" height=\"88\"><\/td><\/tr><tr><td class=\"has-text-align-center\" data-align=\"center\">Blood Thirst Skill<\/td><td class=\"has-text-align-center\" data-align=\"center\">des Magic Trap<\/td><td class=\"has-text-align-center\" data-align=\"center\">Hiding<\/td><\/tr><\/tbody><\/table><\/figure>\n\n\n\n<p><\/p>\n\n\n\n<ul class=\"wp-block-list\">\n<li><\/li>\n<\/ul>\n","protected":false},"excerpt":{"rendered":"<p>Principe Vous avez 2 objectifs: Vous avez la possibilit\u00e9 de jouer en solo ou en \u00e9quipe de 6 et de conserver des sauvegardes de votre progression hebdomadaires pour ces deux modes de jeu.\u00a0 Les sauvegardes sont supprim\u00e9es lors du reset du lundi matin. R\u00e9compenses Les r\u00e9compenses de premi\u00e8res fois ainsi que les r\u00e9compenses hebdomadaires (2e &hellip; <\/p>\n<p class=\"link-more\"><a href=\"https:\/\/www.dernier-rempart.fr\/wiki\/echoing-corridor-ec\/\" class=\"more-link\">Continuer la lecture<span class=\"screen-reader-text\"> de &laquo;&nbsp;Echoing Corridor (EC)&nbsp;&raquo;<\/span><\/a><\/p>\n","protected":false},"author":8,"featured_media":0,"parent":0,"menu_order":0,"comment_status":"closed","ping_status":"closed","template":"","meta":{"_acf_changed":false,"footnotes":""},"categories":[],"tags":[],"class_list":["post-1065","page","type-page","status-publish","hentry"],"acf":[],"yoast_head":"<!-- This site is optimized with the Yoast SEO plugin v27.4 - https:\/\/yoast.com\/product\/yoast-seo-wordpress\/ -->\n<title>Echoing Corridor (EC) - Dernier Rempart, wiki<\/title>\n<meta name=\"robots\" content=\"index, follow, max-snippet:-1, max-image-preview:large, max-video-preview:-1\" \/>\n<link rel=\"canonical\" href=\"https:\/\/www.dernier-rempart.fr\/wiki\/echoing-corridor-ec\/\" \/>\n<meta property=\"og:locale\" content=\"fr_FR\" \/>\n<meta property=\"og:type\" content=\"article\" \/>\n<meta property=\"og:title\" content=\"Echoing Corridor (EC) - Dernier Rempart, wiki\" \/>\n<meta property=\"og:description\" content=\"Principe Vous avez 2 objectifs: Vous avez la possibilit\u00e9 de jouer en solo ou en \u00e9quipe de 6 et de conserver des sauvegardes de votre progression hebdomadaires pour ces deux modes de jeu.\u00a0 Les sauvegardes sont supprim\u00e9es lors du reset du lundi matin. R\u00e9compenses Les r\u00e9compenses de premi\u00e8res fois ainsi que les r\u00e9compenses hebdomadaires (2e &hellip; Continuer la lecture de &laquo;&nbsp;Echoing Corridor (EC)&nbsp;&raquo;\" \/>\n<meta property=\"og:url\" content=\"https:\/\/www.dernier-rempart.fr\/wiki\/echoing-corridor-ec\/\" \/>\n<meta property=\"og:site_name\" content=\"Dernier Rempart, wiki\" \/>\n<meta property=\"article:modified_time\" content=\"2023-04-26T15:30:36+00:00\" \/>\n<meta property=\"og:image\" content=\"https:\/\/lh5.googleusercontent.com\/i1fIxIXCY524B22FMU-N6DNPgPT0R1aExMQ4n5__-xe01f0Jrlr9Sr5lbYlAHRisv4I9pfpSIpCdOxe7PEm5KC0LvtKGfQXTpnnoiSW16sJZedE6FjDmoIPmHDseGIcOkYLRNqNl\" \/>\n<meta name=\"twitter:card\" content=\"summary_large_image\" \/>\n<meta name=\"twitter:label1\" content=\"Dur\u00e9e de lecture estim\u00e9e\" \/>\n\t<meta name=\"twitter:data1\" content=\"6 minutes\" \/>\n<script type=\"application\/ld+json\" class=\"yoast-schema-graph\">{\"@context\":\"https:\\\/\\\/schema.org\",\"@graph\":[{\"@type\":\"WebPage\",\"@id\":\"https:\\\/\\\/www.dernier-rempart.fr\\\/wiki\\\/echoing-corridor-ec\\\/\",\"url\":\"https:\\\/\\\/www.dernier-rempart.fr\\\/wiki\\\/echoing-corridor-ec\\\/\",\"name\":\"Echoing Corridor (EC) - Dernier Rempart, wiki\",\"isPartOf\":{\"@id\":\"https:\\\/\\\/www.dernier-rempart.fr\\\/wiki\\\/#website\"},\"primaryImageOfPage\":{\"@id\":\"https:\\\/\\\/www.dernier-rempart.fr\\\/wiki\\\/echoing-corridor-ec\\\/#primaryimage\"},\"image\":{\"@id\":\"https:\\\/\\\/www.dernier-rempart.fr\\\/wiki\\\/echoing-corridor-ec\\\/#primaryimage\"},\"thumbnailUrl\":\"https:\\\/\\\/lh5.googleusercontent.com\\\/i1fIxIXCY524B22FMU-N6DNPgPT0R1aExMQ4n5__-xe01f0Jrlr9Sr5lbYlAHRisv4I9pfpSIpCdOxe7PEm5KC0LvtKGfQXTpnnoiSW16sJZedE6FjDmoIPmHDseGIcOkYLRNqNl\",\"datePublished\":\"2021-04-23T05:01:53+00:00\",\"dateModified\":\"2023-04-26T15:30:36+00:00\",\"breadcrumb\":{\"@id\":\"https:\\\/\\\/www.dernier-rempart.fr\\\/wiki\\\/echoing-corridor-ec\\\/#breadcrumb\"},\"inLanguage\":\"fr-FR\",\"potentialAction\":[{\"@type\":\"ReadAction\",\"target\":[\"https:\\\/\\\/www.dernier-rempart.fr\\\/wiki\\\/echoing-corridor-ec\\\/\"]}]},{\"@type\":\"ImageObject\",\"inLanguage\":\"fr-FR\",\"@id\":\"https:\\\/\\\/www.dernier-rempart.fr\\\/wiki\\\/echoing-corridor-ec\\\/#primaryimage\",\"url\":\"https:\\\/\\\/lh5.googleusercontent.com\\\/i1fIxIXCY524B22FMU-N6DNPgPT0R1aExMQ4n5__-xe01f0Jrlr9Sr5lbYlAHRisv4I9pfpSIpCdOxe7PEm5KC0LvtKGfQXTpnnoiSW16sJZedE6FjDmoIPmHDseGIcOkYLRNqNl\",\"contentUrl\":\"https:\\\/\\\/lh5.googleusercontent.com\\\/i1fIxIXCY524B22FMU-N6DNPgPT0R1aExMQ4n5__-xe01f0Jrlr9Sr5lbYlAHRisv4I9pfpSIpCdOxe7PEm5KC0LvtKGfQXTpnnoiSW16sJZedE6FjDmoIPmHDseGIcOkYLRNqNl\"},{\"@type\":\"BreadcrumbList\",\"@id\":\"https:\\\/\\\/www.dernier-rempart.fr\\\/wiki\\\/echoing-corridor-ec\\\/#breadcrumb\",\"itemListElement\":[{\"@type\":\"ListItem\",\"position\":1,\"name\":\"Accueil\",\"item\":\"https:\\\/\\\/www.dernier-rempart.fr\\\/wiki\\\/\"},{\"@type\":\"ListItem\",\"position\":2,\"name\":\"Echoing Corridor (EC)\"}]},{\"@type\":\"WebSite\",\"@id\":\"https:\\\/\\\/www.dernier-rempart.fr\\\/wiki\\\/#website\",\"url\":\"https:\\\/\\\/www.dernier-rempart.fr\\\/wiki\\\/\",\"name\":\"Dernier Rempart, wiki\",\"description\":\"\",\"publisher\":{\"@id\":\"https:\\\/\\\/www.dernier-rempart.fr\\\/wiki\\\/#organization\"},\"potentialAction\":[{\"@type\":\"SearchAction\",\"target\":{\"@type\":\"EntryPoint\",\"urlTemplate\":\"https:\\\/\\\/www.dernier-rempart.fr\\\/wiki\\\/?s={search_term_string}\"},\"query-input\":{\"@type\":\"PropertyValueSpecification\",\"valueRequired\":true,\"valueName\":\"search_term_string\"}}],\"inLanguage\":\"fr-FR\"},{\"@type\":\"Organization\",\"@id\":\"https:\\\/\\\/www.dernier-rempart.fr\\\/wiki\\\/#organization\",\"name\":\"Dernier Rempart\",\"url\":\"https:\\\/\\\/www.dernier-rempart.fr\\\/wiki\\\/\",\"logo\":{\"@type\":\"ImageObject\",\"inLanguage\":\"fr-FR\",\"@id\":\"https:\\\/\\\/www.dernier-rempart.fr\\\/wiki\\\/#\\\/schema\\\/logo\\\/image\\\/\",\"url\":\"https:\\\/\\\/www.dernier-rempart.fr\\\/wiki\\\/wp-content\\\/uploads\\\/2020\\\/10\\\/banner_DR.png\",\"contentUrl\":\"https:\\\/\\\/www.dernier-rempart.fr\\\/wiki\\\/wp-content\\\/uploads\\\/2020\\\/10\\\/banner_DR.png\",\"width\":430,\"height\":160,\"caption\":\"Dernier Rempart\"},\"image\":{\"@id\":\"https:\\\/\\\/www.dernier-rempart.fr\\\/wiki\\\/#\\\/schema\\\/logo\\\/image\\\/\"}}]}<\/script>\n<!-- \/ Yoast SEO plugin. -->","yoast_head_json":{"title":"Echoing Corridor (EC) - Dernier Rempart, wiki","robots":{"index":"index","follow":"follow","max-snippet":"max-snippet:-1","max-image-preview":"max-image-preview:large","max-video-preview":"max-video-preview:-1"},"canonical":"https:\/\/www.dernier-rempart.fr\/wiki\/echoing-corridor-ec\/","og_locale":"fr_FR","og_type":"article","og_title":"Echoing Corridor (EC) - Dernier Rempart, wiki","og_description":"Principe Vous avez 2 objectifs: Vous avez la possibilit\u00e9 de jouer en solo ou en \u00e9quipe de 6 et de conserver des sauvegardes de votre progression hebdomadaires pour ces deux modes de jeu.\u00a0 Les sauvegardes sont supprim\u00e9es lors du reset du lundi matin. R\u00e9compenses Les r\u00e9compenses de premi\u00e8res fois ainsi que les r\u00e9compenses hebdomadaires (2e &hellip; Continuer la lecture de &laquo;&nbsp;Echoing Corridor (EC)&nbsp;&raquo;","og_url":"https:\/\/www.dernier-rempart.fr\/wiki\/echoing-corridor-ec\/","og_site_name":"Dernier Rempart, wiki","article_modified_time":"2023-04-26T15:30:36+00:00","og_image":[{"url":"https:\/\/lh5.googleusercontent.com\/i1fIxIXCY524B22FMU-N6DNPgPT0R1aExMQ4n5__-xe01f0Jrlr9Sr5lbYlAHRisv4I9pfpSIpCdOxe7PEm5KC0LvtKGfQXTpnnoiSW16sJZedE6FjDmoIPmHDseGIcOkYLRNqNl","type":"","width":"","height":""}],"twitter_card":"summary_large_image","twitter_misc":{"Dur\u00e9e de lecture estim\u00e9e":"6 minutes"},"schema":{"@context":"https:\/\/schema.org","@graph":[{"@type":"WebPage","@id":"https:\/\/www.dernier-rempart.fr\/wiki\/echoing-corridor-ec\/","url":"https:\/\/www.dernier-rempart.fr\/wiki\/echoing-corridor-ec\/","name":"Echoing Corridor (EC) - Dernier Rempart, wiki","isPartOf":{"@id":"https:\/\/www.dernier-rempart.fr\/wiki\/#website"},"primaryImageOfPage":{"@id":"https:\/\/www.dernier-rempart.fr\/wiki\/echoing-corridor-ec\/#primaryimage"},"image":{"@id":"https:\/\/www.dernier-rempart.fr\/wiki\/echoing-corridor-ec\/#primaryimage"},"thumbnailUrl":"https:\/\/lh5.googleusercontent.com\/i1fIxIXCY524B22FMU-N6DNPgPT0R1aExMQ4n5__-xe01f0Jrlr9Sr5lbYlAHRisv4I9pfpSIpCdOxe7PEm5KC0LvtKGfQXTpnnoiSW16sJZedE6FjDmoIPmHDseGIcOkYLRNqNl","datePublished":"2021-04-23T05:01:53+00:00","dateModified":"2023-04-26T15:30:36+00:00","breadcrumb":{"@id":"https:\/\/www.dernier-rempart.fr\/wiki\/echoing-corridor-ec\/#breadcrumb"},"inLanguage":"fr-FR","potentialAction":[{"@type":"ReadAction","target":["https:\/\/www.dernier-rempart.fr\/wiki\/echoing-corridor-ec\/"]}]},{"@type":"ImageObject","inLanguage":"fr-FR","@id":"https:\/\/www.dernier-rempart.fr\/wiki\/echoing-corridor-ec\/#primaryimage","url":"https:\/\/lh5.googleusercontent.com\/i1fIxIXCY524B22FMU-N6DNPgPT0R1aExMQ4n5__-xe01f0Jrlr9Sr5lbYlAHRisv4I9pfpSIpCdOxe7PEm5KC0LvtKGfQXTpnnoiSW16sJZedE6FjDmoIPmHDseGIcOkYLRNqNl","contentUrl":"https:\/\/lh5.googleusercontent.com\/i1fIxIXCY524B22FMU-N6DNPgPT0R1aExMQ4n5__-xe01f0Jrlr9Sr5lbYlAHRisv4I9pfpSIpCdOxe7PEm5KC0LvtKGfQXTpnnoiSW16sJZedE6FjDmoIPmHDseGIcOkYLRNqNl"},{"@type":"BreadcrumbList","@id":"https:\/\/www.dernier-rempart.fr\/wiki\/echoing-corridor-ec\/#breadcrumb","itemListElement":[{"@type":"ListItem","position":1,"name":"Accueil","item":"https:\/\/www.dernier-rempart.fr\/wiki\/"},{"@type":"ListItem","position":2,"name":"Echoing Corridor (EC)"}]},{"@type":"WebSite","@id":"https:\/\/www.dernier-rempart.fr\/wiki\/#website","url":"https:\/\/www.dernier-rempart.fr\/wiki\/","name":"Dernier Rempart, wiki","description":"","publisher":{"@id":"https:\/\/www.dernier-rempart.fr\/wiki\/#organization"},"potentialAction":[{"@type":"SearchAction","target":{"@type":"EntryPoint","urlTemplate":"https:\/\/www.dernier-rempart.fr\/wiki\/?s={search_term_string}"},"query-input":{"@type":"PropertyValueSpecification","valueRequired":true,"valueName":"search_term_string"}}],"inLanguage":"fr-FR"},{"@type":"Organization","@id":"https:\/\/www.dernier-rempart.fr\/wiki\/#organization","name":"Dernier Rempart","url":"https:\/\/www.dernier-rempart.fr\/wiki\/","logo":{"@type":"ImageObject","inLanguage":"fr-FR","@id":"https:\/\/www.dernier-rempart.fr\/wiki\/#\/schema\/logo\/image\/","url":"https:\/\/www.dernier-rempart.fr\/wiki\/wp-content\/uploads\/2020\/10\/banner_DR.png","contentUrl":"https:\/\/www.dernier-rempart.fr\/wiki\/wp-content\/uploads\/2020\/10\/banner_DR.png","width":430,"height":160,"caption":"Dernier Rempart"},"image":{"@id":"https:\/\/www.dernier-rempart.fr\/wiki\/#\/schema\/logo\/image\/"}}]}},"jetpack_sharing_enabled":true,"_links":{"self":[{"href":"https:\/\/www.dernier-rempart.fr\/wiki\/wp-json\/wp\/v2\/pages\/1065","targetHints":{"allow":["GET"]}}],"collection":[{"href":"https:\/\/www.dernier-rempart.fr\/wiki\/wp-json\/wp\/v2\/pages"}],"about":[{"href":"https:\/\/www.dernier-rempart.fr\/wiki\/wp-json\/wp\/v2\/types\/page"}],"author":[{"embeddable":true,"href":"https:\/\/www.dernier-rempart.fr\/wiki\/wp-json\/wp\/v2\/users\/8"}],"replies":[{"embeddable":true,"href":"https:\/\/www.dernier-rempart.fr\/wiki\/wp-json\/wp\/v2\/comments?post=1065"}],"version-history":[{"count":11,"href":"https:\/\/www.dernier-rempart.fr\/wiki\/wp-json\/wp\/v2\/pages\/1065\/revisions"}],"predecessor-version":[{"id":1600,"href":"https:\/\/www.dernier-rempart.fr\/wiki\/wp-json\/wp\/v2\/pages\/1065\/revisions\/1600"}],"wp:attachment":[{"href":"https:\/\/www.dernier-rempart.fr\/wiki\/wp-json\/wp\/v2\/media?parent=1065"}],"wp:term":[{"taxonomy":"category","embeddable":true,"href":"https:\/\/www.dernier-rempart.fr\/wiki\/wp-json\/wp\/v2\/categories?post=1065"},{"taxonomy":"post_tag","embeddable":true,"href":"https:\/\/www.dernier-rempart.fr\/wiki\/wp-json\/wp\/v2\/tags?post=1065"}],"curies":[{"name":"wp","href":"https:\/\/api.w.org\/{rel}","templated":true}]}}